{"id":1335,"date":"2021-01-10T19:04:21","date_gmt":"2021-01-10T19:04:21","guid":{"rendered":"http:\/\/losapostoles.org\/wordpress\/?page_id=1335"},"modified":"2021-01-10T19:06:37","modified_gmt":"2021-01-10T19:06:37","slug":"terminos","status":"publish","type":"page","link":"https:\/\/losapostoles.org\/index.php\/terminos\/","title":{"rendered":"Terminos"},"content":{"rendered":"\t\t<div data-elementor-type=\"wp-page\" data-elementor-id=\"1335\" class=\"elementor elementor-1335\" data-elementor-post-type=\"page\">\n\t\t\t\t\t\t<section class=\"elementor-section elementor-top-section elementor-element elementor-element-dbe26d9 elementor-section-boxed elementor-section-height-default elementor-section-height-default\" data-id=\"dbe26d9\" data-element_type=\"section\" data-e-type=\"section\">\n\t\t\t\t\t\t<div class=\"elementor-container elementor-column-gap-default\">\n\t\t\t\t\t<div class=\"elementor-column elementor-col-100 elementor-top-column elementor-element elementor-element-0306778\" data-id=\"0306778\" data-element_type=\"column\" data-e-type=\"column\">\n\t\t\t<div class=\"elementor-widget-wrap elementor-element-populated\">\n\t\t\t\t\t\t<div class=\"elementor-element elementor-element-10c2e79 elementor-widget elementor-widget-spacer\" data-id=\"10c2e79\" data-element_type=\"widget\" data-e-type=\"widget\" data-widget_type=\"spacer.default\">\n\t\t\t\t<div class=\"elementor-widget-container\">\n\t\t\t\t\t\t\t<div class=\"elementor-spacer\">\n\t\t\t<div class=\"elementor-spacer-inner\"><\/div>\n\t\t<\/div>\n\t\t\t\t\t\t<\/div>\n\t\t\t\t<\/div>\n\t\t\t\t\t<\/div>\n\t\t<\/div>\n\t\t\t\t\t<\/div>\n\t\t<\/section>\n\t\t\t\t<section class=\"elementor-section elementor-top-section elementor-element elementor-element-6229d2e elementor-section-boxed elementor-section-height-default elementor-section-height-default\" data-id=\"6229d2e\" data-element_type=\"section\" data-e-type=\"section\">\n\t\t\t\t\t\t<div class=\"elementor-container elementor-column-gap-default\">\n\t\t\t\t\t<div class=\"elementor-column elementor-col-100 elementor-top-column elementor-element elementor-element-f3d5ab0\" data-id=\"f3d5ab0\" data-element_type=\"column\" data-e-type=\"column\">\n\t\t\t<div class=\"elementor-widget-wrap elementor-element-populated\">\n\t\t\t\t\t\t<div class=\"elementor-element elementor-element-dafa609 elementor-widget elementor-widget-heading\" data-id=\"dafa609\" data-element_type=\"widget\" data-e-type=\"widget\" data-widget_type=\"heading.default\">\n\t\t\t\t<div class=\"elementor-widget-container\">\n\t\t\t\t\t<h1 class=\"elementor-heading-title elementor-size-default\">T\u00e9rminos y Condiciones de Uso y Pol\u00edtica de Privacidad<\/h1>\t\t\t\t<\/div>\n\t\t\t\t<\/div>\n\t\t\t\t\t<\/div>\n\t\t<\/div>\n\t\t\t\t\t<\/div>\n\t\t<\/section>\n\t\t\t\t<section class=\"elementor-section elementor-top-section elementor-element elementor-element-4a12a8c elementor-section-boxed elementor-section-height-default elementor-section-height-default\" data-id=\"4a12a8c\" data-element_type=\"section\" data-e-type=\"section\">\n\t\t\t\t\t\t<div class=\"elementor-container elementor-column-gap-default\">\n\t\t\t\t\t<div class=\"elementor-column elementor-col-100 elementor-top-column elementor-element elementor-element-f287bec\" data-id=\"f287bec\" data-element_type=\"column\" data-e-type=\"column\">\n\t\t\t<div class=\"elementor-widget-wrap elementor-element-populated\">\n\t\t\t\t\t\t<div class=\"elementor-element elementor-element-7a1b298 elementor-widget elementor-widget-text-editor\" data-id=\"7a1b298\" data-element_type=\"widget\" data-e-type=\"widget\" data-widget_type=\"text-editor.default\">\n\t\t\t\t<div class=\"elementor-widget-container\">\n\t\t\t\t\t\t\t\t\t<ol><li><strong> INFORMACI\u00d3N GENERAL<\/strong><\/li><\/ol><p>Los presentes T\u00e9rminos y condiciones de uso y la Pol\u00edtica de privacidad rigen el uso del sitio web\u00a0www.losapostoles.org propiedad de (Asociaci\u00f3n C\u00edvico Religiosa \u201cLos Ap\u00f3stoles\u201d)Si desea ponerse en contacto con Administrador para tratar temas relacionados con este sitio web, puede hacerlo mediante email a webmaster@losapostoles.org<u>.<\/u><br \/>El acceso y el uso de este sitio web es responsabilidad total del usuario, que est\u00e1 sujeto a la aceptaci\u00f3n de los presentes t\u00e9rminos y condiciones de uso, de la pol\u00edtica de privacidad y el uso de los datos aqu\u00ed transcritos. El uso de este sitio web y las relaciones entre EL ADMINISTRADOR y los usuarios se rigen por la legislaci\u00f3n espa\u00f1ola aplicable.<br \/>EL ADMINISTRADOR se reserva el derecho de cambiar los presentes t\u00e9rminos y condiciones de uso o revisar la pol\u00edtica de privacidad y uso de datos en los presentes identificados siempre que lo considere oportuno, en cualquier momento, con o sin previo aviso. <br \/>Si no est\u00e1 de acuerdo con estos T\u00e9rminos y condiciones de uso, no utilice el sitio web. Estos T\u00e9rminos y condiciones de uso y la Pol\u00edtica de privacidad constituyen un contrato entre el usuario y EL ADMINISTRADOR, y se aplican en el uso del sitio web. Es responsabilidad del usuario leer y revisar los mismos cada vez que accede al sitio web, con el fin de conocer cualquier cambio realizado, ya que los mismos afectan a sus derechos.<\/p><ol start=\"2\"><li><strong> DERECHOS DE PROPIEDAD INTELECTUAL<\/strong><\/li><\/ol><p>Los contenidos que aparecen en el sitio web, incluyendo, sin limitaci\u00f3n, im\u00e1genes, textos, software, fotograf\u00edas, sonido, m\u00fasica, v\u00eddeos, elementos interactivos y afines (\u00abContenido\u00bb), marcas y logotipos (\u00abMarcas\u00bb), o cualquier otro derecho de propiedad industrial o intelectual que aparecen en el mismo, son propiedad de la Corporaci\u00f3n B\u00edblica \u201cLos Ap\u00f3stoles\u201d, salvo los v\u00eddeos publicados de YouTube, donde se indicar\u00e1 el autor de los mismos y queda expresamente prohibido su uso por terceros no autorizados. El contenido del sitio web solo est\u00e1 disponible para informaci\u00f3n y uso personal y no puede ser utilizado, copiado, reproducido, distribuido, transmitido, difundido, vendido, licenciado o, de cualquier otra forma, explotado para cualquier otro fin sin el consentimiento previo y por escrito de sus respectivos propietarios. El usuario acepta no utilizar, desactivar o interferir con los recursos relacionados con la seguridad del sitio web y de la aplicaci\u00f3n.<br \/>Sin embargo, el usuario podr\u00e1 imprimir el material contenido en este sitio web, siempre que el mismo no se modifique, sea para uso personal y no comercial, y mantenga la indicaci\u00f3n de la fuente y de los derechos de autor, y siempre que no se elimine ninguna otra indicaci\u00f3n de propiedad.<br \/>Nada en este sitio web deber\u00e1 interpretarse como una concesi\u00f3n de cualquier tipo de licencia u otra autorizaci\u00f3n de uso a sus usuarios.<br \/>El sitio web puede contener im\u00e1genes u otros materiales cuyos derechos de autor pertenecen a terceros, (como por ejemplo, fotos de la Semana Santa de Puente Genil).<br \/>A pesar de que los datos personales proporcionados a EL ADMINISTRADOR est\u00e1n protegidos de acuerdo a lo definido en la Pol\u00edtica de privacidad y uso de datos que aparecen en los presentes T\u00e9rminos y condiciones de uso, cualquier informaci\u00f3n u otro contenido que el usuario transmita a trav\u00e9s de este sitio web, ya sea mediante correo electr\u00f3nico, env\u00edo de archivos o de alg\u00fan otro modo, se considerar\u00e1 como no confidencial y no reservado.<\/p><ol start=\"3\"><li><strong> CONTENIDOS Y GARANT\u00cdAS<\/strong><\/li><\/ol><p>El usuario acepta que el uso del sitio web debe hacerse bajo su propia cuenta y riesgo. En la medida en que lo permita la ley, EL ADMINISTRADOR, est\u00e1 exenta de cualquier garant\u00eda, expresa o impl\u00edcita, con respecto al uso del sitio web. EL ADMINISTRADOR no garantiza la veracidad o exactitud de los contenidos disponibles en sus sitios web y no asume ninguna responsabilidad u obligaci\u00f3n por cualquier (i) error o contenido poco preciso, (ii) da\u00f1o personal o da\u00f1o a la propiedad de cualquier naturaleza que resulte del acceso y uso de las p\u00e1ginas de este sitio web y su aplicaci\u00f3n, (iii) acceso no autorizado o uso de nuestros servidores seguros o de informaci\u00f3n personal o financiera almacenada en ellos, (iv) interrupci\u00f3n o cese de la transmisi\u00f3n desde o hacia nuestro sitio web (iv) error, virus, troyano o similar que pueda ser transmitido hacia o a trav\u00e9s del sitio web, o (v) error u omisi\u00f3n en el contenido o cualquier p\u00e9rdida o da\u00f1o que se haya producido como resultado del uso de contenidos publicados, enviados, transmitidos o puestos a disposici\u00f3n a trav\u00e9s del sitio web, (vi) la no disponibilidad o cualquier dificultad o incapacidad de descargar o acceder al contenido o cualquier otra falla en el sistema de comunicaci\u00f3n que pueda resultar en la no disponibilidad del sitio web. EL ADMINISTRADOR no ser\u00e1 responsable de cualquier asistencia o mantenimiento del sitio web.<br \/>EL ADMINISTRADOR se reserva el derecho de realizar cambios y correcciones, modificar el nombre y suspender o cerrar el sitio www.losapostoles.org\u00a0cuando lo considere apropiado y sin necesidad de avisar previamente a los usuarios.<br \/>EL ADMINISTRADOR no asume responsabilidad u obligaci\u00f3n por el contenido transmitido entre los usuarios o entre estos y cualquier tercero fuera de este sitio web.<\/p><ol start=\"4\"><li><strong> RESPONSABILIDAD, USO Y RIESGO<\/strong><\/li><\/ol><p>En la medida en que sea permitido por la ley, EL ADMINISTRADOR y todos sus representantes legales, directores, empleados u otros que por cualquier forma act\u00faen en nombre y representaci\u00f3n de EL ADMINISTRADOR, as\u00ed como cualquier otra parte involucrada en la creaci\u00f3n, producci\u00f3n, mantenimiento o implementaci\u00f3n de este sitio web, no ser\u00e1n responsables ante cualquier usuario del sitio web, por cualquier posible da\u00f1o, perjuicio o lesi\u00f3n (incluyendo cualquier p\u00e9rdida de lucro cesante y da\u00f1os morales, cualquier p\u00e9rdida indirecta, accidental o consecuencial) que se deriven del uso correcto o incorrecto de este sitio web y su contenido, del acceso al ordenador, tel\u00e9fono inteligente, tableta o sistema inform\u00e1tico del usuario por terceros, o de cualquier virus, entre otros.<br \/>Este sitio web contiene enlaces a sitios web de terceros. Estos enlaces se proporcionan \u00fanicamente para la comodidad y el acceso m\u00e1s f\u00e1cil al usuario. La existencia de dichos enlaces no significa que EL ADMINISTRADOR tenga derecho alguno sobre los contenidos de los sitios referidos. EL ADMINISTRADOR no comprueba su contenido y no es responsable por el contenido de cualquiera de estos sitios o por cualquier hecho derivado de su uso o visualizaci\u00f3n, sin verificar que los mismos est\u00e9n libres de cualquier tipo de virus u otros elementos que puedan causar da\u00f1os al usuario. El acceso y la visita a cualquiera de estos sitios de terceros se realizan bajo riesgo total del usuario, siendo el usuario el responsable de cualquier uso o de las consecuencias de all\u00ed resultantes.<br \/>Queda expresamente prohibido el uso del sitio web para fines ilegales o cualesquiera otros fines que puedan ser considerados indignos de la imagen de EL ADMINISTRADOR. La usurpaci\u00f3n, contrafacci\u00f3n, aprovechamiento del contenido usurpado o falsificaci\u00f3n, la identificaci\u00f3n ileg\u00edtima y la competencia desleal son punibles criminalmente.<br \/>El usuario tambi\u00e9n tiene prohibido crear o introducir en este sitio web cualquier tipo de virus o programa que lo da\u00f1e o contamine o aconseje a terceros a hacerlo. La pr\u00e1ctica de dicha infracci\u00f3n es punible en los t\u00e9rminos de la ley.<br \/>El sitio web es controlado y ofrecido por EL ADMINISTRADOR desde sus instalaciones en Espa\u00f1a. EL ADMINISTRADOR no garantiza que el sitio web est\u00e9 disponible para su uso en otros lugares. Quienes accedan o utilicen el sitio web desde otras jurisdicciones lo hacen bajo su propia iniciativa y son responsables por el cumplimiento de las leyes locales.<\/p><ol start=\"5\"><li><strong> POL\u00cdTICA DE PRIVACIDAD Y USO DE DATOS<\/strong><\/li><\/ol><p>EL ADMINISTRADOR es responsable por el uso de la informaci\u00f3n personal de los usuarios recogida directamente a trav\u00e9s de diversos medios. EL ADMINISTRADOR se compromete a poner en pr\u00e1ctica las medidas t\u00e9cnicas y organizativas adecuadas para proteger los datos personales de sus usuarios contra su destrucci\u00f3n, accidental o il\u00edcita, p\u00e9rdida accidental, modificaci\u00f3n, divulgaci\u00f3n o acceso no autorizado.<br \/>Se considera la aplicaci\u00f3n de un nivel de seguridad acorde con los riesgos que implica el uso dada la naturaleza de los datos a proteger.<br \/>Por tanto, EL ADMINISTRADOR puede recoger y guardar informaci\u00f3n que le haya sido suministrada de manera voluntaria y con consentimiento, incluyendo, entre otros, informaci\u00f3n personal individualizada, como el nombre, direcci\u00f3n, direcci\u00f3n de correo electr\u00f3nico y el n\u00famero de tel\u00e9fono. EL ADMINISTRADOR antes del uso y recogida de los datos personales directamente de los respectivos titulares, proporcionar\u00e1 toda la informaci\u00f3n necesaria relativa al uso y recoger\u00e1 la autorizaci\u00f3n respectiva para tal fin.<br \/>Los datos proporcionados por los usuarios ser\u00e1n utilizados por EL ADMINISTRADOR de conformidad con los preceptos legalmente aplicables, en particular:<br \/>a) Utilizados de forma l\u00edcita y respetando el principio de buena fe;<br \/>b) Recogidos con fines determinados, expl\u00edcitos y leg\u00edtimos, no pudiendo ser utilizados posteriormente;<br \/>c) Exactos y, de ser necesario, actualizados, debiendo tomarse las medidas adecuadas para asegurar que sean eliminados o rectificados los datos inexactos o incompletos, teniendo en cuenta el fin para el que fueron recogidos o para los que son tratados posteriormente;<br \/>d) Conservados para permitir la identificaci\u00f3n de sus titulares solamente durante el per\u00edodo necesario para alcanzar los fines de recogida o uso posterior. Los datos solicitados en el sitio web no son considerados, a la luz de la legislaci\u00f3n aplicable, como datos sensibles y, por lo tanto, no se aplican las inherentes restricciones.<br \/>Los datos recogidos podr\u00e1n transmitirse a otras sociedades del Grupo EL ADMINISTRADOR, con sede en Espa\u00f1a o en el extranjero, para llevar a cabo cualquier actividad incluida en la iniciativa del sitio web. La recogida y el uso de datos personales se llevar\u00e1n a cabo de acuerdo con la legislaci\u00f3n portuguesa, aplicable y vigente, y todas las autorizaciones que, a tal fin, resulten necesarias, se obtendr\u00e1n previamente ante la Comisi\u00f3n Nacional de Protecci\u00f3n de Datos. Seg\u00fan la ley, EL ADMINISTRADOR adopt\u00f3 las medidas necesarias para garantizar que los datos proporcionados est\u00e9n protegidos contra el acceso o uso no autorizado por parte de terceros no autorizados. Sin embargo, EL ADMINISTRADOR alerta ante el riesgo residual de acceso no autorizado a trav\u00e9s de Internet.<br \/>Hay otros tipos de datos, en este caso no personales y no individualizados, que se registran solo para ayudar a mantener el sitio web \u00fatil y para garantizar una buena experiencia de navegaci\u00f3n de quien lo visita. Se trata de las informaciones estad\u00edsticas que, normalmente y por definici\u00f3n, son registradas a trav\u00e9s de la ventana de navegaci\u00f3n de Internet (\u00abbrowser\u00bb), tales como: la direcci\u00f3n en Internet del sitio web que trajo al usuario directamente al sitio web de EL ADMINISTRADOR, las p\u00e1ginas del sitio web m\u00e1s visitadas, el tipo de navegador y el sistema operativo, entre otros.<\/p><ol start=\"6\"><li><strong> CAPACIDAD PARA ACEPTAR LOS T\u00c9RMINOS Y CONDICIONES DE USO<\/strong><\/li><\/ol><p>El usuario confirma ser mayor de 18 a\u00f1os de edad o que cuenta con la autorizaci\u00f3n legal de sus padres o tutores y ser plenamente capaz de consentir y aceptar los t\u00e9rminos, condiciones, obligaciones, afirmaciones, representaciones y garant\u00edas descritas en estos T\u00e9rminos y condiciones de uso, y respetar y cumplir los mismos. Si tiene menos de 18 a\u00f1os de edad y no posee una autorizaci\u00f3n legal de los padres o representantes legales, no utilice el sitio web.<\/p><ol start=\"7\"><li><strong> SEGURIDAD Y USO DE LA INFORMACI\u00d3N<\/strong><\/li><\/ol><p>EL ADMINISTRADOR se compromete a garantizar la privacidad de los usuarios registrados. EL ADMINISTRADOR no vende ni alquila a terceros cualquier dato personal enviado por los usuarios registrados.<br \/>A pesar de los esfuerzos de EL ADMINISTRADOR para proteger sus datos personales, una vez que estos son recogidos a trav\u00e9s de una red abierta como Internet, los mismos solamente podr\u00e1n circular en la red sin condiciones de seguridad, corriendo el riesgo de ser vistos y utilizados por terceros no autorizados.<\/p><ol start=\"8\"><li><strong> CONSERVACI\u00d3N DE INFORMACI\u00d3N PERSONAL<\/strong><\/li><\/ol><p>Despu\u00e9s de recoger la informaci\u00f3n de datos personales e individuales, que voluntariamente le fue transmitida, EL ADMINISTRADOR proceder\u00e1 a su conservaci\u00f3n y mantenimiento hasta nuevo aviso o hasta que sea requerido por la ley. La conservaci\u00f3n de esa informaci\u00f3n permite que EL ADMINISTRADOR siga proporcionando servicios personalizados sin interrupci\u00f3n.<\/p><ol start=\"9\"><li><strong> TRANSMISI\u00d3N<\/strong><\/li><\/ol><p>Estos T\u00e9rminos y condiciones de uso y cualquier derecho y licencia por el presente concedidos, no pueden ser transferidos o cedidos por el usuario, pudiendo, sin embargo, ser atribuidos por EL ADMINISTRADOR a terceros sin restricci\u00f3n alguna.<\/p><ol start=\"10\"><li><strong> LEY APLICABLE<\/strong><\/li><\/ol><p>Los presentes T\u00e9rminos y condiciones de uso y la Pol\u00edtica de privacidad se rigen por la legislaci\u00f3n portuguesa y se interpretar\u00e1n de acuerdo a la misma. La versi\u00f3n en portugu\u00e9s de los presentes T\u00e9rminos y condiciones de uso y de la Pol\u00edtica de privacidad, prevalecer\u00e1n sobre cualquier traducci\u00f3n a otros idiomas, si las hubiera. La nulidad de alguna de las disposiciones tendr\u00e1 que ser eliminada, quedando las restantes disposiciones del mismo en vigor \u00edntegramente y produciendo sus efectos.\u00a0<br \/>En la falta de un acuerdo amigable entre las partes, los conflictos y disputas de cualquier naturaleza, relacionados con la formaci\u00f3n, aplicaci\u00f3n o interpretaci\u00f3n del presente Contrato, ser\u00e1n regidos por la ley de Espa\u00f1a y sujetos a la jurisdicci\u00f3n del juzgado de Puente Genil (C\u00f3rdoba), con renuncia expresa a cualquier otro.<\/p><p>\u00a0<\/p>\t\t\t\t\t\t\t\t<\/div>\n\t\t\t\t<\/div>\n\t\t\t\t\t<\/div>\n\t\t<\/div>\n\t\t\t\t\t<\/div>\n\t\t<\/section>\n\t\t\t\t<\/div>\n\t\t","protected":false},"excerpt":{"rendered":"<p>T\u00e9rminos y Condiciones de Uso y Pol\u00edtica de Privacidad INFORMACI\u00d3N GENERAL Los presentes T\u00e9rminos y condiciones de uso y la Pol\u00edtica de privacidad rigen el uso del sitio web\u00a0www.losapostoles.org propiedad de (Asociaci\u00f3n C\u00edvico Religiosa \u201cLos Ap\u00f3stoles\u201d)Si desea ponerse en contacto con Administrador para tratar temas relacionados con este sitio web, puede hacerlo mediante email a [&hellip;]<\/p>\n","protected":false},"author":1,"featured_media":0,"parent":0,"menu_order":0,"comment_status":"closed","ping_status":"closed","template":"","meta":{"site-sidebar-layout":"no-sidebar","site-content-layout":"page-builder","ast-site-content-layout":"","site-content-style":"default","site-sidebar-style":"default","ast-global-header-display":"","ast-banner-title-visibility":"","ast-main-header-display":"","ast-hfb-above-header-display":"","ast-hfb-below-header-display":"","ast-hfb-mobile-header-display":"","site-post-title":"disabled","ast-breadcrumbs-content":"","ast-featured-img":"disabled","footer-sml-layout":"","theme-transparent-header-meta":"","adv-header-id-meta":"","stick-header-meta":"","header-above-stick-meta":"","header-main-stick-meta":"","header-below-stick-meta":"","astra-migrate-meta-layouts":"default","ast-page-background-enabled":"default","ast-page-background-meta":{"desktop":{"background-color":"","background-image":"","background-repeat":"repeat","background-position":"center center","background-size":"auto","background-attachment":"scroll","background-type":"","background-media":"","overlay-type":"","overlay-color":"","overlay-opacity":"","overlay-gradient":""},"tablet":{"background-color":"","background-image":"","background-repeat":"repeat","background-position":"center center","background-size":"auto","background-attachment":"scroll","background-type":"","background-media":"","overlay-type":"","overlay-color":"","overlay-opacity":"","overlay-gradient":""},"mobile":{"background-color":"","background-image":"","background-repeat":"repeat","background-position":"center center","background-size":"auto","background-attachment":"scroll","background-type":"","background-media":"","overlay-type":"","overlay-color":"","overlay-opacity":"","overlay-gradient":""}},"ast-content-background-meta":{"desktop":{"background-color":"var(--ast-global-color-5)","background-image":"","background-repeat":"repeat","background-position":"center center","background-size":"auto","background-attachment":"scroll","background-type":"","background-media":"","overlay-type":"","overlay-color":"","overlay-opacity":"","overlay-gradient":""},"tablet":{"background-color":"var(--ast-global-color-5)","background-image":"","background-repeat":"repeat","background-position":"center center","background-size":"auto","background-attachment":"scroll","background-type":"","background-media":"","overlay-type":"","overlay-color":"","overlay-opacity":"","overlay-gradient":""},"mobile":{"background-color":"var(--ast-global-color-5)","background-image":"","background-repeat":"repeat","background-position":"center center","background-size":"auto","background-attachment":"scroll","background-type":"","background-media":"","overlay-type":"","overlay-color":"","overlay-opacity":"","overlay-gradient":""}},"footnotes":""},"wf_page_folders":[],"class_list":["post-1335","page","type-page","status-publish","hentry"],"jetpack_sharing_enabled":true,"_links":{"self":[{"href":"https:\/\/losapostoles.org\/index.php\/wp-json\/wp\/v2\/pages\/1335","targetHints":{"allow":["GET"]}}],"collection":[{"href":"https:\/\/losapostoles.org\/index.php\/wp-json\/wp\/v2\/pages"}],"about":[{"href":"https:\/\/losapostoles.org\/index.php\/wp-json\/wp\/v2\/types\/page"}],"author":[{"embeddable":true,"href":"https:\/\/losapostoles.org\/index.php\/wp-json\/wp\/v2\/users\/1"}],"replies":[{"embeddable":true,"href":"https:\/\/losapostoles.org\/index.php\/wp-json\/wp\/v2\/comments?post=1335"}],"version-history":[{"count":3,"href":"https:\/\/losapostoles.org\/index.php\/wp-json\/wp\/v2\/pages\/1335\/revisions"}],"predecessor-version":[{"id":1338,"href":"https:\/\/losapostoles.org\/index.php\/wp-json\/wp\/v2\/pages\/1335\/revisions\/1338"}],"wp:attachment":[{"href":"https:\/\/losapostoles.org\/index.php\/wp-json\/wp\/v2\/media?parent=1335"}],"wp:term":[{"taxonomy":"wf_page_folders","embeddable":true,"href":"https:\/\/losapostoles.org\/index.php\/wp-json\/wp\/v2\/wf_page_folders?post=1335"}],"curies":[{"name":"wp","href":"https:\/\/api.w.org\/{rel}","templated":true}]}}