{"id":1362,"date":"2021-01-11T15:44:16","date_gmt":"2021-01-11T15:44:16","guid":{"rendered":"http:\/\/losapostoles.org\/wordpress\/?page_id=1362"},"modified":"2021-01-11T17:04:19","modified_gmt":"2021-01-11T17:04:19","slug":"2012-junta-de-la-candelaria","status":"publish","type":"page","link":"https:\/\/losapostoles.org\/index.php\/2012-junta-de-la-candelaria\/","title":{"rendered":"2012 &#8211; Junta de la Candelaria"},"content":{"rendered":"\t\t<div data-elementor-type=\"wp-page\" data-elementor-id=\"1362\" class=\"elementor elementor-1362\" data-elementor-post-type=\"page\">\n\t\t\t\t\t\t<section class=\"elementor-section elementor-top-section elementor-element elementor-element-541b5aa elementor-section-boxed elementor-section-height-default elementor-section-height-default\" data-id=\"541b5aa\" data-element_type=\"section\" data-e-type=\"section\">\n\t\t\t\t\t\t<div class=\"elementor-container elementor-column-gap-default\">\n\t\t\t\t\t<div class=\"elementor-column elementor-col-100 elementor-top-column elementor-element elementor-element-f6d286d\" data-id=\"f6d286d\" data-element_type=\"column\" data-e-type=\"column\">\n\t\t\t<div class=\"elementor-widget-wrap elementor-element-populated\">\n\t\t\t\t\t\t<div class=\"elementor-element elementor-element-8e9b3e5 elementor-widget elementor-widget-spacer\" data-id=\"8e9b3e5\" data-element_type=\"widget\" data-e-type=\"widget\" data-widget_type=\"spacer.default\">\n\t\t\t\t<div class=\"elementor-widget-container\">\n\t\t\t\t\t\t\t<div class=\"elementor-spacer\">\n\t\t\t<div class=\"elementor-spacer-inner\"><\/div>\n\t\t<\/div>\n\t\t\t\t\t\t<\/div>\n\t\t\t\t<\/div>\n\t\t\t\t\t<\/div>\n\t\t<\/div>\n\t\t\t\t\t<\/div>\n\t\t<\/section>\n\t\t\t\t<section class=\"elementor-section elementor-top-section elementor-element elementor-element-bee5bf8 elementor-section-boxed elementor-section-height-default elementor-section-height-default\" data-id=\"bee5bf8\" data-element_type=\"section\" data-e-type=\"section\">\n\t\t\t\t\t\t<div class=\"elementor-container elementor-column-gap-default\">\n\t\t\t\t\t<div class=\"elementor-column elementor-col-100 elementor-top-column elementor-element elementor-element-b363d70\" data-id=\"b363d70\" data-element_type=\"column\" data-e-type=\"column\">\n\t\t\t<div class=\"elementor-widget-wrap elementor-element-populated\">\n\t\t\t\t\t\t<div class=\"elementor-element elementor-element-3a6d386 elementor-widget elementor-widget-heading\" data-id=\"3a6d386\" data-element_type=\"widget\" data-e-type=\"widget\" data-widget_type=\"heading.default\">\n\t\t\t\t<div class=\"elementor-widget-container\">\n\t\t\t\t\t<h2 class=\"elementor-heading-title elementor-size-default\">Junta de la Candelaria 2012<\/h2>\t\t\t\t<\/div>\n\t\t\t\t<\/div>\n\t\t\t\t\t<\/div>\n\t\t<\/div>\n\t\t\t\t\t<\/div>\n\t\t<\/section>\n\t\t\t\t<section class=\"elementor-section elementor-top-section elementor-element elementor-element-9f87ac2 elementor-section-boxed elementor-section-height-default elementor-section-height-default\" data-id=\"9f87ac2\" data-element_type=\"section\" data-e-type=\"section\">\n\t\t\t\t\t\t<div class=\"elementor-container elementor-column-gap-default\">\n\t\t\t\t\t<div class=\"elementor-column elementor-col-100 elementor-top-column elementor-element elementor-element-c4ed46c\" data-id=\"c4ed46c\" data-element_type=\"column\" data-e-type=\"column\">\n\t\t\t<div class=\"elementor-widget-wrap elementor-element-populated\">\n\t\t\t\t\t\t<div class=\"elementor-element elementor-element-25e972f elementor-position-top elementor-widget elementor-widget-image-box\" data-id=\"25e972f\" data-element_type=\"widget\" data-e-type=\"widget\" data-widget_type=\"image-box.default\">\n\t\t\t\t<div class=\"elementor-widget-container\">\n\t\t\t\t\t<div class=\"elementor-image-box-wrapper\"><figure class=\"elementor-image-box-img\"><img fetchpriority=\"high\" decoding=\"async\" width=\"640\" height=\"360\" src=\"https:\/\/losapostoles.org\/wp-content\/uploads\/2021\/01\/DSCN6691-1.jpg\" class=\"attachment-full size-full wp-image-1364\" alt=\"\" srcset=\"https:\/\/losapostoles.org\/wp-content\/uploads\/2021\/01\/DSCN6691-1.jpg 640w, https:\/\/losapostoles.org\/wp-content\/uploads\/2021\/01\/DSCN6691-1-300x169.jpg 300w\" sizes=\"(max-width: 640px) 100vw, 640px\" \/><\/figure><div class=\"elementor-image-box-content\"><h3 class=\"elementor-image-box-title\">Turno de Cocina<\/h3><\/div><\/div>\t\t\t\t<\/div>\n\t\t\t\t<\/div>\n\t\t\t\t\t<\/div>\n\t\t<\/div>\n\t\t\t\t\t<\/div>\n\t\t<\/section>\n\t\t\t\t<section class=\"elementor-section elementor-top-section elementor-element elementor-element-9fae985 elementor-section-boxed elementor-section-height-default elementor-section-height-default\" data-id=\"9fae985\" data-element_type=\"section\" data-e-type=\"section\">\n\t\t\t\t\t\t<div class=\"elementor-container elementor-column-gap-default\">\n\t\t\t\t\t<div class=\"elementor-column elementor-col-100 elementor-top-column elementor-element elementor-element-a0961c0\" data-id=\"a0961c0\" data-element_type=\"column\" data-e-type=\"column\">\n\t\t\t<div class=\"elementor-widget-wrap elementor-element-populated\">\n\t\t\t\t\t\t<div class=\"elementor-element elementor-element-36ca9e1 elementor-widget elementor-widget-html\" data-id=\"36ca9e1\" data-element_type=\"widget\" data-e-type=\"widget\" data-widget_type=\"html.default\">\n\t\t\t\t<div class=\"elementor-widget-container\">\n\t\t\t\t\t<td><div align=\"center\"><strong>TURNO DE COCINA<\/strong><\/div><\/td>\r\n            <\/tr>\r\n            <tr>\r\n              <td><div align=\"center\">Joaqu&iacute;n L&oacute;pez P&eacute;rez<\/div><\/td>\r\n            <\/tr>\r\n            <tr>\r\n              <td><div align=\"center\">Juan Miguel Granados Morillo<\/div><\/td>\r\n            <\/tr>\r\n            <tr>\r\n              <td><div align=\"center\">Jos&eacute; Lu&iacute;s Reina Aranda<\/div><\/td>\r\n            <\/tr>\r\n            <tr>\r\n              <td><div align=\"center\">Alvaro de San Andr&eacute;s Mart&iacute;n Rosales<\/div><\/td>\t\t\t\t<\/div>\n\t\t\t\t<\/div>\n\t\t\t\t\t<\/div>\n\t\t<\/div>\n\t\t\t\t\t<\/div>\n\t\t<\/section>\n\t\t\t\t<section class=\"elementor-section elementor-top-section elementor-element elementor-element-b583964 elementor-section-boxed elementor-section-height-default elementor-section-height-default\" data-id=\"b583964\" data-element_type=\"section\" data-e-type=\"section\">\n\t\t\t\t\t\t<div class=\"elementor-container elementor-column-gap-default\">\n\t\t\t\t\t<div class=\"elementor-column elementor-col-100 elementor-top-column elementor-element elementor-element-04db770\" data-id=\"04db770\" data-element_type=\"column\" data-e-type=\"column\">\n\t\t\t<div class=\"elementor-widget-wrap elementor-element-populated\">\n\t\t\t\t\t\t<div class=\"elementor-element elementor-element-289b35d elementor-widget elementor-widget-html\" data-id=\"289b35d\" data-element_type=\"widget\" data-e-type=\"widget\" data-widget_type=\"html.default\">\n\t\t\t\t<div class=\"elementor-widget-container\">\n\t\t\t\t\t<tr>\r\n                <td width=\"53%\"><table width=\"89%\" border=\"1\" align=\"center\">\r\n                  <tr>\r\n                    <td><div align=\"center\"><strong>ENTRANTES<\/strong><\/div><\/td>\r\n                  <\/tr>\r\n                  <tr>\r\n                    <td><div align=\"center\">Perolito de Pisto con Huevo de la granja de Arroyo<\/div><\/td>\r\n                  <\/tr>\r\n                  <tr>\r\n                    <td><div align=\"center\">Patatas Fritas a tres gustos sobre madera de roble.<\/div><\/td>\r\n                  <\/tr>\r\n                  <tr>\r\n                    <td><div align=\"center\">Queso con mermelada de Tinto, sobre fondo oscuro<\/div><\/td>\r\n                  <\/tr>\r\n                  <tr>\r\n                    <td><div align=\"center\">Trilog&iacute;a de Pates al Pedro Xim&eacute;nez con pi&ntilde;ones y pasas<\/div><\/td>\r\n                  <\/tr>\r\n                  <tr>\r\n                    <td><div align=\"center\">Revuelto de Setas, Gambas y Pimientos de Piquillo <\/div><\/td>\r\n                  <\/tr>\r\n                  <tr>\r\n                    <td><div align=\"center\">Montaditos de Lomo en base de pan rosales en salsa de Tres quesos<\/div><\/td>\r\n                  <\/tr>\r\n                  <tr>\r\n                    <td><div align=\"center\"><strong>CENA<\/strong><\/div><\/td>\r\n                  <\/tr>\r\n                  <tr>\r\n                    <td><div align=\"center\">Sopa al infierno con picatostes<\/div><\/td>\r\n                  <\/tr>\r\n                  <tr>\r\n                    <td><div align=\"center\">Carrilla en salsa al secreto de verduras.<\/div><\/td>\r\n                  <\/tr>\r\n                  <tr>\r\n                    <td><div align=\"center\">Torta de Ines Rosales ba&ntilde;ada en chocolate con bombones navide&ntilde;os y Tarta de Queso.<\/div><\/td>\r\n                  <\/tr>\r\n                  <tr>\r\n                    <td><div align=\"center\">Tarta a los tres gustos del cheff<\/div><\/td>\r\n                  <\/tr>\r\n                <\/table><\/td>\r\n                <td width=\"47%\"><a href=\"cocina\/segundasubida.jpg\" target=\"_blank\"><img decoding=\"async\" src=\"cocina\/DSCN6691.jpg\" width=\"408\" height=\"222\" \/><\/a><\/td>\r\n              <\/tr>\r\n            \t\t\t\t<\/div>\n\t\t\t\t<\/div>\n\t\t\t\t<div class=\"elementor-element elementor-element-cf69b7c elementor-button-danger elementor-align-center elementor-widget elementor-widget-button\" data-id=\"cf69b7c\" data-element_type=\"widget\" data-e-type=\"widget\" data-widget_type=\"button.default\">\n\t\t\t\t<div class=\"elementor-widget-container\">\n\t\t\t\t\t\t\t\t\t<div class=\"elementor-button-wrapper\">\n\t\t\t\t\t<a class=\"elementor-button elementor-button-link elementor-size-sm\" href=\"https:\/\/photos.app.goo.gl\/UdPaWXVEENDkfMWEA\" target=\"_blank\">\n\t\t\t\t\t\t<span class=\"elementor-button-content-wrapper\">\n\t\t\t\t\t\t\t\t\t<span class=\"elementor-button-text\">Accede a las fotos<\/span>\n\t\t\t\t\t<\/span>\n\t\t\t\t\t<\/a>\n\t\t\t\t<\/div>\n\t\t\t\t\t\t\t\t<\/div>\n\t\t\t\t<\/div>\n\t\t\t\t\t<\/div>\n\t\t<\/div>\n\t\t\t\t\t<\/div>\n\t\t<\/section>\n\t\t\t\t<\/div>\n\t\t","protected":false},"excerpt":{"rendered":"<p>Junta de la Candelaria 2012 Turno de Cocina TURNO DE COCINA Joaqu\u00edn L\u00f3pez P\u00e9rezJuan Miguel Granados MorilloJos\u00e9 Lu\u00eds Reina ArandaAlvaro de San Andr\u00e9s Mart\u00edn Rosales ENTRANTES Perolito de Pisto con Huevo de la granja de Arroyo Patatas Fritas a tres gustos sobre madera de roble. Queso con mermelada de Tinto, sobre fondo oscuro Trilog\u00eda de [&hellip;]<\/p>\n","protected":false},"author":1,"featured_media":0,"parent":0,"menu_order":0,"comment_status":"closed","ping_status":"closed","template":"","meta":{"site-sidebar-layout":"no-sidebar","site-content-layout":"page-builder","ast-site-content-layout":"","site-content-style":"default","site-sidebar-style":"default","ast-global-header-display":"","ast-banner-title-visibility":"","ast-main-header-display":"","ast-hfb-above-header-display":"","ast-hfb-below-header-display":"","ast-hfb-mobile-header-display":"","site-post-title":"disabled","ast-breadcrumbs-content":"","ast-featured-img":"disabled","footer-sml-layout":"","theme-transparent-header-meta":"default","adv-header-id-meta":"","stick-header-meta":"","header-above-stick-meta":"","header-main-stick-meta":"","header-below-stick-meta":"","astra-migrate-meta-layouts":"default","ast-page-background-enabled":"default","ast-page-background-meta":{"desktop":{"background-color":"","background-image":"","background-repeat":"repeat","background-position":"center center","background-size":"auto","background-attachment":"scroll","background-type":"","background-media":"","overlay-type":"","overlay-color":"","overlay-opacity":"","overlay-gradient":""},"tablet":{"background-color":"","background-image":"","background-repeat":"repeat","background-position":"center center","background-size":"auto","background-attachment":"scroll","background-type":"","background-media":"","overlay-type":"","overlay-color":"","overlay-opacity":"","overlay-gradient":""},"mobile":{"background-color":"","background-image":"","background-repeat":"repeat","background-position":"center center","background-size":"auto","background-attachment":"scroll","background-type":"","background-media":"","overlay-type":"","overlay-color":"","overlay-opacity":"","overlay-gradient":""}},"ast-content-background-meta":{"desktop":{"background-color":"var(--ast-global-color-5)","background-image":"","background-repeat":"repeat","background-position":"center center","background-size":"auto","background-attachment":"scroll","background-type":"","background-media":"","overlay-type":"","overlay-color":"","overlay-opacity":"","overlay-gradient":""},"tablet":{"background-color":"var(--ast-global-color-5)","background-image":"","background-repeat":"repeat","background-position":"center center","background-size":"auto","background-attachment":"scroll","background-type":"","background-media":"","overlay-type":"","overlay-color":"","overlay-opacity":"","overlay-gradient":""},"mobile":{"background-color":"var(--ast-global-color-5)","background-image":"","background-repeat":"repeat","background-position":"center center","background-size":"auto","background-attachment":"scroll","background-type":"","background-media":"","overlay-type":"","overlay-color":"","overlay-opacity":"","overlay-gradient":""}},"footnotes":""},"wf_page_folders":[13],"class_list":["post-1362","page","type-page","status-publish","hentry"],"jetpack_sharing_enabled":true,"_links":{"self":[{"href":"https:\/\/losapostoles.org\/index.php\/wp-json\/wp\/v2\/pages\/1362","targetHints":{"allow":["GET"]}}],"collection":[{"href":"https:\/\/losapostoles.org\/index.php\/wp-json\/wp\/v2\/pages"}],"about":[{"href":"https:\/\/losapostoles.org\/index.php\/wp-json\/wp\/v2\/types\/page"}],"author":[{"embeddable":true,"href":"https:\/\/losapostoles.org\/index.php\/wp-json\/wp\/v2\/users\/1"}],"replies":[{"embeddable":true,"href":"https:\/\/losapostoles.org\/index.php\/wp-json\/wp\/v2\/comments?post=1362"}],"version-history":[{"count":13,"href":"https:\/\/losapostoles.org\/index.php\/wp-json\/wp\/v2\/pages\/1362\/revisions"}],"predecessor-version":[{"id":1398,"href":"https:\/\/losapostoles.org\/index.php\/wp-json\/wp\/v2\/pages\/1362\/revisions\/1398"}],"wp:attachment":[{"href":"https:\/\/losapostoles.org\/index.php\/wp-json\/wp\/v2\/media?parent=1362"}],"wp:term":[{"taxonomy":"wf_page_folders","embeddable":true,"href":"https:\/\/losapostoles.org\/index.php\/wp-json\/wp\/v2\/wf_page_folders?post=1362"}],"curies":[{"name":"wp","href":"https:\/\/api.w.org\/{rel}","templated":true}]}}