{"id":1827,"date":"2021-01-13T18:58:10","date_gmt":"2021-01-13T18:58:10","guid":{"rendered":"http:\/\/losapostoles.org\/wordpress\/?page_id=1827"},"modified":"2021-01-13T19:09:27","modified_gmt":"2021-01-13T19:09:27","slug":"domingo-resurrreccion","status":"publish","type":"page","link":"https:\/\/losapostoles.org\/index.php\/semana-santa\/domingo-resurrreccion\/","title":{"rendered":"Domingo Resurrrecci\u00f3n"},"content":{"rendered":"\t\t<div data-elementor-type=\"wp-page\" data-elementor-id=\"1827\" class=\"elementor elementor-1827\" data-elementor-post-type=\"page\">\n\t\t\t\t\t\t<section class=\"elementor-section elementor-top-section elementor-element elementor-element-96aa61e elementor-section-boxed elementor-section-height-default elementor-section-height-default\" data-id=\"96aa61e\" data-element_type=\"section\" data-e-type=\"section\">\n\t\t\t\t\t\t<div class=\"elementor-container elementor-column-gap-default\">\n\t\t\t\t\t<div class=\"elementor-column elementor-col-100 elementor-top-column elementor-element elementor-element-cfb8ede\" data-id=\"cfb8ede\" data-element_type=\"column\" data-e-type=\"column\">\n\t\t\t<div class=\"elementor-widget-wrap elementor-element-populated\">\n\t\t\t\t\t\t<div class=\"elementor-element elementor-element-4f4ad22 elementor-widget elementor-widget-heading\" data-id=\"4f4ad22\" data-element_type=\"widget\" data-e-type=\"widget\" data-widget_type=\"heading.default\">\n\t\t\t\t<div class=\"elementor-widget-container\">\n\t\t\t\t\t<h2 class=\"elementor-heading-title elementor-size-default\">Domingo Resurrecci\u00f3n.<\/h2>\t\t\t\t<\/div>\n\t\t\t\t<\/div>\n\t\t\t\t\t<\/div>\n\t\t<\/div>\n\t\t\t\t\t<\/div>\n\t\t<\/section>\n\t\t\t\t<section class=\"elementor-section elementor-top-section elementor-element elementor-element-a4d90b7 elementor-section-boxed elementor-section-height-default elementor-section-height-default\" data-id=\"a4d90b7\" data-element_type=\"section\" data-e-type=\"section\">\n\t\t\t\t\t\t<div class=\"elementor-container elementor-column-gap-default\">\n\t\t\t\t\t<div class=\"elementor-column elementor-col-100 elementor-top-column elementor-element elementor-element-4951b7a\" data-id=\"4951b7a\" data-element_type=\"column\" data-e-type=\"column\">\n\t\t\t<div class=\"elementor-widget-wrap elementor-element-populated\">\n\t\t\t\t\t\t<div class=\"elementor-element elementor-element-3b16c1a elementor-skin-carousel elementor-arrows-yes elementor-pagination-type-bullets elementor-pagination-position-outside elementor-widget elementor-widget-media-carousel\" data-id=\"3b16c1a\" data-element_type=\"widget\" data-e-type=\"widget\" data-settings=\"{&quot;slides_per_view&quot;:&quot;1&quot;,&quot;skin&quot;:&quot;carousel&quot;,&quot;effect&quot;:&quot;slide&quot;,&quot;show_arrows&quot;:&quot;yes&quot;,&quot;pagination&quot;:&quot;bullets&quot;,&quot;speed&quot;:500,&quot;autoplay&quot;:&quot;yes&quot;,&quot;autoplay_speed&quot;:5000,&quot;loop&quot;:&quot;yes&quot;,&quot;pause_on_hover&quot;:&quot;yes&quot;,&quot;pause_on_interaction&quot;:&quot;yes&quot;,&quot;space_between&quot;:{&quot;unit&quot;:&quot;px&quot;,&quot;size&quot;:10,&quot;sizes&quot;:[]},&quot;space_between_tablet&quot;:{&quot;unit&quot;:&quot;px&quot;,&quot;size&quot;:10,&quot;sizes&quot;:[]},&quot;space_between_mobile&quot;:{&quot;unit&quot;:&quot;px&quot;,&quot;size&quot;:10,&quot;sizes&quot;:[]}}\" data-widget_type=\"media-carousel.default\">\n\t\t\t\t<div class=\"elementor-widget-container\">\n\t\t\t\t\t\t\t\t\t<div class=\"elementor-swiper\">\n\t\t\t\t\t<div class=\"elementor-main-swiper swiper\" role=\"region\" aria-roledescription=\"carousel\" aria-label=\"Slides\">\n\t\t\t\t<div class=\"swiper-wrapper\">\n\t\t\t\t\t\t\t\t\t\t\t<div class=\"swiper-slide\" role=\"group\" aria-roledescription=\"slide\">\n\t\t\t\t\t\t\t\t\t<div class=\"elementor-carousel-image\" role=\"img\" aria-label=\"ec10420f-4ff2-4eac-af9e-49e2f5d2ffb3\" style=\"background-image: url(&#039;https:\/\/losapostoles.org\/wp-content\/uploads\/2020\/12\/ec10420f-4ff2-4eac-af9e-49e2f5d2ffb3.jpg&#039;)\">\n\n\t\t\t\n\t\t\t\t\t<\/div>\n\t\t\t\t\t\t\t\t<\/div>\n\t\t\t\t\t\t\t\t\t\t\t<div class=\"swiper-slide\" role=\"group\" aria-roledescription=\"slide\">\n\t\t\t\t\t\t\t\t\t<div class=\"elementor-carousel-image\" role=\"img\" aria-label=\"ea9be736-c26d-4967-9e84-4172bfc50f07\" style=\"background-image: url(&#039;https:\/\/losapostoles.org\/wp-content\/uploads\/2020\/12\/ea9be736-c26d-4967-9e84-4172bfc50f07.jpg&#039;)\">\n\n\t\t\t\n\t\t\t\t\t<\/div>\n\t\t\t\t\t\t\t\t<\/div>\n\t\t\t\t\t\t\t\t\t\t\t<div class=\"swiper-slide\" role=\"group\" aria-roledescription=\"slide\">\n\t\t\t\t\t\t\t\t\t<div class=\"elementor-carousel-image\" role=\"img\" aria-label=\"d5006970-481c-4d4b-b681-caf4af429717\" style=\"background-image: url(&#039;https:\/\/losapostoles.org\/wp-content\/uploads\/2020\/12\/d5006970-481c-4d4b-b681-caf4af429717.jpg&#039;)\">\n\n\t\t\t\n\t\t\t\t\t<\/div>\n\t\t\t\t\t\t\t\t<\/div>\n\t\t\t\t\t\t\t\t\t\t\t<div class=\"swiper-slide\" role=\"group\" aria-roledescription=\"slide\">\n\t\t\t\t\t\t\t\t\t<div class=\"elementor-carousel-image\" role=\"img\" aria-label=\"d68e1801-c27a-4eab-987a-bb5b34d20087\" style=\"background-image: url(&#039;https:\/\/losapostoles.org\/wp-content\/uploads\/2020\/12\/d68e1801-c27a-4eab-987a-bb5b34d20087.jpg&#039;)\">\n\n\t\t\t\n\t\t\t\t\t<\/div>\n\t\t\t\t\t\t\t\t<\/div>\n\t\t\t\t\t\t\t\t\t\t\t<div class=\"swiper-slide\" role=\"group\" aria-roledescription=\"slide\">\n\t\t\t\t\t\t\t\t\t<div class=\"elementor-carousel-image\" role=\"img\" aria-label=\"a93577d8-8d70-454e-9620-540b795294a8\" style=\"background-image: url(&#039;https:\/\/losapostoles.org\/wp-content\/uploads\/2020\/12\/a93577d8-8d70-454e-9620-540b795294a8.jpg&#039;)\">\n\n\t\t\t\n\t\t\t\t\t<\/div>\n\t\t\t\t\t\t\t\t<\/div>\n\t\t\t\t\t\t\t\t\t\t\t<div class=\"swiper-slide\" role=\"group\" aria-roledescription=\"slide\">\n\t\t\t\t\t\t\t\t\t<div class=\"elementor-carousel-image\" role=\"img\" aria-label=\"a75d0694-a32a-4885-a155-099138726b96\" style=\"background-image: url(&#039;https:\/\/losapostoles.org\/wp-content\/uploads\/2020\/12\/a75d0694-a32a-4885-a155-099138726b96.jpg&#039;)\">\n\n\t\t\t\n\t\t\t\t\t<\/div>\n\t\t\t\t\t\t\t\t<\/div>\n\t\t\t\t\t\t\t\t\t\t\t<div class=\"swiper-slide\" role=\"group\" aria-roledescription=\"slide\">\n\t\t\t\t\t\t\t\t\t<div class=\"elementor-carousel-image\" role=\"img\" aria-label=\"6289976e-51d5-4640-a043-0379cbda7dd0\" style=\"background-image: url(&#039;https:\/\/losapostoles.org\/wp-content\/uploads\/2020\/12\/6289976e-51d5-4640-a043-0379cbda7dd0.jpg&#039;)\">\n\n\t\t\t\n\t\t\t\t\t<\/div>\n\t\t\t\t\t\t\t\t<\/div>\n\t\t\t\t\t\t\t\t\t\t\t<div class=\"swiper-slide\" role=\"group\" aria-roledescription=\"slide\">\n\t\t\t\t\t\t\t\t\t<div class=\"elementor-carousel-image\" role=\"img\" aria-label=\"088252e5-5bec-4394-9ebd-c2116d41300d\" style=\"background-image: url(&#039;https:\/\/losapostoles.org\/wp-content\/uploads\/2020\/12\/088252e5-5bec-4394-9ebd-c2116d41300d.jpg&#039;)\">\n\n\t\t\t\n\t\t\t\t\t<\/div>\n\t\t\t\t\t\t\t\t<\/div>\n\t\t\t\t\t\t\t\t\t\t\t<div class=\"swiper-slide\" role=\"group\" aria-roledescription=\"slide\">\n\t\t\t\t\t\t\t\t\t<div class=\"elementor-carousel-image\" role=\"img\" aria-label=\"9753e150-b3a9-454c-889d-c16c72cc8e2c\" style=\"background-image: url(&#039;https:\/\/losapostoles.org\/wp-content\/uploads\/2020\/12\/9753e150-b3a9-454c-889d-c16c72cc8e2c-1.jpg&#039;)\">\n\n\t\t\t\n\t\t\t\t\t<\/div>\n\t\t\t\t\t\t\t\t<\/div>\n\t\t\t\t\t\t\t\t\t\t\t<div class=\"swiper-slide\" role=\"group\" aria-roledescription=\"slide\">\n\t\t\t\t\t\t\t\t\t<div class=\"elementor-carousel-image\" role=\"img\" aria-label=\"50ae6dd4-9056-4c35-8f6b-90677f1e9aba\" style=\"background-image: url(&#039;https:\/\/losapostoles.org\/wp-content\/uploads\/2020\/12\/50ae6dd4-9056-4c35-8f6b-90677f1e9aba.jpg&#039;)\">\n\n\t\t\t\n\t\t\t\t\t<\/div>\n\t\t\t\t\t\t\t\t<\/div>\n\t\t\t\t\t\t\t\t\t\t\t<div class=\"swiper-slide\" role=\"group\" aria-roledescription=\"slide\">\n\t\t\t\t\t\t\t\t\t<div class=\"elementor-carousel-image\" role=\"img\" aria-label=\"47bc9710-58af-435e-9e6e-a151e6cc41c7\" style=\"background-image: url(&#039;https:\/\/losapostoles.org\/wp-content\/uploads\/2020\/12\/47bc9710-58af-435e-9e6e-a151e6cc41c7.jpg&#039;)\">\n\n\t\t\t\n\t\t\t\t\t<\/div>\n\t\t\t\t\t\t\t\t<\/div>\n\t\t\t\t\t\t\t\t\t\t\t<div class=\"swiper-slide\" role=\"group\" aria-roledescription=\"slide\">\n\t\t\t\t\t\t\t\t\t<div class=\"elementor-carousel-image\" role=\"img\" aria-label=\"36aa2d41-b117-4bbf-83d3-9c838f41999e\" style=\"background-image: url(&#039;https:\/\/losapostoles.org\/wp-content\/uploads\/2020\/12\/36aa2d41-b117-4bbf-83d3-9c838f41999e.jpg&#039;)\">\n\n\t\t\t\n\t\t\t\t\t<\/div>\n\t\t\t\t\t\t\t\t<\/div>\n\t\t\t\t\t\t\t\t\t\t\t<div class=\"swiper-slide\" role=\"group\" aria-roledescription=\"slide\">\n\t\t\t\t\t\t\t\t\t<div class=\"elementor-carousel-image\" role=\"img\" aria-label=\"9b12d6c6-18f3-4bae-b861-36110bedae97\" style=\"background-image: url(&#039;https:\/\/losapostoles.org\/wp-content\/uploads\/2020\/12\/9b12d6c6-18f3-4bae-b861-36110bedae97.jpg&#039;)\">\n\n\t\t\t\n\t\t\t\t\t<\/div>\n\t\t\t\t\t\t\t\t<\/div>\n\t\t\t\t\t\t\t\t\t\t\t<div class=\"swiper-slide\" role=\"group\" aria-roledescription=\"slide\">\n\t\t\t\t\t\t\t\t\t<div class=\"elementor-carousel-image\" role=\"img\" aria-label=\"8d46f449-af5d-4bb0-b2be-47f2f47ec125\" style=\"background-image: url(&#039;https:\/\/losapostoles.org\/wp-content\/uploads\/2020\/12\/8d46f449-af5d-4bb0-b2be-47f2f47ec125.jpg&#039;)\">\n\n\t\t\t\n\t\t\t\t\t<\/div>\n\t\t\t\t\t\t\t\t<\/div>\n\t\t\t\t\t\t\t\t\t\t\t<div class=\"swiper-slide\" role=\"group\" aria-roledescription=\"slide\">\n\t\t\t\t\t\t\t\t\t<div class=\"elementor-carousel-image\" role=\"img\" aria-label=\"5e26bbf3-e74a-4626-9d4b-eb94d48c52bd\" style=\"background-image: url(&#039;https:\/\/losapostoles.org\/wp-content\/uploads\/2020\/12\/5e26bbf3-e74a-4626-9d4b-eb94d48c52bd-1.jpg&#039;)\">\n\n\t\t\t\n\t\t\t\t\t<\/div>\n\t\t\t\t\t\t\t\t<\/div>\n\t\t\t\t\t\t\t\t\t<\/div>\n\t\t\t\t\t\t\t\t\t\t\t\t\t\t\t<div class=\"elementor-swiper-button elementor-swiper-button-prev\" role=\"button\" tabindex=\"0\" aria-label=\"Previous\">\n\t\t\t\t\t\t\t<i aria-hidden=\"true\" class=\"eicon-chevron-left\"><\/i>\t\t\t\t\t\t<\/div>\n\t\t\t\t\t\t<div class=\"elementor-swiper-button elementor-swiper-button-next\" role=\"button\" tabindex=\"0\" aria-label=\"Next\">\n\t\t\t\t\t\t\t<i aria-hidden=\"true\" class=\"eicon-chevron-right\"><\/i>\t\t\t\t\t\t<\/div>\n\t\t\t\t\t\t\t\t\t\t\t\t\t\t\t\t<div class=\"swiper-pagination\"><\/div>\n\t\t\t\t\t\t\t\t\t\t\t\t<\/div>\n\t\t\t\t<\/div>\n\t\t\t\t\t\t\t\t<\/div>\n\t\t\t\t<\/div>\n\t\t\t\t\t<\/div>\n\t\t<\/div>\n\t\t\t\t\t<\/div>\n\t\t<\/section>\n\t\t\t\t<section class=\"elementor-section elementor-top-section elementor-element elementor-element-f6832fe elementor-section-boxed elementor-section-height-default elementor-section-height-default\" data-id=\"f6832fe\" data-element_type=\"section\" data-e-type=\"section\">\n\t\t\t\t\t\t<div class=\"elementor-container elementor-column-gap-default\">\n\t\t\t\t\t<div class=\"elementor-column elementor-col-100 elementor-top-column elementor-element elementor-element-64203d3\" data-id=\"64203d3\" data-element_type=\"column\" data-e-type=\"column\">\n\t\t\t<div class=\"elementor-widget-wrap elementor-element-populated\">\n\t\t\t\t\t\t<div class=\"elementor-element elementor-element-0445972 elementor-widget elementor-widget-text-editor\" data-id=\"0445972\" data-element_type=\"widget\" data-e-type=\"widget\" data-widget_type=\"text-editor.default\">\n\t\t\t\t<div class=\"elementor-widget-container\">\n\t\t\t\t\t\t\t\t\t<p><br \/><strong>DOMINGO DE RESURRECCI\u00d3N \u2026<\/strong><\/p><p>Procesionalmente Los Ap\u00f3stoles no lo tratan oficialmente hasta principios del siglo XXI en el que se formaliza \u201cEl Sorteo\u201d de Ap\u00f3stoles Activos para este desfile general de Figuras B\u00edblicas, pero eso no quit\u00f3 que durante muchos a\u00f1os asisti\u00e9ramos voluntariamente a esta Procesi\u00f3n. Inicialmente recuperada a principios de los a\u00f1os setenta por \u201cFrancisco Luque Estrada\u201d<\/p><p>\u2026 en esos primeros a\u00f1os nos incorpor\u00e1bamos en la calle de La Vera Cruz, despu\u00e9s con asentamientos previos en las casas de \u201cAngelita Mart\u00edn\u201d y de \u201cM\u00aaCarmen y Dolores Velasco\u201d en la calle Aguilar\u2026 esta Procesi\u00f3n, en un principio, se desarrollaba por calle Aguilar, salida de la Ermita de La Vera Cruz, Paseo del Romeral, calle Susana Ben\u00edtez y Avenida Manuel Reina hasta la Iglesia (anterior Parque Plaza de Espa\u00f1a) de San Jos\u00e9, m\u00e1s tarde se alarg\u00f3 hasta \u201cEl Tropez\u00f3n, donde se retiran Las Figuras B\u00edblicas, continuando El Paso con sus Grupos de \u201cCapiruchos y Penitentes\u201d hasta su encierro en la Iglesia del Carmen, en la estaci\u00f3n de ffcc.<\/p><p>\u2026 los Ap\u00f3stoles tras el recorrido nos adentramos, desde hace muchos a\u00f1os por la calle Pablo Picasso hasta la Casa de Juan Granados que nos recibe espl\u00e9ndidamente con un refrigerio magistral y al que nosotros siempre le estaremos muy agradecidos, con anterioridad en los a\u00f1os setenta este refrigerio nos lo ofreci\u00f3 varios a\u00f1os en casa de los Padres de Juan y Paco Leiva en la entrada de la Avda. de Andaluc\u00eda, y de Antonio y Manuel Cejudo<\/p><p>\u2026 de vuelta al \u201cCuartel\u201d al mediod\u00eda, ya en \u201cguisa de hermandad apost\u00f3lica\u201d y tambi\u00e9n \u201ccon el infierno -cerrao- y abierta la inmensa Gloria\u201d celebramos nuestra \u00faltima comida oficial\u2026 guardados los tambores y cerrada \u201cla censura\u201d<\/p><p>\u2026\u201dMiguel\u00f3n, Manolo Santos, Ceferino\u201d y \u201cEl Suizo\u201d se encargan de \u201ccalentar motores\u201d con \u201cel \u00a1vaya jaleo\u2026 jaleo\u2026 ya se acab\u00f3 el alboroto y ahora empieza el cachondeo!\u201d\u2026 y c\u00f3mo no a rengl\u00f3n seguido aparece \u201cmi Anto\u00f1in\u201d\u2026 con \u201cel Caf\u00e9 de Chinita! Y Z\u00e1nganos y Fandangos\u2026 en este magn\u00edfico atardecer de fiesta de Domingo de Resurrecci\u00f3n, entre \u201cUvitas, Palomitas de Machaquito y Tubos Largos\u201d aparecen Los Cantes de Siempre El Flamenco del Balilla, del Chiquito, de Ranchal\u2026, entremezclados con los cantes de M\u00e1laga de Paco Arroyo, Ceferino y Paco Leiva\u2026 que a\u00f1os aquellos donde el d\u00eda y la noche se un\u00edan exaltando La Resurrecci\u00f3n de Cristo.<\/p><p>\u2026 en estos a\u00f1os m\u00e1s pr\u00f3ximos se sigue esta tradici\u00f3n de \u201cFestejo\u201d con otros Ap\u00f3stoles no por menos, menos ardorosos, alegres y participativos<\/p><p style=\"text-align: left;\">\u2026 toda vez que La Escuela sigue con \u201cAnto\u00f1in, Miguel\u00f3n, Jos\u00e9 Carlos y Paquito Lavado\u201d, como artistas consumados y los \u00faltimos que aseguran el futuro de estos Domingos de Resurrecci\u00f3n \u201c\u00c1lvaro de San Andr\u00e9s y El Titos\u201d\u2026, y sus acompa\u00f1antes infatigables \u201c A .Rosales, Pepe Mu\u00f1oz, Jero. J.L. And\u00fajar, Andujitas, M, Fern\u00e1ndez, Perico etc. etc\u201d.<\/p><p style=\"text-align: left;\">\u2026 En Los Ap\u00f3stoles desde que empieza La Cuaresma, se sacan Los Tambores y desde el segundo S\u00e1bado de Romanos, hasta el Domingo de Resurrecci\u00f3n queda terminantemente prohibido el cantar, bailar u otras demostraciones de algarab\u00eda Flamenca\u2026 recluidos casi a \u201csaetas, c\u00e1nticos sacramentales, prosas, poes\u00edas, poemas y otros (plasmas y bodrios, en Los Ap\u00f3stoles muy pocos a Dios Gracias).<\/p><p style=\"text-align: right;\"><strong>ragarcha<\/strong><br \/><strong>12enero2021<\/strong><\/p><p style=\"text-align: right;\">\u00a0<\/p>\t\t\t\t\t\t\t\t<\/div>\n\t\t\t\t<\/div>\n\t\t\t\t\t<\/div>\n\t\t<\/div>\n\t\t\t\t\t<\/div>\n\t\t<\/section>\n\t\t\t\t<\/div>\n\t\t","protected":false},"excerpt":{"rendered":"<p>Domingo Resurrecci\u00f3n. Previous Next DOMINGO DE RESURRECCI\u00d3N \u2026 Procesionalmente Los Ap\u00f3stoles no lo tratan oficialmente hasta principios del siglo XXI en el que se formaliza \u201cEl Sorteo\u201d de Ap\u00f3stoles Activos para este desfile general de Figuras B\u00edblicas, pero eso no quit\u00f3 que durante muchos a\u00f1os asisti\u00e9ramos voluntariamente a esta Procesi\u00f3n. Inicialmente recuperada a principios de [&hellip;]<\/p>\n","protected":false},"author":1,"featured_media":0,"parent":30,"menu_order":0,"comment_status":"closed","ping_status":"closed","template":"","meta":{"site-sidebar-layout":"no-sidebar","site-content-layout":"page-builder","ast-site-content-layout":"default","site-content-style":"default","site-sidebar-style":"default","ast-global-header-display":"","ast-banner-title-visibility":"","ast-main-header-display":"","ast-hfb-above-header-display":"","ast-hfb-below-header-display":"","ast-hfb-mobile-header-display":"","site-post-title":"disabled","ast-breadcrumbs-content":"","ast-featured-img":"disabled","footer-sml-layout":"","ast-disable-related-posts":"","theme-transparent-header-meta":"default","adv-header-id-meta":"","stick-header-meta":"","header-above-stick-meta":"","header-main-stick-meta":"","header-below-stick-meta":"","astra-migrate-meta-layouts":"default","ast-page-background-enabled":"default","ast-page-background-meta":{"desktop":{"background-color":"","background-image":"","background-repeat":"repeat","background-position":"center center","background-size":"auto","background-attachment":"scroll","background-type":"","background-media":"","overlay-type":"","overlay-color":"","overlay-opacity":"","overlay-gradient":""},"tablet":{"background-color":"","background-image":"","background-repeat":"repeat","background-position":"center center","background-size":"auto","background-attachment":"scroll","background-type":"","background-media":"","overlay-type":"","overlay-color":"","overlay-opacity":"","overlay-gradient":""},"mobile":{"background-color":"","background-image":"","background-repeat":"repeat","background-position":"center center","background-size":"auto","background-attachment":"scroll","background-type":"","background-media":"","overlay-type":"","overlay-color":"","overlay-opacity":"","overlay-gradient":""}},"ast-content-background-meta":{"desktop":{"background-color":"var(--ast-global-color-5)","background-image":"","background-repeat":"repeat","background-position":"center center","background-size":"auto","background-attachment":"scroll","background-type":"","background-media":"","overlay-type":"","overlay-color":"","overlay-opacity":"","overlay-gradient":""},"tablet":{"background-color":"var(--ast-global-color-5)","background-image":"","background-repeat":"repeat","background-position":"center center","background-size":"auto","background-attachment":"scroll","background-type":"","background-media":"","overlay-type":"","overlay-color":"","overlay-opacity":"","overlay-gradient":""},"mobile":{"background-color":"var(--ast-global-color-5)","background-image":"","background-repeat":"repeat","background-position":"center center","background-size":"auto","background-attachment":"scroll","background-type":"","background-media":"","overlay-type":"","overlay-color":"","overlay-opacity":"","overlay-gradient":""}},"footnotes":""},"wf_page_folders":[],"class_list":["post-1827","page","type-page","status-publish","hentry"],"jetpack_sharing_enabled":true,"_links":{"self":[{"href":"https:\/\/losapostoles.org\/index.php\/wp-json\/wp\/v2\/pages\/1827","targetHints":{"allow":["GET"]}}],"collection":[{"href":"https:\/\/losapostoles.org\/index.php\/wp-json\/wp\/v2\/pages"}],"about":[{"href":"https:\/\/losapostoles.org\/index.php\/wp-json\/wp\/v2\/types\/page"}],"author":[{"embeddable":true,"href":"https:\/\/losapostoles.org\/index.php\/wp-json\/wp\/v2\/users\/1"}],"replies":[{"embeddable":true,"href":"https:\/\/losapostoles.org\/index.php\/wp-json\/wp\/v2\/comments?post=1827"}],"version-history":[{"count":5,"href":"https:\/\/losapostoles.org\/index.php\/wp-json\/wp\/v2\/pages\/1827\/revisions"}],"predecessor-version":[{"id":1833,"href":"https:\/\/losapostoles.org\/index.php\/wp-json\/wp\/v2\/pages\/1827\/revisions\/1833"}],"up":[{"embeddable":true,"href":"https:\/\/losapostoles.org\/index.php\/wp-json\/wp\/v2\/pages\/30"}],"wp:attachment":[{"href":"https:\/\/losapostoles.org\/index.php\/wp-json\/wp\/v2\/media?parent=1827"}],"wp:term":[{"taxonomy":"wf_page_folders","embeddable":true,"href":"https:\/\/losapostoles.org\/index.php\/wp-json\/wp\/v2\/wf_page_folders?post=1827"}],"curies":[{"name":"wp","href":"https:\/\/api.w.org\/{rel}","templated":true}]}}