{"id":1834,"date":"2021-01-13T19:09:46","date_gmt":"2021-01-13T19:09:46","guid":{"rendered":"http:\/\/losapostoles.org\/wordpress\/?page_id=1834"},"modified":"2021-01-13T19:19:05","modified_gmt":"2021-01-13T19:19:05","slug":"lunes-salmorejo","status":"publish","type":"page","link":"https:\/\/losapostoles.org\/index.php\/semana-santa\/lunes-salmorejo\/","title":{"rendered":"Lunes Salmorejo"},"content":{"rendered":"\t\t<div data-elementor-type=\"wp-page\" data-elementor-id=\"1834\" class=\"elementor elementor-1834\" data-elementor-post-type=\"page\">\n\t\t\t\t\t\t<section class=\"elementor-section elementor-top-section elementor-element elementor-element-96aa61e elementor-section-boxed elementor-section-height-default elementor-section-height-default\" data-id=\"96aa61e\" data-element_type=\"section\" data-e-type=\"section\">\n\t\t\t\t\t\t<div class=\"elementor-container elementor-column-gap-default\">\n\t\t\t\t\t<div class=\"elementor-column elementor-col-100 elementor-top-column elementor-element elementor-element-cfb8ede\" data-id=\"cfb8ede\" data-element_type=\"column\" data-e-type=\"column\">\n\t\t\t<div class=\"elementor-widget-wrap elementor-element-populated\">\n\t\t\t\t\t\t<div class=\"elementor-element elementor-element-4f4ad22 elementor-widget elementor-widget-heading\" data-id=\"4f4ad22\" data-element_type=\"widget\" data-e-type=\"widget\" data-widget_type=\"heading.default\">\n\t\t\t\t<div class=\"elementor-widget-container\">\n\t\t\t\t\t<h2 class=\"elementor-heading-title elementor-size-default\">Lunes  del Salmorejo<\/h2>\t\t\t\t<\/div>\n\t\t\t\t<\/div>\n\t\t\t\t\t<\/div>\n\t\t<\/div>\n\t\t\t\t\t<\/div>\n\t\t<\/section>\n\t\t\t\t<section class=\"elementor-section elementor-top-section elementor-element elementor-element-a4d90b7 elementor-section-boxed elementor-section-height-default elementor-section-height-default\" data-id=\"a4d90b7\" data-element_type=\"section\" data-e-type=\"section\">\n\t\t\t\t\t\t<div class=\"elementor-container elementor-column-gap-default\">\n\t\t\t\t\t<div class=\"elementor-column elementor-col-100 elementor-top-column elementor-element elementor-element-4951b7a\" data-id=\"4951b7a\" data-element_type=\"column\" data-e-type=\"column\">\n\t\t\t<div class=\"elementor-widget-wrap elementor-element-populated\">\n\t\t\t\t\t\t<div class=\"elementor-element elementor-element-3b16c1a elementor-skin-carousel elementor-arrows-yes elementor-pagination-type-bullets elementor-pagination-position-outside elementor-widget elementor-widget-media-carousel\" data-id=\"3b16c1a\" data-element_type=\"widget\" data-e-type=\"widget\" data-settings=\"{&quot;slides_per_view&quot;:&quot;1&quot;,&quot;skin&quot;:&quot;carousel&quot;,&quot;effect&quot;:&quot;slide&quot;,&quot;show_arrows&quot;:&quot;yes&quot;,&quot;pagination&quot;:&quot;bullets&quot;,&quot;speed&quot;:500,&quot;autoplay&quot;:&quot;yes&quot;,&quot;autoplay_speed&quot;:5000,&quot;loop&quot;:&quot;yes&quot;,&quot;pause_on_hover&quot;:&quot;yes&quot;,&quot;pause_on_interaction&quot;:&quot;yes&quot;,&quot;space_between&quot;:{&quot;unit&quot;:&quot;px&quot;,&quot;size&quot;:10,&quot;sizes&quot;:[]},&quot;space_between_tablet&quot;:{&quot;unit&quot;:&quot;px&quot;,&quot;size&quot;:10,&quot;sizes&quot;:[]},&quot;space_between_mobile&quot;:{&quot;unit&quot;:&quot;px&quot;,&quot;size&quot;:10,&quot;sizes&quot;:[]}}\" data-widget_type=\"media-carousel.default\">\n\t\t\t\t<div class=\"elementor-widget-container\">\n\t\t\t\t\t\t\t\t\t<div class=\"elementor-swiper\">\n\t\t\t\t\t<div class=\"elementor-main-swiper swiper\" role=\"region\" aria-roledescription=\"carousel\" aria-label=\"Slides\">\n\t\t\t\t<div class=\"swiper-wrapper\">\n\t\t\t\t\t\t\t\t\t\t\t<div class=\"swiper-slide\" role=\"group\" aria-roledescription=\"slide\">\n\t\t\t\t\t\t\t\t\t<div class=\"elementor-carousel-image\" role=\"img\" aria-label=\"Image00019\" style=\"background-image: url(&#039;https:\/\/losapostoles.org\/wp-content\/uploads\/2021\/01\/Image00019.jpg&#039;)\">\n\n\t\t\t\n\t\t\t\t\t<\/div>\n\t\t\t\t\t\t\t\t<\/div>\n\t\t\t\t\t\t\t\t\t\t\t<div class=\"swiper-slide\" role=\"group\" aria-roledescription=\"slide\">\n\t\t\t\t\t\t\t\t\t<div class=\"elementor-carousel-image\" role=\"img\" aria-label=\"Image00018\" style=\"background-image: url(&#039;https:\/\/losapostoles.org\/wp-content\/uploads\/2021\/01\/Image00018-2.jpg&#039;)\">\n\n\t\t\t\n\t\t\t\t\t<\/div>\n\t\t\t\t\t\t\t\t<\/div>\n\t\t\t\t\t\t\t\t\t\t\t<div class=\"swiper-slide\" role=\"group\" aria-roledescription=\"slide\">\n\t\t\t\t\t\t\t\t\t<div class=\"elementor-carousel-image\" role=\"img\" aria-label=\"Image00017\" style=\"background-image: url(&#039;https:\/\/losapostoles.org\/wp-content\/uploads\/2021\/01\/Image00017.jpg&#039;)\">\n\n\t\t\t\n\t\t\t\t\t<\/div>\n\t\t\t\t\t\t\t\t<\/div>\n\t\t\t\t\t\t\t\t\t\t\t<div class=\"swiper-slide\" role=\"group\" aria-roledescription=\"slide\">\n\t\t\t\t\t\t\t\t\t<div class=\"elementor-carousel-image\" role=\"img\" aria-label=\"Image00015\" style=\"background-image: url(&#039;https:\/\/losapostoles.org\/wp-content\/uploads\/2021\/01\/Image00015.jpg&#039;)\">\n\n\t\t\t\n\t\t\t\t\t<\/div>\n\t\t\t\t\t\t\t\t<\/div>\n\t\t\t\t\t\t\t\t\t\t\t<div class=\"swiper-slide\" role=\"group\" aria-roledescription=\"slide\">\n\t\t\t\t\t\t\t\t\t<div class=\"elementor-carousel-image\" role=\"img\" aria-label=\"Image00013\" style=\"background-image: url(&#039;https:\/\/losapostoles.org\/wp-content\/uploads\/2021\/01\/Image00013.jpg&#039;)\">\n\n\t\t\t\n\t\t\t\t\t<\/div>\n\t\t\t\t\t\t\t\t<\/div>\n\t\t\t\t\t\t\t\t\t\t\t<div class=\"swiper-slide\" role=\"group\" aria-roledescription=\"slide\">\n\t\t\t\t\t\t\t\t\t<div class=\"elementor-carousel-image\" role=\"img\" aria-label=\"Image00012\" style=\"background-image: url(&#039;https:\/\/losapostoles.org\/wp-content\/uploads\/2021\/01\/Image00012.jpg&#039;)\">\n\n\t\t\t\n\t\t\t\t\t<\/div>\n\t\t\t\t\t\t\t\t<\/div>\n\t\t\t\t\t\t\t\t\t\t\t<div class=\"swiper-slide\" role=\"group\" aria-roledescription=\"slide\">\n\t\t\t\t\t\t\t\t\t<div class=\"elementor-carousel-image\" role=\"img\" aria-label=\"Image00011\" style=\"background-image: url(&#039;https:\/\/losapostoles.org\/wp-content\/uploads\/2021\/01\/Image00011.jpg&#039;)\">\n\n\t\t\t\n\t\t\t\t\t<\/div>\n\t\t\t\t\t\t\t\t<\/div>\n\t\t\t\t\t\t\t\t\t\t\t<div class=\"swiper-slide\" role=\"group\" aria-roledescription=\"slide\">\n\t\t\t\t\t\t\t\t\t<div class=\"elementor-carousel-image\" role=\"img\" aria-label=\"Image00010\" style=\"background-image: url(&#039;https:\/\/losapostoles.org\/wp-content\/uploads\/2021\/01\/Image00010.jpg&#039;)\">\n\n\t\t\t\n\t\t\t\t\t<\/div>\n\t\t\t\t\t\t\t\t<\/div>\n\t\t\t\t\t\t\t\t\t\t\t<div class=\"swiper-slide\" role=\"group\" aria-roledescription=\"slide\">\n\t\t\t\t\t\t\t\t\t<div class=\"elementor-carousel-image\" role=\"img\" aria-label=\"Image00009\" style=\"background-image: url(&#039;https:\/\/losapostoles.org\/wp-content\/uploads\/2021\/01\/Image00009-2.jpg&#039;)\">\n\n\t\t\t\n\t\t\t\t\t<\/div>\n\t\t\t\t\t\t\t\t<\/div>\n\t\t\t\t\t\t\t\t\t\t\t<div class=\"swiper-slide\" role=\"group\" aria-roledescription=\"slide\">\n\t\t\t\t\t\t\t\t\t<div class=\"elementor-carousel-image\" role=\"img\" aria-label=\"Image00008\" style=\"background-image: url(&#039;https:\/\/losapostoles.org\/wp-content\/uploads\/2021\/01\/Image00008.jpg&#039;)\">\n\n\t\t\t\n\t\t\t\t\t<\/div>\n\t\t\t\t\t\t\t\t<\/div>\n\t\t\t\t\t\t\t\t\t\t\t<div class=\"swiper-slide\" role=\"group\" aria-roledescription=\"slide\">\n\t\t\t\t\t\t\t\t\t<div class=\"elementor-carousel-image\" role=\"img\" aria-label=\"Image00007\" style=\"background-image: url(&#039;https:\/\/losapostoles.org\/wp-content\/uploads\/2021\/01\/Image00007-1.jpg&#039;)\">\n\n\t\t\t\n\t\t\t\t\t<\/div>\n\t\t\t\t\t\t\t\t<\/div>\n\t\t\t\t\t\t\t\t\t\t\t<div class=\"swiper-slide\" role=\"group\" aria-roledescription=\"slide\">\n\t\t\t\t\t\t\t\t\t<div class=\"elementor-carousel-image\" role=\"img\" aria-label=\"Image00003\" style=\"background-image: url(&#039;https:\/\/losapostoles.org\/wp-content\/uploads\/2021\/01\/Image00003-1.jpg&#039;)\">\n\n\t\t\t\n\t\t\t\t\t<\/div>\n\t\t\t\t\t\t\t\t<\/div>\n\t\t\t\t\t\t\t\t\t\t\t<div class=\"swiper-slide\" role=\"group\" aria-roledescription=\"slide\">\n\t\t\t\t\t\t\t\t\t<div class=\"elementor-carousel-image\" role=\"img\" aria-label=\"Image00001\" style=\"background-image: url(&#039;https:\/\/losapostoles.org\/wp-content\/uploads\/2021\/01\/Image00001.jpg&#039;)\">\n\n\t\t\t\n\t\t\t\t\t<\/div>\n\t\t\t\t\t\t\t\t<\/div>\n\t\t\t\t\t\t\t\t\t<\/div>\n\t\t\t\t\t\t\t\t\t\t\t\t\t\t\t<div class=\"elementor-swiper-button elementor-swiper-button-prev\" role=\"button\" tabindex=\"0\" aria-label=\"Previous\">\n\t\t\t\t\t\t\t<i aria-hidden=\"true\" class=\"eicon-chevron-left\"><\/i>\t\t\t\t\t\t<\/div>\n\t\t\t\t\t\t<div class=\"elementor-swiper-button elementor-swiper-button-next\" role=\"button\" tabindex=\"0\" aria-label=\"Next\">\n\t\t\t\t\t\t\t<i aria-hidden=\"true\" class=\"eicon-chevron-right\"><\/i>\t\t\t\t\t\t<\/div>\n\t\t\t\t\t\t\t\t\t\t\t\t\t\t\t\t<div class=\"swiper-pagination\"><\/div>\n\t\t\t\t\t\t\t\t\t\t\t\t<\/div>\n\t\t\t\t<\/div>\n\t\t\t\t\t\t\t\t<\/div>\n\t\t\t\t<\/div>\n\t\t\t\t\t<\/div>\n\t\t<\/div>\n\t\t\t\t\t<\/div>\n\t\t<\/section>\n\t\t\t\t<section class=\"elementor-section elementor-top-section elementor-element elementor-element-f6832fe elementor-section-boxed elementor-section-height-default elementor-section-height-default\" data-id=\"f6832fe\" data-element_type=\"section\" data-e-type=\"section\">\n\t\t\t\t\t\t<div class=\"elementor-container elementor-column-gap-default\">\n\t\t\t\t\t<div class=\"elementor-column elementor-col-100 elementor-top-column elementor-element elementor-element-64203d3\" data-id=\"64203d3\" data-element_type=\"column\" data-e-type=\"column\">\n\t\t\t<div class=\"elementor-widget-wrap elementor-element-populated\">\n\t\t\t\t\t\t<div class=\"elementor-element elementor-element-0445972 elementor-widget elementor-widget-text-editor\" data-id=\"0445972\" data-element_type=\"widget\" data-e-type=\"widget\" data-widget_type=\"text-editor.default\">\n\t\t\t\t<div class=\"elementor-widget-container\">\n\t\t\t\t\t\t\t\t\t<p>a principio del siglo XX la Semana Santa de Puente Genil comenzaba el Mi\u00e9rcoles y terminaba el Viernes Noche \u2013 y Madrugada y\/o Amanecida del S\u00e1bado acompa\u00f1ando a la Virgen de La Soledad en desfile por su barrio \u201cLa Isla\u201d.<\/p><p>\u2026 ese S\u00e1bado Santo desde los a\u00f1os veinte ten\u00edan costumbre de \u201cComerse las sobras\u201d celebrando un adelanto de \u201cSan Marcos\u201d donde el \u201cPlato Fuerte\u201d era un cordero o un cabrito, regularmente donados por los m\u00e1s pudientes, fuera de cuota, esta comida se realizaba en un patio o campo ya designado \u2026 durante muchos a\u00f1os este \u00e1gape era preparado por mi Abuelo \u201cEl Cabo Chaparro\u201d, de profesi\u00f3n carnicero y Padre de siete hijos y casada con Pilar L\u00f3pez Bachot que viv\u00edan en \u201cLa Cuesta Vitas\u201d n\u00famero 7\u2026 ya en los a\u00f1os Cuarenta se sigue la tradici\u00f3n pero se celebraban en casas cuarteles alquilados para Semana Santa (casi todas las casas, por no decir todas ten\u00edan patios)<\/p><p>\u2026 remont\u00e1ndome a mi \u00e9poca, a\u00f1os sesenta en adelante se celebraba la \u201cComida del Lunes o del Salmorejo\u201d donde asist\u00edan los que viv\u00edan en el Pueblo y los Ap\u00f3stoles que viv\u00edan fuera que se quedaban al menester, tanto es as\u00ed, que el Principal era \u201cRafael Moyano Reina junto al Chiquito y Manolo Reina\u201d.<\/p><p>\u2026 eran unos Lunes fen\u00f3menos con aportaciones, incluso de Postres, en esos tiempos de \u201cPostres tab\u00fa\u201d\u2026 generalmente los regalaba Rafael Moyano Reina, Igualmente que nos regalaba \u201cLos Puros\u201d de Los Capiruchos del Viernes Santo Noche, tradici\u00f3n que a\u00fan conserva su hijo Rafael Moyano Diez y con muchas probabilidades de que la siga Rafael Moyano Ledesma, aunque sea a medias con su Hermano Tadeo).<\/p><p>\u2026 en estos Lunes encumbrados en sus mayores apogeos los Comensales invitaban a algunos amigos que destacaban en La Prosa, La poes\u00eda y sobre todo en el Cante Flamenco\u2026, y caso curioso en este Lunes de \u201cResacas y recuperaciones \u2013Capill\u00edsticas- se sobresaltaban los viandantes que pasaban por la Plaza Lara\u2026, y si estos preguntaban a \u2013Los Vecinos- estos le respond\u00edan muy complacientes \u00a1aqu\u00ed no termina la Semana Santa hasta el Lunes de resurrecci\u00f3n!.., y desde este Lunes hacemos boca para la fiesta de San Marcos\u2026 \u00a1que se vaya preparando El Diablo para que un a\u00f1o m\u00e1s le atemos Los Cuernos!<\/p><p>\u2026 A PARTIR DE AHORA SOLO NOS QUEDA A\u00d1ORAR DE NUEVO \u201cLA JUNTA DE LA CANDELARIA\u201d\u2026 pero esa es otra historia\u2026 c\u00f3mo La De La Cruz\u2026 El Corpus\u2026 San Pedro\u2026 Santiago\u2026 Feria\u2026 San Miguel\u2026 Todos Los Santos\u2026 \u201cArrocito Caldosito\u201d\u2026 Navidad\u2026 + Las diecinueve Comidas y juntas de Cuaresma y Semana Santa\u2026 estas son tambi\u00e9n OTRAS HISTORIAS<\/p><p style=\"text-align: right;\"><br \/><strong>ragarcha<\/strong><br \/><strong>12enero2021<\/strong><\/p>\t\t\t\t\t\t\t\t<\/div>\n\t\t\t\t<\/div>\n\t\t\t\t\t<\/div>\n\t\t<\/div>\n\t\t\t\t\t<\/div>\n\t\t<\/section>\n\t\t\t\t<\/div>\n\t\t","protected":false},"excerpt":{"rendered":"<p>Lunes del Salmorejo Previous Next a principio del siglo XX la Semana Santa de Puente Genil comenzaba el Mi\u00e9rcoles y terminaba el Viernes Noche \u2013 y Madrugada y\/o Amanecida del S\u00e1bado acompa\u00f1ando a la Virgen de La Soledad en desfile por su barrio \u201cLa Isla\u201d. \u2026 ese S\u00e1bado Santo desde los a\u00f1os veinte ten\u00edan costumbre [&hellip;]<\/p>\n","protected":false},"author":1,"featured_media":0,"parent":30,"menu_order":0,"comment_status":"closed","ping_status":"closed","template":"","meta":{"site-sidebar-layout":"no-sidebar","site-content-layout":"page-builder","ast-site-content-layout":"","site-content-style":"default","site-sidebar-style":"default","ast-global-header-display":"","ast-banner-title-visibility":"","ast-main-header-display":"","ast-hfb-above-header-display":"","ast-hfb-below-header-display":"","ast-hfb-mobile-header-display":"","site-post-title":"disabled","ast-breadcrumbs-content":"","ast-featured-img":"disabled","footer-sml-layout":"","theme-transparent-header-meta":"default","adv-header-id-meta":"","stick-header-meta":"","header-above-stick-meta":"","header-main-stick-meta":"","header-below-stick-meta":"","astra-migrate-meta-layouts":"default","ast-page-background-enabled":"default","ast-page-background-meta":{"desktop":{"background-color":"","background-image":"","background-repeat":"repeat","background-position":"center center","background-size":"auto","background-attachment":"scroll","background-type":"","background-media":"","overlay-type":"","overlay-color":"","overlay-opacity":"","overlay-gradient":""},"tablet":{"background-color":"","background-image":"","background-repeat":"repeat","background-position":"center center","background-size":"auto","background-attachment":"scroll","background-type":"","background-media":"","overlay-type":"","overlay-color":"","overlay-opacity":"","overlay-gradient":""},"mobile":{"background-color":"","background-image":"","background-repeat":"repeat","background-position":"center center","background-size":"auto","background-attachment":"scroll","background-type":"","background-media":"","overlay-type":"","overlay-color":"","overlay-opacity":"","overlay-gradient":""}},"ast-content-background-meta":{"desktop":{"background-color":"var(--ast-global-color-5)","background-image":"","background-repeat":"repeat","background-position":"center center","background-size":"auto","background-attachment":"scroll","background-type":"","background-media":"","overlay-type":"","overlay-color":"","overlay-opacity":"","overlay-gradient":""},"tablet":{"background-color":"var(--ast-global-color-5)","background-image":"","background-repeat":"repeat","background-position":"center center","background-size":"auto","background-attachment":"scroll","background-type":"","background-media":"","overlay-type":"","overlay-color":"","overlay-opacity":"","overlay-gradient":""},"mobile":{"background-color":"var(--ast-global-color-5)","background-image":"","background-repeat":"repeat","background-position":"center center","background-size":"auto","background-attachment":"scroll","background-type":"","background-media":"","overlay-type":"","overlay-color":"","overlay-opacity":"","overlay-gradient":""}},"footnotes":""},"wf_page_folders":[],"class_list":["post-1834","page","type-page","status-publish","hentry"],"jetpack_sharing_enabled":true,"_links":{"self":[{"href":"https:\/\/losapostoles.org\/index.php\/wp-json\/wp\/v2\/pages\/1834","targetHints":{"allow":["GET"]}}],"collection":[{"href":"https:\/\/losapostoles.org\/index.php\/wp-json\/wp\/v2\/pages"}],"about":[{"href":"https:\/\/losapostoles.org\/index.php\/wp-json\/wp\/v2\/types\/page"}],"author":[{"embeddable":true,"href":"https:\/\/losapostoles.org\/index.php\/wp-json\/wp\/v2\/users\/1"}],"replies":[{"embeddable":true,"href":"https:\/\/losapostoles.org\/index.php\/wp-json\/wp\/v2\/comments?post=1834"}],"version-history":[{"count":7,"href":"https:\/\/losapostoles.org\/index.php\/wp-json\/wp\/v2\/pages\/1834\/revisions"}],"predecessor-version":[{"id":1861,"href":"https:\/\/losapostoles.org\/index.php\/wp-json\/wp\/v2\/pages\/1834\/revisions\/1861"}],"up":[{"embeddable":true,"href":"https:\/\/losapostoles.org\/index.php\/wp-json\/wp\/v2\/pages\/30"}],"wp:attachment":[{"href":"https:\/\/losapostoles.org\/index.php\/wp-json\/wp\/v2\/media?parent=1834"}],"wp:term":[{"taxonomy":"wf_page_folders","embeddable":true,"href":"https:\/\/losapostoles.org\/index.php\/wp-json\/wp\/v2\/wf_page_folders?post=1834"}],"curies":[{"name":"wp","href":"https:\/\/api.w.org\/{rel}","templated":true}]}}