{"id":1993,"date":"2021-01-14T15:12:25","date_gmt":"2021-01-14T15:12:25","guid":{"rendered":"http:\/\/losapostoles.org\/wordpress\/?page_id=1993"},"modified":"2021-04-25T13:24:18","modified_gmt":"2021-04-25T11:24:18","slug":"2014-junta-de-la-candelaria","status":"publish","type":"page","link":"https:\/\/losapostoles.org\/index.php\/fotografias-2014\/2014-junta-de-la-candelaria\/","title":{"rendered":"2014 &#8211; Junta de la Candelaria"},"content":{"rendered":"\t\t<div data-elementor-type=\"wp-page\" data-elementor-id=\"1993\" class=\"elementor elementor-1993\" data-elementor-post-type=\"page\">\n\t\t\t\t\t\t<section class=\"elementor-section elementor-top-section elementor-element elementor-element-01699c3 elementor-section-boxed elementor-section-height-default elementor-section-height-default\" data-id=\"01699c3\" data-element_type=\"section\" data-e-type=\"section\">\n\t\t\t\t\t\t<div class=\"elementor-container elementor-column-gap-default\">\n\t\t\t\t\t<div class=\"elementor-column elementor-col-100 elementor-top-column elementor-element elementor-element-870fe95\" data-id=\"870fe95\" data-element_type=\"column\" data-e-type=\"column\">\n\t\t\t<div class=\"elementor-widget-wrap elementor-element-populated\">\n\t\t\t\t\t\t<div class=\"elementor-element elementor-element-570b95a elementor-widget elementor-widget-spacer\" data-id=\"570b95a\" data-element_type=\"widget\" data-e-type=\"widget\" data-widget_type=\"spacer.default\">\n\t\t\t\t<div class=\"elementor-widget-container\">\n\t\t\t\t\t\t\t<div class=\"elementor-spacer\">\n\t\t\t<div class=\"elementor-spacer-inner\"><\/div>\n\t\t<\/div>\n\t\t\t\t\t\t<\/div>\n\t\t\t\t<\/div>\n\t\t\t\t\t<\/div>\n\t\t<\/div>\n\t\t\t\t\t<\/div>\n\t\t<\/section>\n\t\t\t\t<section class=\"elementor-section elementor-top-section elementor-element elementor-element-af0efcf elementor-section-boxed elementor-section-height-default elementor-section-height-default\" data-id=\"af0efcf\" data-element_type=\"section\" data-e-type=\"section\">\n\t\t\t\t\t\t<div class=\"elementor-container elementor-column-gap-default\">\n\t\t\t\t\t<div class=\"elementor-column elementor-col-100 elementor-top-column elementor-element elementor-element-ddbb9c4\" data-id=\"ddbb9c4\" data-element_type=\"column\" data-e-type=\"column\">\n\t\t\t<div class=\"elementor-widget-wrap elementor-element-populated\">\n\t\t\t\t\t\t<div class=\"elementor-element elementor-element-dd503d5 elementor-widget elementor-widget-heading\" data-id=\"dd503d5\" data-element_type=\"widget\" data-e-type=\"widget\" data-widget_type=\"heading.default\">\n\t\t\t\t<div class=\"elementor-widget-container\">\n\t\t\t\t\t<h2 class=\"elementor-heading-title elementor-size-default\">2014 Junta de la Candelaria<\/h2>\t\t\t\t<\/div>\n\t\t\t\t<\/div>\n\t\t\t\t\t<\/div>\n\t\t<\/div>\n\t\t\t\t\t<\/div>\n\t\t<\/section>\n\t\t\t\t<section class=\"elementor-section elementor-top-section elementor-element elementor-element-99e67b4 elementor-section-boxed elementor-section-height-default elementor-section-height-default\" data-id=\"99e67b4\" data-element_type=\"section\" data-e-type=\"section\">\n\t\t\t\t\t\t<div class=\"elementor-container elementor-column-gap-default\">\n\t\t\t\t\t<div class=\"elementor-column elementor-col-100 elementor-top-column elementor-element elementor-element-d58f671\" data-id=\"d58f671\" data-element_type=\"column\" data-e-type=\"column\">\n\t\t\t<div class=\"elementor-widget-wrap elementor-element-populated\">\n\t\t\t\t\t\t<div class=\"elementor-element elementor-element-edb4ed2 elementor-widget elementor-widget-image\" data-id=\"edb4ed2\" data-element_type=\"widget\" data-e-type=\"widget\" data-widget_type=\"image.default\">\n\t\t\t\t<div class=\"elementor-widget-container\">\n\t\t\t\t\t\t\t\t\t\t\t\t\t\t\t<img fetchpriority=\"high\" decoding=\"async\" width=\"640\" height=\"428\" src=\"https:\/\/losapostoles.org\/wp-content\/uploads\/2021\/01\/candelaria-1.jpg\" class=\"attachment-large size-large wp-image-2319\" alt=\"\" srcset=\"https:\/\/losapostoles.org\/wp-content\/uploads\/2021\/01\/candelaria-1.jpg 640w, https:\/\/losapostoles.org\/wp-content\/uploads\/2021\/01\/candelaria-1-300x201.jpg 300w\" sizes=\"(max-width: 640px) 100vw, 640px\" \/>\t\t\t\t\t\t\t\t\t\t\t\t\t\t\t<\/div>\n\t\t\t\t<\/div>\n\t\t\t\t\t<\/div>\n\t\t<\/div>\n\t\t\t\t\t<\/div>\n\t\t<\/section>\n\t\t\t\t<section class=\"elementor-section elementor-top-section elementor-element elementor-element-da9249e elementor-section-boxed elementor-section-height-default elementor-section-height-default\" data-id=\"da9249e\" data-element_type=\"section\" data-e-type=\"section\">\n\t\t\t\t\t\t<div class=\"elementor-container elementor-column-gap-default\">\n\t\t\t\t\t<div class=\"elementor-column elementor-col-100 elementor-top-column elementor-element elementor-element-9435936\" data-id=\"9435936\" data-element_type=\"column\" data-e-type=\"column\">\n\t\t\t<div class=\"elementor-widget-wrap elementor-element-populated\">\n\t\t\t\t\t\t<div class=\"elementor-element elementor-element-c43b4a9 elementor-widget elementor-widget-text-editor\" data-id=\"c43b4a9\" data-element_type=\"widget\" data-e-type=\"widget\" data-widget_type=\"text-editor.default\">\n\t\t\t\t<div class=\"elementor-widget-container\">\n\t\t\t\t\t\t\t\t\t<table border=\"1\" width=\"50%\" align=\"center\"><tbody><tr><td><div align=\"center\"><strong>TURNO DE COCINA<\/strong><\/div><\/td><\/tr><tr><td><div align=\"center\">Joaqu\u00edn L\u00f3pez P\u00e9rez<\/div><\/td><\/tr><tr><td><div align=\"center\">Juan Miguel Granados Morillo<\/div><\/td><\/tr><tr><td><div align=\"center\">Manuel Calzado Baena<\/div><\/td><\/tr><\/tbody><\/table>\t\t\t\t\t\t\t\t<\/div>\n\t\t\t\t<\/div>\n\t\t\t\t\t<\/div>\n\t\t<\/div>\n\t\t\t\t\t<\/div>\n\t\t<\/section>\n\t\t\t\t<section class=\"elementor-section elementor-top-section elementor-element elementor-element-7906be3 elementor-section-boxed elementor-section-height-default elementor-section-height-default\" data-id=\"7906be3\" data-element_type=\"section\" data-e-type=\"section\">\n\t\t\t\t\t\t<div class=\"elementor-container elementor-column-gap-default\">\n\t\t\t\t\t<div class=\"elementor-column elementor-col-100 elementor-top-column elementor-element elementor-element-bda1dfc\" data-id=\"bda1dfc\" data-element_type=\"column\" data-e-type=\"column\">\n\t\t\t<div class=\"elementor-widget-wrap elementor-element-populated\">\n\t\t\t\t\t\t<div class=\"elementor-element elementor-element-fe8b20c elementor-widget elementor-widget-text-editor\" data-id=\"fe8b20c\" data-element_type=\"widget\" data-e-type=\"widget\" data-widget_type=\"text-editor.default\">\n\t\t\t\t<div class=\"elementor-widget-container\">\n\t\t\t\t\t\t\t\t\t<table border=\"1\" width=\"89%\" align=\"center\"><tbody><tr><td><div align=\"center\"><strong>ENTRANTES<\/strong><\/div><\/td><\/tr><tr><td><div align=\"center\">Perolito de Huevo, Chorizo y Patatas<\/div><\/td><\/tr><tr><td><div align=\"center\">Ri\u00f1ones al Veterinario<\/div><\/td><\/tr><tr><td><div align=\"center\">Fritura de Verdura<\/div><\/td><\/tr><tr><td><div align=\"center\">Pollo a lo Eva<\/div><\/td><\/tr><tr><td><div align=\"center\">Queso en base de Oro Verde<\/div><\/td><\/tr><tr><td><div align=\"center\">Chopitos a lo Tanino<\/div><\/td><\/tr><tr><td><div align=\"center\"><strong>CENA<\/strong><\/div><\/td><\/tr><tr><td><div align=\"center\">Consome con hierbabuena<\/div><\/td><\/tr><tr><td><div align=\"center\">Albondig\u00f3n con salsa caramelizada<\/div><\/td><\/tr><tr><td><div align=\"center\">Flan de Huevo con dulce regado con natillas, Nata y Chocolate.<\/div><\/td><\/tr><\/tbody><\/table>\t\t\t\t\t\t\t\t<\/div>\n\t\t\t\t<\/div>\n\t\t\t\t\t<\/div>\n\t\t<\/div>\n\t\t\t\t\t<\/div>\n\t\t<\/section>\n\t\t\t\t<section class=\"elementor-section elementor-top-section elementor-element elementor-element-78522c3 elementor-section-boxed elementor-section-height-default elementor-section-height-default\" data-id=\"78522c3\" data-element_type=\"section\" data-e-type=\"section\">\n\t\t\t\t\t\t<div class=\"elementor-container elementor-column-gap-default\">\n\t\t\t\t\t<div class=\"elementor-column elementor-col-100 elementor-top-column elementor-element elementor-element-499b9de\" data-id=\"499b9de\" data-element_type=\"column\" data-e-type=\"column\">\n\t\t\t<div class=\"elementor-widget-wrap elementor-element-populated\">\n\t\t\t\t\t\t<div class=\"elementor-element elementor-element-24877c1 elementor-widget elementor-widget-html\" data-id=\"24877c1\" data-element_type=\"widget\" data-e-type=\"widget\" data-widget_type=\"html.default\">\n\t\t\t\t<div class=\"elementor-widget-container\">\n\t\t\t\t\t<style>      div.simple-google-photos-grid {\n        width:100%;\n        height:100%;\n        overflow:hidden;\n      }\n      div.simple-google-photos-grid-cell {\n        box-sizing:border-box;\n        padding:5px;\n        float:left;\n      }\n      img.simple-google-photos-grid-image {\n        object-fit: cover;\n      }<\/style><div class=\"simple-google-photos-grid\"><div class=\"simple-google-photos-grid-cell\" style=\"width:33%\"><a href=\"https:\/\/photos.app.goo.gl\/jWdcCNNBKme6qKc46\" target=\"_blank\"><img decoding=\"async\" src=\"https:\/\/lh3.googleusercontent.com\/pw\/AP1GczO_eavhiyPjgI_JDSQnVXIugEVI1OEfEF3uZ44E4MB7iR3PfJ5coxgaxhQuffVqx5XwBwW_Rbl75klMpmVZc4Kf0EyRTMB7S0EE_okDhWHtIgqb19pV\" alt=\"Google Photo\" class=\"simple-google-photos-grid-image\"><\/a><\/div><div class=\"simple-google-photos-grid-cell\" style=\"width:33%\"><a href=\"https:\/\/photos.app.goo.gl\/jWdcCNNBKme6qKc46\" target=\"_blank\"><img decoding=\"async\" src=\"https:\/\/lh3.googleusercontent.com\/pw\/AP1GczO44rTSQxDkwFJkJ9OxjnZQuxdhb0OJuyceBIuYKTvndjnTfPn8MFhr2YtecNEc3fzshY5FO3ZsMEAooftG-ixRZ03vVtYmOmaWpUUnmS6-2ADRMCSS\" alt=\"Google Photo\" class=\"simple-google-photos-grid-image\"><\/a><\/div><div class=\"simple-google-photos-grid-cell\" style=\"width:33%\"><a href=\"https:\/\/photos.app.goo.gl\/jWdcCNNBKme6qKc46\" target=\"_blank\"><img decoding=\"async\" src=\"https:\/\/lh3.googleusercontent.com\/pw\/AP1GczP-EAZihbTbnWwLnufEgTU64Qy6k03N3nuvAJYidQWkVOmcYNJ2YfA_7GibOfCX6Q3lTIiyO9Vu1QV8gMMrdVJ9RHOoOS2VbFOiCLWmUjFW3-PLZoeE\" alt=\"Google Photo\" class=\"simple-google-photos-grid-image\"><\/a><\/div><div class=\"simple-google-photos-grid-cell\" style=\"width:33%\"><a href=\"https:\/\/photos.app.goo.gl\/jWdcCNNBKme6qKc46\" target=\"_blank\"><img decoding=\"async\" src=\"https:\/\/lh3.googleusercontent.com\/pw\/AP1GczM20Q5_XdxZgPILUcboUuybyKNsBGTDGSkvg-1skrqbxsLxDR6injk35ZdJLtyNWiGJFC9NtIjUzOHM2pQIjGhv5eANT2zxhOZa8psXZqb6DHZQD_BZ\" alt=\"Google Photo\" class=\"simple-google-photos-grid-image\"><\/a><\/div><div class=\"simple-google-photos-grid-cell\" style=\"width:33%\"><a href=\"https:\/\/photos.app.goo.gl\/jWdcCNNBKme6qKc46\" target=\"_blank\"><img decoding=\"async\" src=\"https:\/\/lh3.googleusercontent.com\/pw\/AP1GczMjitX08rgYwbK_QqW3SPa689sVZ70FW2k3bwLQzliZMf5nvj80EF38ENdkcUTLEFn2H0HMaymzgxASbIvy3pEjOkywx5-tBOPAboRkjy3v1bOU2EOE\" alt=\"Google Photo\" class=\"simple-google-photos-grid-image\"><\/a><\/div><div class=\"simple-google-photos-grid-cell\" style=\"width:33%\"><a href=\"https:\/\/photos.app.goo.gl\/jWdcCNNBKme6qKc46\" target=\"_blank\"><img decoding=\"async\" src=\"https:\/\/lh3.googleusercontent.com\/pw\/AP1GczOaxJtEsnXIxXwzpFnsvdCULvu5C_qDnfdE6kQtBfQZ87Ez-sspbnz0_QV8kdTdJpDyGlsHH_IXlzCeHQzKL__4wlYm3JXJRJzfuVGHJAkzu9Eu-GvA\" alt=\"Google Photo\" class=\"simple-google-photos-grid-image\"><\/a><\/div><\/div><script>      (function() {\n        if( window.jQuery ){\n          jQuery( document ).ready(function() {\n            jQuery(\"div.simple-google-photos-grid\").each(function(i){\n              var container = jQuery(this);\n              var width = container.find(\"div.simple-google-photos-grid-cell\").first().width();\n              container.find(\"img.simple-google-photos-grid-image\").css(\"width\", width).css(\"height\", width);\n            });\n          });\n        }\n      })();<\/script>\r\n\t\t\t\t<\/div>\n\t\t\t\t<\/div>\n\t\t\t\t\t<\/div>\n\t\t<\/div>\n\t\t\t\t\t<\/div>\n\t\t<\/section>\n\t\t\t\t<section class=\"elementor-section elementor-top-section elementor-element elementor-element-570013e elementor-section-boxed elementor-section-height-default elementor-section-height-default\" data-id=\"570013e\" data-element_type=\"section\" data-e-type=\"section\">\n\t\t\t\t\t\t<div class=\"elementor-container elementor-column-gap-default\">\n\t\t\t\t\t<div class=\"elementor-column elementor-col-100 elementor-top-column elementor-element elementor-element-692a59b\" data-id=\"692a59b\" data-element_type=\"column\" data-e-type=\"column\">\n\t\t\t<div class=\"elementor-widget-wrap elementor-element-populated\">\n\t\t\t\t\t\t<div class=\"elementor-element elementor-element-9904cf4 elementor-button-danger elementor-align-center elementor-widget elementor-widget-button\" data-id=\"9904cf4\" data-element_type=\"widget\" data-e-type=\"widget\" data-widget_type=\"button.default\">\n\t\t\t\t<div class=\"elementor-widget-container\">\n\t\t\t\t\t\t\t\t\t<div class=\"elementor-button-wrapper\">\n\t\t\t\t\t<a class=\"elementor-button elementor-size-sm\" role=\"button\">\n\t\t\t\t\t\t<span class=\"elementor-button-content-wrapper\">\n\t\t\t\t\t\t<span class=\"elementor-button-icon\">\n\t\t\t\t<i aria-hidden=\"true\" class=\"far fa-arrow-alt-circle-up\"><\/i>\t\t\t<\/span>\n\t\t\t\t\t\t\t\t\t<span class=\"elementor-button-text\">Pulse sobre las im\u00e1genes para ver el album completo <\/span>\n\t\t\t\t\t<\/span>\n\t\t\t\t\t<\/a>\n\t\t\t\t<\/div>\n\t\t\t\t\t\t\t\t<\/div>\n\t\t\t\t<\/div>\n\t\t\t\t\t<\/div>\n\t\t<\/div>\n\t\t\t\t\t<\/div>\n\t\t<\/section>\n\t\t\t\t<\/div>\n\t\t","protected":false},"excerpt":{"rendered":"<p>2014 Junta de la Candelaria TURNO DE COCINA Joaqu\u00edn L\u00f3pez P\u00e9rez Juan Miguel Granados Morillo Manuel Calzado Baena ENTRANTES Perolito de Huevo, Chorizo y Patatas Ri\u00f1ones al Veterinario Fritura de Verdura Pollo a lo Eva Queso en base de Oro Verde Chopitos a lo Tanino CENA Consome con hierbabuena Albondig\u00f3n con salsa caramelizada Flan de [&hellip;]<\/p>\n","protected":false},"author":1,"featured_media":0,"parent":2516,"menu_order":0,"comment_status":"closed","ping_status":"closed","template":"","meta":{"site-sidebar-layout":"no-sidebar","site-content-layout":"page-builder","ast-site-content-layout":"","site-content-style":"default","site-sidebar-style":"default","ast-global-header-display":"","ast-banner-title-visibility":"","ast-main-header-display":"","ast-hfb-above-header-display":"","ast-hfb-below-header-display":"","ast-hfb-mobile-header-display":"","site-post-title":"disabled","ast-breadcrumbs-content":"","ast-featured-img":"disabled","footer-sml-layout":"","theme-transparent-header-meta":"default","adv-header-id-meta":"","stick-header-meta":"","header-above-stick-meta":"","header-main-stick-meta":"","header-below-stick-meta":"","astra-migrate-meta-layouts":"default","ast-page-background-enabled":"default","ast-page-background-meta":{"desktop":{"background-color":"","background-image":"","background-repeat":"repeat","background-position":"center center","background-size":"auto","background-attachment":"scroll","background-type":"","background-media":"","overlay-type":"","overlay-color":"","overlay-opacity":"","overlay-gradient":""},"tablet":{"background-color":"","background-image":"","background-repeat":"repeat","background-position":"center center","background-size":"auto","background-attachment":"scroll","background-type":"","background-media":"","overlay-type":"","overlay-color":"","overlay-opacity":"","overlay-gradient":""},"mobile":{"background-color":"","background-image":"","background-repeat":"repeat","background-position":"center center","background-size":"auto","background-attachment":"scroll","background-type":"","background-media":"","overlay-type":"","overlay-color":"","overlay-opacity":"","overlay-gradient":""}},"ast-content-background-meta":{"desktop":{"background-color":"var(--ast-global-color-5)","background-image":"","background-repeat":"repeat","background-position":"center center","background-size":"auto","background-attachment":"scroll","background-type":"","background-media":"","overlay-type":"","overlay-color":"","overlay-opacity":"","overlay-gradient":""},"tablet":{"background-color":"var(--ast-global-color-5)","background-image":"","background-repeat":"repeat","background-position":"center center","background-size":"auto","background-attachment":"scroll","background-type":"","background-media":"","overlay-type":"","overlay-color":"","overlay-opacity":"","overlay-gradient":""},"mobile":{"background-color":"var(--ast-global-color-5)","background-image":"","background-repeat":"repeat","background-position":"center center","background-size":"auto","background-attachment":"scroll","background-type":"","background-media":"","overlay-type":"","overlay-color":"","overlay-opacity":"","overlay-gradient":""}},"footnotes":""},"wf_page_folders":[16],"class_list":["post-1993","page","type-page","status-publish","hentry"],"jetpack_sharing_enabled":true,"_links":{"self":[{"href":"https:\/\/losapostoles.org\/index.php\/wp-json\/wp\/v2\/pages\/1993","targetHints":{"allow":["GET"]}}],"collection":[{"href":"https:\/\/losapostoles.org\/index.php\/wp-json\/wp\/v2\/pages"}],"about":[{"href":"https:\/\/losapostoles.org\/index.php\/wp-json\/wp\/v2\/types\/page"}],"author":[{"embeddable":true,"href":"https:\/\/losapostoles.org\/index.php\/wp-json\/wp\/v2\/users\/1"}],"replies":[{"embeddable":true,"href":"https:\/\/losapostoles.org\/index.php\/wp-json\/wp\/v2\/comments?post=1993"}],"version-history":[{"count":14,"href":"https:\/\/losapostoles.org\/index.php\/wp-json\/wp\/v2\/pages\/1993\/revisions"}],"predecessor-version":[{"id":2349,"href":"https:\/\/losapostoles.org\/index.php\/wp-json\/wp\/v2\/pages\/1993\/revisions\/2349"}],"up":[{"embeddable":true,"href":"https:\/\/losapostoles.org\/index.php\/wp-json\/wp\/v2\/pages\/2516"}],"wp:attachment":[{"href":"https:\/\/losapostoles.org\/index.php\/wp-json\/wp\/v2\/media?parent=1993"}],"wp:term":[{"taxonomy":"wf_page_folders","embeddable":true,"href":"https:\/\/losapostoles.org\/index.php\/wp-json\/wp\/v2\/wf_page_folders?post=1993"}],"curies":[{"name":"wp","href":"https:\/\/api.w.org\/{rel}","templated":true}]}}