{"id":2482,"date":"2021-01-28T10:54:24","date_gmt":"2021-01-28T09:54:24","guid":{"rendered":"http:\/\/losapostoles.org\/wordpress\/?page_id=2482"},"modified":"2021-04-25T19:26:49","modified_gmt":"2021-04-25T17:26:49","slug":"2014-junta-de-san-miguel","status":"publish","type":"page","link":"https:\/\/losapostoles.org\/index.php\/2014-junta-de-san-miguel\/","title":{"rendered":"2014 &#8211; Junta de San Miguel"},"content":{"rendered":"\t\t<div data-elementor-type=\"wp-page\" data-elementor-id=\"2482\" class=\"elementor elementor-2482\" data-elementor-post-type=\"page\">\n\t\t\t\t\t\t<section class=\"elementor-section elementor-top-section elementor-element elementor-element-13fed9c elementor-section-boxed elementor-section-height-default elementor-section-height-default\" data-id=\"13fed9c\" data-element_type=\"section\" data-e-type=\"section\">\n\t\t\t\t\t\t<div class=\"elementor-container elementor-column-gap-default\">\n\t\t\t\t\t<div class=\"elementor-column elementor-col-100 elementor-top-column elementor-element elementor-element-897bad0\" data-id=\"897bad0\" data-element_type=\"column\" data-e-type=\"column\">\n\t\t\t<div class=\"elementor-widget-wrap elementor-element-populated\">\n\t\t\t\t\t\t<div class=\"elementor-element elementor-element-8106de3 elementor-widget elementor-widget-heading\" data-id=\"8106de3\" data-element_type=\"widget\" data-e-type=\"widget\" data-widget_type=\"heading.default\">\n\t\t\t\t<div class=\"elementor-widget-container\">\n\t\t\t\t\t<h2 class=\"elementor-heading-title elementor-size-default\">2014 - Junta de San Miguel<\/h2>\t\t\t\t<\/div>\n\t\t\t\t<\/div>\n\t\t\t\t<div class=\"elementor-element elementor-element-9db71aa elementor-widget elementor-widget-image\" data-id=\"9db71aa\" data-element_type=\"widget\" data-e-type=\"widget\" data-widget_type=\"image.default\">\n\t\t\t\t<div class=\"elementor-widget-container\">\n\t\t\t\t\t\t\t\t\t\t\t\t\t\t\t<img fetchpriority=\"high\" decoding=\"async\" width=\"834\" height=\"634\" src=\"https:\/\/losapostoles.org\/wp-content\/uploads\/2021\/01\/sanmiguel-2.jpg\" class=\"attachment-large size-large wp-image-2336\" alt=\"\" srcset=\"https:\/\/losapostoles.org\/wp-content\/uploads\/2021\/01\/sanmiguel-2.jpg 834w, https:\/\/losapostoles.org\/wp-content\/uploads\/2021\/01\/sanmiguel-2-300x228.jpg 300w, https:\/\/losapostoles.org\/wp-content\/uploads\/2021\/01\/sanmiguel-2-768x584.jpg 768w\" sizes=\"(max-width: 834px) 100vw, 834px\" \/>\t\t\t\t\t\t\t\t\t\t\t\t\t\t\t<\/div>\n\t\t\t\t<\/div>\n\t\t\t\t\t<\/div>\n\t\t<\/div>\n\t\t\t\t\t<\/div>\n\t\t<\/section>\n\t\t\t\t<section class=\"elementor-section elementor-top-section elementor-element elementor-element-e672add elementor-section-boxed elementor-section-height-default elementor-section-height-default\" data-id=\"e672add\" data-element_type=\"section\" data-e-type=\"section\">\n\t\t\t\t\t\t<div class=\"elementor-container elementor-column-gap-default\">\n\t\t\t\t\t<div class=\"elementor-column elementor-col-100 elementor-top-column elementor-element elementor-element-2ec4729\" data-id=\"2ec4729\" data-element_type=\"column\" data-e-type=\"column\">\n\t\t\t<div class=\"elementor-widget-wrap\">\n\t\t\t\t\t\t\t<\/div>\n\t\t<\/div>\n\t\t\t\t\t<\/div>\n\t\t<\/section>\n\t\t\t\t<section class=\"elementor-section elementor-top-section elementor-element elementor-element-629551b elementor-section-boxed elementor-section-height-default elementor-section-height-default\" data-id=\"629551b\" data-element_type=\"section\" data-e-type=\"section\">\n\t\t\t\t\t\t<div class=\"elementor-container elementor-column-gap-default\">\n\t\t\t\t\t<div class=\"elementor-column elementor-col-100 elementor-top-column elementor-element elementor-element-dbe4782\" data-id=\"dbe4782\" data-element_type=\"column\" data-e-type=\"column\">\n\t\t\t<div class=\"elementor-widget-wrap elementor-element-populated\">\n\t\t\t\t\t\t<div class=\"elementor-element elementor-element-39049f0 elementor-widget elementor-widget-text-editor\" data-id=\"39049f0\" data-element_type=\"widget\" data-e-type=\"widget\" data-widget_type=\"text-editor.default\">\n\t\t\t\t<div class=\"elementor-widget-container\">\n\t\t\t\t\t\t\t\t\t<table border=\"3\" width=\"201\"><tbody><tr><td bgcolor=\"#9999FF\" width=\"66\"><div align=\"center\"><strong><em>Almediod\u00eda<\/em><\/strong><\/div><\/td><\/tr><tr><td bgcolor=\"#FFCC99\"><div align=\"center\">Tapas Variadas de Gorrino<\/div><\/td><\/tr><tr><td bgcolor=\"#FFCC99\"><div align=\"center\">Tapas Variadas de Ave<\/div><\/td><\/tr><tr><td bgcolor=\"#FFCC99\"><div align=\"center\">Patatas con Chocos<\/div><\/td><\/tr><tr><td bgcolor=\"#FFCC99\"><div align=\"center\">Refrescos ali\u00f1ados<\/div><\/td><\/tr><\/tbody><\/table>\t\t\t\t\t\t\t\t<\/div>\n\t\t\t\t<\/div>\n\t\t\t\t\t<\/div>\n\t\t<\/div>\n\t\t\t\t\t<\/div>\n\t\t<\/section>\n\t\t\t\t<section class=\"elementor-section elementor-top-section elementor-element elementor-element-d02c408 elementor-section-boxed elementor-section-height-default elementor-section-height-default\" data-id=\"d02c408\" data-element_type=\"section\" data-e-type=\"section\">\n\t\t\t\t\t\t<div class=\"elementor-container elementor-column-gap-default\">\n\t\t\t\t\t<div class=\"elementor-column elementor-col-100 elementor-top-column elementor-element elementor-element-b691a09\" data-id=\"b691a09\" data-element_type=\"column\" data-e-type=\"column\">\n\t\t\t<div class=\"elementor-widget-wrap elementor-element-populated\">\n\t\t\t\t\t\t<div class=\"elementor-element elementor-element-81ece71 elementor-widget elementor-widget-text-editor\" data-id=\"81ece71\" data-element_type=\"widget\" data-e-type=\"widget\" data-widget_type=\"text-editor.default\">\n\t\t\t\t<div class=\"elementor-widget-container\">\n\t\t\t\t\t\t\t\t\t<table border=\"3\" width=\"200\"><tbody><tr><td bgcolor=\"#99FFFF\"><div align=\"center\"><em><strong>Cena<\/strong><\/em><\/div><\/td><\/tr><tr><td bgcolor=\"#DEDEDE\"><div align=\"center\">Patatas Fritas con queso seddar y bac\u00f3n crujiente<\/div><\/td><\/tr><tr><td bgcolor=\"#DEDEDE\"><div align=\"center\">Lomo de at\u00fan con almejas<\/div><\/td><\/tr><tr><td bgcolor=\"#DEDEDE\"><div align=\"center\">Costillas al honro<\/div><\/td><\/tr><tr><td bgcolor=\"#DEDEDE\"><div align=\"center\">Mejillones al vapor con pidadillo sin ali\u00f1ar<\/div><\/td><\/tr><tr><td bgcolor=\"#DEDEDE\"><div align=\"center\">Pollo a la mostada de Dij\u00f3n<\/div><\/td><\/tr><tr><td bgcolor=\"#DEDEDE\"><div align=\"center\">Ajo Blanco<\/div><\/td><\/tr><tr><td bgcolor=\"#DEDEDE\"><div align=\"center\">Filetes de Jam\u00f3n con verdura en juliana<\/div><\/td><\/tr><tr><td bgcolor=\"#DEDEDE\"><div align=\"center\">Tarta Migueloniana<\/div><\/td><\/tr><\/tbody><\/table>\t\t\t\t\t\t\t\t<\/div>\n\t\t\t\t<\/div>\n\t\t\t\t\t<\/div>\n\t\t<\/div>\n\t\t\t\t\t<\/div>\n\t\t<\/section>\n\t\t\t\t<section class=\"elementor-section elementor-top-section elementor-element elementor-element-60df3e5 elementor-section-boxed elementor-section-height-default elementor-section-height-default\" data-id=\"60df3e5\" data-element_type=\"section\" data-e-type=\"section\">\n\t\t\t\t\t\t<div class=\"elementor-container elementor-column-gap-default\">\n\t\t\t\t\t<div class=\"elementor-column elementor-col-100 elementor-top-column elementor-element elementor-element-1b2299a\" data-id=\"1b2299a\" data-element_type=\"column\" data-e-type=\"column\">\n\t\t\t<div class=\"elementor-widget-wrap elementor-element-populated\">\n\t\t\t\t\t\t<div class=\"elementor-element elementor-element-2cbc7ea elementor-widget elementor-widget-html\" data-id=\"2cbc7ea\" data-element_type=\"widget\" data-e-type=\"widget\" data-widget_type=\"html.default\">\n\t\t\t\t<div class=\"elementor-widget-container\">\n\t\t\t\t\t<style>      div.simple-google-photos-grid {\n        width:100%;\n        height:100%;\n        overflow:hidden;\n      }\n      div.simple-google-photos-grid-cell {\n        box-sizing:border-box;\n        padding:5px;\n        float:left;\n      }\n      img.simple-google-photos-grid-image {\n        object-fit: cover;\n      }<\/style><div class=\"simple-google-photos-grid\"><div class=\"simple-google-photos-grid-cell\" style=\"width:33%\"><a href=\"https:\/\/photos.app.goo.gl\/w7sismsVndLwHj9V6\" target=\"_blank\"><img decoding=\"async\" src=\"https:\/\/lh3.googleusercontent.com\/pw\/AP1GczOLYFy6YoN1YKsE850ocbOxRcaFh0IT4bop43hYCzpb4xCJQ33QPNnSZX9M4NS5S9dFOfaJ3Lyyf34HE2xDZVQt2pdeJL5ejyYMwhNg2gkBULX9TRdR\" alt=\"Google Photo\" class=\"simple-google-photos-grid-image\"><\/a><\/div><div class=\"simple-google-photos-grid-cell\" style=\"width:33%\"><a href=\"https:\/\/photos.app.goo.gl\/w7sismsVndLwHj9V6\" target=\"_blank\"><img decoding=\"async\" src=\"https:\/\/lh3.googleusercontent.com\/pw\/AP1GczNGQgbwTiIudJPp-pMLWZJn4Dlnsb_VewNhglQS_WEQlxldd0sFyTxZjN60q_XOvoRZl0wfbHXIYuR-c8wLy5E3hYufNZ7rrMhRZCvOzxgleL_AlHU-\" alt=\"Google Photo\" class=\"simple-google-photos-grid-image\"><\/a><\/div><div class=\"simple-google-photos-grid-cell\" style=\"width:33%\"><a href=\"https:\/\/photos.app.goo.gl\/w7sismsVndLwHj9V6\" target=\"_blank\"><img decoding=\"async\" src=\"https:\/\/lh3.googleusercontent.com\/pw\/AP1GczOrVb14NeyALJLSpIvhiEInbTRM3U2ImiiFBJ5kre633CtdAW-pIl9n68CMOAQJMfgQxDR2hG1wAHQufzTdY3vlEXS3ed1tuIfsZKLtm8FMx2-xskO1\" alt=\"Google Photo\" class=\"simple-google-photos-grid-image\"><\/a><\/div><div class=\"simple-google-photos-grid-cell\" style=\"width:33%\"><a href=\"https:\/\/photos.app.goo.gl\/w7sismsVndLwHj9V6\" target=\"_blank\"><img decoding=\"async\" src=\"https:\/\/lh3.googleusercontent.com\/pw\/AP1GczNtsfanh5EL8um5JcsaiuMv-7MLUP2Q8o6Te4M60AhfDhdLoDSJQhvrQXQzNcNOPM_mpyz4vYooaED93Ituygcjjjn3dAvpJBFh_ilWkHZosJF_TvGf\" alt=\"Google Photo\" class=\"simple-google-photos-grid-image\"><\/a><\/div><div class=\"simple-google-photos-grid-cell\" style=\"width:33%\"><a href=\"https:\/\/photos.app.goo.gl\/w7sismsVndLwHj9V6\" target=\"_blank\"><img decoding=\"async\" src=\"https:\/\/lh3.googleusercontent.com\/pw\/AP1GczOG3ahAeJHzgUo2g6g1BG1TrxhYY_iCwtP86-pq4FpV4Fm62yScX9GyuPLzVUFHklukHiL0WRphYVb0GFU0uRCrnAtpAhqL1zWs_HfRWMhGXoz2LV91\" alt=\"Google Photo\" class=\"simple-google-photos-grid-image\"><\/a><\/div><div class=\"simple-google-photos-grid-cell\" style=\"width:33%\"><a href=\"https:\/\/photos.app.goo.gl\/w7sismsVndLwHj9V6\" target=\"_blank\"><img decoding=\"async\" src=\"https:\/\/lh3.googleusercontent.com\/pw\/AP1GczOLYFy6YoN1YKsE850ocbOxRcaFh0IT4bop43hYCzpb4xCJQ33QPNnSZX9M4NS5S9dFOfaJ3Lyyf34HE2xDZVQt2pdeJL5ejyYMwhNg2gkBULX9TRdR\" alt=\"Google Photo\" class=\"simple-google-photos-grid-image\"><\/a><\/div><\/div><script>      (function() {\n        if( window.jQuery ){\n          jQuery( document ).ready(function() {\n            jQuery(\"div.simple-google-photos-grid\").each(function(i){\n              var container = jQuery(this);\n              var width = container.find(\"div.simple-google-photos-grid-cell\").first().width();\n              container.find(\"img.simple-google-photos-grid-image\").css(\"width\", width).css(\"height\", width);\n            });\n          });\n        }\n      })();<\/script>\r\n\t\t\t\t<\/div>\n\t\t\t\t<\/div>\n\t\t\t\t\t<\/div>\n\t\t<\/div>\n\t\t\t\t\t<\/div>\n\t\t<\/section>\n\t\t\t\t<section class=\"elementor-section elementor-top-section elementor-element elementor-element-6d4da4b elementor-section-boxed elementor-section-height-default elementor-section-height-default\" data-id=\"6d4da4b\" data-element_type=\"section\" data-e-type=\"section\">\n\t\t\t\t\t\t<div class=\"elementor-container elementor-column-gap-default\">\n\t\t\t\t\t<div class=\"elementor-column elementor-col-100 elementor-top-column elementor-element elementor-element-0fb78c9\" data-id=\"0fb78c9\" data-element_type=\"column\" data-e-type=\"column\">\n\t\t\t<div class=\"elementor-widget-wrap elementor-element-populated\">\n\t\t\t\t\t\t<div class=\"elementor-element elementor-element-f0b0132 elementor-align-center elementor-widget elementor-widget-button\" data-id=\"f0b0132\" data-element_type=\"widget\" data-e-type=\"widget\" data-widget_type=\"button.default\">\n\t\t\t\t<div class=\"elementor-widget-container\">\n\t\t\t\t\t\t\t\t\t<div class=\"elementor-button-wrapper\">\n\t\t\t\t\t<a class=\"elementor-button elementor-button-link elementor-size-sm\" href=\"#\">\n\t\t\t\t\t\t<span class=\"elementor-button-content-wrapper\">\n\t\t\t\t\t\t\t\t\t<span class=\"elementor-button-text\">Pulsa sobre cualquier imagen para ver el reportaje de esta junta<\/span>\n\t\t\t\t\t<\/span>\n\t\t\t\t\t<\/a>\n\t\t\t\t<\/div>\n\t\t\t\t\t\t\t\t<\/div>\n\t\t\t\t<\/div>\n\t\t\t\t\t<\/div>\n\t\t<\/div>\n\t\t\t\t\t<\/div>\n\t\t<\/section>\n\t\t\t\t<\/div>\n\t\t","protected":false},"excerpt":{"rendered":"<p>2014 &#8211; Junta de San Miguel Almediod\u00eda Tapas Variadas de Gorrino Tapas Variadas de Ave Patatas con Chocos Refrescos ali\u00f1ados Cena Patatas Fritas con queso seddar y bac\u00f3n crujiente Lomo de at\u00fan con almejas Costillas al honro Mejillones al vapor con pidadillo sin ali\u00f1ar Pollo a la mostada de Dij\u00f3n Ajo Blanco Filetes de Jam\u00f3n [&hellip;]<\/p>\n","protected":false},"author":1,"featured_media":0,"parent":0,"menu_order":0,"comment_status":"closed","ping_status":"closed","template":"","meta":{"site-sidebar-layout":"no-sidebar","site-content-layout":"page-builder","ast-site-content-layout":"default","site-content-style":"default","site-sidebar-style":"default","ast-global-header-display":"","ast-banner-title-visibility":"","ast-main-header-display":"","ast-hfb-above-header-display":"","ast-hfb-below-header-display":"","ast-hfb-mobile-header-display":"","site-post-title":"disabled","ast-breadcrumbs-content":"","ast-featured-img":"disabled","footer-sml-layout":"","ast-disable-related-posts":"","theme-transparent-header-meta":"default","adv-header-id-meta":"","stick-header-meta":"","header-above-stick-meta":"","header-main-stick-meta":"","header-below-stick-meta":"","astra-migrate-meta-layouts":"default","ast-page-background-enabled":"default","ast-page-background-meta":{"desktop":{"background-color":"","background-image":"","background-repeat":"repeat","background-position":"center center","background-size":"auto","background-attachment":"scroll","background-type":"","background-media":"","overlay-type":"","overlay-color":"","overlay-opacity":"","overlay-gradient":""},"tablet":{"background-color":"","background-image":"","background-repeat":"repeat","background-position":"center center","background-size":"auto","background-attachment":"scroll","background-type":"","background-media":"","overlay-type":"","overlay-color":"","overlay-opacity":"","overlay-gradient":""},"mobile":{"background-color":"","background-image":"","background-repeat":"repeat","background-position":"center center","background-size":"auto","background-attachment":"scroll","background-type":"","background-media":"","overlay-type":"","overlay-color":"","overlay-opacity":"","overlay-gradient":""}},"ast-content-background-meta":{"desktop":{"background-color":"var(--ast-global-color-5)","background-image":"","background-repeat":"repeat","background-position":"center center","background-size":"auto","background-attachment":"scroll","background-type":"","background-media":"","overlay-type":"","overlay-color":"","overlay-opacity":"","overlay-gradient":""},"tablet":{"background-color":"var(--ast-global-color-5)","background-image":"","background-repeat":"repeat","background-position":"center center","background-size":"auto","background-attachment":"scroll","background-type":"","background-media":"","overlay-type":"","overlay-color":"","overlay-opacity":"","overlay-gradient":""},"mobile":{"background-color":"var(--ast-global-color-5)","background-image":"","background-repeat":"repeat","background-position":"center center","background-size":"auto","background-attachment":"scroll","background-type":"","background-media":"","overlay-type":"","overlay-color":"","overlay-opacity":"","overlay-gradient":""}},"footnotes":""},"wf_page_folders":[16],"class_list":["post-2482","page","type-page","status-publish","hentry"],"jetpack_sharing_enabled":true,"_links":{"self":[{"href":"https:\/\/losapostoles.org\/index.php\/wp-json\/wp\/v2\/pages\/2482","targetHints":{"allow":["GET"]}}],"collection":[{"href":"https:\/\/losapostoles.org\/index.php\/wp-json\/wp\/v2\/pages"}],"about":[{"href":"https:\/\/losapostoles.org\/index.php\/wp-json\/wp\/v2\/types\/page"}],"author":[{"embeddable":true,"href":"https:\/\/losapostoles.org\/index.php\/wp-json\/wp\/v2\/users\/1"}],"replies":[{"embeddable":true,"href":"https:\/\/losapostoles.org\/index.php\/wp-json\/wp\/v2\/comments?post=2482"}],"version-history":[{"count":5,"href":"https:\/\/losapostoles.org\/index.php\/wp-json\/wp\/v2\/pages\/2482\/revisions"}],"predecessor-version":[{"id":4387,"href":"https:\/\/losapostoles.org\/index.php\/wp-json\/wp\/v2\/pages\/2482\/revisions\/4387"}],"wp:attachment":[{"href":"https:\/\/losapostoles.org\/index.php\/wp-json\/wp\/v2\/media?parent=2482"}],"wp:term":[{"taxonomy":"wf_page_folders","embeddable":true,"href":"https:\/\/losapostoles.org\/index.php\/wp-json\/wp\/v2\/wf_page_folders?post=2482"}],"curies":[{"name":"wp","href":"https:\/\/api.w.org\/{rel}","templated":true}]}}