{"id":2488,"date":"2021-01-28T14:26:52","date_gmt":"2021-01-28T13:26:52","guid":{"rendered":"http:\/\/losapostoles.org\/wordpress\/?page_id=2488"},"modified":"2021-04-25T19:25:22","modified_gmt":"2021-04-25T17:25:22","slug":"2014-junta-de-los-santos","status":"publish","type":"page","link":"https:\/\/losapostoles.org\/index.php\/2014-junta-de-los-santos\/","title":{"rendered":"2014 &#8211; Junta de los Santos"},"content":{"rendered":"\t\t<div data-elementor-type=\"wp-page\" data-elementor-id=\"2488\" class=\"elementor elementor-2488\" data-elementor-post-type=\"page\">\n\t\t\t\t\t\t<section class=\"elementor-section elementor-top-section elementor-element elementor-element-13fed9c elementor-section-boxed elementor-section-height-default elementor-section-height-default\" data-id=\"13fed9c\" data-element_type=\"section\" data-e-type=\"section\">\n\t\t\t\t\t\t<div class=\"elementor-container elementor-column-gap-default\">\n\t\t\t\t\t<div class=\"elementor-column elementor-col-100 elementor-top-column elementor-element elementor-element-897bad0\" data-id=\"897bad0\" data-element_type=\"column\" data-e-type=\"column\">\n\t\t\t<div class=\"elementor-widget-wrap elementor-element-populated\">\n\t\t\t\t\t\t<div class=\"elementor-element elementor-element-8106de3 elementor-widget elementor-widget-heading\" data-id=\"8106de3\" data-element_type=\"widget\" data-e-type=\"widget\" data-widget_type=\"heading.default\">\n\t\t\t\t<div class=\"elementor-widget-container\">\n\t\t\t\t\t<h2 class=\"elementor-heading-title elementor-size-default\">2014 - Junta de los Santos<\/h2>\t\t\t\t<\/div>\n\t\t\t\t<\/div>\n\t\t\t\t<div class=\"elementor-element elementor-element-9db71aa elementor-widget elementor-widget-image\" data-id=\"9db71aa\" data-element_type=\"widget\" data-e-type=\"widget\" data-widget_type=\"image.default\">\n\t\t\t\t<div class=\"elementor-widget-container\">\n\t\t\t\t\t\t\t\t\t\t\t\t\t\t\t<img fetchpriority=\"high\" decoding=\"async\" width=\"800\" height=\"600\" src=\"https:\/\/losapostoles.org\/wp-content\/uploads\/2021\/01\/re_juntalossantos-26.jpg\" class=\"attachment-large size-large wp-image-2333\" alt=\"\" srcset=\"https:\/\/losapostoles.org\/wp-content\/uploads\/2021\/01\/re_juntalossantos-26.jpg 800w, https:\/\/losapostoles.org\/wp-content\/uploads\/2021\/01\/re_juntalossantos-26-300x225.jpg 300w, https:\/\/losapostoles.org\/wp-content\/uploads\/2021\/01\/re_juntalossantos-26-768x576.jpg 768w\" sizes=\"(max-width: 800px) 100vw, 800px\" \/>\t\t\t\t\t\t\t\t\t\t\t\t\t\t\t<\/div>\n\t\t\t\t<\/div>\n\t\t\t\t\t<\/div>\n\t\t<\/div>\n\t\t\t\t\t<\/div>\n\t\t<\/section>\n\t\t\t\t<section class=\"elementor-section elementor-top-section elementor-element elementor-element-e672add elementor-section-boxed elementor-section-height-default elementor-section-height-default\" data-id=\"e672add\" data-element_type=\"section\" data-e-type=\"section\">\n\t\t\t\t\t\t<div class=\"elementor-container elementor-column-gap-default\">\n\t\t\t\t\t<div class=\"elementor-column elementor-col-100 elementor-top-column elementor-element elementor-element-2ec4729\" data-id=\"2ec4729\" data-element_type=\"column\" data-e-type=\"column\">\n\t\t\t<div class=\"elementor-widget-wrap\">\n\t\t\t\t\t\t\t<\/div>\n\t\t<\/div>\n\t\t\t\t\t<\/div>\n\t\t<\/section>\n\t\t\t\t<section class=\"elementor-section elementor-top-section elementor-element elementor-element-629551b elementor-section-boxed elementor-section-height-default elementor-section-height-default\" data-id=\"629551b\" data-element_type=\"section\" data-e-type=\"section\">\n\t\t\t\t\t\t<div class=\"elementor-container elementor-column-gap-default\">\n\t\t\t\t\t<div class=\"elementor-column elementor-col-100 elementor-top-column elementor-element elementor-element-dbe4782\" data-id=\"dbe4782\" data-element_type=\"column\" data-e-type=\"column\">\n\t\t\t<div class=\"elementor-widget-wrap elementor-element-populated\">\n\t\t\t\t\t\t<div class=\"elementor-element elementor-element-39049f0 elementor-widget elementor-widget-text-editor\" data-id=\"39049f0\" data-element_type=\"widget\" data-e-type=\"widget\" data-widget_type=\"text-editor.default\">\n\t\t\t\t<div class=\"elementor-widget-container\">\n\t\t\t\t\t\t\t\t\t<p style=\"text-align: center;\"><strong>TURNO DE COCINA<\/strong><\/p><p style=\"text-align: center;\">Juan M. Granados Morillo<\/p><p style=\"text-align: center;\">Joaqu\u00edn L\u00f3pez P\u00e9rez<\/p><p style=\"text-align: center;\">Antonio Estepa<\/p><p>\u00a0<\/p>\t\t\t\t\t\t\t\t<\/div>\n\t\t\t\t<\/div>\n\t\t\t\t\t<\/div>\n\t\t<\/div>\n\t\t\t\t\t<\/div>\n\t\t<\/section>\n\t\t\t\t<section class=\"elementor-section elementor-top-section elementor-element elementor-element-d02c408 elementor-section-boxed elementor-section-height-default elementor-section-height-default\" data-id=\"d02c408\" data-element_type=\"section\" data-e-type=\"section\">\n\t\t\t\t\t\t<div class=\"elementor-container elementor-column-gap-default\">\n\t\t\t\t\t<div class=\"elementor-column elementor-col-100 elementor-top-column elementor-element elementor-element-b691a09\" data-id=\"b691a09\" data-element_type=\"column\" data-e-type=\"column\">\n\t\t\t<div class=\"elementor-widget-wrap elementor-element-populated\">\n\t\t\t\t\t\t<div class=\"elementor-element elementor-element-81ece71 elementor-widget elementor-widget-text-editor\" data-id=\"81ece71\" data-element_type=\"widget\" data-e-type=\"widget\" data-widget_type=\"text-editor.default\">\n\t\t\t\t<div class=\"elementor-widget-container\">\n\t\t\t\t\t\t\t\t\t<table border=\"0\" width=\"330\"><tbody><tr><td><div align=\"center\"><strong>TAPAS<\/strong><\/div><\/td><\/tr><tr><td><div align=\"center\">Alioli con Ajo Fresco y Pejeril Seco<\/div><\/td><\/tr><tr><td><div align=\"center\">Lomo al fino alpatana con patatas frescas<\/div><\/td><\/tr><tr><td><div align=\"center\">Alcachofas frescas baby con Jam\u00f3n en dados<\/div><\/td><\/tr><tr><td><div align=\"center\">Calamares en salsa andaluza de huerta<\/div><\/td><\/tr><tr><td><div align=\"center\">Pollo al Ajilllo<\/div><\/td><\/tr><tr><td><div align=\"center\"><strong>CENA<\/strong><\/div><\/td><\/tr><tr><td><div align=\"center\">Crema de Calabac\u00edn<\/div><\/td><\/tr><tr><td><div align=\"center\">Flamenquin con guarnici\u00f3n de Zanahoria y Cebolla<\/div><\/td><\/tr><tr><td><div align=\"center\">Magdalenas de Rosales, inyectadas con Vino Dulce<\/div><\/td><\/tr><\/tbody><\/table>\t\t\t\t\t\t\t\t<\/div>\n\t\t\t\t<\/div>\n\t\t\t\t\t<\/div>\n\t\t<\/div>\n\t\t\t\t\t<\/div>\n\t\t<\/section>\n\t\t\t\t<section class=\"elementor-section elementor-top-section elementor-element elementor-element-60df3e5 elementor-section-boxed elementor-section-height-default elementor-section-height-default\" data-id=\"60df3e5\" data-element_type=\"section\" data-e-type=\"section\">\n\t\t\t\t\t\t<div class=\"elementor-container elementor-column-gap-default\">\n\t\t\t\t\t<div class=\"elementor-column elementor-col-100 elementor-top-column elementor-element elementor-element-1b2299a\" data-id=\"1b2299a\" data-element_type=\"column\" data-e-type=\"column\">\n\t\t\t<div class=\"elementor-widget-wrap elementor-element-populated\">\n\t\t\t\t\t\t<div class=\"elementor-element elementor-element-2cbc7ea elementor-widget elementor-widget-html\" data-id=\"2cbc7ea\" data-element_type=\"widget\" data-e-type=\"widget\" data-widget_type=\"html.default\">\n\t\t\t\t<div class=\"elementor-widget-container\">\n\t\t\t\t\t<style>      div.simple-google-photos-grid {\n        width:100%;\n        height:100%;\n        overflow:hidden;\n      }\n      div.simple-google-photos-grid-cell {\n        box-sizing:border-box;\n        padding:5px;\n        float:left;\n      }\n      img.simple-google-photos-grid-image {\n        object-fit: cover;\n      }<\/style><div class=\"simple-google-photos-grid\"><div class=\"simple-google-photos-grid-cell\" style=\"width:33%\"><a href=\"https:\/\/photos.app.goo.gl\/NB1V4rs7wLq6fkUKA\" target=\"_blank\"><img decoding=\"async\" src=\"https:\/\/lh3.googleusercontent.com\/pw\/AP1GczP_nJZztl2pSdQjjQRQOitq9Rn6L4QC28VwqYOi3WZRuPVw0KSphFAd-1P451rj9-tDLHCgedoaMr4BMsBv0hyQhPoRBjBslnPVS72AV1qD5ccelOtq\" alt=\"Google Photo\" class=\"simple-google-photos-grid-image\"><\/a><\/div><div class=\"simple-google-photos-grid-cell\" style=\"width:33%\"><a href=\"https:\/\/photos.app.goo.gl\/NB1V4rs7wLq6fkUKA\" target=\"_blank\"><img decoding=\"async\" src=\"https:\/\/lh3.googleusercontent.com\/pw\/AP1GczO4LWxs4A7JDC9g6bHmm0siF_1IS8gNFvdhGTs8ZMIdZfRXcMQzbYymWKZWgi7imoKArR1QLBEyfQUEZ9NDeQ8vEfTReLWTJ5--hfz7tBMfHaTlVGZJ\" alt=\"Google Photo\" class=\"simple-google-photos-grid-image\"><\/a><\/div><div class=\"simple-google-photos-grid-cell\" style=\"width:33%\"><a href=\"https:\/\/photos.app.goo.gl\/NB1V4rs7wLq6fkUKA\" target=\"_blank\"><img decoding=\"async\" src=\"https:\/\/lh3.googleusercontent.com\/pw\/AP1GczPRNY8T3tLJJuwEwMxUrbM2FgPVY4O77qFfocISVAp62jWDsFBvIfe2oZ2ARBCSyQlPHMWkurlPP0T4jC4Y-xxBdgHjREp144c3x20FDwW8VIiuHmYS\" alt=\"Google Photo\" class=\"simple-google-photos-grid-image\"><\/a><\/div><div class=\"simple-google-photos-grid-cell\" style=\"width:33%\"><a href=\"https:\/\/photos.app.goo.gl\/NB1V4rs7wLq6fkUKA\" target=\"_blank\"><img decoding=\"async\" src=\"https:\/\/lh3.googleusercontent.com\/pw\/AP1GczNNg_sDJuTczg-4a7OebDxWtyA-UHIBAnfvQpnwxgpOp8EXts7QGkhWBHkHAme_JUiQMuAvO0Rv3o0JPEwdQeJ1Kkt8XH_MracYq9GLhowGkf-KNXUh\" alt=\"Google Photo\" class=\"simple-google-photos-grid-image\"><\/a><\/div><div class=\"simple-google-photos-grid-cell\" style=\"width:33%\"><a href=\"https:\/\/photos.app.goo.gl\/NB1V4rs7wLq6fkUKA\" target=\"_blank\"><img decoding=\"async\" src=\"https:\/\/lh3.googleusercontent.com\/pw\/AP1GczP_nJZztl2pSdQjjQRQOitq9Rn6L4QC28VwqYOi3WZRuPVw0KSphFAd-1P451rj9-tDLHCgedoaMr4BMsBv0hyQhPoRBjBslnPVS72AV1qD5ccelOtq\" alt=\"Google Photo\" class=\"simple-google-photos-grid-image\"><\/a><\/div><div class=\"simple-google-photos-grid-cell\" style=\"width:33%\"><a href=\"https:\/\/photos.app.goo.gl\/NB1V4rs7wLq6fkUKA\" target=\"_blank\"><img decoding=\"async\" src=\"https:\/\/lh3.googleusercontent.com\/pw\/AP1GczNFeXtJ0moUWBDllvvzdgnVnZC_7xZOVnIHkzfa7GDRd2OxMlPrA1Dofu5alVHSJYKyOyITbUHcWiE3cTda4HL6muqszQFFa2gqfKesi73Hl6cZpH37\" alt=\"Google Photo\" class=\"simple-google-photos-grid-image\"><\/a><\/div><\/div><script>      (function() {\n        if( window.jQuery ){\n          jQuery( document ).ready(function() {\n            jQuery(\"div.simple-google-photos-grid\").each(function(i){\n              var container = jQuery(this);\n              var width = container.find(\"div.simple-google-photos-grid-cell\").first().width();\n              container.find(\"img.simple-google-photos-grid-image\").css(\"width\", width).css(\"height\", width);\n            });\n          });\n        }\n      })();<\/script>\r\n\t\t\t\t<\/div>\n\t\t\t\t<\/div>\n\t\t\t\t\t<\/div>\n\t\t<\/div>\n\t\t\t\t\t<\/div>\n\t\t<\/section>\n\t\t\t\t<section class=\"elementor-section elementor-top-section elementor-element elementor-element-6d4da4b elementor-section-boxed elementor-section-height-default elementor-section-height-default\" data-id=\"6d4da4b\" data-element_type=\"section\" data-e-type=\"section\">\n\t\t\t\t\t\t<div class=\"elementor-container elementor-column-gap-default\">\n\t\t\t\t\t<div class=\"elementor-column elementor-col-100 elementor-top-column elementor-element elementor-element-0fb78c9\" data-id=\"0fb78c9\" data-element_type=\"column\" data-e-type=\"column\">\n\t\t\t<div class=\"elementor-widget-wrap elementor-element-populated\">\n\t\t\t\t\t\t<div class=\"elementor-element elementor-element-f0b0132 elementor-align-center elementor-widget elementor-widget-button\" data-id=\"f0b0132\" data-element_type=\"widget\" data-e-type=\"widget\" data-widget_type=\"button.default\">\n\t\t\t\t<div class=\"elementor-widget-container\">\n\t\t\t\t\t\t\t\t\t<div class=\"elementor-button-wrapper\">\n\t\t\t\t\t<a class=\"elementor-button elementor-button-link elementor-size-sm\" href=\"#\">\n\t\t\t\t\t\t<span class=\"elementor-button-content-wrapper\">\n\t\t\t\t\t\t\t\t\t<span class=\"elementor-button-text\">Pulsa sobre cualquier imagen para ver el reportaje de esta junta<\/span>\n\t\t\t\t\t<\/span>\n\t\t\t\t\t<\/a>\n\t\t\t\t<\/div>\n\t\t\t\t\t\t\t\t<\/div>\n\t\t\t\t<\/div>\n\t\t\t\t\t<\/div>\n\t\t<\/div>\n\t\t\t\t\t<\/div>\n\t\t<\/section>\n\t\t\t\t<\/div>\n\t\t","protected":false},"excerpt":{"rendered":"<p>2014 &#8211; Junta de los Santos TURNO DE COCINA Juan M. Granados Morillo Joaqu\u00edn L\u00f3pez P\u00e9rez Antonio Estepa TAPAS Alioli con Ajo Fresco y Pejeril Seco Lomo al fino alpatana con patatas frescas Alcachofas frescas baby con Jam\u00f3n en dados Calamares en salsa andaluza de huerta Pollo al Ajilllo CENA Crema de Calabac\u00edn Flamenquin con [&hellip;]<\/p>\n","protected":false},"author":1,"featured_media":0,"parent":0,"menu_order":0,"comment_status":"closed","ping_status":"closed","template":"","meta":{"site-sidebar-layout":"no-sidebar","site-content-layout":"page-builder","ast-site-content-layout":"","site-content-style":"default","site-sidebar-style":"default","ast-global-header-display":"","ast-banner-title-visibility":"","ast-main-header-display":"","ast-hfb-above-header-display":"","ast-hfb-below-header-display":"","ast-hfb-mobile-header-display":"","site-post-title":"disabled","ast-breadcrumbs-content":"","ast-featured-img":"disabled","footer-sml-layout":"","theme-transparent-header-meta":"default","adv-header-id-meta":"","stick-header-meta":"","header-above-stick-meta":"","header-main-stick-meta":"","header-below-stick-meta":"","astra-migrate-meta-layouts":"default","ast-page-background-enabled":"default","ast-page-background-meta":{"desktop":{"background-color":"","background-image":"","background-repeat":"repeat","background-position":"center center","background-size":"auto","background-attachment":"scroll","background-type":"","background-media":"","overlay-type":"","overlay-color":"","overlay-opacity":"","overlay-gradient":""},"tablet":{"background-color":"","background-image":"","background-repeat":"repeat","background-position":"center center","background-size":"auto","background-attachment":"scroll","background-type":"","background-media":"","overlay-type":"","overlay-color":"","overlay-opacity":"","overlay-gradient":""},"mobile":{"background-color":"","background-image":"","background-repeat":"repeat","background-position":"center center","background-size":"auto","background-attachment":"scroll","background-type":"","background-media":"","overlay-type":"","overlay-color":"","overlay-opacity":"","overlay-gradient":""}},"ast-content-background-meta":{"desktop":{"background-color":"var(--ast-global-color-5)","background-image":"","background-repeat":"repeat","background-position":"center center","background-size":"auto","background-attachment":"scroll","background-type":"","background-media":"","overlay-type":"","overlay-color":"","overlay-opacity":"","overlay-gradient":""},"tablet":{"background-color":"var(--ast-global-color-5)","background-image":"","background-repeat":"repeat","background-position":"center center","background-size":"auto","background-attachment":"scroll","background-type":"","background-media":"","overlay-type":"","overlay-color":"","overlay-opacity":"","overlay-gradient":""},"mobile":{"background-color":"var(--ast-global-color-5)","background-image":"","background-repeat":"repeat","background-position":"center center","background-size":"auto","background-attachment":"scroll","background-type":"","background-media":"","overlay-type":"","overlay-color":"","overlay-opacity":"","overlay-gradient":""}},"footnotes":""},"wf_page_folders":[16],"class_list":["post-2488","page","type-page","status-publish","hentry"],"jetpack_sharing_enabled":true,"_links":{"self":[{"href":"https:\/\/losapostoles.org\/index.php\/wp-json\/wp\/v2\/pages\/2488","targetHints":{"allow":["GET"]}}],"collection":[{"href":"https:\/\/losapostoles.org\/index.php\/wp-json\/wp\/v2\/pages"}],"about":[{"href":"https:\/\/losapostoles.org\/index.php\/wp-json\/wp\/v2\/types\/page"}],"author":[{"embeddable":true,"href":"https:\/\/losapostoles.org\/index.php\/wp-json\/wp\/v2\/users\/1"}],"replies":[{"embeddable":true,"href":"https:\/\/losapostoles.org\/index.php\/wp-json\/wp\/v2\/comments?post=2488"}],"version-history":[{"count":5,"href":"https:\/\/losapostoles.org\/index.php\/wp-json\/wp\/v2\/pages\/2488\/revisions"}],"predecessor-version":[{"id":4384,"href":"https:\/\/losapostoles.org\/index.php\/wp-json\/wp\/v2\/pages\/2488\/revisions\/4384"}],"wp:attachment":[{"href":"https:\/\/losapostoles.org\/index.php\/wp-json\/wp\/v2\/media?parent=2488"}],"wp:term":[{"taxonomy":"wf_page_folders","embeddable":true,"href":"https:\/\/losapostoles.org\/index.php\/wp-json\/wp\/v2\/wf_page_folders?post=2488"}],"curies":[{"name":"wp","href":"https:\/\/api.w.org\/{rel}","templated":true}]}}