{"id":2579,"date":"2021-01-28T21:34:05","date_gmt":"2021-01-28T20:34:05","guid":{"rendered":"http:\/\/losapostoles.org\/wordpress\/?page_id=2579"},"modified":"2021-04-24T22:08:02","modified_gmt":"2021-04-24T20:08:02","slug":"2015-tercera-subida-al-calvario","status":"publish","type":"page","link":"https:\/\/losapostoles.org\/index.php\/2015-tercera-subida-al-calvario\/","title":{"rendered":"2015 &#8211; Tercera Subida al Calvario"},"content":{"rendered":"\t\t<div data-elementor-type=\"wp-page\" data-elementor-id=\"2579\" class=\"elementor elementor-2579\" data-elementor-post-type=\"page\">\n\t\t\t\t\t\t<section class=\"elementor-section elementor-top-section elementor-element elementor-element-4768955 elementor-section-boxed elementor-section-height-default elementor-section-height-default\" data-id=\"4768955\" data-element_type=\"section\" data-e-type=\"section\">\n\t\t\t\t\t\t<div class=\"elementor-container elementor-column-gap-default\">\n\t\t\t\t\t<div class=\"elementor-column elementor-col-100 elementor-top-column elementor-element elementor-element-754d438\" data-id=\"754d438\" data-element_type=\"column\" data-e-type=\"column\">\n\t\t\t<div class=\"elementor-widget-wrap elementor-element-populated\">\n\t\t\t\t\t\t<div class=\"elementor-element elementor-element-a28d632 elementor-widget elementor-widget-spacer\" data-id=\"a28d632\" data-element_type=\"widget\" data-e-type=\"widget\" data-widget_type=\"spacer.default\">\n\t\t\t\t<div class=\"elementor-widget-container\">\n\t\t\t\t\t\t\t<div class=\"elementor-spacer\">\n\t\t\t<div class=\"elementor-spacer-inner\"><\/div>\n\t\t<\/div>\n\t\t\t\t\t\t<\/div>\n\t\t\t\t<\/div>\n\t\t\t\t\t<\/div>\n\t\t<\/div>\n\t\t\t\t\t<\/div>\n\t\t<\/section>\n\t\t\t\t<section class=\"elementor-section elementor-top-section elementor-element elementor-element-f097a20 elementor-section-boxed elementor-section-height-default elementor-section-height-default\" data-id=\"f097a20\" data-element_type=\"section\" data-e-type=\"section\">\n\t\t\t\t\t\t<div class=\"elementor-container elementor-column-gap-default\">\n\t\t\t\t\t<div class=\"elementor-column elementor-col-100 elementor-top-column elementor-element elementor-element-19f29dd\" data-id=\"19f29dd\" data-element_type=\"column\" data-e-type=\"column\">\n\t\t\t<div class=\"elementor-widget-wrap elementor-element-populated\">\n\t\t\t\t\t\t<div class=\"elementor-element elementor-element-f5d2a03 elementor-widget elementor-widget-heading\" data-id=\"f5d2a03\" data-element_type=\"widget\" data-e-type=\"widget\" data-widget_type=\"heading.default\">\n\t\t\t\t<div class=\"elementor-widget-container\">\n\t\t\t\t\t<h2 class=\"elementor-heading-title elementor-size-default\">2015 - Tercera Subida al Calvario - Transfiguraci\u00f3n<\/h2>\t\t\t\t<\/div>\n\t\t\t\t<\/div>\n\t\t\t\t\t<\/div>\n\t\t<\/div>\n\t\t\t\t\t<\/div>\n\t\t<\/section>\n\t\t\t\t<section class=\"elementor-section elementor-top-section elementor-element elementor-element-26198b7 elementor-section-boxed elementor-section-height-default elementor-section-height-default\" data-id=\"26198b7\" data-element_type=\"section\" data-e-type=\"section\">\n\t\t\t\t\t\t<div class=\"elementor-container elementor-column-gap-default\">\n\t\t\t\t\t<div class=\"elementor-column elementor-col-100 elementor-top-column elementor-element elementor-element-4d59c6a\" data-id=\"4d59c6a\" data-element_type=\"column\" data-e-type=\"column\">\n\t\t\t<div class=\"elementor-widget-wrap elementor-element-populated\">\n\t\t\t\t\t\t<div class=\"elementor-element elementor-element-4e7efc4 elementor-widget-divider--view-line elementor-widget elementor-widget-divider\" data-id=\"4e7efc4\" data-element_type=\"widget\" data-e-type=\"widget\" data-widget_type=\"divider.default\">\n\t\t\t\t<div class=\"elementor-widget-container\">\n\t\t\t\t\t\t\t<div class=\"elementor-divider\">\n\t\t\t<span class=\"elementor-divider-separator\">\n\t\t\t\t\t\t<\/span>\n\t\t<\/div>\n\t\t\t\t\t\t<\/div>\n\t\t\t\t<\/div>\n\t\t\t\t\t<\/div>\n\t\t<\/div>\n\t\t\t\t\t<\/div>\n\t\t<\/section>\n\t\t\t\t<section class=\"elementor-section elementor-top-section elementor-element elementor-element-7fe6c4f elementor-section-boxed elementor-section-height-default elementor-section-height-default\" data-id=\"7fe6c4f\" data-element_type=\"section\" data-e-type=\"section\">\n\t\t\t\t\t\t<div class=\"elementor-container elementor-column-gap-default\">\n\t\t\t\t\t<div class=\"elementor-column elementor-col-100 elementor-top-column elementor-element elementor-element-91431b4\" data-id=\"91431b4\" data-element_type=\"column\" data-e-type=\"column\">\n\t\t\t<div class=\"elementor-widget-wrap elementor-element-populated\">\n\t\t\t\t\t\t<div class=\"elementor-element elementor-element-b5eafcb elementor-widget elementor-widget-image\" data-id=\"b5eafcb\" data-element_type=\"widget\" data-e-type=\"widget\" data-widget_type=\"image.default\">\n\t\t\t\t<div class=\"elementor-widget-container\">\n\t\t\t\t\t\t\t\t\t\t\t\t\t\t\t<img fetchpriority=\"high\" decoding=\"async\" width=\"830\" height=\"630\" src=\"https:\/\/losapostoles.org\/wp-content\/uploads\/2021\/01\/tercerasubida-1.jpg\" class=\"attachment-large size-large wp-image-2546\" alt=\"\" srcset=\"https:\/\/losapostoles.org\/wp-content\/uploads\/2021\/01\/tercerasubida-1.jpg 830w, https:\/\/losapostoles.org\/wp-content\/uploads\/2021\/01\/tercerasubida-1-300x228.jpg 300w, https:\/\/losapostoles.org\/wp-content\/uploads\/2021\/01\/tercerasubida-1-768x583.jpg 768w\" sizes=\"(max-width: 830px) 100vw, 830px\" \/>\t\t\t\t\t\t\t\t\t\t\t\t\t\t\t<\/div>\n\t\t\t\t<\/div>\n\t\t\t\t\t<\/div>\n\t\t<\/div>\n\t\t\t\t\t<\/div>\n\t\t<\/section>\n\t\t\t\t<section class=\"elementor-section elementor-top-section elementor-element elementor-element-f7c977a elementor-section-boxed elementor-section-height-default elementor-section-height-default\" data-id=\"f7c977a\" data-element_type=\"section\" data-e-type=\"section\">\n\t\t\t\t\t\t<div class=\"elementor-container elementor-column-gap-default\">\n\t\t\t\t\t<div class=\"elementor-column elementor-col-100 elementor-top-column elementor-element elementor-element-161972c\" data-id=\"161972c\" data-element_type=\"column\" data-e-type=\"column\">\n\t\t\t<div class=\"elementor-widget-wrap elementor-element-populated\">\n\t\t\t\t\t\t<div class=\"elementor-element elementor-element-2694bd8 elementor-widget elementor-widget-text-editor\" data-id=\"2694bd8\" data-element_type=\"widget\" data-e-type=\"widget\" data-widget_type=\"text-editor.default\">\n\t\t\t\t<div class=\"elementor-widget-container\">\n\t\t\t\t\t\t\t\t\t<table border=\"1\" width=\"50%\" align=\"center\"><tbody><tr><td><div align=\"center\"><strong>TURNO DE COCINA<\/strong><\/div><\/td><\/tr><tr><td><div align=\"center\">Antonio Manuel Estepa P\u00e9rez<\/div><\/td><\/tr><tr><td><div align=\"center\">Javier Gil Delgado<\/div><\/td><\/tr><tr><td><div align=\"center\">Manuel Calzado Baena<\/div><\/td><\/tr><\/tbody><\/table>\t\t\t\t\t\t\t\t<\/div>\n\t\t\t\t<\/div>\n\t\t\t\t\t<\/div>\n\t\t<\/div>\n\t\t\t\t\t<\/div>\n\t\t<\/section>\n\t\t\t\t<section class=\"elementor-section elementor-top-section elementor-element elementor-element-df36150 elementor-section-boxed elementor-section-height-default elementor-section-height-default\" data-id=\"df36150\" data-element_type=\"section\" data-e-type=\"section\">\n\t\t\t\t\t\t<div class=\"elementor-container elementor-column-gap-default\">\n\t\t\t\t\t<div class=\"elementor-column elementor-col-100 elementor-top-column elementor-element elementor-element-5a792b5\" data-id=\"5a792b5\" data-element_type=\"column\" data-e-type=\"column\">\n\t\t\t<div class=\"elementor-widget-wrap elementor-element-populated\">\n\t\t\t\t\t\t<div class=\"elementor-element elementor-element-f7da7ce elementor-align-center elementor-widget elementor-widget-button\" data-id=\"f7da7ce\" data-element_type=\"widget\" data-e-type=\"widget\" data-widget_type=\"button.default\">\n\t\t\t\t<div class=\"elementor-widget-container\">\n\t\t\t\t\t\t\t\t\t<div class=\"elementor-button-wrapper\">\n\t\t\t\t\t<a class=\"elementor-button elementor-button-link elementor-size-sm\" href=\"#\">\n\t\t\t\t\t\t<span class=\"elementor-button-content-wrapper\">\n\t\t\t\t\t\t<span class=\"elementor-button-icon\">\n\t\t\t\t<i aria-hidden=\"true\" class=\"far fa-arrow-alt-circle-down\"><\/i>\t\t\t<\/span>\n\t\t\t\t\t\t\t\t\t<span class=\"elementor-button-text\">Pulsa sobre las im\u00e1genes inferiores para ver el reportaje completo<\/span>\n\t\t\t\t\t<\/span>\n\t\t\t\t\t<\/a>\n\t\t\t\t<\/div>\n\t\t\t\t\t\t\t\t<\/div>\n\t\t\t\t<\/div>\n\t\t\t\t\t<\/div>\n\t\t<\/div>\n\t\t\t\t\t<\/div>\n\t\t<\/section>\n\t\t\t\t<section class=\"elementor-section elementor-top-section elementor-element elementor-element-cc61695 elementor-section-boxed elementor-section-height-default elementor-section-height-default\" data-id=\"cc61695\" data-element_type=\"section\" data-e-type=\"section\">\n\t\t\t\t\t\t<div class=\"elementor-container elementor-column-gap-default\">\n\t\t\t\t\t<div class=\"elementor-column elementor-col-100 elementor-top-column elementor-element elementor-element-2ba2c91\" data-id=\"2ba2c91\" data-element_type=\"column\" data-e-type=\"column\">\n\t\t\t<div class=\"elementor-widget-wrap elementor-element-populated\">\n\t\t\t\t\t\t<div class=\"elementor-element elementor-element-718ddd2 elementor-widget elementor-widget-html\" data-id=\"718ddd2\" data-element_type=\"widget\" data-e-type=\"widget\" data-widget_type=\"html.default\">\n\t\t\t\t<div class=\"elementor-widget-container\">\n\t\t\t\t\t<style>      div.simple-google-photos-grid {\n        width:100%;\n        height:100%;\n        overflow:hidden;\n      }\n      div.simple-google-photos-grid-cell {\n        box-sizing:border-box;\n        padding:5px;\n        float:left;\n      }\n      img.simple-google-photos-grid-image {\n        object-fit: cover;\n      }<\/style><div class=\"simple-google-photos-grid\"><div class=\"simple-google-photos-grid-cell\" style=\"width:33%\"><a href=\"https:\/\/photos.app.goo.gl\/rhdi9oNsFvFTLHTR7\" target=\"_blank\"><img decoding=\"async\" src=\"https:\/\/lh3.googleusercontent.com\/pw\/AP1GczOv0t3p48h2tCe_c3RUAHATqGmpT9Q5pAzY3ediWMQhvBfI8gkfBYg1nDeEPPgQtI7foP9tnR0YqUqx-JV97nOtjsJuCuRETLz9Ckw5oUWgoUW2wkkQ\" alt=\"Google Photo\" class=\"simple-google-photos-grid-image\"><\/a><\/div><div class=\"simple-google-photos-grid-cell\" style=\"width:33%\"><a href=\"https:\/\/photos.app.goo.gl\/rhdi9oNsFvFTLHTR7\" target=\"_blank\"><img decoding=\"async\" src=\"https:\/\/lh3.googleusercontent.com\/pw\/AP1GczM8IC3tol8fWBTpch9U4p8j0xE651VWBlDgjrAt7BXTIeA2bTFAOIIGtvcNnOpv4MoQBIrXWVoj2rwVGXcle4u7tPCIgZjoiE_k6jYscKWAtQrY83ia\" alt=\"Google Photo\" class=\"simple-google-photos-grid-image\"><\/a><\/div><div class=\"simple-google-photos-grid-cell\" style=\"width:33%\"><a href=\"https:\/\/photos.app.goo.gl\/rhdi9oNsFvFTLHTR7\" target=\"_blank\"><img decoding=\"async\" src=\"https:\/\/lh3.googleusercontent.com\/pw\/AP1GczN8wnRcBN9UaS9iv_77FrdrNWmk98Zq8c8GEq1sLsF8q9-QxwfDBtoFcCkfC7eQOFJSf_Z2SWT2Ft1G3riV-4Wx8hLzz8yF97HZFJ-8aN_6Ldpi015B\" alt=\"Google Photo\" class=\"simple-google-photos-grid-image\"><\/a><\/div><div class=\"simple-google-photos-grid-cell\" style=\"width:33%\"><a href=\"https:\/\/photos.app.goo.gl\/rhdi9oNsFvFTLHTR7\" target=\"_blank\"><img decoding=\"async\" src=\"https:\/\/lh3.googleusercontent.com\/pw\/AP1GczO3RZIJ65GW-xsvbgjFJZ722gnLwoNI4tzNcd9z0jW2Jfi6yHoCHNTdYEk2NnBTk2OBDJCbniP5tAs_vf01B6tIvO6eYQPMm2tNAOybEddbmiN4_Pwa\" alt=\"Google Photo\" class=\"simple-google-photos-grid-image\"><\/a><\/div><div class=\"simple-google-photos-grid-cell\" style=\"width:33%\"><a href=\"https:\/\/photos.app.goo.gl\/rhdi9oNsFvFTLHTR7\" target=\"_blank\"><img decoding=\"async\" src=\"https:\/\/lh3.googleusercontent.com\/pw\/AP1GczOv0t3p48h2tCe_c3RUAHATqGmpT9Q5pAzY3ediWMQhvBfI8gkfBYg1nDeEPPgQtI7foP9tnR0YqUqx-JV97nOtjsJuCuRETLz9Ckw5oUWgoUW2wkkQ\" alt=\"Google Photo\" class=\"simple-google-photos-grid-image\"><\/a><\/div><div class=\"simple-google-photos-grid-cell\" style=\"width:33%\"><a href=\"https:\/\/photos.app.goo.gl\/rhdi9oNsFvFTLHTR7\" target=\"_blank\"><img decoding=\"async\" src=\"https:\/\/lh3.googleusercontent.com\/pw\/AP1GczMSby4GbXChtqndI_LNHC1C5vpmFC3W-Sp_ymqr1WgNPu7c-k2mXnhR_v6WFb577nRWDBnwrinTYgOPavAW-GrHGqEmF7KGtOOV2-0YMq5mFWqsqiZJ\" alt=\"Google Photo\" class=\"simple-google-photos-grid-image\"><\/a><\/div><\/div><script>      (function() {\n        if( window.jQuery ){\n          jQuery( document ).ready(function() {\n            jQuery(\"div.simple-google-photos-grid\").each(function(i){\n              var container = jQuery(this);\n              var width = container.find(\"div.simple-google-photos-grid-cell\").first().width();\n              container.find(\"img.simple-google-photos-grid-image\").css(\"width\", width).css(\"height\", width);\n            });\n          });\n        }\n      })();<\/script>\t\t\t\t<\/div>\n\t\t\t\t<\/div>\n\t\t\t\t\t<\/div>\n\t\t<\/div>\n\t\t\t\t\t<\/div>\n\t\t<\/section>\n\t\t\t\t<\/div>\n\t\t","protected":false},"excerpt":{"rendered":"<p>2015 &#8211; Tercera Subida al Calvario &#8211; Transfiguraci\u00f3n TURNO DE COCINA Antonio Manuel Estepa P\u00e9rez Javier Gil Delgado Manuel Calzado Baena Pulsa sobre las im\u00e1genes inferiores para ver el reportaje completo<\/p>\n","protected":false},"author":1,"featured_media":0,"parent":0,"menu_order":0,"comment_status":"closed","ping_status":"closed","template":"","meta":{"site-sidebar-layout":"no-sidebar","site-content-layout":"page-builder","ast-site-content-layout":"","site-content-style":"default","site-sidebar-style":"default","ast-global-header-display":"","ast-banner-title-visibility":"","ast-main-header-display":"","ast-hfb-above-header-display":"","ast-hfb-below-header-display":"","ast-hfb-mobile-header-display":"","site-post-title":"disabled","ast-breadcrumbs-content":"","ast-featured-img":"disabled","footer-sml-layout":"","theme-transparent-header-meta":"default","adv-header-id-meta":"","stick-header-meta":"","header-above-stick-meta":"","header-main-stick-meta":"","header-below-stick-meta":"","astra-migrate-meta-layouts":"default","ast-page-background-enabled":"default","ast-page-background-meta":{"desktop":{"background-color":"","background-image":"","background-repeat":"repeat","background-position":"center center","background-size":"auto","background-attachment":"scroll","background-type":"","background-media":"","overlay-type":"","overlay-color":"","overlay-opacity":"","overlay-gradient":""},"tablet":{"background-color":"","background-image":"","background-repeat":"repeat","background-position":"center center","background-size":"auto","background-attachment":"scroll","background-type":"","background-media":"","overlay-type":"","overlay-color":"","overlay-opacity":"","overlay-gradient":""},"mobile":{"background-color":"","background-image":"","background-repeat":"repeat","background-position":"center center","background-size":"auto","background-attachment":"scroll","background-type":"","background-media":"","overlay-type":"","overlay-color":"","overlay-opacity":"","overlay-gradient":""}},"ast-content-background-meta":{"desktop":{"background-color":"var(--ast-global-color-5)","background-image":"","background-repeat":"repeat","background-position":"center center","background-size":"auto","background-attachment":"scroll","background-type":"","background-media":"","overlay-type":"","overlay-color":"","overlay-opacity":"","overlay-gradient":""},"tablet":{"background-color":"var(--ast-global-color-5)","background-image":"","background-repeat":"repeat","background-position":"center center","background-size":"auto","background-attachment":"scroll","background-type":"","background-media":"","overlay-type":"","overlay-color":"","overlay-opacity":"","overlay-gradient":""},"mobile":{"background-color":"var(--ast-global-color-5)","background-image":"","background-repeat":"repeat","background-position":"center center","background-size":"auto","background-attachment":"scroll","background-type":"","background-media":"","overlay-type":"","overlay-color":"","overlay-opacity":"","overlay-gradient":""}},"footnotes":""},"wf_page_folders":[17],"class_list":["post-2579","page","type-page","status-publish","hentry"],"jetpack_sharing_enabled":true,"_links":{"self":[{"href":"https:\/\/losapostoles.org\/index.php\/wp-json\/wp\/v2\/pages\/2579","targetHints":{"allow":["GET"]}}],"collection":[{"href":"https:\/\/losapostoles.org\/index.php\/wp-json\/wp\/v2\/pages"}],"about":[{"href":"https:\/\/losapostoles.org\/index.php\/wp-json\/wp\/v2\/types\/page"}],"author":[{"embeddable":true,"href":"https:\/\/losapostoles.org\/index.php\/wp-json\/wp\/v2\/users\/1"}],"replies":[{"embeddable":true,"href":"https:\/\/losapostoles.org\/index.php\/wp-json\/wp\/v2\/comments?post=2579"}],"version-history":[{"count":5,"href":"https:\/\/losapostoles.org\/index.php\/wp-json\/wp\/v2\/pages\/2579\/revisions"}],"predecessor-version":[{"id":4375,"href":"https:\/\/losapostoles.org\/index.php\/wp-json\/wp\/v2\/pages\/2579\/revisions\/4375"}],"wp:attachment":[{"href":"https:\/\/losapostoles.org\/index.php\/wp-json\/wp\/v2\/media?parent=2579"}],"wp:term":[{"taxonomy":"wf_page_folders","embeddable":true,"href":"https:\/\/losapostoles.org\/index.php\/wp-json\/wp\/v2\/wf_page_folders?post=2579"}],"curies":[{"name":"wp","href":"https:\/\/api.w.org\/{rel}","templated":true}]}}