{"id":281,"date":"2020-12-27T19:14:10","date_gmt":"2020-12-27T19:14:10","guid":{"rendered":"http:\/\/losapostoles.org\/wordpress\/?page_id=281"},"modified":"2020-12-28T10:52:04","modified_gmt":"2020-12-28T10:52:04","slug":"historia-de-la-corporacion","status":"publish","type":"page","link":"https:\/\/losapostoles.org\/index.php\/corporacion\/historia-de-la-corporacion\/","title":{"rendered":"Historia de la Corporaci\u00f3n."},"content":{"rendered":"\t\t<div data-elementor-type=\"wp-page\" data-elementor-id=\"281\" class=\"elementor elementor-281\" data-elementor-post-type=\"page\">\n\t\t\t\t\t\t<section class=\"elementor-section elementor-top-section elementor-element elementor-element-5f20ca7 elementor-section-boxed elementor-section-height-default elementor-section-height-default\" data-id=\"5f20ca7\" data-element_type=\"section\" data-e-type=\"section\">\n\t\t\t\t\t\t<div class=\"elementor-container elementor-column-gap-default\">\n\t\t\t\t\t<div class=\"elementor-column elementor-col-100 elementor-top-column elementor-element elementor-element-968a3f3\" data-id=\"968a3f3\" data-element_type=\"column\" data-e-type=\"column\">\n\t\t\t<div class=\"elementor-widget-wrap elementor-element-populated\">\n\t\t\t\t\t\t<div class=\"elementor-element elementor-element-1b8055a elementor-widget elementor-widget-heading\" data-id=\"1b8055a\" data-element_type=\"widget\" data-e-type=\"widget\" data-widget_type=\"heading.default\">\n\t\t\t\t<div class=\"elementor-widget-container\">\n\t\t\t\t\t<h2 class=\"elementor-heading-title elementor-size-default\">Historia y fundaci\u00f3n de la Corporaci\u00f3n.<\/h2>\t\t\t\t<\/div>\n\t\t\t\t<\/div>\n\t\t\t\t<div class=\"elementor-element elementor-element-c5a4241 elementor--h-position-center elementor--v-position-middle elementor-arrows-position-inside elementor-pagination-position-inside elementor-widget elementor-widget-slides\" data-id=\"c5a4241\" data-element_type=\"widget\" data-e-type=\"widget\" data-settings=\"{&quot;autoplay_speed&quot;:4000,&quot;navigation&quot;:&quot;both&quot;,&quot;autoplay&quot;:&quot;yes&quot;,&quot;pause_on_hover&quot;:&quot;yes&quot;,&quot;pause_on_interaction&quot;:&quot;yes&quot;,&quot;infinite&quot;:&quot;yes&quot;,&quot;transition&quot;:&quot;slide&quot;,&quot;transition_speed&quot;:500}\" data-widget_type=\"slides.default\">\n\t\t\t\t<div class=\"elementor-widget-container\">\n\t\t\t\t\t\t\t\t\t<div class=\"elementor-swiper\">\n\t\t\t\t\t<div class=\"elementor-slides-wrapper elementor-main-swiper swiper\" role=\"region\" aria-roledescription=\"carousel\" aria-label=\"Slides\" dir=\"ltr\" data-animation=\"fadeInDown\">\n\t\t\t\t<div class=\"swiper-wrapper elementor-slides\">\n\t\t\t\t\t\t\t\t\t\t<div class=\"elementor-repeater-item-5518ec0 swiper-slide\" role=\"group\" aria-roledescription=\"slide\"><div class=\"swiper-slide-bg\" role=\"img\" aria-label=\"TSR Watermark - 2279\"><\/div><div class=\"swiper-slide-inner\" ><div class=\"swiper-slide-contents\"><\/div><\/div><\/div><div class=\"elementor-repeater-item-f24f298 swiper-slide\" role=\"group\" aria-roledescription=\"slide\"><div class=\"swiper-slide-bg\" role=\"img\" aria-label=\"TSR Watermark - 2278\"><\/div><div class=\"swiper-slide-inner\" ><div class=\"swiper-slide-contents\"><\/div><\/div><\/div><div class=\"elementor-repeater-item-2777954 swiper-slide\" role=\"group\" aria-roledescription=\"slide\"><div class=\"swiper-slide-bg\" role=\"img\" aria-label=\"TSR Watermark - 2277\"><\/div><div class=\"swiper-slide-inner\" ><div class=\"swiper-slide-contents\"><\/div><\/div><\/div><div class=\"elementor-repeater-item-31d2134 swiper-slide\" role=\"group\" aria-roledescription=\"slide\"><div class=\"swiper-slide-bg\" role=\"img\" aria-label=\"TSR Watermark - 2276\"><\/div><div class=\"swiper-slide-inner\" ><div class=\"swiper-slide-contents\"><\/div><\/div><\/div><div class=\"elementor-repeater-item-f70e3d5 swiper-slide\" role=\"group\" aria-roledescription=\"slide\"><div class=\"swiper-slide-bg\" role=\"img\" aria-label=\"TSR Watermark - 2275\"><\/div><div class=\"swiper-slide-inner\" ><div class=\"swiper-slide-contents\"><\/div><\/div><\/div><div class=\"elementor-repeater-item-2c7bf56 swiper-slide\" role=\"group\" aria-roledescription=\"slide\"><div class=\"swiper-slide-bg\" role=\"img\" aria-label=\"TSR Watermark - 2271\"><\/div><div class=\"swiper-slide-inner\" ><div class=\"swiper-slide-contents\"><\/div><\/div><\/div><div class=\"elementor-repeater-item-4407f62 swiper-slide\" role=\"group\" aria-roledescription=\"slide\"><div class=\"swiper-slide-bg\" role=\"img\" aria-label=\"TSR Watermark - 2272\"><\/div><div class=\"swiper-slide-inner\" ><div class=\"swiper-slide-contents\"><\/div><\/div><\/div><div class=\"elementor-repeater-item-2197eb2 swiper-slide\" role=\"group\" aria-roledescription=\"slide\"><div class=\"swiper-slide-bg\" role=\"img\" aria-label=\"TSR Watermark - 2271\"><\/div><div class=\"swiper-slide-inner\" ><div class=\"swiper-slide-contents\"><\/div><\/div><\/div><div class=\"elementor-repeater-item-f4284cc swiper-slide\" role=\"group\" aria-roledescription=\"slide\"><div class=\"swiper-slide-bg\" role=\"img\" aria-label=\"TSR Watermark - 2273\"><\/div><div class=\"swiper-slide-inner\" ><div class=\"swiper-slide-contents\"><\/div><\/div><\/div><div class=\"elementor-repeater-item-223b098 swiper-slide\" role=\"group\" aria-roledescription=\"slide\"><div class=\"swiper-slide-bg\" role=\"img\" aria-label=\"TSR Watermark - 2269\"><\/div><div class=\"swiper-slide-inner\" ><div class=\"swiper-slide-contents\"><\/div><\/div><\/div>\t\t\t\t<\/div>\n\t\t\t\t\t\t\t\t\t\t\t\t\t\t\t<div class=\"elementor-swiper-button elementor-swiper-button-prev\" role=\"button\" tabindex=\"0\" aria-label=\"Previous slide\">\n\t\t\t\t\t\t\t<i aria-hidden=\"true\" class=\"eicon-chevron-left\"><\/i>\t\t\t\t\t\t<\/div>\n\t\t\t\t\t\t<div class=\"elementor-swiper-button elementor-swiper-button-next\" role=\"button\" tabindex=\"0\" aria-label=\"Next slide\">\n\t\t\t\t\t\t\t<i aria-hidden=\"true\" class=\"eicon-chevron-right\"><\/i>\t\t\t\t\t\t<\/div>\n\t\t\t\t\t\t\t\t\t\t\t\t\t\t\t\t<div class=\"swiper-pagination\"><\/div>\n\t\t\t\t\t\t\t\t\t\t\t\t<\/div>\n\t\t\t\t<\/div>\n\t\t\t\t\t\t\t\t<\/div>\n\t\t\t\t<\/div>\n\t\t\t\t\t<\/div>\n\t\t<\/div>\n\t\t\t\t\t<\/div>\n\t\t<\/section>\n\t\t\t\t<section class=\"elementor-section elementor-top-section elementor-element elementor-element-3783c9a elementor-section-boxed elementor-section-height-default elementor-section-height-default\" data-id=\"3783c9a\" data-element_type=\"section\" data-e-type=\"section\">\n\t\t\t\t\t\t<div class=\"elementor-container elementor-column-gap-default\">\n\t\t\t\t\t<div class=\"elementor-column elementor-col-100 elementor-top-column elementor-element elementor-element-7ef1d8a\" data-id=\"7ef1d8a\" data-element_type=\"column\" data-e-type=\"column\">\n\t\t\t<div class=\"elementor-widget-wrap elementor-element-populated\">\n\t\t\t\t\t\t<div class=\"elementor-element elementor-element-b77b85f elementor-widget elementor-widget-text-editor\" data-id=\"b77b85f\" data-element_type=\"widget\" data-e-type=\"widget\" data-widget_type=\"text-editor.default\">\n\t\t\t\t<div class=\"elementor-widget-container\">\n\t\t\t\t\t\t\t\t\t<p>\u00a0<\/p><p style=\"text-align: center;\"><span style=\"vertical-align: inherit;\"><span style=\"vertical-align: inherit;\">Se encuentra muy extendida la creencia de que las figuras B\u00edblicas en Puente Genil aparecen en el \u00faltimo tercio del siglo XVI, coincidiendo con la costumbre tan extendida en Andaluc\u00eda de representar autos sacramentados en los atrios de las catedrales y en los p\u00f3rticos de las iglesias. <\/span><span style=\"vertical-align: inherit;\">Es posible, pero no existen testimonios verificables de tales representaciones. <\/span><span style=\"vertical-align: inherit;\">Todo lo m\u00e1s que encontramos en nuestra localidad es la descripci\u00f3n de algunos personajes con apariencia de llevar un rostrillo en el cuadro del Cristo de la Sangre, restaurado hace cerca de un a\u00f1o a instancias de los Amigos de Puente Genil. <\/span><span style=\"vertical-align: inherit;\">En esta magn\u00edfica pintura datada hacia 1.580, y por tanto la m\u00e1s antigua de la Semana Santa pontanensa, entre la procesi\u00f3n de disciplinantes que discurren flagel\u00e1ndose la espalda, hay dos o tres que cubren su cara con una especie de careta,\u00a0\u00a0\u00a0\u00a0<\/span><\/span><\/p><p style=\"text-align: center;\"><span style=\"vertical-align: inherit;\"><span style=\"vertical-align: inherit;\">Pero en Historia no se pueden hacer afirmaciones apoy\u00e1ndose en conjeturas. <\/span><span style=\"vertical-align: inherit;\">Es necesario, para hablar con rigor y asegurar con propiedad, aportar argumentos documentales, testimonios comprobables. <\/span><span style=\"vertical-align: inherit;\">En este sentido hasta las teor\u00edas de nuestros queridos paisanos Agust\u00edn P\u00e9rez de Siles y Antonio Aguilar y Cano, carentes de un soporte probatorio convincente, son opiniones llenas de buena voluntad.<\/span><\/span><\/p><p style=\"text-align: center;\"><span style=\"vertical-align: inherit;\"><span style=\"vertical-align: inherit;\">Y es por ello, que al no existir por el momento, otra documentaci\u00f3n al respecto que las actas de la Cofrad\u00eda de Jes\u00fas Nazareno, a ellas hemos de remitirnos, considerando que la primera de la que se dispone es de 1.640, aunque en ella se hace referencia a los dos a\u00f1os anteriores. <\/span><span style=\"vertical-align: inherit;\">Estas actas constan ciertamente un testimonio valios\u00edsimo, y aunque no se encuentran en muy estado de conservaci\u00f3n, rastreando en ellas, se han conseguido localizar, no sin cierta dificultad las primeras referencias a las corporaciones pontana y en el caso que nos ocupa la anotaci\u00f3n concreta y exacta que alude a los Ap\u00f3stoles en el a\u00f1o 1.662.<\/span><\/span><\/p><div align=\"center\"><p style=\"text-align: center;\" align=\"center\"><span style=\"vertical-align: inherit;\"><span style=\"vertical-align: inherit;\">Cabe se\u00f1alar, sin embargo, que existe la posibilidad de verificar con una mayor antig\u00fcedad de las entidades semananteras pontanensas investigando en los archivos de los protocolos notariales. <\/span><span style=\"vertical-align: inherit;\">En esa ingente documentaci\u00f3n que si se conserva, es posible localizar donaciones de particulares y de las corporaciones a la cofrad\u00eda matriz a la que estaban adscritos. <\/span><span style=\"vertical-align: inherit;\">Esta enorme tarea investigadora, que ya se ha realizado en algunas localidades cordobesas con felices resultados, conlleva un tiempo considerable de dedicaci\u00f3n y l\u00f3gicamente un desembolso parejo a tal esfuerzo, por lo que compite a las instituciones de mayor rango la iniciativa de requerirla.<\/span><\/span><\/p><p style=\"text-align: center;\" align=\"center\"><span style=\"vertical-align: inherit;\"><span style=\"vertical-align: inherit;\">\u00a0\u00a0\u00a0\u00a0 Otras figuras, otras corporaciones, vienen descritas en el a\u00f1o 1.661, pero en ninguna se hace menci\u00f3n a la adquisici\u00f3n de rostrillos. <\/span><span style=\"vertical-align: inherit;\">Es s\u00f3lo en 1.662 cuando se describe la compra de rostros para los Ap\u00f3stoles, por lo que cabe asegurar que son los personajes apost\u00f3licos los primeros que desfilan con rostrillo en nuestra localidad.<\/span><\/span><\/p><p style=\"text-align: right;\" align=\"right\"><span style=\"vertical-align: inherit;\"><span style=\"vertical-align: inherit;\">MJL<\/span><\/span><\/p><\/div>\t\t\t\t\t\t\t\t<\/div>\n\t\t\t\t<\/div>\n\t\t\t\t\t<\/div>\n\t\t<\/div>\n\t\t\t\t\t<\/div>\n\t\t<\/section>\n\t\t\t\t<\/div>\n\t\t","protected":false},"excerpt":{"rendered":"<p>Historia y fundaci\u00f3n de la Corporaci\u00f3n. Anterior Siguiente Se encuentra muy extendida la creencia de que las figuras B\u00edblicas en Puente Genil aparecen en el \u00faltimo tercio del siglo XVI, coincidiendo con la costumbre tan extendida en Andaluc\u00eda de representar autos sacramentados en los atrios de las catedrales y en los p\u00f3rticos de las iglesias. [&hellip;]<\/p>\n","protected":false},"author":1,"featured_media":0,"parent":10,"menu_order":0,"comment_status":"closed","ping_status":"closed","template":"","meta":{"site-sidebar-layout":"no-sidebar","site-content-layout":"page-builder","ast-site-content-layout":"","site-content-style":"default","site-sidebar-style":"default","ast-global-header-display":"","ast-banner-title-visibility":"","ast-main-header-display":"","ast-hfb-above-header-display":"","ast-hfb-below-header-display":"","ast-hfb-mobile-header-display":"","site-post-title":"disabled","ast-breadcrumbs-content":"","ast-featured-img":"disabled","footer-sml-layout":"","theme-transparent-header-meta":"default","adv-header-id-meta":"","stick-header-meta":"","header-above-stick-meta":"","header-main-stick-meta":"","header-below-stick-meta":"","astra-migrate-meta-layouts":"default","ast-page-background-enabled":"default","ast-page-background-meta":{"desktop":{"background-color":"","background-image":"","background-repeat":"repeat","background-position":"center center","background-size":"auto","background-attachment":"scroll","background-type":"","background-media":"","overlay-type":"","overlay-color":"","overlay-opacity":"","overlay-gradient":""},"tablet":{"background-color":"","background-image":"","background-repeat":"repeat","background-position":"center center","background-size":"auto","background-attachment":"scroll","background-type":"","background-media":"","overlay-type":"","overlay-color":"","overlay-opacity":"","overlay-gradient":""},"mobile":{"background-color":"","background-image":"","background-repeat":"repeat","background-position":"center center","background-size":"auto","background-attachment":"scroll","background-type":"","background-media":"","overlay-type":"","overlay-color":"","overlay-opacity":"","overlay-gradient":""}},"ast-content-background-meta":{"desktop":{"background-color":"var(--ast-global-color-5)","background-image":"","background-repeat":"repeat","background-position":"center center","background-size":"auto","background-attachment":"scroll","background-type":"","background-media":"","overlay-type":"","overlay-color":"","overlay-opacity":"","overlay-gradient":""},"tablet":{"background-color":"var(--ast-global-color-5)","background-image":"","background-repeat":"repeat","background-position":"center center","background-size":"auto","background-attachment":"scroll","background-type":"","background-media":"","overlay-type":"","overlay-color":"","overlay-opacity":"","overlay-gradient":""},"mobile":{"background-color":"var(--ast-global-color-5)","background-image":"","background-repeat":"repeat","background-position":"center center","background-size":"auto","background-attachment":"scroll","background-type":"","background-media":"","overlay-type":"","overlay-color":"","overlay-opacity":"","overlay-gradient":""}},"footnotes":""},"wf_page_folders":[],"class_list":["post-281","page","type-page","status-publish","hentry"],"jetpack_sharing_enabled":true,"_links":{"self":[{"href":"https:\/\/losapostoles.org\/index.php\/wp-json\/wp\/v2\/pages\/281","targetHints":{"allow":["GET"]}}],"collection":[{"href":"https:\/\/losapostoles.org\/index.php\/wp-json\/wp\/v2\/pages"}],"about":[{"href":"https:\/\/losapostoles.org\/index.php\/wp-json\/wp\/v2\/types\/page"}],"author":[{"embeddable":true,"href":"https:\/\/losapostoles.org\/index.php\/wp-json\/wp\/v2\/users\/1"}],"replies":[{"embeddable":true,"href":"https:\/\/losapostoles.org\/index.php\/wp-json\/wp\/v2\/comments?post=281"}],"version-history":[{"count":13,"href":"https:\/\/losapostoles.org\/index.php\/wp-json\/wp\/v2\/pages\/281\/revisions"}],"predecessor-version":[{"id":369,"href":"https:\/\/losapostoles.org\/index.php\/wp-json\/wp\/v2\/pages\/281\/revisions\/369"}],"up":[{"embeddable":true,"href":"https:\/\/losapostoles.org\/index.php\/wp-json\/wp\/v2\/pages\/10"}],"wp:attachment":[{"href":"https:\/\/losapostoles.org\/index.php\/wp-json\/wp\/v2\/media?parent=281"}],"wp:term":[{"taxonomy":"wf_page_folders","embeddable":true,"href":"https:\/\/losapostoles.org\/index.php\/wp-json\/wp\/v2\/wf_page_folders?post=281"}],"curies":[{"name":"wp","href":"https:\/\/api.w.org\/{rel}","templated":true}]}}