{"id":2872,"date":"2021-02-04T17:23:17","date_gmt":"2021-02-04T16:23:17","guid":{"rendered":"http:\/\/losapostoles.org\/wordpress\/?page_id=2872"},"modified":"2021-04-24T20:02:29","modified_gmt":"2021-04-24T18:02:29","slug":"2016-quinta-subida-al-calvario","status":"publish","type":"page","link":"https:\/\/losapostoles.org\/index.php\/fotografias-2016\/2016-quinta-subida-al-calvario\/","title":{"rendered":"2016 &#8211; Quinta Subida al Calvario"},"content":{"rendered":"\t\t<div data-elementor-type=\"wp-page\" data-elementor-id=\"2872\" class=\"elementor elementor-2872\" data-elementor-post-type=\"page\">\n\t\t\t\t\t\t<section class=\"elementor-section elementor-top-section elementor-element elementor-element-9722e2e elementor-section-boxed elementor-section-height-default elementor-section-height-default\" data-id=\"9722e2e\" data-element_type=\"section\" data-e-type=\"section\">\n\t\t\t\t\t\t<div class=\"elementor-container elementor-column-gap-default\">\n\t\t\t\t\t<div class=\"elementor-column elementor-col-100 elementor-top-column elementor-element elementor-element-64e6934\" data-id=\"64e6934\" data-element_type=\"column\" data-e-type=\"column\">\n\t\t\t<div class=\"elementor-widget-wrap elementor-element-populated\">\n\t\t\t\t\t\t<div class=\"elementor-element elementor-element-a0116ea elementor-widget elementor-widget-heading\" data-id=\"a0116ea\" data-element_type=\"widget\" data-e-type=\"widget\" data-widget_type=\"heading.default\">\n\t\t\t\t<div class=\"elementor-widget-container\">\n\t\t\t\t\t<h2 class=\"elementor-heading-title elementor-size-default\">2016 -Quinta Subida al Calvario - Pan y Peces<\/h2>\t\t\t\t<\/div>\n\t\t\t\t<\/div>\n\t\t\t\t\t<\/div>\n\t\t<\/div>\n\t\t\t\t\t<\/div>\n\t\t<\/section>\n\t\t\t\t<section class=\"elementor-section elementor-top-section elementor-element elementor-element-8c54869 elementor-section-boxed elementor-section-height-default elementor-section-height-default\" data-id=\"8c54869\" data-element_type=\"section\" data-e-type=\"section\">\n\t\t\t\t\t\t<div class=\"elementor-container elementor-column-gap-default\">\n\t\t\t\t\t<div class=\"elementor-column elementor-col-100 elementor-top-column elementor-element elementor-element-56709cf\" data-id=\"56709cf\" data-element_type=\"column\" data-e-type=\"column\">\n\t\t\t<div class=\"elementor-widget-wrap elementor-element-populated\">\n\t\t\t\t\t\t<div class=\"elementor-element elementor-element-053dc7b elementor-widget-divider--view-line elementor-widget elementor-widget-divider\" data-id=\"053dc7b\" data-element_type=\"widget\" data-e-type=\"widget\" data-widget_type=\"divider.default\">\n\t\t\t\t<div class=\"elementor-widget-container\">\n\t\t\t\t\t\t\t<div class=\"elementor-divider\">\n\t\t\t<span class=\"elementor-divider-separator\">\n\t\t\t\t\t\t<\/span>\n\t\t<\/div>\n\t\t\t\t\t\t<\/div>\n\t\t\t\t<\/div>\n\t\t\t\t\t<\/div>\n\t\t<\/div>\n\t\t\t\t\t<\/div>\n\t\t<\/section>\n\t\t\t\t<section class=\"elementor-section elementor-top-section elementor-element elementor-element-e467e36 elementor-section-boxed elementor-section-height-default elementor-section-height-default\" data-id=\"e467e36\" data-element_type=\"section\" data-e-type=\"section\">\n\t\t\t\t\t\t<div class=\"elementor-container elementor-column-gap-default\">\n\t\t\t\t\t<div class=\"elementor-column elementor-col-100 elementor-top-column elementor-element elementor-element-d087986\" data-id=\"d087986\" data-element_type=\"column\" data-e-type=\"column\">\n\t\t\t<div class=\"elementor-widget-wrap elementor-element-populated\">\n\t\t\t\t\t\t<div class=\"elementor-element elementor-element-fbd15d9 elementor-widget elementor-widget-image\" data-id=\"fbd15d9\" data-element_type=\"widget\" data-e-type=\"widget\" data-widget_type=\"image.default\">\n\t\t\t\t<div class=\"elementor-widget-container\">\n\t\t\t\t\t\t\t\t\t\t\t\t\t\t\t<img fetchpriority=\"high\" decoding=\"async\" width=\"830\" height=\"480\" src=\"https:\/\/losapostoles.org\/wp-content\/uploads\/2021\/02\/Image00028.jpg\" class=\"attachment-large size-large wp-image-2874\" alt=\"\" srcset=\"https:\/\/losapostoles.org\/wp-content\/uploads\/2021\/02\/Image00028.jpg 830w, https:\/\/losapostoles.org\/wp-content\/uploads\/2021\/02\/Image00028-300x173.jpg 300w, https:\/\/losapostoles.org\/wp-content\/uploads\/2021\/02\/Image00028-768x444.jpg 768w\" sizes=\"(max-width: 830px) 100vw, 830px\" \/>\t\t\t\t\t\t\t\t\t\t\t\t\t\t\t<\/div>\n\t\t\t\t<\/div>\n\t\t\t\t\t<\/div>\n\t\t<\/div>\n\t\t\t\t\t<\/div>\n\t\t<\/section>\n\t\t\t\t<section class=\"elementor-section elementor-top-section elementor-element elementor-element-7f12b74 elementor-section-boxed elementor-section-height-default elementor-section-height-default\" data-id=\"7f12b74\" data-element_type=\"section\" data-e-type=\"section\">\n\t\t\t\t\t\t<div class=\"elementor-container elementor-column-gap-default\">\n\t\t\t\t\t<div class=\"elementor-column elementor-col-100 elementor-top-column elementor-element elementor-element-6cc49fd\" data-id=\"6cc49fd\" data-element_type=\"column\" data-e-type=\"column\">\n\t\t\t<div class=\"elementor-widget-wrap elementor-element-populated\">\n\t\t\t\t\t\t<div class=\"elementor-element elementor-element-d1fc638 elementor-widget elementor-widget-text-editor\" data-id=\"d1fc638\" data-element_type=\"widget\" data-e-type=\"widget\" data-widget_type=\"text-editor.default\">\n\t\t\t\t<div class=\"elementor-widget-container\">\n\t\t\t\t\t\t\t\t\t<table border=\"1\" width=\"50%\" align=\"center\"><tbody><tr><td><div align=\"center\"><strong>TURNO DE COCINA<\/strong><\/div><\/td><\/tr><tr><td><div align=\"center\">Gregorio Carmona Campos<\/div><\/td><\/tr><tr><td><div align=\"center\">Jos\u00e9 Angel Cerezo Mu\u00f1oz<\/div><\/td><\/tr><tr><td><div align=\"center\">Francisco S. Morales<\/div><\/td><\/tr><\/tbody><\/table>\t\t\t\t\t\t\t\t<\/div>\n\t\t\t\t<\/div>\n\t\t\t\t<div class=\"elementor-element elementor-element-7607ccc elementor-align-center elementor-widget elementor-widget-button\" data-id=\"7607ccc\" data-element_type=\"widget\" data-e-type=\"widget\" data-widget_type=\"button.default\">\n\t\t\t\t<div class=\"elementor-widget-container\">\n\t\t\t\t\t\t\t\t\t<div class=\"elementor-button-wrapper\">\n\t\t\t\t\t<a class=\"elementor-button elementor-button-link elementor-size-sm\" href=\"#\">\n\t\t\t\t\t\t<span class=\"elementor-button-content-wrapper\">\n\t\t\t\t\t\t\t\t\t<span class=\"elementor-button-text\">Pulse sobre las im\u00e1genes para ver el alb\u00fam completo<\/span>\n\t\t\t\t\t<\/span>\n\t\t\t\t\t<\/a>\n\t\t\t\t<\/div>\n\t\t\t\t\t\t\t\t<\/div>\n\t\t\t\t<\/div>\n\t\t\t\t\t<\/div>\n\t\t<\/div>\n\t\t\t\t\t<\/div>\n\t\t<\/section>\n\t\t\t\t<section class=\"elementor-section elementor-top-section elementor-element elementor-element-e2d8516 elementor-section-boxed elementor-section-height-default elementor-section-height-default\" data-id=\"e2d8516\" data-element_type=\"section\" data-e-type=\"section\">\n\t\t\t\t\t\t<div class=\"elementor-container elementor-column-gap-default\">\n\t\t\t\t\t<div class=\"elementor-column elementor-col-100 elementor-top-column elementor-element elementor-element-9020e20\" data-id=\"9020e20\" data-element_type=\"column\" data-e-type=\"column\">\n\t\t\t<div class=\"elementor-widget-wrap elementor-element-populated\">\n\t\t\t\t\t\t<div class=\"elementor-element elementor-element-08835ef elementor-widget elementor-widget-html\" data-id=\"08835ef\" data-element_type=\"widget\" data-e-type=\"widget\" data-widget_type=\"html.default\">\n\t\t\t\t<div class=\"elementor-widget-container\">\n\t\t\t\t\t<style>      div.simple-google-photos-grid {\n        width:100%;\n        height:100%;\n        overflow:hidden;\n      }\n      div.simple-google-photos-grid-cell {\n        box-sizing:border-box;\n        padding:5px;\n        float:left;\n      }\n      img.simple-google-photos-grid-image {\n        object-fit: cover;\n      }<\/style><div class=\"simple-google-photos-grid\"><div class=\"simple-google-photos-grid-cell\" style=\"width:33%\"><a href=\"https:\/\/photos.app.goo.gl\/vKU1V8LdtYTH3hZy6\" target=\"_blank\"><img decoding=\"async\" src=\"https:\/\/lh3.googleusercontent.com\/pw\/AP1GczNqi3jLQ6A98wzDqGdh6TMVwAM5yqqQjgCJ9TZABdENRFiPF-3GthDy_U-67tNV9V5LtqogndB1RUpFPF7YWb3S7OcU0UOG8YbhKHcEihX3KbWBswiq\" alt=\"Google Photo\" class=\"simple-google-photos-grid-image\"><\/a><\/div><div class=\"simple-google-photos-grid-cell\" style=\"width:33%\"><a href=\"https:\/\/photos.app.goo.gl\/vKU1V8LdtYTH3hZy6\" target=\"_blank\"><img decoding=\"async\" src=\"https:\/\/lh3.googleusercontent.com\/pw\/AP1GczNVEx1GBneOkKWdNIZ14I1t92Ki76x_7mVep-9lCj49wAQnQE5h28a7zC3cuC0org_jplqKESl_E4f28Lrk7XOAK_GnDU8VKB8x6Qc7CF4eUZ-SeCf2\" alt=\"Google Photo\" class=\"simple-google-photos-grid-image\"><\/a><\/div><div class=\"simple-google-photos-grid-cell\" style=\"width:33%\"><a href=\"https:\/\/photos.app.goo.gl\/vKU1V8LdtYTH3hZy6\" target=\"_blank\"><img decoding=\"async\" src=\"https:\/\/lh3.googleusercontent.com\/pw\/AP1GczO4p--Q1OH7lR-k1XugbieTbXaNTxjwZsW45lUe2irSR-doUsWYeEqSnZgZR-CxcZ9zHSc8EULmTVMqSqIJ1o2HIafoaurPKtk9aZ80iLZWkVEOrecI\" alt=\"Google Photo\" class=\"simple-google-photos-grid-image\"><\/a><\/div><div class=\"simple-google-photos-grid-cell\" style=\"width:33%\"><a href=\"https:\/\/photos.app.goo.gl\/vKU1V8LdtYTH3hZy6\" target=\"_blank\"><img decoding=\"async\" src=\"https:\/\/lh3.googleusercontent.com\/pw\/AP1GczNSmlzoN2WQsboBrwhMOYI_50qhbW9CAQNK6FkEJqu5tQpWXvlmp6ZR1wliLf0lyYbdJY10g69Neb2czkp9f_lj2The07ZZICwmJkv5VQZqWzBy-Htl\" alt=\"Google Photo\" class=\"simple-google-photos-grid-image\"><\/a><\/div><div class=\"simple-google-photos-grid-cell\" style=\"width:33%\"><a href=\"https:\/\/photos.app.goo.gl\/vKU1V8LdtYTH3hZy6\" target=\"_blank\"><img decoding=\"async\" src=\"https:\/\/lh3.googleusercontent.com\/pw\/AP1GczOf7R6wPZCGsDkyvruJEQ_aNO3wf-6fSb6BRzZgqb80BF3RUA0YDrIfGXdv0tAbS5rHPNp_xmt5bT3YbV6Q7-_5KR06zbq_J7jALoNXxkrPLqQK8goo\" alt=\"Google Photo\" class=\"simple-google-photos-grid-image\"><\/a><\/div><div class=\"simple-google-photos-grid-cell\" style=\"width:33%\"><a href=\"https:\/\/photos.app.goo.gl\/vKU1V8LdtYTH3hZy6\" target=\"_blank\"><img decoding=\"async\" src=\"https:\/\/lh3.googleusercontent.com\/pw\/AP1GczNKraWJM89eT7Iw0DiZ8W52vsEYj-XTp_JIiQ6i8UFrL6e6u3X-NWTyG8WhLDGnTYScm1sSVqh3_UMbkq-qAw0H81wb_xzh7mO86IETBGi4UeIWCicw\" alt=\"Google Photo\" class=\"simple-google-photos-grid-image\"><\/a><\/div><\/div><script>      (function() {\n        if( window.jQuery ){\n          jQuery( document ).ready(function() {\n            jQuery(\"div.simple-google-photos-grid\").each(function(i){\n              var container = jQuery(this);\n              var width = container.find(\"div.simple-google-photos-grid-cell\").first().width();\n              container.find(\"img.simple-google-photos-grid-image\").css(\"width\", width).css(\"height\", width);\n            });\n          });\n        }\n      })();<\/script>\t\t\t\t<\/div>\n\t\t\t\t<\/div>\n\t\t\t\t\t<\/div>\n\t\t<\/div>\n\t\t\t\t\t<\/div>\n\t\t<\/section>\n\t\t\t\t<section class=\"elementor-section elementor-top-section elementor-element elementor-element-675fd1f elementor-section-boxed elementor-section-height-default elementor-section-height-default\" data-id=\"675fd1f\" data-element_type=\"section\" data-e-type=\"section\">\n\t\t\t\t\t\t<div class=\"elementor-container elementor-column-gap-default\">\n\t\t\t\t\t<div class=\"elementor-column elementor-col-100 elementor-top-column elementor-element elementor-element-5224887\" data-id=\"5224887\" data-element_type=\"column\" data-e-type=\"column\">\n\t\t\t<div class=\"elementor-widget-wrap elementor-element-populated\">\n\t\t\t\t\t\t<div class=\"elementor-element elementor-element-6b6848b elementor-button-success elementor-align-right elementor-widget elementor-widget-button\" data-id=\"6b6848b\" data-element_type=\"widget\" data-e-type=\"widget\" data-widget_type=\"button.default\">\n\t\t\t\t<div class=\"elementor-widget-container\">\n\t\t\t\t\t\t\t\t\t<div class=\"elementor-button-wrapper\">\n\t\t\t\t\t<a class=\"elementor-button elementor-button-link elementor-size-sm\" href=\"https:\/\/losapostoles.org\/wordpress\/index.php\/fotografias-2016\/\">\n\t\t\t\t\t\t<span class=\"elementor-button-content-wrapper\">\n\t\t\t\t\t\t\t\t\t<span class=\"elementor-button-text\">Retorno a fotos 2016<\/span>\n\t\t\t\t\t<\/span>\n\t\t\t\t\t<\/a>\n\t\t\t\t<\/div>\n\t\t\t\t\t\t\t\t<\/div>\n\t\t\t\t<\/div>\n\t\t\t\t\t<\/div>\n\t\t<\/div>\n\t\t\t\t\t<\/div>\n\t\t<\/section>\n\t\t\t\t<\/div>\n\t\t","protected":false},"excerpt":{"rendered":"<p>2016 -Quinta Subida al Calvario &#8211; Pan y Peces TURNO DE COCINA Gregorio Carmona Campos Jos\u00e9 Angel Cerezo Mu\u00f1oz Francisco S. Morales Pulse sobre las im\u00e1genes para ver el alb\u00fam completo Retorno a fotos 2016<\/p>\n","protected":false},"author":1,"featured_media":0,"parent":2828,"menu_order":0,"comment_status":"closed","ping_status":"closed","template":"","meta":{"site-sidebar-layout":"no-sidebar","site-content-layout":"page-builder","ast-site-content-layout":"","site-content-style":"default","site-sidebar-style":"default","ast-global-header-display":"","ast-banner-title-visibility":"","ast-main-header-display":"","ast-hfb-above-header-display":"","ast-hfb-below-header-display":"","ast-hfb-mobile-header-display":"","site-post-title":"disabled","ast-breadcrumbs-content":"","ast-featured-img":"disabled","footer-sml-layout":"","theme-transparent-header-meta":"default","adv-header-id-meta":"","stick-header-meta":"","header-above-stick-meta":"","header-main-stick-meta":"","header-below-stick-meta":"","astra-migrate-meta-layouts":"default","ast-page-background-enabled":"default","ast-page-background-meta":{"desktop":{"background-color":"","background-image":"","background-repeat":"repeat","background-position":"center center","background-size":"auto","background-attachment":"scroll","background-type":"","background-media":"","overlay-type":"","overlay-color":"","overlay-opacity":"","overlay-gradient":""},"tablet":{"background-color":"","background-image":"","background-repeat":"repeat","background-position":"center center","background-size":"auto","background-attachment":"scroll","background-type":"","background-media":"","overlay-type":"","overlay-color":"","overlay-opacity":"","overlay-gradient":""},"mobile":{"background-color":"","background-image":"","background-repeat":"repeat","background-position":"center center","background-size":"auto","background-attachment":"scroll","background-type":"","background-media":"","overlay-type":"","overlay-color":"","overlay-opacity":"","overlay-gradient":""}},"ast-content-background-meta":{"desktop":{"background-color":"var(--ast-global-color-5)","background-image":"","background-repeat":"repeat","background-position":"center center","background-size":"auto","background-attachment":"scroll","background-type":"","background-media":"","overlay-type":"","overlay-color":"","overlay-opacity":"","overlay-gradient":""},"tablet":{"background-color":"var(--ast-global-color-5)","background-image":"","background-repeat":"repeat","background-position":"center center","background-size":"auto","background-attachment":"scroll","background-type":"","background-media":"","overlay-type":"","overlay-color":"","overlay-opacity":"","overlay-gradient":""},"mobile":{"background-color":"var(--ast-global-color-5)","background-image":"","background-repeat":"repeat","background-position":"center center","background-size":"auto","background-attachment":"scroll","background-type":"","background-media":"","overlay-type":"","overlay-color":"","overlay-opacity":"","overlay-gradient":""}},"footnotes":""},"wf_page_folders":[18],"class_list":["post-2872","page","type-page","status-publish","hentry"],"jetpack_sharing_enabled":true,"_links":{"self":[{"href":"https:\/\/losapostoles.org\/index.php\/wp-json\/wp\/v2\/pages\/2872","targetHints":{"allow":["GET"]}}],"collection":[{"href":"https:\/\/losapostoles.org\/index.php\/wp-json\/wp\/v2\/pages"}],"about":[{"href":"https:\/\/losapostoles.org\/index.php\/wp-json\/wp\/v2\/types\/page"}],"author":[{"embeddable":true,"href":"https:\/\/losapostoles.org\/index.php\/wp-json\/wp\/v2\/users\/1"}],"replies":[{"embeddable":true,"href":"https:\/\/losapostoles.org\/index.php\/wp-json\/wp\/v2\/comments?post=2872"}],"version-history":[{"count":5,"href":"https:\/\/losapostoles.org\/index.php\/wp-json\/wp\/v2\/pages\/2872\/revisions"}],"predecessor-version":[{"id":2878,"href":"https:\/\/losapostoles.org\/index.php\/wp-json\/wp\/v2\/pages\/2872\/revisions\/2878"}],"up":[{"embeddable":true,"href":"https:\/\/losapostoles.org\/index.php\/wp-json\/wp\/v2\/pages\/2828"}],"wp:attachment":[{"href":"https:\/\/losapostoles.org\/index.php\/wp-json\/wp\/v2\/media?parent=2872"}],"wp:term":[{"taxonomy":"wf_page_folders","embeddable":true,"href":"https:\/\/losapostoles.org\/index.php\/wp-json\/wp\/v2\/wf_page_folders?post=2872"}],"curies":[{"name":"wp","href":"https:\/\/api.w.org\/{rel}","templated":true}]}}