{"id":311,"date":"2020-12-27T20:26:04","date_gmt":"2020-12-27T20:26:04","guid":{"rendered":"http:\/\/losapostoles.org\/wordpress\/?page_id=311"},"modified":"2020-12-28T11:43:07","modified_gmt":"2020-12-28T11:43:07","slug":"auto-draft","status":"publish","type":"page","link":"https:\/\/losapostoles.org\/index.php\/corporacion\/auto-draft\/","title":{"rendered":"Nuestros Carteles"},"content":{"rendered":"<p><!--vcv no format--><\/p>\n<div class=\"vce-row-container\" data-vce-boxed-width=\"true\">\n<div class=\"vce-row vce-row--col-gap-30 vce-row-equal-height vce-row-columns--top vce-row-content--top\" id=\"el-707f94e5\" data-vce-do-apply=\"all el-707f94e5\">\n<div class=\"vce-row-content\" data-vce-element-content=\"true\">\n<div class=\"vce-col vce-col--md-auto vce-col--xs-1 vce-col--xs-last vce-col--xs-first vce-col--sm-last vce-col--sm-first vce-col--md-first vce-col--lg-first vce-col--xl-first\" id=\"el-4ae06221\">\n<div class=\"vce-col-inner\" data-vce-do-apply=\"border margin background  el-4ae06221\">\n<div class=\"vce-col-content\" data-vce-element-content=\"true\" data-vce-do-apply=\"padding el-4ae06221\">\n<div class=\"vce-single-image-container vce-single-image--align-left\">\n<div class=\"vce vce-single-image-wrapper\" id=\"el-5f9533d8\" data-vce-do-apply=\"all el-5f9533d8\">\n<figure>\n<div class=\"vce-single-image-inner vce-single-image--absolute\" style=\"padding-bottom: 138.909%; width: 275px;\"><img fetchpriority=\"high\" decoding=\"async\" class=\"vce-single-image\" width=\"275\" height=\"382\" src=\"|!|vcvUploadUrl|!|\/2020\/12\/1975-275x382.jpg\" srcset=\"|!|vcvUploadUrl|!|\/2020\/12\/1975-275x382.jpg 275w\" data-img-src=\"|!|vcvUploadUrl|!|\/2020\/12\/1975.jpg\" alt=\"\" title=\"1975\" \/><\/div><figcaption hidden=\"\"><\/figcaption><\/figure>\n<\/div>\n<\/div>\n<div class=\"vce vce-separator-container vce-separator--align-center vce-separator--style-solid\" id=\"el-ad8a2bf6\" data-vce-do-apply=\"margin el-ad8a2bf6\">\n<div class=\"vce-separator vce-separator--color-bfc0c1 vce-separator--width-60 vce-separator--thickness-1\" data-vce-do-apply=\"border padding background  el-ad8a2bf6\"><\/div>\n<\/div>\n<\/div>\n<\/div>\n<\/div>\n<div class=\"vce-col vce-col--md-auto vce-col--xs-1 vce-col--xs-last vce-col--xs-first vce-col--sm-last vce-col--sm-first vce-col--md-last vce-col--lg-last vce-col--xl-last\" id=\"el-25eb4eac\">\n<div class=\"vce-col-inner\" data-vce-do-apply=\"border margin background  el-25eb4eac\">\n<div class=\"vce-col-content\" data-vce-element-content=\"true\" data-vce-do-apply=\"padding el-25eb4eac\">\n<div class=\"vce-text-block\">\n<div class=\"vce-text-block-wrapper vce\" id=\"el-c7dd43bc\" data-vce-do-apply=\"all el-c7dd43bc\">\n<h2><span style=\"vertical-align: inherit;\"><span style=\"vertical-align: inherit;\"><span style=\"vertical-align: inherit;\"><span style=\"vertical-align: inherit;\"><span style=\"vertical-align: inherit;\"><span style=\"vertical-align: inherit;\">Cartel Anunciador de la Semana Santa 1975<\/span><\/span><\/span><\/span><\/span><\/span><\/h2>\n<p style=\"padding-left: 40px;\"><span style=\"vertical-align: inherit;\"><span style=\"vertical-align: inherit;\"><span style=\"vertical-align: inherit;\"><span style=\"vertical-align: inherit;\">Se representa al Demonio y Muerte, junto a los Tambores. <\/span><\/span><\/span><span style=\"vertical-align: inherit;\"><span style=\"vertical-align: inherit;\"><span style=\"vertical-align: inherit;\">Este cartel hace alusi\u00f3n a la procesi\u00f3n del Viernes Santo &#8211; Noche \/\/ <\/span><\/span><\/span><\/span><span class=\"smallText\"><span style=\"vertical-align: inherit;\"><span style=\"vertical-align: inherit;\"><span style=\"vertical-align: inherit;\"><span style=\"vertical-align: inherit;\">Para m\u00e1s informaci\u00f3n, consulta el apartado de Figuras \/ demonio y Muerte.<\/span><\/span><\/span><\/span><\/span>&nbsp;<\/p>\n<p><span style=\"vertical-align: inherit;\"><span style=\"vertical-align: inherit;\">Autor: Julio C\u00e1mara<\/span><\/span><\/p>\n<\/div>\n<\/div>\n<div class=\"vce-button--style-outline-container vce-button--style-outline-container--align-center\"><span class=\"vce-button--style-outline-wrapper vce\" id=\"el-8046f2f6\" data-vce-do-apply=\"margin el-8046f2f6\"><a class=\"vce-button--style-outline-animated vce-button--style-outline--border-round vce-button--style-outline--size-medium vce-button--style-outline-animated--color-b-109-30-30--fff--3d3d3d vce-button--style-outline-animated--border-color-b-109-30-30--3d3d3d vce-button--style-outline-animated--background-color-b-77-209-171\" href=\"https:\/\/losapostoles.org\/wordpress\/carteles\/1975.jpg\" title=\"\" data-vce-do-apply=\"padding border background  el-8046f2f6\" target=\"_blank\" rel=\"noopener\"><span class=\"vce-button--style-outline-text\"><font style=\"vertical-align: inherit;\"><font style=\"vertical-align: inherit;\">Descargue cartel 1975<\/font><\/font><\/span><\/a><\/span><\/div>\n<div class=\"vce vce-separator-container vce-separator--align-center vce-separator--style-solid\" id=\"el-7349f77d\" data-vce-do-apply=\"margin el-7349f77d\">\n<div class=\"vce-separator vce-separator--color-bfc0c1 vce-separator--width-60 vce-separator--thickness-1\" data-vce-do-apply=\"border padding background  el-7349f77d\"><\/div>\n<\/div>\n<\/div>\n<\/div>\n<\/div>\n<\/div>\n<\/div>\n<\/div>\n<div class=\"vce-row-container\" data-vce-boxed-width=\"true\">\n<div class=\"vce-row vce-row--col-gap-30 vce-row-equal-height vce-row-columns--top vce-row-content--top\" id=\"el-0b471ce8\" data-vce-do-apply=\"all el-0b471ce8\">\n<div class=\"vce-row-content\" data-vce-element-content=\"true\">\n<div class=\"vce-col vce-col--md-auto vce-col--xs-1 vce-col--xs-last vce-col--xs-first vce-col--sm-last vce-col--sm-first vce-col--md-first vce-col--lg-first vce-col--xl-first\" id=\"el-984431e8\">\n<div class=\"vce-col-inner\" data-vce-do-apply=\"border margin background  el-984431e8\">\n<div class=\"vce-col-content\" data-vce-element-content=\"true\" data-vce-do-apply=\"padding el-984431e8\">\n<div class=\"vce-single-image-container vce-single-image--align-left\">\n<div class=\"vce vce-single-image-wrapper\" id=\"el-1987023f\" data-vce-do-apply=\"all el-1987023f\">\n<figure>\n<div class=\"vce-single-image-inner vce-single-image--absolute vce-single-image--border-rounded\" style=\"padding-bottom: 138.909%; width: 275px;\"><img decoding=\"async\" class=\"vce-single-image\" width=\"275\" height=\"382\" src=\"|!|vcvUploadUrl|!|\/2020\/12\/1982-275x382.jpg\" srcset=\"|!|vcvUploadUrl|!|\/2020\/12\/1982-275x382.jpg 275w\" data-img-src=\"|!|vcvUploadUrl|!|\/2020\/12\/1982.jpg\" alt=\"\" title=\"1982\" \/><\/div><figcaption hidden=\"\"><\/figcaption><\/figure>\n<\/div>\n<\/div>\n<div class=\"vce vce-separator-container vce-separator--align-center vce-separator--style-solid\" id=\"el-a585f17e\" data-vce-do-apply=\"margin el-a585f17e\">\n<div class=\"vce-separator vce-separator--color-bfc0c1 vce-separator--width-60 vce-separator--thickness-1\" data-vce-do-apply=\"border padding background  el-a585f17e\"><\/div>\n<\/div>\n<\/div>\n<\/div>\n<\/div>\n<div class=\"vce-col vce-col--md-auto vce-col--xs-1 vce-col--xs-last vce-col--xs-first vce-col--sm-last vce-col--sm-first vce-col--md-last vce-col--lg-last vce-col--xl-last\" id=\"el-aa50d40a\">\n<div class=\"vce-col-inner\" data-vce-do-apply=\"border margin background  el-aa50d40a\">\n<div class=\"vce-col-content\" data-vce-element-content=\"true\" data-vce-do-apply=\"padding el-aa50d40a\">\n<div class=\"vce-text-block\">\n<div class=\"vce-text-block-wrapper vce\" id=\"el-a61c9bf9\" data-vce-do-apply=\"all el-a61c9bf9\">\n<h2><span style=\"vertical-align: inherit;\"><span style=\"vertical-align: inherit;\">Cartel anunciador de la Semana Santa 1.982<\/span><\/span><\/h2>\n<p style=\"padding-left: 40px;\"><span style=\"vertical-align: inherit;\"><span style=\"vertical-align: inherit;\"><span style=\"vertical-align: inherit;\"><span style=\"vertical-align: inherit;\">Fotograf\u00eda, donde se contempla a San Pedro, figura principal de la Corporaci\u00f3n, teniendo a sus espaldas el Santuario de Jes\u00fas Nazareno; <\/span><span style=\"vertical-align: inherit;\">San Pedro porta las llaves, como s\u00edmbolo de Fundador y Piedra principal de la Iglesia. <\/span><span style=\"vertical-align: inherit;\">&#8211;&nbsp;<\/span><\/span><\/span><\/span><\/p>\n<p>Autor: Fotograf\u00eda Rios.<\/p>\n<\/div>\n<\/div>\n<div class=\"vce-button--style-outline-container vce-button--style-outline-container--align-center\"><span class=\"vce-button--style-outline-wrapper vce\" id=\"el-c8503254\" data-vce-do-apply=\"margin el-c8503254\"><a class=\"vce-button--style-outline-animated vce-button--style-outline--border-round vce-button--style-outline--size-medium vce-button--style-outline-animated--color-b-70-7-7--fff--3d3d3d vce-button--style-outline-animated--border-color-b-109-30-30--3d3d3d vce-button--style-outline-animated--background-color-b-77-209-171\" href=\"https:\/\/losapostoles.org\/wordpress\/carteles\/1982.jpg\" title=\"\" target=\"_blank\" data-vce-do-apply=\"padding border background  el-c8503254\" rel=\"noopener\"><span class=\"vce-button--style-outline-text\"><font style=\"vertical-align: inherit;\"><font style=\"vertical-align: inherit;\">Descargue cartel 1982<\/font><\/font><\/span><\/a><\/span><\/div>\n<div class=\"vce vce-separator-container vce-separator--align-center vce-separator--style-solid\" id=\"el-d615b56e\" data-vce-do-apply=\"margin el-d615b56e\">\n<div class=\"vce-separator vce-separator--color-bfc0c1 vce-separator--width-60 vce-separator--thickness-1\" data-vce-do-apply=\"border padding background  el-d615b56e\"><\/div>\n<\/div>\n<\/div>\n<\/div>\n<\/div>\n<\/div>\n<\/div>\n<\/div>\n<div class=\"vce-row-container\" data-vce-boxed-width=\"true\">\n<div class=\"vce-row vce-row--col-gap-30 vce-row-equal-height vce-row-columns--top vce-row-content--top\" id=\"el-ed595496\" data-vce-do-apply=\"all el-ed595496\">\n<div class=\"vce-row-content\" data-vce-element-content=\"true\">\n<div class=\"vce-col vce-col--md-auto vce-col--xs-1 vce-col--xs-last vce-col--xs-first vce-col--sm-last vce-col--sm-first vce-col--md-first vce-col--lg-first vce-col--xl-first\" id=\"el-7290f8fa\">\n<div class=\"vce-col-inner\" data-vce-do-apply=\"border margin background  el-7290f8fa\">\n<div class=\"vce-col-content\" data-vce-element-content=\"true\" data-vce-do-apply=\"padding el-7290f8fa\"><\/div>\n<\/div>\n<\/div>\n<div class=\"vce-col vce-col--md-auto vce-col--xs-1 vce-col--xs-last vce-col--xs-first vce-col--sm-last vce-col--sm-first vce-col--md-last vce-col--lg-last vce-col--xl-last\" id=\"el-03bf72f2\">\n<div class=\"vce-col-inner\" data-vce-do-apply=\"border margin background  el-03bf72f2\">\n<div class=\"vce-col-content\" data-vce-element-content=\"true\" data-vce-do-apply=\"padding el-03bf72f2\"><\/div>\n<\/div>\n<\/div>\n<\/div>\n<\/div>\n<\/div>\n<div class=\"vce-row-container\" data-vce-boxed-width=\"true\">\n<div class=\"vce-row vce-row--col-gap-30 vce-row-equal-height vce-row-columns--top vce-row-content--top\" id=\"el-9d9b9160\" data-vce-do-apply=\"all el-9d9b9160\">\n<div class=\"vce-row-content\" data-vce-element-content=\"true\">\n<div class=\"vce-col vce-col--md-auto vce-col--xs-1 vce-col--xs-last vce-col--xs-first vce-col--sm-last vce-col--sm-first vce-col--md-first vce-col--lg-first vce-col--xl-first\" id=\"el-5f74bc89\">\n<div class=\"vce-col-inner\" data-vce-do-apply=\"border margin background  el-5f74bc89\">\n<div class=\"vce-col-content\" data-vce-element-content=\"true\" data-vce-do-apply=\"padding el-5f74bc89\">\n<div class=\"vce-single-image-container vce-single-image--align-left\">\n<div class=\"vce vce-single-image-wrapper\" id=\"el-85f82825\" data-vce-do-apply=\"all el-85f82825\">\n<figure>\n<div class=\"vce-single-image-inner vce-single-image--absolute\" style=\"padding-bottom: 150.182%; width: 275px;\"><img decoding=\"async\" class=\"vce-single-image\" width=\"275\" height=\"413\" src=\"|!|vcvUploadUrl|!|\/2020\/12\/2005-275x413.jpg\" srcset=\"|!|vcvUploadUrl|!|\/2020\/12\/2005-275x413.jpg 275w\" data-img-src=\"|!|vcvUploadUrl|!|\/2020\/12\/2005.jpg\" alt=\"\" title=\"2005\" \/><\/div><figcaption hidden=\"\"><\/figcaption><\/figure>\n<\/div>\n<\/div>\n<div class=\"vce vce-separator-container vce-separator--align-center vce-separator--style-solid\" id=\"el-4c6efd78\" data-vce-do-apply=\"margin el-4c6efd78\">\n<div class=\"vce-separator vce-separator--color-bfc0c1 vce-separator--width-60 vce-separator--thickness-1\" data-vce-do-apply=\"border padding background  el-4c6efd78\"><\/div>\n<\/div>\n<\/div>\n<\/div>\n<\/div>\n<div class=\"vce-col vce-col--md-auto vce-col--xs-1 vce-col--xs-last vce-col--xs-first vce-col--sm-last vce-col--sm-first vce-col--md-last vce-col--lg-last vce-col--xl-last\" id=\"el-b4b43525\">\n<div class=\"vce-col-inner\" data-vce-do-apply=\"border margin background  el-b4b43525\">\n<div class=\"vce-col-content\" data-vce-element-content=\"true\" data-vce-do-apply=\"padding el-b4b43525\">\n<div class=\"vce-text-block\">\n<div class=\"vce-text-block-wrapper vce\" id=\"el-a7d4053f\" data-vce-do-apply=\"all el-a7d4053f\">\n<h2>Cartel anunciador de la Semana Santa 2.005<\/h2>\n<p>&nbsp;<\/p>\n<p style=\"padding-left: 40px;\">Es una fotograf\u00eda (montaje)donde se contempla al Demonio y a la muerte, junto a los picoruchos la noche del Viernes Santo, dejando atr\u00e1s a la imagen del Cristo de la Buena Muerte<\/p>\n<p>Autor: Juan Fco. Leiva L\u00f3pez, cuyo padre perteneci\u00f3 a nuestra Corporaci\u00f3n.<\/p>\n<\/div>\n<\/div>\n<div class=\"vce-button--style-outline-container vce-button--style-outline-container--align-center\"><span class=\"vce-button--style-outline-wrapper vce\" id=\"el-5325da8d\" data-vce-do-apply=\"margin el-5325da8d\"><a class=\"vce-button--style-outline-animated vce-button--style-outline--border-round vce-button--style-outline--size-medium vce-button--style-outline-animated--color-b-85-85-85--empty--3d3d3d vce-button--style-outline-animated--border-color-b-70-7-7--3d3d3d vce-button--style-outline-animated--background-color-b-77-209-171\" href=\"https:\/\/losapostoles.org\/wordpress\/carteles\/2005.jpg\" title=\"\" target=\"_blank\" data-vce-do-apply=\"padding border background  el-5325da8d\" rel=\"noopener\"><span class=\"vce-button--style-outline-text\"><font style=\"vertical-align: inherit;\"><font style=\"vertical-align: inherit;\">Descarga cartel 2005<\/font><\/font><\/span><\/a><\/span><\/div>\n<div class=\"vce vce-separator-container vce-separator--align-center vce-separator--style-solid\" id=\"el-74a8a4ba\" data-vce-do-apply=\"margin el-74a8a4ba\">\n<div class=\"vce-separator vce-separator--color-bfc0c1 vce-separator--width-60 vce-separator--thickness-1\" data-vce-do-apply=\"border padding background  el-74a8a4ba\"><\/div>\n<\/div>\n<\/div>\n<\/div>\n<\/div>\n<\/div>\n<\/div>\n<\/div>\n<p><!--vcv no format--><!-- Created with Elementor --><!-- Created with Elementor --><\/p>\n","protected":false},"excerpt":{"rendered":"<p>Cartel Anunciador de la Semana Santa 1975 Se representa al Demonio y Muerte, junto a los Tambores. Este cartel hace alusi\u00f3n a la procesi\u00f3n del Viernes Santo &#8211; Noche \/\/ Para m\u00e1s informaci\u00f3n, consulta el apartado de Figuras \/ demonio y Muerte.&nbsp; Autor: Julio C\u00e1mara Descargue cartel 1975 Cartel anunciador de la Semana Santa 1.982 [&hellip;]<\/p>\n","protected":false},"author":1,"featured_media":0,"parent":10,"menu_order":0,"comment_status":"closed","ping_status":"closed","template":"","meta":{"site-sidebar-layout":"default","site-content-layout":"default","ast-site-content-layout":"","site-content-style":"default","site-sidebar-style":"default","ast-global-header-display":"","ast-banner-title-visibility":"","ast-main-header-display":"","ast-hfb-above-header-display":"","ast-hfb-below-header-display":"","ast-hfb-mobile-header-display":"","site-post-title":"","ast-breadcrumbs-content":"","ast-featured-img":"","footer-sml-layout":"","theme-transparent-header-meta":"default","adv-header-id-meta":"","stick-header-meta":"","header-above-stick-meta":"","header-main-stick-meta":"","header-below-stick-meta":"","astra-migrate-meta-layouts":"default","ast-page-background-enabled":"default","ast-page-background-meta":{"desktop":{"background-color":"","background-image":"","background-repeat":"repeat","background-position":"center center","background-size":"auto","background-attachment":"scroll","background-type":"","background-media":"","overlay-type":"","overlay-color":"","overlay-opacity":"","overlay-gradient":""},"tablet":{"background-color":"","background-image":"","background-repeat":"repeat","background-position":"center center","background-size":"auto","background-attachment":"scroll","background-type":"","background-media":"","overlay-type":"","overlay-color":"","overlay-opacity":"","overlay-gradient":""},"mobile":{"background-color":"","background-image":"","background-repeat":"repeat","background-position":"center center","background-size":"auto","background-attachment":"scroll","background-type":"","background-media":"","overlay-type":"","overlay-color":"","overlay-opacity":"","overlay-gradient":""}},"ast-content-background-meta":{"desktop":{"background-color":"var(--ast-global-color-5)","background-image":"","background-repeat":"repeat","background-position":"center center","background-size":"auto","background-attachment":"scroll","background-type":"","background-media":"","overlay-type":"","overlay-color":"","overlay-opacity":"","overlay-gradient":""},"tablet":{"background-color":"var(--ast-global-color-5)","background-image":"","background-repeat":"repeat","background-position":"center center","background-size":"auto","background-attachment":"scroll","background-type":"","background-media":"","overlay-type":"","overlay-color":"","overlay-opacity":"","overlay-gradient":""},"mobile":{"background-color":"var(--ast-global-color-5)","background-image":"","background-repeat":"repeat","background-position":"center center","background-size":"auto","background-attachment":"scroll","background-type":"","background-media":"","overlay-type":"","overlay-color":"","overlay-opacity":"","overlay-gradient":""}},"footnotes":""},"wf_page_folders":[],"class_list":["post-311","page","type-page","status-publish","hentry"],"jetpack_sharing_enabled":true,"_links":{"self":[{"href":"https:\/\/losapostoles.org\/index.php\/wp-json\/wp\/v2\/pages\/311","targetHints":{"allow":["GET"]}}],"collection":[{"href":"https:\/\/losapostoles.org\/index.php\/wp-json\/wp\/v2\/pages"}],"about":[{"href":"https:\/\/losapostoles.org\/index.php\/wp-json\/wp\/v2\/types\/page"}],"author":[{"embeddable":true,"href":"https:\/\/losapostoles.org\/index.php\/wp-json\/wp\/v2\/users\/1"}],"replies":[{"embeddable":true,"href":"https:\/\/losapostoles.org\/index.php\/wp-json\/wp\/v2\/comments?post=311"}],"version-history":[{"count":8,"href":"https:\/\/losapostoles.org\/index.php\/wp-json\/wp\/v2\/pages\/311\/revisions"}],"predecessor-version":[{"id":409,"href":"https:\/\/losapostoles.org\/index.php\/wp-json\/wp\/v2\/pages\/311\/revisions\/409"}],"up":[{"embeddable":true,"href":"https:\/\/losapostoles.org\/index.php\/wp-json\/wp\/v2\/pages\/10"}],"wp:attachment":[{"href":"https:\/\/losapostoles.org\/index.php\/wp-json\/wp\/v2\/media?parent=311"}],"wp:term":[{"taxonomy":"wf_page_folders","embeddable":true,"href":"https:\/\/losapostoles.org\/index.php\/wp-json\/wp\/v2\/wf_page_folders?post=311"}],"curies":[{"name":"wp","href":"https:\/\/api.w.org\/{rel}","templated":true}]}}