{"id":361,"date":"2020-12-28T10:36:50","date_gmt":"2020-12-28T10:36:50","guid":{"rendered":"http:\/\/losapostoles.org\/wordpress\/?page_id=361"},"modified":"2021-04-23T23:33:54","modified_gmt":"2021-04-23T21:33:54","slug":"visita-al-cuartel","status":"publish","type":"page","link":"https:\/\/losapostoles.org\/index.php\/corporacion\/visita-al-cuartel\/","title":{"rendered":"Visita al cuartel."},"content":{"rendered":"\t\t<div data-elementor-type=\"wp-page\" data-elementor-id=\"361\" class=\"elementor elementor-361\" data-elementor-post-type=\"page\">\n\t\t\t\t\t\t<section class=\"elementor-section elementor-top-section elementor-element elementor-element-f0bbef9 elementor-section-boxed elementor-section-height-default elementor-section-height-default\" data-id=\"f0bbef9\" data-element_type=\"section\" data-e-type=\"section\">\n\t\t\t\t\t\t<div class=\"elementor-container elementor-column-gap-default\">\n\t\t\t\t\t<div class=\"elementor-column elementor-col-100 elementor-top-column elementor-element elementor-element-7b94cc5\" data-id=\"7b94cc5\" data-element_type=\"column\" data-e-type=\"column\">\n\t\t\t<div class=\"elementor-widget-wrap elementor-element-populated\">\n\t\t\t\t\t\t<div class=\"elementor-element elementor-element-3e15a1a elementor-widget elementor-widget-spacer\" data-id=\"3e15a1a\" data-element_type=\"widget\" data-e-type=\"widget\" data-widget_type=\"spacer.default\">\n\t\t\t\t<div class=\"elementor-widget-container\">\n\t\t\t\t\t\t\t<div class=\"elementor-spacer\">\n\t\t\t<div class=\"elementor-spacer-inner\"><\/div>\n\t\t<\/div>\n\t\t\t\t\t\t<\/div>\n\t\t\t\t<\/div>\n\t\t\t\t<div class=\"elementor-element elementor-element-67c53f3 elementor-widget elementor-widget-image\" data-id=\"67c53f3\" data-element_type=\"widget\" data-e-type=\"widget\" data-widget_type=\"image.default\">\n\t\t\t\t<div class=\"elementor-widget-container\">\n\t\t\t\t\t\t\t\t\t\t\t\t\t\t\t<img decoding=\"async\" width=\"110\" height=\"165\" src=\"https:\/\/losapostoles.org\/wp-content\/uploads\/2020\/12\/fotoscuartel.jpg\" class=\"attachment-large size-large wp-image-136\" alt=\"\" \/>\t\t\t\t\t\t\t\t\t\t\t\t\t\t\t<\/div>\n\t\t\t\t<\/div>\n\t\t\t\t<div class=\"elementor-element elementor-element-303f4ae elementor-widget elementor-widget-text-editor\" data-id=\"303f4ae\" data-element_type=\"widget\" data-e-type=\"widget\" data-widget_type=\"text-editor.default\">\n\t\t\t\t<div class=\"elementor-widget-container\">\n\t\t\t\t\t\t\t\t\t<p style=\"text-align: center;\" align=\"justify\"><strong><span style=\"vertical-align: inherit;\"><span style=\"vertical-align: inherit;\">TEN\u00c9IS UN CUARTEL SE\u00d1ERO<\/span><\/span><\/strong><\/p><p style=\"text-align: center;\" align=\"justify\"><strong><span style=\"vertical-align: inherit;\"><span style=\"vertical-align: inherit;\">AMPLIO, BONITO Y HERMOSO<\/span><\/span><\/strong><\/p><p style=\"text-align: center;\" align=\"justify\"><strong><span style=\"vertical-align: inherit;\"><span style=\"vertical-align: inherit;\">EN PLAZA MIGUEL ROMERO<\/span><\/span><\/strong><\/p><p style=\"text-align: center;\" align=\"justify\"><strong><span style=\"vertical-align: inherit;\"><span style=\"vertical-align: inherit;\">EL POETA MANANTERO<\/span><\/span><\/strong><\/p><p style=\"text-align: center;\" align=\"justify\"><strong><span style=\"vertical-align: inherit;\"><span style=\"vertical-align: inherit;\">MAS PONTANES Y GLORIOSO<\/span><\/span><\/strong><\/p><p align=\"justify\"><span style=\"vertical-align: inherit;\"><span style=\"vertical-align: inherit;\">As\u00ed, se expresaba el inolvidable poeta local Antonio Serrano en su Preg\u00f3n de Semana Santa de 1.976 en un poema dedicado a la Corporaci\u00f3n de los Ap\u00f3stoles y creo sinceramente que es verdad. <\/span><span style=\"vertical-align: inherit;\">Tenemos un cuartel amplio, bonito y hermoso. <\/span><span style=\"vertical-align: inherit;\">Lo de la Plaza ya ha cambiado de nombre, pero eso no viene al caso &#8230;&#8230;..<\/span><\/span><\/p><p align=\"justify\"><span style=\"vertical-align: inherit;\"><span style=\"vertical-align: inherit;\">La C\u00f3rporaci\u00f3n de los Ap\u00f3stoles, ha tenido como otras muchas &#8211; diversas casas cuartel a trav\u00e9s de los tiempos, pero en \u00e9sta actual lleva m\u00e1s de cincuenta a\u00f1os. <\/span><span style=\"vertical-align: inherit;\">De todos es conocido que el edificio era un s\u00f3lido granero, de ah\u00ed que se conserven las gruesas paredes de m\u00e1s de un metro de espesor, sus vigas y cuarterones de casa antigua. <\/span><span style=\"vertical-align: inherit;\">El cuartel era de alquiler ya finales de los a\u00f1os sesenta, el hermano de Corporaci\u00f3n Manuel Morales Quiros la compr\u00f3 y pasaba el recibo correspondiente a la Corporaci\u00f3n, con lo cual segu\u00eda de alquiler, pero consiguieron que el nuevo due\u00f1o hiciera unas magn\u00edficas reformas, adapt\u00e1ndolo a los fines de Cuartel propiamente dicho.<\/span><\/span><\/p><p align=\"justify\"><span style=\"vertical-align: inherit;\"><span style=\"vertical-align: inherit;\">En el centro se instal\u00f3 un \u00abchubesqui\u00bb para dar calor a las fr\u00edas noches de oto\u00f1o-invierno, pues en las fechas de la asistencia era diaria. <\/span><span style=\"vertical-align: inherit;\">Junto al chubesqui se charlaba, se jugaba a la ronda o al cinquillo, y el hermano Miguel Leiva secaba el pa\u00f1uelo h\u00famedo de los numerosos resfriados que pillaba. <\/span><span style=\"vertical-align: inherit;\">Muchas eran las personas, que continuamente comentaban cuando ve\u00edan salir humo y chispas por el tubo chimenea. <\/span><span style=\"vertical-align: inherit;\">\u00abCaramba otra vez tienen comida los ap\u00f3stoles\u00bb, creyendo que era la cocina.<\/span><\/span><\/p><p align=\"justify\"><span style=\"vertical-align: inherit;\"><span style=\"vertical-align: inherit;\">Posteriormente la Corporaci\u00f3n compr\u00f3 a Manuel Morales el cuartel en la cantidad de doscientas cincuenta mil pesetas y tras pagar cada hermano su parte al\u00edcuota, pasamos a ser propietarios en comunidad. <\/span><span style=\"vertical-align: inherit;\">En la noche del 21 de enero de 1.986 se produjo un incendio en el cuartel, debido, seg\u00fan se cree a un brasero que se qued\u00f3 encendido, se quemaron parcialmente mesas, cuadros, muebles &#8230; etc. <\/span><span style=\"vertical-align: inherit;\">El presidente en aquel tiempo Joaqu\u00edn Navarro Berral, logr\u00f3 limpiar de humos y pintar varias veces las paredes hasta conseguir un color blanco o parecido al blanco y restaurar los enseres necesarios para pasar la Cuaresma y Semana Santa de 1.986<\/span><\/span><\/p><p align=\"justify\"><span style=\"vertical-align: inherit;\"><span style=\"vertical-align: inherit;\">Fue la siguiente Directiva, encabezada por su presidente Rafael Chac\u00f3n Chac\u00f3n, quien acometi\u00f3 las obras de restauraci\u00f3n, instalando un nuevo tejado, dejando a la vista los caballetes, tirantas y cuarterones, eliminando as\u00ed la escayola y tubos de ne\u00f3n y en su lugar se instalaron unas art\u00edsticas l\u00e1mparas de forja m\u00e1s conveniente al nuevo recinto. <\/span><span style=\"vertical-align: inherit;\">Se compraron nuevas mesas de las llamadas de lira, con hierros forjados en la parte inferior y sillas a juego con las duelas de madera del z\u00f3calo y los marcos que adornan las paredes, incluy\u00e9ndose en todas las paredes gran n\u00famero de cuadros con fotograf\u00edas que se encontraban en el archivo de la Corporaci\u00f3n.<\/span><\/span><\/p><p align=\"justify\"><span style=\"vertical-align: inherit;\"><span style=\"vertical-align: inherit;\">En el a\u00f1o 2005, es la nueva Junta Directiva y su presidente Juan M. Granados Morillo, los que restauraron en su totalidad el suelo del sal\u00f3n con hormig\u00f3n, reformando totalmente las mazmorras sin romper su est\u00e9tica, construyendo todos los aseos nuevos, as\u00ed como un nuevo aseo adecuado para nuestras mujeres, finalmente se reforz\u00f3 la l\u00ednea el\u00e9ctrica y colocar dos aparatos de aire acondicionado, para el disfrute de todos los hermanos y para poder celebrar nuestras tradicionales juntas de verano.<\/span><\/span><\/p><p align=\"justify\"><span style=\"vertical-align: inherit;\"><span style=\"vertical-align: inherit;\">Lo que no se puede cambiar es el esp\u00edritu que alberga el Cuartel de respeto, cari\u00f1o y hermandad; <\/span><span style=\"vertical-align: inherit;\">como dice nuestra divisa \u00abPAX VOBIS\u00bb, &#8230;.. que la paz reine en todos vosotros.<\/span><\/span><\/p><p align=\"justify\"><span style=\"vertical-align: inherit;\"><span style=\"vertical-align: inherit;\">MMF<\/span><\/span><\/p>\t\t\t\t\t\t\t\t<\/div>\n\t\t\t\t<\/div>\n\t\t\t\t<div class=\"elementor-element elementor-element-39c7956 elementor-widget elementor-widget-heading\" data-id=\"39c7956\" data-element_type=\"widget\" data-e-type=\"widget\" data-widget_type=\"heading.default\">\n\t\t\t\t<div class=\"elementor-widget-container\">\n\t\t\t\t\t<h2 class=\"elementor-heading-title elementor-size-default\">Entrada y Mazmorras<\/h2>\t\t\t\t<\/div>\n\t\t\t\t<\/div>\n\t\t\t\t\t<\/div>\n\t\t<\/div>\n\t\t\t\t\t<\/div>\n\t\t<\/section>\n\t\t\t\t<section class=\"elementor-section elementor-top-section elementor-element elementor-element-3bd356f elementor-section-boxed elementor-section-height-default elementor-section-height-default\" data-id=\"3bd356f\" data-element_type=\"section\" data-e-type=\"section\">\n\t\t\t\t\t\t<div class=\"elementor-container elementor-column-gap-default\">\n\t\t\t\t\t<div class=\"elementor-column elementor-col-100 elementor-top-column elementor-element elementor-element-88fe111\" data-id=\"88fe111\" data-element_type=\"column\" data-e-type=\"column\">\n\t\t\t<div class=\"elementor-widget-wrap elementor-element-populated\">\n\t\t\t\t\t\t<div class=\"elementor-element elementor-element-73ba358 elementor-widget elementor-widget-gallery\" data-id=\"73ba358\" data-element_type=\"widget\" data-e-type=\"widget\" data-settings=\"{&quot;lazyload&quot;:&quot;yes&quot;,&quot;gallery_layout&quot;:&quot;grid&quot;,&quot;columns&quot;:4,&quot;columns_tablet&quot;:2,&quot;columns_mobile&quot;:1,&quot;gap&quot;:{&quot;unit&quot;:&quot;px&quot;,&quot;size&quot;:10,&quot;sizes&quot;:[]},&quot;gap_tablet&quot;:{&quot;unit&quot;:&quot;px&quot;,&quot;size&quot;:10,&quot;sizes&quot;:[]},&quot;gap_mobile&quot;:{&quot;unit&quot;:&quot;px&quot;,&quot;size&quot;:10,&quot;sizes&quot;:[]},&quot;link_to&quot;:&quot;file&quot;,&quot;aspect_ratio&quot;:&quot;3:2&quot;,&quot;overlay_background&quot;:&quot;yes&quot;,&quot;content_hover_animation&quot;:&quot;fade-in&quot;}\" data-widget_type=\"gallery.default\">\n\t\t\t\t<div class=\"elementor-widget-container\">\n\t\t\t\t\t\t\t<div class=\"elementor-gallery__container\">\n\t\t\t\t\t\t\t<a class=\"e-gallery-item elementor-gallery-item elementor-animated-content\" href=\"https:\/\/losapostoles.org\/wp-content\/uploads\/2020\/12\/fotoscuartel.jpg\" data-elementor-open-lightbox=\"yes\" data-elementor-lightbox-slideshow=\"73ba358\" data-elementor-lightbox-title=\"fotoscuartel\" data-e-action-hash=\"#elementor-action%3Aaction%3Dlightbox%26settings%3DeyJpZCI6MTM2LCJ1cmwiOiJodHRwczpcL1wvbG9zYXBvc3RvbGVzLm9yZ1wvd3AtY29udGVudFwvdXBsb2Fkc1wvMjAyMFwvMTJcL2ZvdG9zY3VhcnRlbC5qcGciLCJzbGlkZXNob3ciOiI3M2JhMzU4In0%3D\">\n\t\t\t\t\t<div class=\"e-gallery-image elementor-gallery-item__image\" data-thumbnail=\"https:\/\/losapostoles.org\/wp-content\/uploads\/2020\/12\/fotoscuartel.jpg\" data-width=\"110\" data-height=\"165\" aria-label=\"\" role=\"img\" ><\/div>\n\t\t\t\t\t\t\t\t\t\t\t<div class=\"elementor-gallery-item__overlay\"><\/div>\n\t\t\t\t\t\t\t\t\t\t\t\t\t\t<\/a>\n\t\t\t\t\t\t\t<a class=\"e-gallery-item elementor-gallery-item elementor-animated-content\" href=\"https:\/\/losapostoles.org\/wp-content\/uploads\/2020\/12\/DSC_0039.jpg\" data-elementor-open-lightbox=\"yes\" data-elementor-lightbox-slideshow=\"73ba358\" data-elementor-lightbox-title=\"DSC_0039\" data-e-action-hash=\"#elementor-action%3Aaction%3Dlightbox%26settings%3DeyJpZCI6MTE1LCJ1cmwiOiJodHRwczpcL1wvbG9zYXBvc3RvbGVzLm9yZ1wvd3AtY29udGVudFwvdXBsb2Fkc1wvMjAyMFwvMTJcL0RTQ18wMDM5LmpwZyIsInNsaWRlc2hvdyI6IjczYmEzNTgifQ%3D%3D\">\n\t\t\t\t\t<div class=\"e-gallery-image elementor-gallery-item__image\" data-thumbnail=\"https:\/\/losapostoles.org\/wp-content\/uploads\/2020\/12\/DSC_0039-200x300.jpg\" data-width=\"200\" data-height=\"300\" aria-label=\"\" role=\"img\" ><\/div>\n\t\t\t\t\t\t\t\t\t\t\t<div class=\"elementor-gallery-item__overlay\"><\/div>\n\t\t\t\t\t\t\t\t\t\t\t\t\t\t<\/a>\n\t\t\t\t\t\t\t<a class=\"e-gallery-item elementor-gallery-item elementor-animated-content\" href=\"https:\/\/losapostoles.org\/wp-content\/uploads\/2020\/12\/DSC_0040.jpg\" data-elementor-open-lightbox=\"yes\" data-elementor-lightbox-slideshow=\"73ba358\" data-elementor-lightbox-title=\"DSC_0040\" data-e-action-hash=\"#elementor-action%3Aaction%3Dlightbox%26settings%3DeyJpZCI6MTE2LCJ1cmwiOiJodHRwczpcL1wvbG9zYXBvc3RvbGVzLm9yZ1wvd3AtY29udGVudFwvdXBsb2Fkc1wvMjAyMFwvMTJcL0RTQ18wMDQwLmpwZyIsInNsaWRlc2hvdyI6IjczYmEzNTgifQ%3D%3D\">\n\t\t\t\t\t<div class=\"e-gallery-image elementor-gallery-item__image\" data-thumbnail=\"https:\/\/losapostoles.org\/wp-content\/uploads\/2020\/12\/DSC_0040-200x300.jpg\" data-width=\"200\" data-height=\"300\" aria-label=\"\" role=\"img\" ><\/div>\n\t\t\t\t\t\t\t\t\t\t\t<div class=\"elementor-gallery-item__overlay\"><\/div>\n\t\t\t\t\t\t\t\t\t\t\t\t\t\t<\/a>\n\t\t\t\t\t\t\t<a class=\"e-gallery-item elementor-gallery-item elementor-animated-content\" href=\"https:\/\/losapostoles.org\/wp-content\/uploads\/2020\/12\/DSC_0042.jpg\" data-elementor-open-lightbox=\"yes\" data-elementor-lightbox-slideshow=\"73ba358\" data-elementor-lightbox-title=\"DSC_0042\" data-e-action-hash=\"#elementor-action%3Aaction%3Dlightbox%26settings%3DeyJpZCI6MTE3LCJ1cmwiOiJodHRwczpcL1wvbG9zYXBvc3RvbGVzLm9yZ1wvd3AtY29udGVudFwvdXBsb2Fkc1wvMjAyMFwvMTJcL0RTQ18wMDQyLmpwZyIsInNsaWRlc2hvdyI6IjczYmEzNTgifQ%3D%3D\">\n\t\t\t\t\t<div class=\"e-gallery-image elementor-gallery-item__image\" data-thumbnail=\"https:\/\/losapostoles.org\/wp-content\/uploads\/2020\/12\/DSC_0042-200x300.jpg\" data-width=\"200\" data-height=\"300\" aria-label=\"\" role=\"img\" ><\/div>\n\t\t\t\t\t\t\t\t\t\t\t<div class=\"elementor-gallery-item__overlay\"><\/div>\n\t\t\t\t\t\t\t\t\t\t\t\t\t\t<\/a>\n\t\t\t\t\t\t\t<a class=\"e-gallery-item elementor-gallery-item elementor-animated-content\" href=\"https:\/\/losapostoles.org\/wp-content\/uploads\/2020\/12\/DSC_0062.jpg\" data-elementor-open-lightbox=\"yes\" data-elementor-lightbox-slideshow=\"73ba358\" data-elementor-lightbox-title=\"DSC_0062\" data-e-action-hash=\"#elementor-action%3Aaction%3Dlightbox%26settings%3DeyJpZCI6MTM1LCJ1cmwiOiJodHRwczpcL1wvbG9zYXBvc3RvbGVzLm9yZ1wvd3AtY29udGVudFwvdXBsb2Fkc1wvMjAyMFwvMTJcL0RTQ18wMDYyLmpwZyIsInNsaWRlc2hvdyI6IjczYmEzNTgifQ%3D%3D\">\n\t\t\t\t\t<div class=\"e-gallery-image elementor-gallery-item__image\" data-thumbnail=\"https:\/\/losapostoles.org\/wp-content\/uploads\/2020\/12\/DSC_0062.jpg\" data-width=\"300\" data-height=\"199\" aria-label=\"\" role=\"img\" ><\/div>\n\t\t\t\t\t\t\t\t\t\t\t<div class=\"elementor-gallery-item__overlay\"><\/div>\n\t\t\t\t\t\t\t\t\t\t\t\t\t\t<\/a>\n\t\t\t\t\t\t\t<a class=\"e-gallery-item elementor-gallery-item elementor-animated-content\" href=\"https:\/\/losapostoles.org\/wp-content\/uploads\/2020\/12\/DSC_0055.jpg\" data-elementor-open-lightbox=\"yes\" data-elementor-lightbox-slideshow=\"73ba358\" data-elementor-lightbox-title=\"DSC_0055\" data-e-action-hash=\"#elementor-action%3Aaction%3Dlightbox%26settings%3DeyJpZCI6MTI5LCJ1cmwiOiJodHRwczpcL1wvbG9zYXBvc3RvbGVzLm9yZ1wvd3AtY29udGVudFwvdXBsb2Fkc1wvMjAyMFwvMTJcL0RTQ18wMDU1LmpwZyIsInNsaWRlc2hvdyI6IjczYmEzNTgifQ%3D%3D\">\n\t\t\t\t\t<div class=\"e-gallery-image elementor-gallery-item__image\" data-thumbnail=\"https:\/\/losapostoles.org\/wp-content\/uploads\/2020\/12\/DSC_0055-200x300.jpg\" data-width=\"200\" data-height=\"300\" aria-label=\"\" role=\"img\" ><\/div>\n\t\t\t\t\t\t\t\t\t\t\t<div class=\"elementor-gallery-item__overlay\"><\/div>\n\t\t\t\t\t\t\t\t\t\t\t\t\t\t<\/a>\n\t\t\t\t\t<\/div>\n\t\t\t\t\t<\/div>\n\t\t\t\t<\/div>\n\t\t\t\t\t<\/div>\n\t\t<\/div>\n\t\t\t\t\t<\/div>\n\t\t<\/section>\n\t\t\t\t<\/div>\n\t\t","protected":false},"excerpt":{"rendered":"<p>TEN\u00c9IS UN CUARTEL SE\u00d1ERO AMPLIO, BONITO Y HERMOSO EN PLAZA MIGUEL ROMERO EL POETA MANANTERO MAS PONTANES Y GLORIOSO As\u00ed, se expresaba el inolvidable poeta local Antonio Serrano en su Preg\u00f3n de Semana Santa de 1.976 en un poema dedicado a la Corporaci\u00f3n de los Ap\u00f3stoles y creo sinceramente que es verdad. Tenemos un cuartel [&hellip;]<\/p>\n","protected":false},"author":1,"featured_media":0,"parent":10,"menu_order":0,"comment_status":"closed","ping_status":"closed","template":"","meta":{"site-sidebar-layout":"no-sidebar","site-content-layout":"page-builder","ast-site-content-layout":"","site-content-style":"default","site-sidebar-style":"default","ast-global-header-display":"","ast-banner-title-visibility":"","ast-main-header-display":"","ast-hfb-above-header-display":"","ast-hfb-below-header-display":"","ast-hfb-mobile-header-display":"","site-post-title":"disabled","ast-breadcrumbs-content":"","ast-featured-img":"disabled","footer-sml-layout":"","theme-transparent-header-meta":"default","adv-header-id-meta":"","stick-header-meta":"","header-above-stick-meta":"","header-main-stick-meta":"","header-below-stick-meta":"","astra-migrate-meta-layouts":"default","ast-page-background-enabled":"default","ast-page-background-meta":{"desktop":{"background-color":"","background-image":"","background-repeat":"repeat","background-position":"center center","background-size":"auto","background-attachment":"scroll","background-type":"","background-media":"","overlay-type":"","overlay-color":"","overlay-opacity":"","overlay-gradient":""},"tablet":{"background-color":"","background-image":"","background-repeat":"repeat","background-position":"center center","background-size":"auto","background-attachment":"scroll","background-type":"","background-media":"","overlay-type":"","overlay-color":"","overlay-opacity":"","overlay-gradient":""},"mobile":{"background-color":"","background-image":"","background-repeat":"repeat","background-position":"center center","background-size":"auto","background-attachment":"scroll","background-type":"","background-media":"","overlay-type":"","overlay-color":"","overlay-opacity":"","overlay-gradient":""}},"ast-content-background-meta":{"desktop":{"background-color":"var(--ast-global-color-5)","background-image":"","background-repeat":"repeat","background-position":"center center","background-size":"auto","background-attachment":"scroll","background-type":"","background-media":"","overlay-type":"","overlay-color":"","overlay-opacity":"","overlay-gradient":""},"tablet":{"background-color":"var(--ast-global-color-5)","background-image":"","background-repeat":"repeat","background-position":"center center","background-size":"auto","background-attachment":"scroll","background-type":"","background-media":"","overlay-type":"","overlay-color":"","overlay-opacity":"","overlay-gradient":""},"mobile":{"background-color":"var(--ast-global-color-5)","background-image":"","background-repeat":"repeat","background-position":"center center","background-size":"auto","background-attachment":"scroll","background-type":"","background-media":"","overlay-type":"","overlay-color":"","overlay-opacity":"","overlay-gradient":""}},"footnotes":""},"wf_page_folders":[],"class_list":["post-361","page","type-page","status-publish","hentry"],"jetpack_sharing_enabled":true,"_links":{"self":[{"href":"https:\/\/losapostoles.org\/index.php\/wp-json\/wp\/v2\/pages\/361","targetHints":{"allow":["GET"]}}],"collection":[{"href":"https:\/\/losapostoles.org\/index.php\/wp-json\/wp\/v2\/pages"}],"about":[{"href":"https:\/\/losapostoles.org\/index.php\/wp-json\/wp\/v2\/types\/page"}],"author":[{"embeddable":true,"href":"https:\/\/losapostoles.org\/index.php\/wp-json\/wp\/v2\/users\/1"}],"replies":[{"embeddable":true,"href":"https:\/\/losapostoles.org\/index.php\/wp-json\/wp\/v2\/comments?post=361"}],"version-history":[{"count":11,"href":"https:\/\/losapostoles.org\/index.php\/wp-json\/wp\/v2\/pages\/361\/revisions"}],"predecessor-version":[{"id":4318,"href":"https:\/\/losapostoles.org\/index.php\/wp-json\/wp\/v2\/pages\/361\/revisions\/4318"}],"up":[{"embeddable":true,"href":"https:\/\/losapostoles.org\/index.php\/wp-json\/wp\/v2\/pages\/10"}],"wp:attachment":[{"href":"https:\/\/losapostoles.org\/index.php\/wp-json\/wp\/v2\/media?parent=361"}],"wp:term":[{"taxonomy":"wf_page_folders","embeddable":true,"href":"https:\/\/losapostoles.org\/index.php\/wp-json\/wp\/v2\/wf_page_folders?post=361"}],"curies":[{"name":"wp","href":"https:\/\/api.w.org\/{rel}","templated":true}]}}