{"id":545,"date":"2020-12-31T18:05:17","date_gmt":"2020-12-31T18:05:17","guid":{"rendered":"http:\/\/losapostoles.org\/wordpress\/?page_id=545"},"modified":"2024-05-04T22:47:38","modified_gmt":"2024-05-04T20:47:38","slug":"nuestro-decano","status":"publish","type":"page","link":"https:\/\/losapostoles.org\/index.php\/nuestro-decano\/","title":{"rendered":"Nuestro Decano"},"content":{"rendered":"\t\t<div data-elementor-type=\"wp-page\" data-elementor-id=\"545\" class=\"elementor elementor-545\" data-elementor-post-type=\"page\">\n\t\t\t\t\t\t<section class=\"elementor-section elementor-top-section elementor-element elementor-element-17a31d3 elementor-section-boxed elementor-section-height-default elementor-section-height-default\" data-id=\"17a31d3\" data-element_type=\"section\" data-e-type=\"section\">\n\t\t\t\t\t\t<div class=\"elementor-container elementor-column-gap-default\">\n\t\t\t\t\t<div class=\"elementor-column elementor-col-100 elementor-top-column elementor-element elementor-element-30f4d7b\" data-id=\"30f4d7b\" data-element_type=\"column\" data-e-type=\"column\">\n\t\t\t<div class=\"elementor-widget-wrap elementor-element-populated\">\n\t\t\t\t\t\t<div class=\"elementor-element elementor-element-92826f6 elementor-widget elementor-widget-spacer\" data-id=\"92826f6\" data-element_type=\"widget\" data-e-type=\"widget\" data-widget_type=\"spacer.default\">\n\t\t\t\t<div class=\"elementor-widget-container\">\n\t\t\t\t\t\t\t<div class=\"elementor-spacer\">\n\t\t\t<div class=\"elementor-spacer-inner\"><\/div>\n\t\t<\/div>\n\t\t\t\t\t\t<\/div>\n\t\t\t\t<\/div>\n\t\t\t\t<div class=\"elementor-element elementor-element-a467145 elementor-widget elementor-widget-heading\" data-id=\"a467145\" data-element_type=\"widget\" data-e-type=\"widget\" data-widget_type=\"heading.default\">\n\t\t\t\t<div class=\"elementor-widget-container\">\n\t\t\t\t\t<h1 class=\"elementor-heading-title elementor-size-default\">Miguel Mart\u00edn Flores - Nuestro Decano<\/h1>\t\t\t\t<\/div>\n\t\t\t\t<\/div>\n\t\t\t\t\t<\/div>\n\t\t<\/div>\n\t\t\t\t\t<\/div>\n\t\t<\/section>\n\t\t\t\t<section class=\"elementor-section elementor-top-section elementor-element elementor-element-607dff8 elementor-section-boxed elementor-section-height-default elementor-section-height-default\" data-id=\"607dff8\" data-element_type=\"section\" data-e-type=\"section\">\n\t\t\t\t\t\t<div class=\"elementor-container elementor-column-gap-default\">\n\t\t\t\t\t<div class=\"elementor-column elementor-col-100 elementor-top-column elementor-element elementor-element-c1a6546\" data-id=\"c1a6546\" data-element_type=\"column\" data-e-type=\"column\">\n\t\t\t<div class=\"elementor-widget-wrap elementor-element-populated\">\n\t\t\t\t\t\t<div class=\"elementor-element elementor-element-1be8c3e elementor-widget elementor-widget-image\" data-id=\"1be8c3e\" data-element_type=\"widget\" data-e-type=\"widget\" data-widget_type=\"image.default\">\n\t\t\t\t<div class=\"elementor-widget-container\">\n\t\t\t\t\t\t\t\t\t\t\t\t\t\t\t<img decoding=\"async\" src=\"https:\/\/losapostoles.org\/wp-content\/uploads\/elementor\/thumbs\/miguelmartinflores-1-rfd825k72ae2d5tmfblgzorn08yhgnidhjvfxcbde0.jpg\" title=\"miguelmartinflores\" alt=\"miguelmartinflores\" loading=\"lazy\" \/>\t\t\t\t\t\t\t\t\t\t\t\t\t\t\t<\/div>\n\t\t\t\t<\/div>\n\t\t\t\t<div class=\"elementor-element elementor-element-486c95d elementor-widget elementor-widget-text-editor\" data-id=\"486c95d\" data-element_type=\"widget\" data-e-type=\"widget\" data-widget_type=\"text-editor.default\">\n\t\t\t\t<div class=\"elementor-widget-container\">\n\t\t\t\t\t\t\t\t\t<p align=\"justify\"><span style=\"vertical-align: inherit;\"><span style=\"vertical-align: inherit;\"><span style=\"vertical-align: inherit;\">La imagen que refleja \u201cel Decano\u201d en Los Ap\u00f3stoles es el m\u00e1ximo respeto, casi roza la veneraci\u00f3n por lo que significa esta persona como el m\u00e1s antiguo de la Corporaci\u00f3n, que no el m\u00e1s viejo. <\/span><span style=\"vertical-align: inherit;\">A veces, como ocurre en la actualidad, conviven dos o tres generaciones y cuando en las tertulias \u201cEl decano\u201d cuenta hechos pasados, an\u00e9cdotas y comportamientos, los dem\u00e1s escuchan con la m\u00e1xima atenci\u00f3n \u201ccuasi con la boca abierta\u201d. <\/span><span style=\"vertical-align: inherit;\">Este hecho se repite d\u00e9cadas tras d\u00e9cadas y este es el misterio de perpetua actualidad de las costumbres, la seriedad y la fusi\u00f3n de la persona en la figura b\u00edblica que representa, siempre en el seguimiento del \u201cMaestro\u201d el d\u00eda de Viernes Santo.<\/span><\/span><\/span><\/p>\n<p align=\"justify\"><span style=\"vertical-align: inherit;\"><span style=\"vertical-align: inherit;\"><span style=\"vertical-align: inherit;\">El Reglamento de Los Ap\u00f3stoles no especifica derechos ni obligaciones a los decanos, pero la misma estructura organizativa es por orden de antig\u00fcedad, as\u00ed como \u00abel sacar bola\u00bb para sorteo de figura o cualquier otro asunto de participaci\u00f3n individual tiene en cuenta el n\u00famero \u00abuno \u201d, Como es en el orden de desfile en procesi\u00f3n San Pedro, de igual manera\u201c El Decano \u201des el n\u00famero\u201c Uno \u201dde todos Los Ap\u00f3stoles y al que estamos obligados en respeto y distinci\u00f3n.\u201c El Decano \u201d\u201c impone Los Cordones \u201d al nuevo presidente cuando se vota en la Junta Ordinaria del S\u00e1bado Santo noche y le abraza en nombre de toda la Corporaci\u00f3n, dese\u00e1ndole feliz gobierno en el a\u00f1o semanantero que comienza el d\u00eda de La Cruz, 3 de Mayo.<\/span><\/span><\/span><\/p>\n<p align=\"justify\"><span style=\"vertical-align: inherit;\"><span style=\"vertical-align: inherit;\"><span style=\"vertical-align: inherit;\">Durante 30 a\u00f1os, Jos\u00e9 G\u00f3mez Reina fue nuestro \u201cDecano\u201d hombre sosegado, observador, prudente, de bondad a raudales, del que hemos aprendido varias generaciones\u2026, coge y empu\u00f1a el tim\u00f3n apost\u00f3lico como \u201cDECANO\u201d nuestro hermano Miguel Mart\u00edn Flores \u2013MIGUEL\u00d3N- qui\u00e9n all\u00e1 por los a\u00f1os sesenta era participe principal en los menesteres de apa\u00f1os, arreglos y mantenimientos de nuestro \u201ccuartel\u201d y sobre todo en la habilitaci\u00f3n de \u201cLas Mazmorras\u201d transform\u00e1ndolas en \u201cMes\u00f3n\u201d Apost\u00f3lico\u2026 tambi\u00e9n fue disc\u00edpulo aventajado del \u201cDecano\u201d en ese tiempo \u2013Miguel Leiva Becerra- en la colocaci\u00f3n certera de \u201cLos Mantos\u201d a los Ap\u00f3stoles el Viernes Santo con toda esa \u201cguisa\u201d de alfileres de los que pend\u00edan\u2026 y pronto desarroll\u00f3 cargo de directiva en la figura de \u201cSecretario\u201d donde desarroll\u00f3 una labor de redacci\u00f3n y descripci\u00f3n muy notables, as\u00ed c\u00f3mo en las grandes exaltaciones del \u201cEvangelio\u201d en esas \u201cbajadas\u201d de cuaresmas inolvidables.<\/span><\/span><\/span><\/p>\n<p align=\"justify\"><span style=\"vertical-align: inherit;\"><span style=\"vertical-align: inherit;\"><span style=\"vertical-align: inherit;\">El Decano \u201cMiguel\u00f3n\u201d no nos tiene que ense\u00f1ar nada, todos hemos o hemos deseado copiar de \u00c9l como Ap\u00f3stol, desde hace a\u00f1os, incluso los mas nuevos queremos ser como Miguel\u00f3n \u201d\u2026 simplemente mostrarnos como \u00e9l\u2026 dicharachero, sonriente, amabil\u00edsimo, amigo, campechano\u2026 cari\u00f1o y amor a raudales, por los cuatro costados\u2026 del sentir \u201cApost\u00f3lico\u201d y \u201csemanantero\u201d.<\/span><\/span><\/span><\/p>\n<p align=\"justify\"><span style=\"vertical-align: inherit;\"><span style=\"vertical-align: inherit;\"><span style=\"vertical-align: inherit;\">El Decano \u201cMiguel\u00f3n\u201d toma un relevo que seguro va a mantener tan fuerte y digno, tal y como ha sido siempre\u2026 antorcha y gu\u00eda de las Corporaciones de Semana Santa de Puente Genil.<\/span><\/span><\/span><\/p>\n<p align=\"justify\"><span style=\"vertical-align: inherit;\"><span style=\"vertical-align: inherit;\"><span style=\"vertical-align: inherit;\">El Decano \u201cMiguel\u00f3n\u201d es el espejo vivo de cada uno de Los Ap\u00f3stoles en el seguimiento a \u201cJes\u00fas Nazareno\u201d, a su doctrina ya sus evangelios.<\/span><\/span><\/span><\/p>\n<p align=\"right\"><span style=\"vertical-align: inherit;\"><span style=\"vertical-align: inherit;\"><span style=\"vertical-align: inherit;\">RGCH.<\/span><\/span><\/span><\/p>\t\t\t\t\t\t\t\t<\/div>\n\t\t\t\t<\/div>\n\t\t\t\t\t<\/div>\n\t\t<\/div>\n\t\t\t\t\t<\/div>\n\t\t<\/section>\n\t\t\t\t<\/div>\n\t\t","protected":false},"excerpt":{"rendered":"<p>Miguel Mart\u00edn Flores &#8211; Nuestro Decano La imagen que refleja \u201cel Decano\u201d en Los Ap\u00f3stoles es el m\u00e1ximo respeto, casi roza la veneraci\u00f3n por lo que significa esta persona como el m\u00e1s antiguo de la Corporaci\u00f3n, que no el m\u00e1s viejo. A veces, como ocurre en la actualidad, conviven dos o tres generaciones y cuando [&hellip;]<\/p>\n","protected":false},"author":1,"featured_media":0,"parent":0,"menu_order":0,"comment_status":"closed","ping_status":"closed","template":"","meta":{"site-sidebar-layout":"no-sidebar","site-content-layout":"page-builder","ast-site-content-layout":"default","site-content-style":"default","site-sidebar-style":"default","ast-global-header-display":"","ast-banner-title-visibility":"","ast-main-header-display":"","ast-hfb-above-header-display":"","ast-hfb-below-header-display":"","ast-hfb-mobile-header-display":"","site-post-title":"disabled","ast-breadcrumbs-content":"","ast-featured-img":"disabled","footer-sml-layout":"","ast-disable-related-posts":"","theme-transparent-header-meta":"","adv-header-id-meta":"","stick-header-meta":"","header-above-stick-meta":"","header-main-stick-meta":"","header-below-stick-meta":"","astra-migrate-meta-layouts":"default","ast-page-background-enabled":"default","ast-page-background-meta":{"desktop":{"background-color":"","background-image":"","background-repeat":"repeat","background-position":"center center","background-size":"auto","background-attachment":"scroll","background-type":"","background-media":"","overlay-type":"","overlay-color":"","overlay-opacity":"","overlay-gradient":""},"tablet":{"background-color":"","background-image":"","background-repeat":"repeat","background-position":"center center","background-size":"auto","background-attachment":"scroll","background-type":"","background-media":"","overlay-type":"","overlay-color":"","overlay-opacity":"","overlay-gradient":""},"mobile":{"background-color":"","background-image":"","background-repeat":"repeat","background-position":"center center","background-size":"auto","background-attachment":"scroll","background-type":"","background-media":"","overlay-type":"","overlay-color":"","overlay-opacity":"","overlay-gradient":""}},"ast-content-background-meta":{"desktop":{"background-color":"var(--ast-global-color-5)","background-image":"","background-repeat":"repeat","background-position":"center center","background-size":"auto","background-attachment":"scroll","background-type":"","background-media":"","overlay-type":"","overlay-color":"","overlay-opacity":"","overlay-gradient":""},"tablet":{"background-color":"var(--ast-global-color-5)","background-image":"","background-repeat":"repeat","background-position":"center center","background-size":"auto","background-attachment":"scroll","background-type":"","background-media":"","overlay-type":"","overlay-color":"","overlay-opacity":"","overlay-gradient":""},"mobile":{"background-color":"var(--ast-global-color-5)","background-image":"","background-repeat":"repeat","background-position":"center center","background-size":"auto","background-attachment":"scroll","background-type":"","background-media":"","overlay-type":"","overlay-color":"","overlay-opacity":"","overlay-gradient":""}},"footnotes":""},"wf_page_folders":[29],"class_list":["post-545","page","type-page","status-publish","hentry"],"jetpack_sharing_enabled":true,"_links":{"self":[{"href":"https:\/\/losapostoles.org\/index.php\/wp-json\/wp\/v2\/pages\/545","targetHints":{"allow":["GET"]}}],"collection":[{"href":"https:\/\/losapostoles.org\/index.php\/wp-json\/wp\/v2\/pages"}],"about":[{"href":"https:\/\/losapostoles.org\/index.php\/wp-json\/wp\/v2\/types\/page"}],"author":[{"embeddable":true,"href":"https:\/\/losapostoles.org\/index.php\/wp-json\/wp\/v2\/users\/1"}],"replies":[{"embeddable":true,"href":"https:\/\/losapostoles.org\/index.php\/wp-json\/wp\/v2\/comments?post=545"}],"version-history":[{"count":18,"href":"https:\/\/losapostoles.org\/index.php\/wp-json\/wp\/v2\/pages\/545\/revisions"}],"predecessor-version":[{"id":7335,"href":"https:\/\/losapostoles.org\/index.php\/wp-json\/wp\/v2\/pages\/545\/revisions\/7335"}],"wp:attachment":[{"href":"https:\/\/losapostoles.org\/index.php\/wp-json\/wp\/v2\/media?parent=545"}],"wp:term":[{"taxonomy":"wf_page_folders","embeddable":true,"href":"https:\/\/losapostoles.org\/index.php\/wp-json\/wp\/v2\/wf_page_folders?post=545"}],"curies":[{"name":"wp","href":"https:\/\/api.w.org\/{rel}","templated":true}]}}