{"id":561,"date":"2020-12-31T18:36:26","date_gmt":"2020-12-31T18:36:26","guid":{"rendered":"http:\/\/losapostoles.org\/wordpress\/?page_id=561"},"modified":"2021-01-07T19:38:29","modified_gmt":"2021-01-07T19:38:29","slug":"miercoles-santo","status":"publish","type":"page","link":"https:\/\/losapostoles.org\/index.php\/semana-santa\/miercoles-santo\/","title":{"rendered":"Mi\u00e9rcoles Santo"},"content":{"rendered":"\t\t<div data-elementor-type=\"wp-page\" data-elementor-id=\"561\" class=\"elementor elementor-561\" data-elementor-post-type=\"page\">\n\t\t\t\t\t\t<section class=\"elementor-section elementor-top-section elementor-element elementor-element-96aa61e elementor-section-boxed elementor-section-height-default elementor-section-height-default\" data-id=\"96aa61e\" data-element_type=\"section\" data-e-type=\"section\">\n\t\t\t\t\t\t<div class=\"elementor-container elementor-column-gap-default\">\n\t\t\t\t\t<div class=\"elementor-column elementor-col-100 elementor-top-column elementor-element elementor-element-cfb8ede\" data-id=\"cfb8ede\" data-element_type=\"column\" data-e-type=\"column\">\n\t\t\t<div class=\"elementor-widget-wrap elementor-element-populated\">\n\t\t\t\t\t\t<div class=\"elementor-element elementor-element-4f4ad22 elementor-widget elementor-widget-heading\" data-id=\"4f4ad22\" data-element_type=\"widget\" data-e-type=\"widget\" data-widget_type=\"heading.default\">\n\t\t\t\t<div class=\"elementor-widget-container\">\n\t\t\t\t\t<h2 class=\"elementor-heading-title elementor-size-default\">Mi\u00e9rcoles Santo en nuestra Corporaci\u00f3n.<\/h2>\t\t\t\t<\/div>\n\t\t\t\t<\/div>\n\t\t\t\t\t<\/div>\n\t\t<\/div>\n\t\t\t\t\t<\/div>\n\t\t<\/section>\n\t\t\t\t<section class=\"elementor-section elementor-top-section elementor-element elementor-element-a4d90b7 elementor-section-boxed elementor-section-height-default elementor-section-height-default\" data-id=\"a4d90b7\" data-element_type=\"section\" data-e-type=\"section\">\n\t\t\t\t\t\t<div class=\"elementor-container elementor-column-gap-default\">\n\t\t\t\t\t<div class=\"elementor-column elementor-col-100 elementor-top-column elementor-element elementor-element-4951b7a\" data-id=\"4951b7a\" data-element_type=\"column\" data-e-type=\"column\">\n\t\t\t<div class=\"elementor-widget-wrap elementor-element-populated\">\n\t\t\t\t\t\t<div class=\"elementor-element elementor-element-3b16c1a elementor-skin-carousel elementor-arrows-yes elementor-pagination-type-bullets elementor-pagination-position-outside elementor-widget elementor-widget-media-carousel\" data-id=\"3b16c1a\" data-element_type=\"widget\" data-e-type=\"widget\" data-settings=\"{&quot;slides_per_view&quot;:&quot;1&quot;,&quot;skin&quot;:&quot;carousel&quot;,&quot;effect&quot;:&quot;slide&quot;,&quot;show_arrows&quot;:&quot;yes&quot;,&quot;pagination&quot;:&quot;bullets&quot;,&quot;speed&quot;:500,&quot;autoplay&quot;:&quot;yes&quot;,&quot;autoplay_speed&quot;:5000,&quot;loop&quot;:&quot;yes&quot;,&quot;pause_on_hover&quot;:&quot;yes&quot;,&quot;pause_on_interaction&quot;:&quot;yes&quot;,&quot;space_between&quot;:{&quot;unit&quot;:&quot;px&quot;,&quot;size&quot;:10,&quot;sizes&quot;:[]},&quot;space_between_tablet&quot;:{&quot;unit&quot;:&quot;px&quot;,&quot;size&quot;:10,&quot;sizes&quot;:[]},&quot;space_between_mobile&quot;:{&quot;unit&quot;:&quot;px&quot;,&quot;size&quot;:10,&quot;sizes&quot;:[]}}\" data-widget_type=\"media-carousel.default\">\n\t\t\t\t<div class=\"elementor-widget-container\">\n\t\t\t\t\t\t\t\t\t<div class=\"elementor-swiper\">\n\t\t\t\t\t<div class=\"elementor-main-swiper swiper\" role=\"region\" aria-roledescription=\"carousel\" aria-label=\"Slides\">\n\t\t\t\t<div class=\"swiper-wrapper\">\n\t\t\t\t\t\t\t\t\t\t\t<div class=\"swiper-slide\" role=\"group\" aria-roledescription=\"slide\">\n\t\t\t\t\t\t\t\t\t<div class=\"elementor-carousel-image\" role=\"img\" aria-label=\"Imagen00005\" style=\"background-image: url(&#039;https:\/\/losapostoles.org\/wp-content\/uploads\/2020\/12\/Imagen00005-2.jpg&#039;)\">\n\n\t\t\t\n\t\t\t\t\t<\/div>\n\t\t\t\t\t\t\t\t<\/div>\n\t\t\t\t\t\t\t\t\t\t\t<div class=\"swiper-slide\" role=\"group\" aria-roledescription=\"slide\">\n\t\t\t\t\t\t\t\t\t<div class=\"elementor-carousel-image\" role=\"img\" aria-label=\"Imagen00055\" style=\"background-image: url(&#039;https:\/\/losapostoles.org\/wp-content\/uploads\/2020\/12\/Imagen00055.jpg&#039;)\">\n\n\t\t\t\n\t\t\t\t\t<\/div>\n\t\t\t\t\t\t\t\t<\/div>\n\t\t\t\t\t\t\t\t\t\t\t<div class=\"swiper-slide\" role=\"group\" aria-roledescription=\"slide\">\n\t\t\t\t\t\t\t\t\t<div class=\"elementor-carousel-image\" role=\"img\" aria-label=\"Imagen00044\" style=\"background-image: url(&#039;https:\/\/losapostoles.org\/wp-content\/uploads\/2020\/12\/Imagen00044.jpg&#039;)\">\n\n\t\t\t\n\t\t\t\t\t<\/div>\n\t\t\t\t\t\t\t\t<\/div>\n\t\t\t\t\t\t\t\t\t\t\t<div class=\"swiper-slide\" role=\"group\" aria-roledescription=\"slide\">\n\t\t\t\t\t\t\t\t\t<div class=\"elementor-carousel-image\" role=\"img\" aria-label=\"Imagen00156\" style=\"background-image: url(&#039;https:\/\/losapostoles.org\/wp-content\/uploads\/2020\/12\/Imagen00156.jpg&#039;)\">\n\n\t\t\t\n\t\t\t\t\t<\/div>\n\t\t\t\t\t\t\t\t<\/div>\n\t\t\t\t\t\t\t\t\t\t\t<div class=\"swiper-slide\" role=\"group\" aria-roledescription=\"slide\">\n\t\t\t\t\t\t\t\t\t<div class=\"elementor-carousel-image\" role=\"img\" aria-label=\"Imagen00145\" style=\"background-image: url(&#039;https:\/\/losapostoles.org\/wp-content\/uploads\/2020\/12\/Imagen00145.jpg&#039;)\">\n\n\t\t\t\n\t\t\t\t\t<\/div>\n\t\t\t\t\t\t\t\t<\/div>\n\t\t\t\t\t\t\t\t\t\t\t<div class=\"swiper-slide\" role=\"group\" aria-roledescription=\"slide\">\n\t\t\t\t\t\t\t\t\t<div class=\"elementor-carousel-image\" role=\"img\" aria-label=\"Imagen00133\" style=\"background-image: url(&#039;https:\/\/losapostoles.org\/wp-content\/uploads\/2020\/12\/Imagen00133.jpg&#039;)\">\n\n\t\t\t\n\t\t\t\t\t<\/div>\n\t\t\t\t\t\t\t\t<\/div>\n\t\t\t\t\t\t\t\t\t\t\t<div class=\"swiper-slide\" role=\"group\" aria-roledescription=\"slide\">\n\t\t\t\t\t\t\t\t\t<div class=\"elementor-carousel-image\" role=\"img\" aria-label=\"Imagen00130\" style=\"background-image: url(&#039;https:\/\/losapostoles.org\/wp-content\/uploads\/2020\/12\/Imagen00130.jpg&#039;)\">\n\n\t\t\t\n\t\t\t\t\t<\/div>\n\t\t\t\t\t\t\t\t<\/div>\n\t\t\t\t\t\t\t\t\t\t\t<div class=\"swiper-slide\" role=\"group\" aria-roledescription=\"slide\">\n\t\t\t\t\t\t\t\t\t<div class=\"elementor-carousel-image\" role=\"img\" aria-label=\"Imagen00107\" style=\"background-image: url(&#039;https:\/\/losapostoles.org\/wp-content\/uploads\/2020\/12\/Imagen00107.jpg&#039;)\">\n\n\t\t\t\n\t\t\t\t\t<\/div>\n\t\t\t\t\t\t\t\t<\/div>\n\t\t\t\t\t\t\t\t\t\t\t<div class=\"swiper-slide\" role=\"group\" aria-roledescription=\"slide\">\n\t\t\t\t\t\t\t\t\t<div class=\"elementor-carousel-image\" role=\"img\" aria-label=\"Imagen00080\" style=\"background-image: url(&#039;https:\/\/losapostoles.org\/wp-content\/uploads\/2020\/12\/Imagen00080.jpg&#039;)\">\n\n\t\t\t\n\t\t\t\t\t<\/div>\n\t\t\t\t\t\t\t\t<\/div>\n\t\t\t\t\t\t\t\t\t\t\t<div class=\"swiper-slide\" role=\"group\" aria-roledescription=\"slide\">\n\t\t\t\t\t\t\t\t\t<div class=\"elementor-carousel-image\" role=\"img\" aria-label=\"Imagen00082\" style=\"background-image: url(&#039;https:\/\/losapostoles.org\/wp-content\/uploads\/2020\/12\/Imagen00082.jpg&#039;)\">\n\n\t\t\t\n\t\t\t\t\t<\/div>\n\t\t\t\t\t\t\t\t<\/div>\n\t\t\t\t\t\t\t\t\t\t\t<div class=\"swiper-slide\" role=\"group\" aria-roledescription=\"slide\">\n\t\t\t\t\t\t\t\t\t<div class=\"elementor-carousel-image\" role=\"img\" aria-label=\"Imagen00072\" style=\"background-image: url(&#039;https:\/\/losapostoles.org\/wp-content\/uploads\/2020\/12\/Imagen00072.jpg&#039;)\">\n\n\t\t\t\n\t\t\t\t\t<\/div>\n\t\t\t\t\t\t\t\t<\/div>\n\t\t\t\t\t\t\t\t\t\t\t<div class=\"swiper-slide\" role=\"group\" aria-roledescription=\"slide\">\n\t\t\t\t\t\t\t\t\t<div class=\"elementor-carousel-image\" role=\"img\" aria-label=\"Imagen00164\" style=\"background-image: url(&#039;https:\/\/losapostoles.org\/wp-content\/uploads\/2020\/12\/Imagen00164.jpg&#039;)\">\n\n\t\t\t\n\t\t\t\t\t<\/div>\n\t\t\t\t\t\t\t\t<\/div>\n\t\t\t\t\t\t\t\t\t\t\t<div class=\"swiper-slide\" role=\"group\" aria-roledescription=\"slide\">\n\t\t\t\t\t\t\t\t\t<div class=\"elementor-carousel-image\" role=\"img\" aria-label=\"Imagen00016\" style=\"background-image: url(&#039;https:\/\/losapostoles.org\/wp-content\/uploads\/2020\/12\/Imagen00016-2.jpg&#039;)\">\n\n\t\t\t\n\t\t\t\t\t<\/div>\n\t\t\t\t\t\t\t\t<\/div>\n\t\t\t\t\t\t\t\t\t<\/div>\n\t\t\t\t\t\t\t\t\t\t\t\t\t\t\t<div class=\"elementor-swiper-button elementor-swiper-button-prev\" role=\"button\" tabindex=\"0\" aria-label=\"Previous\">\n\t\t\t\t\t\t\t<i aria-hidden=\"true\" class=\"eicon-chevron-left\"><\/i>\t\t\t\t\t\t<\/div>\n\t\t\t\t\t\t<div class=\"elementor-swiper-button elementor-swiper-button-next\" role=\"button\" tabindex=\"0\" aria-label=\"Next\">\n\t\t\t\t\t\t\t<i aria-hidden=\"true\" class=\"eicon-chevron-right\"><\/i>\t\t\t\t\t\t<\/div>\n\t\t\t\t\t\t\t\t\t\t\t\t\t\t\t\t<div class=\"swiper-pagination\"><\/div>\n\t\t\t\t\t\t\t\t\t\t\t\t<\/div>\n\t\t\t\t<\/div>\n\t\t\t\t\t\t\t\t<\/div>\n\t\t\t\t<\/div>\n\t\t\t\t\t<\/div>\n\t\t<\/div>\n\t\t\t\t\t<\/div>\n\t\t<\/section>\n\t\t\t\t<section class=\"elementor-section elementor-top-section elementor-element elementor-element-f6832fe elementor-section-boxed elementor-section-height-default elementor-section-height-default\" data-id=\"f6832fe\" data-element_type=\"section\" data-e-type=\"section\">\n\t\t\t\t\t\t<div class=\"elementor-container elementor-column-gap-default\">\n\t\t\t\t\t<div class=\"elementor-column elementor-col-100 elementor-top-column elementor-element elementor-element-64203d3\" data-id=\"64203d3\" data-element_type=\"column\" data-e-type=\"column\">\n\t\t\t<div class=\"elementor-widget-wrap elementor-element-populated\">\n\t\t\t\t\t\t<div class=\"elementor-element elementor-element-0445972 elementor-widget elementor-widget-text-editor\" data-id=\"0445972\" data-element_type=\"widget\" data-e-type=\"widget\" data-widget_type=\"text-editor.default\">\n\t\t\t\t<div class=\"elementor-widget-container\">\n\t\t\t\t\t\t\t\t\t<p><strong>MIERCOLES SANTO<\/strong>\u2026 d\u00eda de las procesiones de \u201cLos Cuellos Sucios\u201d como anta\u00f1o denomin\u00e1bamos este d\u00eda y que para m\u00ed, en mis inicios de los a\u00f1os sesenta era tan especial\u2026 hasta 1986 no asent\u00e9 a mi familia en Puente Genil y eso significaba que hab\u00eda que planificar con antelaci\u00f3n la vuelta al pueblo, hasta entonces la Semana Santa empezaba en si el Mi\u00e9rcoles Santo, Jueves y Viernes Santo.<\/p><p>Para Los Ap\u00f3stoles el Mi\u00e9rcoles era d\u00eda grande de encuentro y de regocijo \u201ccuartelero\u201d\u2026 Merino hab\u00eda ya buscado y suministrado \u201cLas Ramas de Higuera\u201d, Miguel\u00f3n hab\u00eda puesto en revista impecable \u201cLas Mazmorras\u201d y Paco Leiva y Yo hab\u00edamos llenado de bebidas de \u201cTubos Largos\u201d el Ambig\u00fa de las mismas\u2026 Pepe Rivas \u201cEl Chiquito\u201d \u2013nuestro Presidente perpetuo- recib\u00eda y daba la \u201cBienvenida\u201d, con grandes halagos de cari\u00f1o fraterno a cada uno de los que llegaban\u2026 casi nos aclamaba por el nuevo encuentro \u201cManantero\u201d. Para mi \u201cEl Chiquito\u201d fue mi segundo Padre, el Martes Santo del a\u00f1o 1970 me llam\u00f3 Pepe como me llamaba todos los a\u00f1os para preguntar cuando llegaba para Semana Santa\u2026, en este a\u00f1o yo hab\u00eda dado pistas de que no podr\u00eda ir por asuntos financieros, me hab\u00edan embargado por tercera vez, en aquellos tiempos te embargaban, a los pobres, por deudas superiores a 50 pesetas, esta vez era por 1000.-(las cuales pagu\u00e9 despu\u00e9s a los 12 a\u00f1os en 1982, pero esa es otra historia)\u2026 y Pepe me dijo \u201cte espero el Mi\u00e9rcoles y por lo dem\u00e1s no tienes que preocuparte\u2026 tu cuota ya est\u00e1 pagada\u2026 LO QUE YO TE DIGA\u201d; pero he ah\u00ed que se produjo el milagro , ese martes compr\u00e9 un d\u00e9cimo de la Once, creo que el 213 y mira por donde toco el premio, as\u00ed es que el Mi\u00e9rcoles por la ma\u00f1ana Carmen y las ni\u00f1as y el Moi subimos al Simca mil y nos encaminamos a La Puente pasando una de mis mejores Semanas Santas sin las penurias de dineros de esos tiempos\u2026 donde ten\u00edamos que trabajar muchas horas al d\u00eda y ganar poco.<\/p><p>\u2026 el Mi\u00e9rcoles al mediod\u00eda el Sal\u00f3n era un besar y abrazar a los hermanos que aparec\u00edan, y ya en esa guisa brindis y m\u00e1s brindis y vivas y m\u00e1s vivas a \u201cLos Ap\u00f3stoles \u201c y muchos, muchos m\u00e1s a \u201cAd\u00e1n y Eva\u201d\u2026 tras cada uno de los desfiles de ida y vuelta en el pasillo \u201centremesas\u201d del Sal\u00f3n de cada pareja que se ofrec\u00eda, as\u00ed hasta cerca de las cinco de la tarde hasta que por m\u00e9ritos merecidos o en casos de duda por designaci\u00f3n siempre del Presidente eran elegidos los hermanos a vestir Ad\u00e1n y Eva ese a\u00f1o.<\/p><p>\u2026 Parejas memorables de esos a\u00f1os fueron \u201cEl Chiquito y el Tito Manolo\u201d; \u201cRafal\u00f3n y Manolo Reina\u201d \u00abJoaqu\u00edn y Migueli\u00bb\u2026 y en la actualidad \u201cGrego y Pepe Cerezo\u201d\u2026 yo solamente me he vestido una vez, en el a\u00f1o 1989 con Rafael Moyano D. y a petici\u00f3n propia por el nacimiento de mi melliza bautizada con el nombre de Eva en honor a las figuras b\u00edblicas de los Ap\u00f3stoles.<\/p><p>\u2026 recuerdos inmejorables de las paradas de esos Mi\u00e9rcoles en las casas de Enrique Aguilar, de Paco Arroyo y \u00faltimamente en la casa de los padres de David Cuenca.<\/p><p>\u2026 aquellos \u201cVivas\u201d de bullicios y \u201capretujones\u201d en el tumultuoso zarandeo de \u201cuvitas\u201d y de numerosas botellas escanciadas en nuestras gargantas ardorosas y armoniosas de c\u00e1nticos al \u201cHumilde y a La Virgen de la Amargura\u201d en su honor y en testimonio del general amor y cari\u00f1o de su pueblo, se vive este \u201cEncierro\u201d con tantas emociones que ni siquiera quedan \u201cResacas\u201d sino todo lo contrario satisfacci\u00f3n y el deseo de volver a vivirlo el pr\u00f3ximo a\u00f1o.<\/p><p>\u2026 particularmente yo recuerdo adem\u00e1s de lo expuesto anteriormente mis siete a\u00f1os de Mi\u00e9rcoles Santos de Santo Var\u00f3n junto a mi siempre querido hermano y amigo Paco Leiva\u2026 nos vest\u00edamos Yo de \u201cJos\u00e9 de Arimatea\u201d y Paco de \u201cNicodemo\u201d despu\u00e9s de comer, vestidos de Santos Varones, nos \u00edbamos en su coche a \u201cLas Camachas\u201d a tomar caf\u00e9 y ya de vuelta lleg\u00e1bamos a casa de sus Padres a saludar a su madre que nos regalaba con una copita de cointreau y, lo mejor, nos cantaba una Saeta, su madre era \u201cLa Mejor\u201d aparte de que Paco y su hermano Juan, tambi\u00e9n Ap\u00f3stol, se cantaban muy bien.<\/p><p style=\"text-align: right;\"><br \/><strong>Ragarcha <\/strong><\/p><p style=\"text-align: right;\"><strong>2enero2021<\/strong><\/p>\t\t\t\t\t\t\t\t<\/div>\n\t\t\t\t<\/div>\n\t\t\t\t\t<\/div>\n\t\t<\/div>\n\t\t\t\t\t<\/div>\n\t\t<\/section>\n\t\t\t\t<\/div>\n\t\t","protected":false},"excerpt":{"rendered":"<p>Mi\u00e9rcoles Santo en nuestra Corporaci\u00f3n. Previous Next MIERCOLES SANTO\u2026 d\u00eda de las procesiones de \u201cLos Cuellos Sucios\u201d como anta\u00f1o denomin\u00e1bamos este d\u00eda y que para m\u00ed, en mis inicios de los a\u00f1os sesenta era tan especial\u2026 hasta 1986 no asent\u00e9 a mi familia en Puente Genil y eso significaba que hab\u00eda que planificar con antelaci\u00f3n [&hellip;]<\/p>\n","protected":false},"author":1,"featured_media":0,"parent":30,"menu_order":0,"comment_status":"closed","ping_status":"closed","template":"","meta":{"site-sidebar-layout":"no-sidebar","site-content-layout":"page-builder","ast-site-content-layout":"","site-content-style":"default","site-sidebar-style":"default","ast-global-header-display":"","ast-banner-title-visibility":"","ast-main-header-display":"","ast-hfb-above-header-display":"","ast-hfb-below-header-display":"","ast-hfb-mobile-header-display":"","site-post-title":"disabled","ast-breadcrumbs-content":"","ast-featured-img":"disabled","footer-sml-layout":"","theme-transparent-header-meta":"default","adv-header-id-meta":"","stick-header-meta":"","header-above-stick-meta":"","header-main-stick-meta":"","header-below-stick-meta":"","astra-migrate-meta-layouts":"default","ast-page-background-enabled":"default","ast-page-background-meta":{"desktop":{"background-color":"","background-image":"","background-repeat":"repeat","background-position":"center center","background-size":"auto","background-attachment":"scroll","background-type":"","background-media":"","overlay-type":"","overlay-color":"","overlay-opacity":"","overlay-gradient":""},"tablet":{"background-color":"","background-image":"","background-repeat":"repeat","background-position":"center center","background-size":"auto","background-attachment":"scroll","background-type":"","background-media":"","overlay-type":"","overlay-color":"","overlay-opacity":"","overlay-gradient":""},"mobile":{"background-color":"","background-image":"","background-repeat":"repeat","background-position":"center center","background-size":"auto","background-attachment":"scroll","background-type":"","background-media":"","overlay-type":"","overlay-color":"","overlay-opacity":"","overlay-gradient":""}},"ast-content-background-meta":{"desktop":{"background-color":"var(--ast-global-color-5)","background-image":"","background-repeat":"repeat","background-position":"center center","background-size":"auto","background-attachment":"scroll","background-type":"","background-media":"","overlay-type":"","overlay-color":"","overlay-opacity":"","overlay-gradient":""},"tablet":{"background-color":"var(--ast-global-color-5)","background-image":"","background-repeat":"repeat","background-position":"center center","background-size":"auto","background-attachment":"scroll","background-type":"","background-media":"","overlay-type":"","overlay-color":"","overlay-opacity":"","overlay-gradient":""},"mobile":{"background-color":"var(--ast-global-color-5)","background-image":"","background-repeat":"repeat","background-position":"center center","background-size":"auto","background-attachment":"scroll","background-type":"","background-media":"","overlay-type":"","overlay-color":"","overlay-opacity":"","overlay-gradient":""}},"footnotes":""},"wf_page_folders":[],"class_list":["post-561","page","type-page","status-publish","hentry"],"jetpack_sharing_enabled":true,"_links":{"self":[{"href":"https:\/\/losapostoles.org\/index.php\/wp-json\/wp\/v2\/pages\/561","targetHints":{"allow":["GET"]}}],"collection":[{"href":"https:\/\/losapostoles.org\/index.php\/wp-json\/wp\/v2\/pages"}],"about":[{"href":"https:\/\/losapostoles.org\/index.php\/wp-json\/wp\/v2\/types\/page"}],"author":[{"embeddable":true,"href":"https:\/\/losapostoles.org\/index.php\/wp-json\/wp\/v2\/users\/1"}],"replies":[{"embeddable":true,"href":"https:\/\/losapostoles.org\/index.php\/wp-json\/wp\/v2\/comments?post=561"}],"version-history":[{"count":22,"href":"https:\/\/losapostoles.org\/index.php\/wp-json\/wp\/v2\/pages\/561\/revisions"}],"predecessor-version":[{"id":1125,"href":"https:\/\/losapostoles.org\/index.php\/wp-json\/wp\/v2\/pages\/561\/revisions\/1125"}],"up":[{"embeddable":true,"href":"https:\/\/losapostoles.org\/index.php\/wp-json\/wp\/v2\/pages\/30"}],"wp:attachment":[{"href":"https:\/\/losapostoles.org\/index.php\/wp-json\/wp\/v2\/media?parent=561"}],"wp:term":[{"taxonomy":"wf_page_folders","embeddable":true,"href":"https:\/\/losapostoles.org\/index.php\/wp-json\/wp\/v2\/wf_page_folders?post=561"}],"curies":[{"name":"wp","href":"https:\/\/api.w.org\/{rel}","templated":true}]}}