{"id":58847,"date":"2025-12-22T21:03:52","date_gmt":"2025-12-22T20:03:52","guid":{"rendered":"https:\/\/losapostoles.org\/?page_id=58847"},"modified":"2025-12-22T21:07:02","modified_gmt":"2025-12-22T20:07:02","slug":"2025-arroz-caldosito","status":"publish","type":"page","link":"https:\/\/losapostoles.org\/index.php\/2025-arroz-caldosito\/","title":{"rendered":"2025 &#8211; Arroz Caldosito"},"content":{"rendered":"\t\t<div data-elementor-type=\"wp-page\" data-elementor-id=\"58847\" class=\"elementor elementor-58847\" data-elementor-post-type=\"page\">\n\t\t\t\t\t\t<section class=\"elementor-section elementor-top-section elementor-element elementor-element-24af41a elementor-section-boxed elementor-section-height-default elementor-section-height-default\" data-id=\"24af41a\" data-element_type=\"section\" data-e-type=\"section\">\n\t\t\t\t\t\t<div class=\"elementor-container elementor-column-gap-default\">\n\t\t\t\t\t<div class=\"elementor-column elementor-col-100 elementor-top-column elementor-element elementor-element-a9ed87c\" data-id=\"a9ed87c\" data-element_type=\"column\" data-e-type=\"column\">\n\t\t\t<div class=\"elementor-widget-wrap elementor-element-populated\">\n\t\t\t\t\t\t<div class=\"elementor-element elementor-element-e186f4d elementor-widget elementor-widget-spacer\" data-id=\"e186f4d\" data-element_type=\"widget\" data-e-type=\"widget\" data-widget_type=\"spacer.default\">\n\t\t\t\t<div class=\"elementor-widget-container\">\n\t\t\t\t\t\t\t<div class=\"elementor-spacer\">\n\t\t\t<div class=\"elementor-spacer-inner\"><\/div>\n\t\t<\/div>\n\t\t\t\t\t\t<\/div>\n\t\t\t\t<\/div>\n\t\t\t\t\t<\/div>\n\t\t<\/div>\n\t\t\t\t\t<\/div>\n\t\t<\/section>\n\t\t\t\t<section class=\"elementor-section elementor-top-section elementor-element elementor-element-4efcc00 elementor-section-boxed elementor-section-height-default elementor-section-height-default\" data-id=\"4efcc00\" data-element_type=\"section\" data-e-type=\"section\">\n\t\t\t\t\t\t<div class=\"elementor-container elementor-column-gap-default\">\n\t\t\t\t\t<div class=\"elementor-column elementor-col-100 elementor-top-column elementor-element elementor-element-c3c506d\" data-id=\"c3c506d\" data-element_type=\"column\" data-e-type=\"column\">\n\t\t\t<div class=\"elementor-widget-wrap elementor-element-populated\">\n\t\t\t\t\t\t<div class=\"elementor-element elementor-element-8e680c0 elementor-widget elementor-widget-heading\" data-id=\"8e680c0\" data-element_type=\"widget\" data-e-type=\"widget\" data-widget_type=\"heading.default\">\n\t\t\t\t<div class=\"elementor-widget-container\">\n\t\t\t\t\t<h2 class=\"elementor-heading-title elementor-size-default\">2025 - Arroz Caldosito<\/h2>\t\t\t\t<\/div>\n\t\t\t\t<\/div>\n\t\t\t\t\t<\/div>\n\t\t<\/div>\n\t\t\t\t\t<\/div>\n\t\t<\/section>\n\t\t\t\t<section class=\"elementor-section elementor-top-section elementor-element elementor-element-2c5d4ec elementor-section-boxed elementor-section-height-default elementor-section-height-default\" data-id=\"2c5d4ec\" data-element_type=\"section\" data-e-type=\"section\">\n\t\t\t\t\t\t<div class=\"elementor-container elementor-column-gap-default\">\n\t\t\t\t\t<div class=\"elementor-column elementor-col-100 elementor-top-column elementor-element elementor-element-743061a\" data-id=\"743061a\" data-element_type=\"column\" data-e-type=\"column\">\n\t\t\t<div class=\"elementor-widget-wrap elementor-element-populated\">\n\t\t\t\t\t\t<div class=\"elementor-element elementor-element-249e4ef elementor-widget-divider--view-line elementor-widget elementor-widget-divider\" data-id=\"249e4ef\" data-element_type=\"widget\" data-e-type=\"widget\" data-widget_type=\"divider.default\">\n\t\t\t\t<div class=\"elementor-widget-container\">\n\t\t\t\t\t\t\t<div class=\"elementor-divider\">\n\t\t\t<span class=\"elementor-divider-separator\">\n\t\t\t\t\t\t<\/span>\n\t\t<\/div>\n\t\t\t\t\t\t<\/div>\n\t\t\t\t<\/div>\n\t\t\t\t\t<\/div>\n\t\t<\/div>\n\t\t\t\t\t<\/div>\n\t\t<\/section>\n\t\t\t\t<section class=\"elementor-section elementor-top-section elementor-element elementor-element-a17233e elementor-section-boxed elementor-section-height-default elementor-section-height-default\" data-id=\"a17233e\" data-element_type=\"section\" data-e-type=\"section\">\n\t\t\t\t\t\t<div class=\"elementor-container elementor-column-gap-default\">\n\t\t\t\t\t<div class=\"elementor-column elementor-col-100 elementor-top-column elementor-element elementor-element-709271e\" data-id=\"709271e\" data-element_type=\"column\" data-e-type=\"column\">\n\t\t\t<div class=\"elementor-widget-wrap\">\n\t\t\t\t\t\t\t<\/div>\n\t\t<\/div>\n\t\t\t\t\t<\/div>\n\t\t<\/section>\n\t\t\t\t<section class=\"elementor-section elementor-top-section elementor-element elementor-element-7d6c3a2 elementor-section-boxed elementor-section-height-default elementor-section-height-default\" data-id=\"7d6c3a2\" data-element_type=\"section\" data-e-type=\"section\">\n\t\t\t\t\t\t<div class=\"elementor-container elementor-column-gap-default\">\n\t\t\t\t\t<div class=\"elementor-column elementor-col-100 elementor-top-column elementor-element elementor-element-ad9d870\" data-id=\"ad9d870\" data-element_type=\"column\" data-e-type=\"column\">\n\t\t\t<div class=\"elementor-widget-wrap elementor-element-populated\">\n\t\t\t\t\t\t<div class=\"elementor-element elementor-element-c440969 elementor-widget elementor-widget-image\" data-id=\"c440969\" data-element_type=\"widget\" data-e-type=\"widget\" data-widget_type=\"image.default\">\n\t\t\t\t<div class=\"elementor-widget-container\">\n\t\t\t\t\t\t\t\t\t\t\t\t\t\t\t<img fetchpriority=\"high\" decoding=\"async\" width=\"850\" height=\"478\" src=\"https:\/\/losapostoles.org\/wp-content\/uploads\/2025\/12\/TSR-Watermark-6414.jpg\" class=\"attachment-1536x1536 size-1536x1536 wp-image-58850\" alt=\"\" srcset=\"https:\/\/losapostoles.org\/wp-content\/uploads\/2025\/12\/TSR-Watermark-6414.jpg 850w, https:\/\/losapostoles.org\/wp-content\/uploads\/2025\/12\/TSR-Watermark-6414-300x169.jpg 300w, https:\/\/losapostoles.org\/wp-content\/uploads\/2025\/12\/TSR-Watermark-6414-768x432.jpg 768w\" sizes=\"(max-width: 850px) 100vw, 850px\" \/>\t\t\t\t\t\t\t\t\t\t\t\t\t\t\t<\/div>\n\t\t\t\t<\/div>\n\t\t\t\t\t<\/div>\n\t\t<\/div>\n\t\t\t\t\t<\/div>\n\t\t<\/section>\n\t\t\t\t<section class=\"elementor-section elementor-top-section elementor-element elementor-element-d2f2006 elementor-section-boxed elementor-section-height-default elementor-section-height-default\" data-id=\"d2f2006\" data-element_type=\"section\" data-e-type=\"section\">\n\t\t\t\t\t\t<div class=\"elementor-container elementor-column-gap-default\">\n\t\t\t\t\t<div class=\"elementor-column elementor-col-100 elementor-top-column elementor-element elementor-element-6942a2b\" data-id=\"6942a2b\" data-element_type=\"column\" data-e-type=\"column\">\n\t\t\t<div class=\"elementor-widget-wrap elementor-element-populated\">\n\t\t\t\t\t\t<div class=\"elementor-element elementor-element-8c4c0ca elementor-widget-divider--view-line elementor-widget elementor-widget-divider\" data-id=\"8c4c0ca\" data-element_type=\"widget\" data-e-type=\"widget\" data-widget_type=\"divider.default\">\n\t\t\t\t<div class=\"elementor-widget-container\">\n\t\t\t\t\t\t\t<div class=\"elementor-divider\">\n\t\t\t<span class=\"elementor-divider-separator\">\n\t\t\t\t\t\t<\/span>\n\t\t<\/div>\n\t\t\t\t\t\t<\/div>\n\t\t\t\t<\/div>\n\t\t\t\t\t<\/div>\n\t\t<\/div>\n\t\t\t\t\t<\/div>\n\t\t<\/section>\n\t\t\t\t<section class=\"elementor-section elementor-top-section elementor-element elementor-element-2d5af9e elementor-section-boxed elementor-section-height-default elementor-section-height-default\" data-id=\"2d5af9e\" data-element_type=\"section\" data-e-type=\"section\">\n\t\t\t\t\t\t<div class=\"elementor-container elementor-column-gap-default\">\n\t\t\t\t\t<div class=\"elementor-column elementor-col-100 elementor-top-column elementor-element elementor-element-8ee022d\" data-id=\"8ee022d\" data-element_type=\"column\" data-e-type=\"column\">\n\t\t\t<div class=\"elementor-widget-wrap elementor-element-populated\">\n\t\t\t\t\t\t<div class=\"elementor-element elementor-element-dddedaf elementor-align-center elementor-widget elementor-widget-button\" data-id=\"dddedaf\" data-element_type=\"widget\" data-e-type=\"widget\" data-widget_type=\"button.default\">\n\t\t\t\t<div class=\"elementor-widget-container\">\n\t\t\t\t\t\t\t\t\t<div class=\"elementor-button-wrapper\">\n\t\t\t\t\t<a class=\"elementor-button elementor-size-sm\" role=\"button\">\n\t\t\t\t\t\t<span class=\"elementor-button-content-wrapper\">\n\t\t\t\t\t\t<span class=\"elementor-button-icon\">\n\t\t\t\t<i aria-hidden=\"true\" class=\"far fa-arrow-alt-circle-down\"><\/i>\t\t\t<\/span>\n\t\t\t\t\t\t\t\t\t<span class=\"elementor-button-text\">Pulse sobre las im\u00e1genes inferiores para ver \u00e1lbum completo<\/span>\n\t\t\t\t\t<\/span>\n\t\t\t\t\t<\/a>\n\t\t\t\t<\/div>\n\t\t\t\t\t\t\t\t<\/div>\n\t\t\t\t<\/div>\n\t\t\t\t\t<\/div>\n\t\t<\/div>\n\t\t\t\t\t<\/div>\n\t\t<\/section>\n\t\t\t\t<section class=\"elementor-section elementor-top-section elementor-element elementor-element-ed0c8f2 elementor-section-boxed elementor-section-height-default elementor-section-height-default\" data-id=\"ed0c8f2\" data-element_type=\"section\" data-e-type=\"section\">\n\t\t\t\t\t\t<div class=\"elementor-container elementor-column-gap-default\">\n\t\t\t\t\t<div class=\"elementor-column elementor-col-100 elementor-top-column elementor-element elementor-element-4f0b6cd\" data-id=\"4f0b6cd\" data-element_type=\"column\" data-e-type=\"column\">\n\t\t\t<div class=\"elementor-widget-wrap elementor-element-populated\">\n\t\t\t\t\t\t<div class=\"elementor-element elementor-element-772ecda elementor-widget elementor-widget-html\" data-id=\"772ecda\" data-element_type=\"widget\" data-e-type=\"widget\" data-widget_type=\"html.default\">\n\t\t\t\t<div class=\"elementor-widget-container\">\n\t\t\t\t\t<style>      div.simple-google-photos-grid {\n        width:100%;\n        height:100%;\n        overflow:hidden;\n      }\n      div.simple-google-photos-grid-cell {\n        box-sizing:border-box;\n        padding:5px;\n        float:left;\n      }\n      img.simple-google-photos-grid-image {\n        object-fit: cover;\n      }<\/style><div class=\"simple-google-photos-grid\"><div class=\"simple-google-photos-grid-cell\" style=\"width:25%\"><a href=\"https:\/\/photos.app.goo.gl\/LUdPwRQCb2cft5S3A\" target=\"_blank\"><img decoding=\"async\" src=\"https:\/\/lh3.googleusercontent.com\/pw\/AP1GczMN0Dv6BUjGJ8qOdiuzusbN-qSYl1FYbDk8UAAs07-qyFIpEpc0v28vh78rEYdk5ZNllgyp19w0G05mIhN9niqFAGLQKZQ927WduS6KZKcCxfkzO892\" alt=\"Google Photo\" class=\"simple-google-photos-grid-image\"><\/a><\/div><div class=\"simple-google-photos-grid-cell\" style=\"width:25%\"><a href=\"https:\/\/photos.app.goo.gl\/LUdPwRQCb2cft5S3A\" target=\"_blank\"><img decoding=\"async\" src=\"https:\/\/lh3.googleusercontent.com\/pw\/AP1GczNYpPxaH4oNOBzkdVYYREt6JpxK_YbeSoE4T-ZjHMFQxLCJ0bKtJoPSu2X9gRq0n5K-M4ABqRsQpgV-lcp2S_dj5v6VGGL7KtdkUEMQOuUn8FCeAmkg\" alt=\"Google Photo\" class=\"simple-google-photos-grid-image\"><\/a><\/div><div class=\"simple-google-photos-grid-cell\" style=\"width:25%\"><a href=\"https:\/\/photos.app.goo.gl\/LUdPwRQCb2cft5S3A\" target=\"_blank\"><img decoding=\"async\" src=\"https:\/\/lh3.googleusercontent.com\/pw\/AP1GczNCPJBZZ4o0QARuWQraWGXIN1NrONCufENbamzKas0y2qYqp5KdDaEJ5nBADGTkk3aXncZMRL32eE-5ca59SZNxAeM_LsyMgQOPZFjfO8QciRylRbph\" alt=\"Google Photo\" class=\"simple-google-photos-grid-image\"><\/a><\/div><div class=\"simple-google-photos-grid-cell\" style=\"width:25%\"><a href=\"https:\/\/photos.app.goo.gl\/LUdPwRQCb2cft5S3A\" target=\"_blank\"><img decoding=\"async\" src=\"https:\/\/lh3.googleusercontent.com\/pw\/AP1GczN8Og4RBEzyqvgBFLEhYIcNeUlHgcNwa991yWrJDT2l3zxY8mNmgX2F5TZjfSJojxFLOqS-7SIdc5z563DUsUENaol9dUasgUDu0MIwhp0sVmk-pb24\" alt=\"Google Photo\" class=\"simple-google-photos-grid-image\"><\/a><\/div><div class=\"simple-google-photos-grid-cell\" style=\"width:25%\"><a href=\"https:\/\/photos.app.goo.gl\/LUdPwRQCb2cft5S3A\" target=\"_blank\"><img decoding=\"async\" src=\"https:\/\/lh3.googleusercontent.com\/pw\/AP1GczPjC2ylWGdTbpXsdcTOFAaLHRPsZoCHpG-WI1WVSwBRZ_fVn9vkNAEf2bfukSQpMQtZkfI4_x_eCEMUnsAhJxXQ_euEYsNzEh1ybX4du7sfQvS-v1wd\" alt=\"Google Photo\" class=\"simple-google-photos-grid-image\"><\/a><\/div><div class=\"simple-google-photos-grid-cell\" style=\"width:25%\"><a href=\"https:\/\/photos.app.goo.gl\/LUdPwRQCb2cft5S3A\" target=\"_blank\"><img decoding=\"async\" src=\"https:\/\/lh3.googleusercontent.com\/pw\/AP1GczOWOLzJHE721zYJ0RP3PW2S3lJv6dqINhNnRxqfq1D-rzlD4OzD7sSODoNjmkkJ3MBk6JC671K93HLZqTBr-BQI4GTaB9WbLo31BEp7-4CRF_dCKaKr\" alt=\"Google Photo\" class=\"simple-google-photos-grid-image\"><\/a><\/div><div class=\"simple-google-photos-grid-cell\" style=\"width:25%\"><a href=\"https:\/\/photos.app.goo.gl\/LUdPwRQCb2cft5S3A\" target=\"_blank\"><img decoding=\"async\" src=\"https:\/\/lh3.googleusercontent.com\/pw\/AP1GczNi-b3ekyKgkWo8WxxghxWSa13WGfIt9mmaZN_ZD6dWYuFg8PD0glJNU1rGp7CSJXRL0z4dzG5UoXf_VfFEgPne_BR8rJ-lH8bVazHuPKAs_GuIDeTf\" alt=\"Google Photo\" class=\"simple-google-photos-grid-image\"><\/a><\/div><div class=\"simple-google-photos-grid-cell\" style=\"width:25%\"><a href=\"https:\/\/photos.app.goo.gl\/LUdPwRQCb2cft5S3A\" target=\"_blank\"><img decoding=\"async\" src=\"https:\/\/lh3.googleusercontent.com\/pw\/AP1GczPmQuDKy1WU5NXYiY9sMUpjzSrMlgdPPAqQsBsA2K33Fr9e5tY4KkoNal-YFKCFU-ap68v8FOBHhEp-st5CFKQLluz7CLdVV_EWOkfR7c3D83TJ2zyz\" alt=\"Google Photo\" class=\"simple-google-photos-grid-image\"><\/a><\/div><\/div><script>      (function() {\n        if( window.jQuery ){\n          jQuery( document ).ready(function() {\n            jQuery(\"div.simple-google-photos-grid\").each(function(i){\n              var container = jQuery(this);\n              var width = container.find(\"div.simple-google-photos-grid-cell\").first().width();\n              container.find(\"img.simple-google-photos-grid-image\").css(\"width\", width).css(\"height\", width);\n            });\n          });\n        }\n      })();<\/script>\t\t\t\t<\/div>\n\t\t\t\t<\/div>\n\t\t\t\t\t<\/div>\n\t\t<\/div>\n\t\t\t\t\t<\/div>\n\t\t<\/section>\n\t\t\t\t<section class=\"elementor-section elementor-top-section elementor-element elementor-element-ff6ac78 elementor-section-boxed elementor-section-height-default elementor-section-height-default\" data-id=\"ff6ac78\" data-element_type=\"section\" data-e-type=\"section\">\n\t\t\t\t\t\t<div class=\"elementor-container elementor-column-gap-default\">\n\t\t\t\t\t<div class=\"elementor-column elementor-col-100 elementor-top-column elementor-element elementor-element-13e05d3\" data-id=\"13e05d3\" data-element_type=\"column\" data-e-type=\"column\">\n\t\t\t<div class=\"elementor-widget-wrap elementor-element-populated\">\n\t\t\t\t\t\t<div class=\"elementor-element elementor-element-b772f0b elementor-button-success elementor-align-right elementor-widget elementor-widget-button\" data-id=\"b772f0b\" data-element_type=\"widget\" data-e-type=\"widget\" data-widget_type=\"button.default\">\n\t\t\t\t<div class=\"elementor-widget-container\">\n\t\t\t\t\t\t\t\t\t<div class=\"elementor-button-wrapper\">\n\t\t\t\t\t<a class=\"elementor-button elementor-button-link elementor-size-sm\" href=\"https:\/\/losapostoles.org\/index.php\/fotografias-2024\">\n\t\t\t\t\t\t<span class=\"elementor-button-content-wrapper\">\n\t\t\t\t\t\t\t\t\t<span class=\"elementor-button-text\">Volver a fotograf\u00edas 2025<\/span>\n\t\t\t\t\t<\/span>\n\t\t\t\t\t<\/a>\n\t\t\t\t<\/div>\n\t\t\t\t\t\t\t\t<\/div>\n\t\t\t\t<\/div>\n\t\t\t\t\t<\/div>\n\t\t<\/div>\n\t\t\t\t\t<\/div>\n\t\t<\/section>\n\t\t\t\t<\/div>\n\t\t","protected":false},"excerpt":{"rendered":"<p>2025 &#8211; Arroz Caldosito Pulse sobre las im\u00e1genes inferiores para ver \u00e1lbum completo Volver a fotograf\u00edas 2025<\/p>\n","protected":false},"author":1,"featured_media":0,"parent":0,"menu_order":0,"comment_status":"closed","ping_status":"closed","template":"","meta":{"site-sidebar-layout":"no-sidebar","site-content-layout":"page-builder","ast-site-content-layout":"full-width-container","site-content-style":"unboxed","site-sidebar-style":"unboxed","ast-global-header-display":"","ast-banner-title-visibility":"","ast-main-header-display":"","ast-hfb-above-header-display":"","ast-hfb-below-header-display":"","ast-hfb-mobile-header-display":"","site-post-title":"disabled","ast-breadcrumbs-content":"","ast-featured-img":"disabled","footer-sml-layout":"","theme-transparent-header-meta":"default","adv-header-id-meta":"","stick-header-meta":"","header-above-stick-meta":"","header-main-stick-meta":"","header-below-stick-meta":"","astra-migrate-meta-layouts":"set","ast-page-background-enabled":"default","ast-page-background-meta":{"desktop":{"background-color":"","background-image":"","background-repeat":"repeat","background-position":"center center","background-size":"auto","background-attachment":"scroll","background-type":"","background-media":"","overlay-type":"","overlay-color":"","overlay-opacity":"","overlay-gradient":""},"tablet":{"background-color":"","background-image":"","background-repeat":"repeat","background-position":"center center","background-size":"auto","background-attachment":"scroll","background-type":"","background-media":"","overlay-type":"","overlay-color":"","overlay-opacity":"","overlay-gradient":""},"mobile":{"background-color":"","background-image":"","background-repeat":"repeat","background-position":"center center","background-size":"auto","background-attachment":"scroll","background-type":"","background-media":"","overlay-type":"","overlay-color":"","overlay-opacity":"","overlay-gradient":""}},"ast-content-background-meta":{"desktop":{"background-color":"var(--ast-global-color-5)","background-image":"","background-repeat":"repeat","background-position":"center center","background-size":"auto","background-attachment":"scroll","background-type":"","background-media":"","overlay-type":"","overlay-color":"","overlay-opacity":"","overlay-gradient":""},"tablet":{"background-color":"var(--ast-global-color-5)","background-image":"","background-repeat":"repeat","background-position":"center center","background-size":"auto","background-attachment":"scroll","background-type":"","background-media":"","overlay-type":"","overlay-color":"","overlay-opacity":"","overlay-gradient":""},"mobile":{"background-color":"var(--ast-global-color-5)","background-image":"","background-repeat":"repeat","background-position":"center center","background-size":"auto","background-attachment":"scroll","background-type":"","background-media":"","overlay-type":"","overlay-color":"","overlay-opacity":"","overlay-gradient":""}},"footnotes":""},"wf_page_folders":[65],"class_list":["post-58847","page","type-page","status-publish","hentry"],"jetpack_sharing_enabled":true,"_links":{"self":[{"href":"https:\/\/losapostoles.org\/index.php\/wp-json\/wp\/v2\/pages\/58847","targetHints":{"allow":["GET"]}}],"collection":[{"href":"https:\/\/losapostoles.org\/index.php\/wp-json\/wp\/v2\/pages"}],"about":[{"href":"https:\/\/losapostoles.org\/index.php\/wp-json\/wp\/v2\/types\/page"}],"author":[{"embeddable":true,"href":"https:\/\/losapostoles.org\/index.php\/wp-json\/wp\/v2\/users\/1"}],"replies":[{"embeddable":true,"href":"https:\/\/losapostoles.org\/index.php\/wp-json\/wp\/v2\/comments?post=58847"}],"version-history":[{"count":4,"href":"https:\/\/losapostoles.org\/index.php\/wp-json\/wp\/v2\/pages\/58847\/revisions"}],"predecessor-version":[{"id":58853,"href":"https:\/\/losapostoles.org\/index.php\/wp-json\/wp\/v2\/pages\/58847\/revisions\/58853"}],"wp:attachment":[{"href":"https:\/\/losapostoles.org\/index.php\/wp-json\/wp\/v2\/media?parent=58847"}],"wp:term":[{"taxonomy":"wf_page_folders","embeddable":true,"href":"https:\/\/losapostoles.org\/index.php\/wp-json\/wp\/v2\/wf_page_folders?post=58847"}],"curies":[{"name":"wp","href":"https:\/\/api.w.org\/{rel}","templated":true}]}}