{"id":59094,"date":"2026-04-20T13:59:29","date_gmt":"2026-04-20T11:59:29","guid":{"rendered":"https:\/\/losapostoles.org\/?page_id=59094"},"modified":"2026-04-20T14:05:09","modified_gmt":"2026-04-20T12:05:09","slug":"bajo-el-rostrillo","status":"publish","type":"page","link":"https:\/\/losapostoles.org\/index.php\/bajo-el-rostrillo\/","title":{"rendered":"Bajo el rostrillo"},"content":{"rendered":"\t\t<div data-elementor-type=\"wp-page\" data-elementor-id=\"59094\" class=\"elementor elementor-59094\" data-elementor-post-type=\"page\">\n\t\t\t\t\t\t<section class=\"elementor-section elementor-top-section elementor-element elementor-element-d60837d elementor-section-boxed elementor-section-height-default elementor-section-height-default\" data-id=\"d60837d\" data-element_type=\"section\" data-e-type=\"section\">\n\t\t\t\t\t\t<div class=\"elementor-container elementor-column-gap-default\">\n\t\t\t\t\t<div class=\"elementor-column elementor-col-100 elementor-top-column elementor-element elementor-element-4167fb9\" data-id=\"4167fb9\" data-element_type=\"column\" data-e-type=\"column\">\n\t\t\t<div class=\"elementor-widget-wrap elementor-element-populated\">\n\t\t\t\t\t\t<div class=\"elementor-element elementor-element-5fd341d elementor-widget-divider--view-line elementor-widget elementor-widget-divider\" data-id=\"5fd341d\" data-element_type=\"widget\" data-e-type=\"widget\" data-widget_type=\"divider.default\">\n\t\t\t\t<div class=\"elementor-widget-container\">\n\t\t\t\t\t\t\t<div class=\"elementor-divider\">\n\t\t\t<span class=\"elementor-divider-separator\">\n\t\t\t\t\t\t<\/span>\n\t\t<\/div>\n\t\t\t\t\t\t<\/div>\n\t\t\t\t<\/div>\n\t\t\t\t\t<\/div>\n\t\t<\/div>\n\t\t\t\t\t<\/div>\n\t\t<\/section>\n\t\t\t\t<section class=\"elementor-section elementor-top-section elementor-element elementor-element-dab2f3c elementor-section-boxed elementor-section-height-default elementor-section-height-default\" data-id=\"dab2f3c\" data-element_type=\"section\" data-e-type=\"section\">\n\t\t\t\t\t\t<div class=\"elementor-container elementor-column-gap-default\">\n\t\t\t\t\t<div class=\"elementor-column elementor-col-100 elementor-top-column elementor-element elementor-element-e6cfbc5\" data-id=\"e6cfbc5\" data-element_type=\"column\" data-e-type=\"column\">\n\t\t\t<div class=\"elementor-widget-wrap elementor-element-populated\">\n\t\t\t\t\t\t<div class=\"elementor-element elementor-element-3d830e8 elementor-widget elementor-widget-heading\" data-id=\"3d830e8\" data-element_type=\"widget\" data-e-type=\"widget\" data-widget_type=\"heading.default\">\n\t\t\t\t<div class=\"elementor-widget-container\">\n\t\t\t\t\t<h5 class=\"elementor-heading-title elementor-size-default\">ART\u00cdCULOS<\/h5>\t\t\t\t<\/div>\n\t\t\t\t<\/div>\n\t\t\t\t\t<\/div>\n\t\t<\/div>\n\t\t\t\t\t<\/div>\n\t\t<\/section>\n\t\t\t\t<section class=\"elementor-section elementor-top-section elementor-element elementor-element-d3e68ea elementor-section-boxed elementor-section-height-default elementor-section-height-default\" data-id=\"d3e68ea\" data-element_type=\"section\" data-e-type=\"section\">\n\t\t\t\t\t\t<div class=\"elementor-container elementor-column-gap-default\">\n\t\t\t\t\t<div class=\"elementor-column elementor-col-100 elementor-top-column elementor-element elementor-element-d29ea8e\" data-id=\"d29ea8e\" data-element_type=\"column\" data-e-type=\"column\">\n\t\t\t<div class=\"elementor-widget-wrap elementor-element-populated\">\n\t\t\t\t\t\t<div class=\"elementor-element elementor-element-fe57fa0 elementor-widget elementor-widget-heading\" data-id=\"fe57fa0\" data-element_type=\"widget\" data-e-type=\"widget\" data-widget_type=\"heading.default\">\n\t\t\t\t<div class=\"elementor-widget-container\">\n\t\t\t\t\t<h5 class=\"elementor-heading-title elementor-size-default\">Bajo el Rostrillo<br>por Joaqu\u00edn E. L\u00f3pez Perez<\/h5>\t\t\t\t<\/div>\n\t\t\t\t<\/div>\n\t\t\t\t\t<\/div>\n\t\t<\/div>\n\t\t\t\t\t<\/div>\n\t\t<\/section>\n\t\t\t\t<section class=\"elementor-section elementor-top-section elementor-element elementor-element-ff4537c elementor-section-boxed elementor-section-height-default elementor-section-height-default\" data-id=\"ff4537c\" data-element_type=\"section\" data-e-type=\"section\">\n\t\t\t\t\t\t<div class=\"elementor-container elementor-column-gap-default\">\n\t\t\t\t\t<div class=\"elementor-column elementor-col-100 elementor-top-column elementor-element elementor-element-121f3d8\" data-id=\"121f3d8\" data-element_type=\"column\" data-e-type=\"column\">\n\t\t\t<div class=\"elementor-widget-wrap elementor-element-populated\">\n\t\t\t\t\t\t<div class=\"elementor-element elementor-element-bfb2f85 elementor-widget-divider--view-line elementor-widget elementor-widget-divider\" data-id=\"bfb2f85\" data-element_type=\"widget\" data-e-type=\"widget\" data-widget_type=\"divider.default\">\n\t\t\t\t<div class=\"elementor-widget-container\">\n\t\t\t\t\t\t\t<div class=\"elementor-divider\">\n\t\t\t<span class=\"elementor-divider-separator\">\n\t\t\t\t\t\t<\/span>\n\t\t<\/div>\n\t\t\t\t\t\t<\/div>\n\t\t\t\t<\/div>\n\t\t\t\t\t<\/div>\n\t\t<\/div>\n\t\t\t\t\t<\/div>\n\t\t<\/section>\n\t\t\t\t<section class=\"elementor-section elementor-top-section elementor-element elementor-element-702f729 elementor-section-boxed elementor-section-height-default elementor-section-height-default\" data-id=\"702f729\" data-element_type=\"section\" data-e-type=\"section\">\n\t\t\t\t\t\t<div class=\"elementor-container elementor-column-gap-default\">\n\t\t\t\t\t<div class=\"elementor-column elementor-col-100 elementor-top-column elementor-element elementor-element-3e34a16\" data-id=\"3e34a16\" data-element_type=\"column\" data-e-type=\"column\">\n\t\t\t<div class=\"elementor-widget-wrap elementor-element-populated\">\n\t\t\t\t\t\t<div class=\"elementor-element elementor-element-624d7c0 elementor-widget elementor-widget-text-editor\" data-id=\"624d7c0\" data-element_type=\"widget\" data-e-type=\"widget\" data-widget_type=\"text-editor.default\">\n\t\t\t\t<div class=\"elementor-widget-container\">\n\t\t\t\t\t\t\t\t\t<p style=\"text-align: left;\">De todos los momentos irrepetibles y \u00fanicos que se viven en Los Ap\u00f3stoles, yo me quedo con uno. Uno que s\u00f3lo desde la \u00f3ptica de quien lo vive por dentro, puede extraer consecuencias de los sentimientos experimentados, y que adem\u00e1s s\u00f3lo tienen el privilegio de vivirlo los hermanos de la Corporaci\u00f3n<\/p><p><img fetchpriority=\"high\" decoding=\"async\" class=\"alignnone size-medium wp-image-59097 aligncenter\" src=\"https:\/\/losapostoles.org\/wp-content\/uploads\/2026\/04\/sanfelipe-216x300.jpg\" alt=\"\" width=\"216\" height=\"300\" srcset=\"https:\/\/losapostoles.org\/wp-content\/uploads\/2026\/04\/sanfelipe-216x300.jpg 216w, https:\/\/losapostoles.org\/wp-content\/uploads\/2026\/04\/sanfelipe.jpg 350w\" sizes=\"(max-width: 216px) 100vw, 216px\" \/><\/p><p>\u00a0<\/p><p>Siempre me hab\u00eda llamado la atenci\u00f3n las figuras de Los Ap\u00f3stoles, austeras, sencillas, sin encajes ni ornamentos sobresalientes, tal como ellos debieron ser. Pero la sensaci\u00f3n que me produjo cuando por primera vez me encontr\u00e9 frente a sus ropajes, preparados y listos para ser vestidos aquella ma\u00f1ana de Viernes Santo de 1.990, fue algo indescriptible para mi. En ese momento parec\u00edan personajes inalcanzables, los hab\u00eda visto muchas veces desfilando en las calles, rectos, acompasados, inmutables detr\u00e1s del Maestro, y ahora los ten\u00eda tan cerca, tan cerca que parec\u00edan estar mucho m\u00e1s lejos que tantas otras veces.<\/p><p>Estaba dispuesto a representar nada mas que a uno de los seguidores y disc\u00edpulos de nuestro Terrible, y me embargaba la gran contrariedad de saber si iba a poder con esta carga. Pero esto dur\u00f3 solo un instante, el que transcurri\u00f3 entre dejar a un lado \u00ablos vaqueros\u00bb y enfundarme los ropajes del ap\u00f3stol<\/p><p>Una vez hecho esto, yo, ya no era yo, mis vivencias, m\u00e1gicamente y sin comprenderlo a\u00fan totalmente, se trasladaron atr\u00e1s en el tiempo y se entremezclaron con las de mi personaje, o, las de mi personaje conmigo. Al instante \u00e9ramos solo uno en perfecta simbiosis: El Ap\u00f3stol con el profano y viceversa.<\/p><p>Me vi sumergido en un largo camino que, seguido sin vacilar, me condujo al encuentro con el Maestro, un encuentro que en mi mente se tradujo en una mezcla de incertidumbre y temor. \u00bfA quien ver\u00eda Jes\u00fas? \u00bfAl Ap\u00f3stol o al usurpador?. El, de momento no me dio respuesta alguna, s\u00f3lo durante la subida al Calvario, comenc\u00e9 a sentir su soledad sobre mi rostro, la soledad del que sabe que va a dar su vida por un pueblo que no lo reconocer\u00e1. Sent\u00ed su angustia, la del que sabe que lleva detr\u00e1s unos disc\u00edpulos que al final lo dejar\u00e1n tambi\u00e9n solo, y &#8230;&#8230; yo era uno de ellos.<\/p><p>Puede intuir como volv\u00eda su mirada por ver si todav\u00eda lo segu\u00edamos, y est\u00e1bamos all\u00ed, a pesar de la humedad que sent\u00eda en esos momentos bajo mis pies.<\/p><p>S\u00f3lo entonces me di cuenta que estaba lloviendo con fuerza, el pelo se me pegaba en la cara y la t\u00fanica se ce\u00f1\u00eda a mis piernas empapadas. Tambi\u00e9n vi, entre l\u00e1grimas, que los Ap\u00f3stoles est\u00e1bamos solos detr\u00e1s del Maestro a medio camino hacia el Calvario, como hac\u00eda veinte siglos, y que llegados a esa meta, a\u00fan bajo el agua, Jes\u00fas nos sonri\u00f3 levemente y se despidi\u00f3 de nosotros mientras emprend\u00edamos el camino de vuelta.<\/p><p>Entonces llor\u00e9 amargamente, porque me recorri\u00f3 un escalofr\u00edo enorme al dejarlo all\u00ed, inmerso en esa soledad antes presentida, y mis l\u00e1grimas mezcladas con el agua que segu\u00eda cayendo, me hicieron deshacerme en parte de mi aflicci\u00f3n por ese abandono, y ya de espaldas al Calvario; cre\u00ed sentir como el Terrible nos perdonaba a todos por lo que hab\u00edamos hecho.<\/p><p>S\u00f3lo cuando me quit\u00e9 la t\u00fanica mojada y comenc\u00e9 a secarme el cabello, me d\u00ed cuenta que no estaba en Jerusal\u00e9n, que no era el ap\u00f3stol San Bartolom\u00e9, ni que tan siguiera aquel recinto era el Cen\u00e1culo. Me hall\u00e9 s\u00fabitamente en Madre de Dios, 36 y SIMPLEMENTE : HAB\u00cdA ESTRENADO APOSTOLADO<\/p>\t\t\t\t\t\t\t\t<\/div>\n\t\t\t\t<\/div>\n\t\t\t\t\t<\/div>\n\t\t<\/div>\n\t\t\t\t\t<\/div>\n\t\t<\/section>\n\t\t\t\t<\/div>\n\t\t","protected":false},"excerpt":{"rendered":"<p>ART\u00cdCULOS Bajo el Rostrillopor Joaqu\u00edn E. L\u00f3pez Perez De todos los momentos irrepetibles y \u00fanicos que se viven en Los Ap\u00f3stoles, yo me quedo con uno. Uno que s\u00f3lo desde la \u00f3ptica de quien lo vive por dentro, puede extraer consecuencias de los sentimientos experimentados, y que adem\u00e1s s\u00f3lo tienen el privilegio de vivirlo los [&hellip;]<\/p>\n","protected":false},"author":1,"featured_media":0,"parent":0,"menu_order":0,"comment_status":"closed","ping_status":"closed","template":"","meta":{"site-sidebar-layout":"no-sidebar","site-content-layout":"page-builder","ast-site-content-layout":"full-width-container","site-content-style":"unboxed","site-sidebar-style":"unboxed","ast-global-header-display":"","ast-banner-title-visibility":"","ast-main-header-display":"","ast-hfb-above-header-display":"","ast-hfb-below-header-display":"","ast-hfb-mobile-header-display":"","site-post-title":"disabled","ast-breadcrumbs-content":"","ast-featured-img":"disabled","footer-sml-layout":"","theme-transparent-header-meta":"default","adv-header-id-meta":"","stick-header-meta":"","header-above-stick-meta":"","header-main-stick-meta":"","header-below-stick-meta":"","astra-migrate-meta-layouts":"set","ast-page-background-enabled":"default","ast-page-background-meta":{"desktop":{"background-color":"","background-image":"","background-repeat":"repeat","background-position":"center center","background-size":"auto","background-attachment":"scroll","background-type":"","background-media":"","overlay-type":"","overlay-color":"","overlay-opacity":"","overlay-gradient":""},"tablet":{"background-color":"","background-image":"","background-repeat":"repeat","background-position":"center center","background-size":"auto","background-attachment":"scroll","background-type":"","background-media":"","overlay-type":"","overlay-color":"","overlay-opacity":"","overlay-gradient":""},"mobile":{"background-color":"","background-image":"","background-repeat":"repeat","background-position":"center center","background-size":"auto","background-attachment":"scroll","background-type":"","background-media":"","overlay-type":"","overlay-color":"","overlay-opacity":"","overlay-gradient":""}},"ast-content-background-meta":{"desktop":{"background-color":"var(--ast-global-color-5)","background-image":"","background-repeat":"repeat","background-position":"center center","background-size":"auto","background-attachment":"scroll","background-type":"","background-media":"","overlay-type":"","overlay-color":"","overlay-opacity":"","overlay-gradient":""},"tablet":{"background-color":"var(--ast-global-color-5)","background-image":"","background-repeat":"repeat","background-position":"center center","background-size":"auto","background-attachment":"scroll","background-type":"","background-media":"","overlay-type":"","overlay-color":"","overlay-opacity":"","overlay-gradient":""},"mobile":{"background-color":"var(--ast-global-color-5)","background-image":"","background-repeat":"repeat","background-position":"center center","background-size":"auto","background-attachment":"scroll","background-type":"","background-media":"","overlay-type":"","overlay-color":"","overlay-opacity":"","overlay-gradient":""}},"footnotes":""},"wf_page_folders":[327],"class_list":["post-59094","page","type-page","status-publish","hentry"],"jetpack_sharing_enabled":true,"_links":{"self":[{"href":"https:\/\/losapostoles.org\/index.php\/wp-json\/wp\/v2\/pages\/59094","targetHints":{"allow":["GET"]}}],"collection":[{"href":"https:\/\/losapostoles.org\/index.php\/wp-json\/wp\/v2\/pages"}],"about":[{"href":"https:\/\/losapostoles.org\/index.php\/wp-json\/wp\/v2\/types\/page"}],"author":[{"embeddable":true,"href":"https:\/\/losapostoles.org\/index.php\/wp-json\/wp\/v2\/users\/1"}],"replies":[{"embeddable":true,"href":"https:\/\/losapostoles.org\/index.php\/wp-json\/wp\/v2\/comments?post=59094"}],"version-history":[{"count":4,"href":"https:\/\/losapostoles.org\/index.php\/wp-json\/wp\/v2\/pages\/59094\/revisions"}],"predecessor-version":[{"id":59100,"href":"https:\/\/losapostoles.org\/index.php\/wp-json\/wp\/v2\/pages\/59094\/revisions\/59100"}],"wp:attachment":[{"href":"https:\/\/losapostoles.org\/index.php\/wp-json\/wp\/v2\/media?parent=59094"}],"wp:term":[{"taxonomy":"wf_page_folders","embeddable":true,"href":"https:\/\/losapostoles.org\/index.php\/wp-json\/wp\/v2\/wf_page_folders?post=59094"}],"curies":[{"name":"wp","href":"https:\/\/api.w.org\/{rel}","templated":true}]}}