{"id":59109,"date":"2026-04-20T17:11:34","date_gmt":"2026-04-20T15:11:34","guid":{"rendered":"https:\/\/losapostoles.org\/?page_id=59109"},"modified":"2026-04-20T17:17:01","modified_gmt":"2026-04-20T15:17:01","slug":"las-figuras-de-los-apostoles","status":"publish","type":"page","link":"https:\/\/losapostoles.org\/index.php\/las-figuras-de-los-apostoles\/","title":{"rendered":"Las Figuras de los Ap\u00f3stoles"},"content":{"rendered":"\t\t<div data-elementor-type=\"wp-page\" data-elementor-id=\"59109\" class=\"elementor elementor-59109\" data-elementor-post-type=\"page\">\n\t\t\t\t\t\t<section class=\"elementor-section elementor-top-section elementor-element elementor-element-d60837d elementor-section-boxed elementor-section-height-default elementor-section-height-default\" data-id=\"d60837d\" data-element_type=\"section\" data-e-type=\"section\">\n\t\t\t\t\t\t<div class=\"elementor-container elementor-column-gap-default\">\n\t\t\t\t\t<div class=\"elementor-column elementor-col-100 elementor-top-column elementor-element elementor-element-4167fb9\" data-id=\"4167fb9\" data-element_type=\"column\" data-e-type=\"column\">\n\t\t\t<div class=\"elementor-widget-wrap elementor-element-populated\">\n\t\t\t\t\t\t<div class=\"elementor-element elementor-element-5fd341d elementor-widget-divider--view-line elementor-widget elementor-widget-divider\" data-id=\"5fd341d\" data-element_type=\"widget\" data-e-type=\"widget\" data-widget_type=\"divider.default\">\n\t\t\t\t<div class=\"elementor-widget-container\">\n\t\t\t\t\t\t\t<div class=\"elementor-divider\">\n\t\t\t<span class=\"elementor-divider-separator\">\n\t\t\t\t\t\t<\/span>\n\t\t<\/div>\n\t\t\t\t\t\t<\/div>\n\t\t\t\t<\/div>\n\t\t\t\t\t<\/div>\n\t\t<\/div>\n\t\t\t\t\t<\/div>\n\t\t<\/section>\n\t\t\t\t<section class=\"elementor-section elementor-top-section elementor-element elementor-element-dab2f3c elementor-section-boxed elementor-section-height-default elementor-section-height-default\" data-id=\"dab2f3c\" data-element_type=\"section\" data-e-type=\"section\">\n\t\t\t\t\t\t<div class=\"elementor-container elementor-column-gap-default\">\n\t\t\t\t\t<div class=\"elementor-column elementor-col-100 elementor-top-column elementor-element elementor-element-e6cfbc5\" data-id=\"e6cfbc5\" data-element_type=\"column\" data-e-type=\"column\">\n\t\t\t<div class=\"elementor-widget-wrap elementor-element-populated\">\n\t\t\t\t\t\t<div class=\"elementor-element elementor-element-3d830e8 elementor-widget elementor-widget-heading\" data-id=\"3d830e8\" data-element_type=\"widget\" data-e-type=\"widget\" data-widget_type=\"heading.default\">\n\t\t\t\t<div class=\"elementor-widget-container\">\n\t\t\t\t\t<h5 class=\"elementor-heading-title elementor-size-default\">ART\u00cdCULOS<\/h5>\t\t\t\t<\/div>\n\t\t\t\t<\/div>\n\t\t\t\t\t<\/div>\n\t\t<\/div>\n\t\t\t\t\t<\/div>\n\t\t<\/section>\n\t\t\t\t<section class=\"elementor-section elementor-top-section elementor-element elementor-element-d3e68ea elementor-section-boxed elementor-section-height-default elementor-section-height-default\" data-id=\"d3e68ea\" data-element_type=\"section\" data-e-type=\"section\">\n\t\t\t\t\t\t<div class=\"elementor-container elementor-column-gap-default\">\n\t\t\t\t\t<div class=\"elementor-column elementor-col-100 elementor-top-column elementor-element elementor-element-d29ea8e\" data-id=\"d29ea8e\" data-element_type=\"column\" data-e-type=\"column\">\n\t\t\t<div class=\"elementor-widget-wrap elementor-element-populated\">\n\t\t\t\t\t\t<div class=\"elementor-element elementor-element-fe57fa0 elementor-widget elementor-widget-heading\" data-id=\"fe57fa0\" data-element_type=\"widget\" data-e-type=\"widget\" data-widget_type=\"heading.default\">\n\t\t\t\t<div class=\"elementor-widget-container\">\n\t\t\t\t\t<h5 class=\"elementor-heading-title elementor-size-default\">Las Figuras de los Ap\u00f3stoles<br>por Enrique Aguilar Luque<\/h5>\t\t\t\t<\/div>\n\t\t\t\t<\/div>\n\t\t\t\t\t<\/div>\n\t\t<\/div>\n\t\t\t\t\t<\/div>\n\t\t<\/section>\n\t\t\t\t<section class=\"elementor-section elementor-top-section elementor-element elementor-element-ff4537c elementor-section-boxed elementor-section-height-default elementor-section-height-default\" data-id=\"ff4537c\" data-element_type=\"section\" data-e-type=\"section\">\n\t\t\t\t\t\t<div class=\"elementor-container elementor-column-gap-default\">\n\t\t\t\t\t<div class=\"elementor-column elementor-col-100 elementor-top-column elementor-element elementor-element-121f3d8\" data-id=\"121f3d8\" data-element_type=\"column\" data-e-type=\"column\">\n\t\t\t<div class=\"elementor-widget-wrap elementor-element-populated\">\n\t\t\t\t\t\t<div class=\"elementor-element elementor-element-bfb2f85 elementor-widget-divider--view-line elementor-widget elementor-widget-divider\" data-id=\"bfb2f85\" data-element_type=\"widget\" data-e-type=\"widget\" data-widget_type=\"divider.default\">\n\t\t\t\t<div class=\"elementor-widget-container\">\n\t\t\t\t\t\t\t<div class=\"elementor-divider\">\n\t\t\t<span class=\"elementor-divider-separator\">\n\t\t\t\t\t\t<\/span>\n\t\t<\/div>\n\t\t\t\t\t\t<\/div>\n\t\t\t\t<\/div>\n\t\t\t\t\t<\/div>\n\t\t<\/div>\n\t\t\t\t\t<\/div>\n\t\t<\/section>\n\t\t\t\t<section class=\"elementor-section elementor-top-section elementor-element elementor-element-702f729 elementor-section-boxed elementor-section-height-default elementor-section-height-default\" data-id=\"702f729\" data-element_type=\"section\" data-e-type=\"section\">\n\t\t\t\t\t\t<div class=\"elementor-container elementor-column-gap-default\">\n\t\t\t\t\t<div class=\"elementor-column elementor-col-100 elementor-top-column elementor-element elementor-element-3e34a16\" data-id=\"3e34a16\" data-element_type=\"column\" data-e-type=\"column\">\n\t\t\t<div class=\"elementor-widget-wrap elementor-element-populated\">\n\t\t\t\t\t\t<div class=\"elementor-element elementor-element-624d7c0 elementor-widget elementor-widget-text-editor\" data-id=\"624d7c0\" data-element_type=\"widget\" data-e-type=\"widget\" data-widget_type=\"text-editor.default\">\n\t\t\t\t<div class=\"elementor-widget-container\">\n\t\t\t\t\t\t\t\t\t<p>Relato interesado de una persona que las ha sentido,las ha llorado, las ha vestido y se siente atra\u00eddo por ellas<\/p><p><img decoding=\"async\" class=\"wp-image-59112 aligncenter\" src=\"https:\/\/losapostoles.org\/wp-content\/uploads\/2026\/04\/espalda-300x194.jpg\" alt=\"\" width=\"236\" height=\"152\" srcset=\"https:\/\/losapostoles.org\/wp-content\/uploads\/2026\/04\/espalda-300x194.jpg 300w, https:\/\/losapostoles.org\/wp-content\/uploads\/2026\/04\/espalda.jpg 428w\" sizes=\"(max-width: 236px) 100vw, 236px\" \/><\/p><p>Tratemos el t\u00edtulo que le hemos dado a este art\u00edculo con el sentimiento propio de una persona normal, pontan\u00e9s, por tanto inmerso m\u00e1s de la mitad de cada a\u00f1o en ese ambiente m\u00edstico, amistoso, alegre, distendido que llena el Cuartel de todas las Corporaciones, Hermandades y Cofrad\u00edas de nuestra Semana Santa. Seguro que me he dejado en el teclado alg\u00fan calificativo m\u00e1s.<\/p><p>Igual que las dem\u00e1s, las figuras de Los Ap\u00f3stoles tienen un halo propio o esp\u00edritu que las hace ser notables en cuanto hacen su aparici\u00f3n en los pocos desfiles procesionales en que intervienen, si comparamos sus actuaciones con otras Corporaciones.<\/p><p>Pero \u00bfque tienen de especial?. Para los que las hemos sudado, las hemos empapado y creo que tambi\u00e9n la mayor\u00eda de los espectadores, tienen ese misterio que les dan sus propios nombres, sus Hechos, sus martirios, el haber sido disc\u00edpulos de Jes\u00fas, haber entendido su mensaje con dificultad, al menos hasta Pentecost\u00e9s y haber soportado tambi\u00e9n una muerte violenta como les hab\u00eda anunciado el Maestro, al ser propagadores de su doctrina.<\/p><p>\u00bfNada m\u00e1s?. No. Hay m\u00e1s. Hay la transformaci\u00f3n que se produce en las personas que visten sus ropas, se colocan rostrillos y pelucas y cogen sus martirios. En ese momento dejan de ser Rafael o Pepe y se transportan a otros tiempos. Se siente Andr\u00e9s o Felipe, Santiago o Juan. Cuando llegan en Santa Catalina a la reverencia a Jes\u00fas el Nazareno, no es dif\u00edcil escuchar a trav\u00e9s de los rostrillos&#8230;. \u00abMaestro, aqu\u00ed me tienes un a\u00f1o m\u00e1s\u00bb<\/p><p>\u00bfEs todo?. No todav\u00eda no. Es muy conocida y viene de muy antiguo la manera diferente de hacer sus desfiles procesionales. El hecho muchas veces repetido de no abandonar al Maestro en caso de lluvia estando Este en procesi\u00f3n. La inmovilidad de las figuras sin permitirse ellas, por propia voluntad, la m\u00e1s m\u00ednima concesi\u00f3n a lucimientos personales. No abundemos m\u00e1s en esto, por conocido.<\/p><p>Hay otros aspectos de las figuras de Los Ap\u00f3stoles que las hacen objeto de la atenci\u00f3n de las personas que de cualquier forma participan en los desfiles procesionales \u00bfPuede ser el hecho de llevar el nombre de cada Ap\u00f3stol en esa especie de diadema?. Puede ser. De hecho los que vestimos sus ropas o\u00edmos muchas veces el nombre de nuestra figura y de las m\u00e1s pr\u00f3ximas. A veces con comentarios jocosos, acerca de algunos de los martirios. Tambi\u00e9n los peque\u00f1os son aficionados a leer la parte del Credo que cada figura lleva en una placa met\u00e1lica, con una cruz, cerca del coraz\u00f3n.<\/p><p>\u00bfY bien?. Bueno. Todav\u00eda queda que contar el sentimiento que en casi todos los hermanos de la Corporaci\u00f3n aparecen cada a\u00f1o, cuando en las proximidades de la Semana Santa, un buen d\u00eda aparecen en las mesas los rostrillos de los Ap\u00f3stoles, para ser retocados. Es como si vieras al cabo de un a\u00f1o a un amigo \u00edntimo al que aprecias sobremanera. Hemos visto muchas veces ojos empa\u00f1ados e infinidad de otras muchas, acariciar y besar el rostrillo del Ap\u00f3stol preferido.<\/p><p>Y es que nos llenamos de un esp\u00edritu que es muy dif\u00edcil de explicar para ser entendido en la parte material del mundo que vivimos. Que nos ayuda a ayudarnos y ayudar a otros y que nos hace sencillos como fueron aquellos pescadores a los que tratamos de imitar y de los que nos sentimos tan orgullosos.<\/p>\t\t\t\t\t\t\t\t<\/div>\n\t\t\t\t<\/div>\n\t\t\t\t\t<\/div>\n\t\t<\/div>\n\t\t\t\t\t<\/div>\n\t\t<\/section>\n\t\t\t\t<\/div>\n\t\t","protected":false},"excerpt":{"rendered":"<p>ART\u00cdCULOS Las Figuras de los Ap\u00f3stolespor Enrique Aguilar Luque Relato interesado de una persona que las ha sentido,las ha llorado, las ha vestido y se siente atra\u00eddo por ellas Tratemos el t\u00edtulo que le hemos dado a este art\u00edculo con el sentimiento propio de una persona normal, pontan\u00e9s, por tanto inmerso m\u00e1s de la mitad [&hellip;]<\/p>\n","protected":false},"author":1,"featured_media":0,"parent":0,"menu_order":0,"comment_status":"closed","ping_status":"closed","template":"","meta":{"site-sidebar-layout":"no-sidebar","site-content-layout":"page-builder","ast-site-content-layout":"full-width-container","site-content-style":"unboxed","site-sidebar-style":"unboxed","ast-global-header-display":"","ast-banner-title-visibility":"","ast-main-header-display":"","ast-hfb-above-header-display":"","ast-hfb-below-header-display":"","ast-hfb-mobile-header-display":"","site-post-title":"disabled","ast-breadcrumbs-content":"","ast-featured-img":"disabled","footer-sml-layout":"","theme-transparent-header-meta":"default","adv-header-id-meta":"","stick-header-meta":"","header-above-stick-meta":"","header-main-stick-meta":"","header-below-stick-meta":"","astra-migrate-meta-layouts":"set","ast-page-background-enabled":"default","ast-page-background-meta":{"desktop":{"background-color":"","background-image":"","background-repeat":"repeat","background-position":"center center","background-size":"auto","background-attachment":"scroll","background-type":"","background-media":"","overlay-type":"","overlay-color":"","overlay-opacity":"","overlay-gradient":""},"tablet":{"background-color":"","background-image":"","background-repeat":"repeat","background-position":"center center","background-size":"auto","background-attachment":"scroll","background-type":"","background-media":"","overlay-type":"","overlay-color":"","overlay-opacity":"","overlay-gradient":""},"mobile":{"background-color":"","background-image":"","background-repeat":"repeat","background-position":"center center","background-size":"auto","background-attachment":"scroll","background-type":"","background-media":"","overlay-type":"","overlay-color":"","overlay-opacity":"","overlay-gradient":""}},"ast-content-background-meta":{"desktop":{"background-color":"var(--ast-global-color-5)","background-image":"","background-repeat":"repeat","background-position":"center center","background-size":"auto","background-attachment":"scroll","background-type":"","background-media":"","overlay-type":"","overlay-color":"","overlay-opacity":"","overlay-gradient":""},"tablet":{"background-color":"var(--ast-global-color-5)","background-image":"","background-repeat":"repeat","background-position":"center center","background-size":"auto","background-attachment":"scroll","background-type":"","background-media":"","overlay-type":"","overlay-color":"","overlay-opacity":"","overlay-gradient":""},"mobile":{"background-color":"var(--ast-global-color-5)","background-image":"","background-repeat":"repeat","background-position":"center center","background-size":"auto","background-attachment":"scroll","background-type":"","background-media":"","overlay-type":"","overlay-color":"","overlay-opacity":"","overlay-gradient":""}},"footnotes":""},"wf_page_folders":[327],"class_list":["post-59109","page","type-page","status-publish","hentry"],"jetpack_sharing_enabled":true,"_links":{"self":[{"href":"https:\/\/losapostoles.org\/index.php\/wp-json\/wp\/v2\/pages\/59109","targetHints":{"allow":["GET"]}}],"collection":[{"href":"https:\/\/losapostoles.org\/index.php\/wp-json\/wp\/v2\/pages"}],"about":[{"href":"https:\/\/losapostoles.org\/index.php\/wp-json\/wp\/v2\/types\/page"}],"author":[{"embeddable":true,"href":"https:\/\/losapostoles.org\/index.php\/wp-json\/wp\/v2\/users\/1"}],"replies":[{"embeddable":true,"href":"https:\/\/losapostoles.org\/index.php\/wp-json\/wp\/v2\/comments?post=59109"}],"version-history":[{"count":4,"href":"https:\/\/losapostoles.org\/index.php\/wp-json\/wp\/v2\/pages\/59109\/revisions"}],"predecessor-version":[{"id":59115,"href":"https:\/\/losapostoles.org\/index.php\/wp-json\/wp\/v2\/pages\/59109\/revisions\/59115"}],"wp:attachment":[{"href":"https:\/\/losapostoles.org\/index.php\/wp-json\/wp\/v2\/media?parent=59109"}],"wp:term":[{"taxonomy":"wf_page_folders","embeddable":true,"href":"https:\/\/losapostoles.org\/index.php\/wp-json\/wp\/v2\/wf_page_folders?post=59109"}],"curies":[{"name":"wp","href":"https:\/\/api.w.org\/{rel}","templated":true}]}}