{"id":59142,"date":"2026-04-20T22:56:36","date_gmt":"2026-04-20T20:56:36","guid":{"rendered":"https:\/\/losapostoles.org\/?page_id=59142"},"modified":"2026-04-20T23:12:29","modified_gmt":"2026-04-20T21:12:29","slug":"simbologia-de-los-apostoles","status":"publish","type":"page","link":"https:\/\/losapostoles.org\/index.php\/simbologia-de-los-apostoles\/","title":{"rendered":"Simbolog\u00eda de los Ap\u00f3stoles"},"content":{"rendered":"\t\t<div data-elementor-type=\"wp-page\" data-elementor-id=\"59142\" class=\"elementor elementor-59142\" data-elementor-post-type=\"page\">\n\t\t\t\t\t\t<section class=\"elementor-section elementor-top-section elementor-element elementor-element-d60837d elementor-section-boxed elementor-section-height-default elementor-section-height-default\" data-id=\"d60837d\" data-element_type=\"section\" data-e-type=\"section\">\n\t\t\t\t\t\t<div class=\"elementor-container elementor-column-gap-default\">\n\t\t\t\t\t<div class=\"elementor-column elementor-col-100 elementor-top-column elementor-element elementor-element-4167fb9\" data-id=\"4167fb9\" data-element_type=\"column\" data-e-type=\"column\">\n\t\t\t<div class=\"elementor-widget-wrap elementor-element-populated\">\n\t\t\t\t\t\t<div class=\"elementor-element elementor-element-5fd341d elementor-widget-divider--view-line elementor-widget elementor-widget-divider\" data-id=\"5fd341d\" data-element_type=\"widget\" data-e-type=\"widget\" data-widget_type=\"divider.default\">\n\t\t\t\t<div class=\"elementor-widget-container\">\n\t\t\t\t\t\t\t<div class=\"elementor-divider\">\n\t\t\t<span class=\"elementor-divider-separator\">\n\t\t\t\t\t\t<\/span>\n\t\t<\/div>\n\t\t\t\t\t\t<\/div>\n\t\t\t\t<\/div>\n\t\t\t\t\t<\/div>\n\t\t<\/div>\n\t\t\t\t\t<\/div>\n\t\t<\/section>\n\t\t\t\t<section class=\"elementor-section elementor-top-section elementor-element elementor-element-dab2f3c elementor-section-boxed elementor-section-height-default elementor-section-height-default\" data-id=\"dab2f3c\" data-element_type=\"section\" data-e-type=\"section\">\n\t\t\t\t\t\t<div class=\"elementor-container elementor-column-gap-default\">\n\t\t\t\t\t<div class=\"elementor-column elementor-col-100 elementor-top-column elementor-element elementor-element-e6cfbc5\" data-id=\"e6cfbc5\" data-element_type=\"column\" data-e-type=\"column\">\n\t\t\t<div class=\"elementor-widget-wrap elementor-element-populated\">\n\t\t\t\t\t\t<div class=\"elementor-element elementor-element-3d830e8 elementor-widget elementor-widget-heading\" data-id=\"3d830e8\" data-element_type=\"widget\" data-e-type=\"widget\" data-widget_type=\"heading.default\">\n\t\t\t\t<div class=\"elementor-widget-container\">\n\t\t\t\t\t<h5 class=\"elementor-heading-title elementor-size-default\">ART\u00cdCULOS<\/h5>\t\t\t\t<\/div>\n\t\t\t\t<\/div>\n\t\t\t\t\t<\/div>\n\t\t<\/div>\n\t\t\t\t\t<\/div>\n\t\t<\/section>\n\t\t\t\t<section class=\"elementor-section elementor-top-section elementor-element elementor-element-d3e68ea elementor-section-boxed elementor-section-height-default elementor-section-height-default\" data-id=\"d3e68ea\" data-element_type=\"section\" data-e-type=\"section\">\n\t\t\t\t\t\t<div class=\"elementor-container elementor-column-gap-default\">\n\t\t\t\t\t<div class=\"elementor-column elementor-col-100 elementor-top-column elementor-element elementor-element-d29ea8e\" data-id=\"d29ea8e\" data-element_type=\"column\" data-e-type=\"column\">\n\t\t\t<div class=\"elementor-widget-wrap elementor-element-populated\">\n\t\t\t\t\t\t<div class=\"elementor-element elementor-element-fe57fa0 elementor-widget elementor-widget-heading\" data-id=\"fe57fa0\" data-element_type=\"widget\" data-e-type=\"widget\" data-widget_type=\"heading.default\">\n\t\t\t\t<div class=\"elementor-widget-container\">\n\t\t\t\t\t<h5 class=\"elementor-heading-title elementor-size-default\">SIMBOLOGIA, por Andr\u00e9s Bojollo<\/h5>\t\t\t\t<\/div>\n\t\t\t\t<\/div>\n\t\t\t\t\t<\/div>\n\t\t<\/div>\n\t\t\t\t\t<\/div>\n\t\t<\/section>\n\t\t\t\t<section class=\"elementor-section elementor-top-section elementor-element elementor-element-ff4537c elementor-section-boxed elementor-section-height-default elementor-section-height-default\" data-id=\"ff4537c\" data-element_type=\"section\" data-e-type=\"section\">\n\t\t\t\t\t\t<div class=\"elementor-container elementor-column-gap-default\">\n\t\t\t\t\t<div class=\"elementor-column elementor-col-100 elementor-top-column elementor-element elementor-element-121f3d8\" data-id=\"121f3d8\" data-element_type=\"column\" data-e-type=\"column\">\n\t\t\t<div class=\"elementor-widget-wrap elementor-element-populated\">\n\t\t\t\t\t\t<div class=\"elementor-element elementor-element-bfb2f85 elementor-widget-divider--view-line elementor-widget elementor-widget-divider\" data-id=\"bfb2f85\" data-element_type=\"widget\" data-e-type=\"widget\" data-widget_type=\"divider.default\">\n\t\t\t\t<div class=\"elementor-widget-container\">\n\t\t\t\t\t\t\t<div class=\"elementor-divider\">\n\t\t\t<span class=\"elementor-divider-separator\">\n\t\t\t\t\t\t<\/span>\n\t\t<\/div>\n\t\t\t\t\t\t<\/div>\n\t\t\t\t<\/div>\n\t\t\t\t\t<\/div>\n\t\t<\/div>\n\t\t\t\t\t<\/div>\n\t\t<\/section>\n\t\t\t\t<section class=\"elementor-section elementor-top-section elementor-element elementor-element-ad443e1 elementor-section-boxed elementor-section-height-default elementor-section-height-default\" data-id=\"ad443e1\" data-element_type=\"section\" data-e-type=\"section\">\n\t\t\t\t\t\t<div class=\"elementor-container elementor-column-gap-default\">\n\t\t\t\t\t<div class=\"elementor-column elementor-col-100 elementor-top-column elementor-element elementor-element-d878221\" data-id=\"d878221\" data-element_type=\"column\" data-e-type=\"column\">\n\t\t\t<div class=\"elementor-widget-wrap elementor-element-populated\">\n\t\t\t\t\t\t<div class=\"elementor-element elementor-element-94dcf87 elementor-widget elementor-widget-text-editor\" data-id=\"94dcf87\" data-element_type=\"widget\" data-e-type=\"widget\" data-widget_type=\"text-editor.default\">\n\t\t\t\t<div class=\"elementor-widget-container\">\n\t\t\t\t\t\t\t\t\t<div>Si atendemos el sentido etimol\u00f3gico y amplio de la palabra ap\u00f3stol, quiere decir \u00abenviado\u00bb; designa propiamente a un embajador que representa con plena autoridad y poderes a aqu\u00e9l que le env\u00eda. Pero si nos atenemos al sentido estricto en el Nuevo Testamento, se refiere a los disc\u00edpulos escogidos por Cristo.<\/div><div>\u00a0<\/div><div>\u00a0 \u00a0 Dos condiciones esenciales se requieren para ello: haber visto a Jes\u00fas resucitado y haber recibido el mandato de ser testigos de esta resurrecci\u00f3n y, a la luz de ella de la localidad de su persona y la obra de Jes\u00fas. Ambas condiciones fueron escogidas especialmente por Cristo para fundar en ellos, como en doce columnas, representantes de las doce tribus, el nuevo Israel, su Iglesia.<\/div><div>\u00a0<\/div><div><img fetchpriority=\"high\" decoding=\"async\" class=\"size-medium wp-image-203 aligncenter\" src=\"https:\/\/losapostoles.org\/wp-content\/uploads\/2020\/12\/5e26bbf3-e74a-4626-9d4b-eb94d48c52bd-300x225.jpg\" alt=\"\" width=\"300\" height=\"225\" srcset=\"https:\/\/losapostoles.org\/wp-content\/uploads\/2020\/12\/5e26bbf3-e74a-4626-9d4b-eb94d48c52bd-300x225.jpg 300w, https:\/\/losapostoles.org\/wp-content\/uploads\/2020\/12\/5e26bbf3-e74a-4626-9d4b-eb94d48c52bd-1024x768.jpg 1024w, https:\/\/losapostoles.org\/wp-content\/uploads\/2020\/12\/5e26bbf3-e74a-4626-9d4b-eb94d48c52bd-768x576.jpg 768w, https:\/\/losapostoles.org\/wp-content\/uploads\/2020\/12\/5e26bbf3-e74a-4626-9d4b-eb94d48c52bd-1536x1152.jpg 1536w, https:\/\/losapostoles.org\/wp-content\/uploads\/2020\/12\/5e26bbf3-e74a-4626-9d4b-eb94d48c52bd.jpg 1600w\" sizes=\"(max-width: 300px) 100vw, 300px\" \/><\/div><div>\u00a0<\/div><div><strong>\u00bfQuien eran los Ap\u00f3stoles?.- \u00bfCual era su formaci\u00f3n?.- \u00bfPorque fueron elegidos?<\/strong><\/div><div>\u00a0<\/div><div>\u00a0 \u00a0Cristo sabe que ha de morir sin saber salido apenas de Palestina y conoce que su mensaje est\u00e1 destinado a todo el mundo. Para ello elige a doce hombres que lo llevar\u00e1n, siendo testigos suyos, desde Judea a Samaria hasta los \u00faltimos confines de la tierra.<\/div><div>\u00a0<\/div><div>\u00a0 \u00a0 \u00a0Los evangelistas nos cuenta aquella elecci\u00f3n: \u00ab<em>Sali\u00f3 Jes\u00fas al monte para hacer oraci\u00f3n y pas\u00f3 la noche orando a Dios. Y cuando fue de d\u00eda llam\u00f3 a sus disc\u00edpulos, los que \u00e9l quiso; y vinieron a \u00e9l. Y escogi\u00f3 doce entre ellos, a los que tambi\u00e9n llam\u00f3 Ap\u00f3stoles, para que estuvieran con \u00e9l y para enviarlos a predicar: Sim\u00f3n a quien dio el nombre de Pedro, y Andr\u00e9s, su hermano, Santiago el Zebedeo, y Juan, hermano de Santiago, a los que puso por nombre Boahorges, esto es: Hijo del Trueno, Felipe y Bartolom\u00e9, Mateo el publicano y Tom\u00e1s, Santiago, el de Alfeo y Sim\u00f3n el Cananeo, apodado el Zelote, Judas Tadeo (hermano de Santiago) y Judas Iscariote, que fue el Traidor<\/em>\u00ab<\/div><div>\u00a0<\/div><div>\u00a0 \u00a0 \u00a0Casi todos eran pescadores, trabajadores manuales. El m\u00e1s ilustre de todos era cobrador de impuestos. Los once primeros eran galileos, el \u00faltimo, Judas, era de Judea.<\/div><div>\u00a0<\/div><div>\u00a0 \u00a0 \u00a0Es evidente que Jes\u00fas contaba para fundar su obra, con una fuerza superior a la de estos hombres. Era la fuera del amor que vence a los poderes visibles e invisibles. Lo insin\u00faa el evangelista Mateo, cuando a continuaci\u00f3n de la elecci\u00f3n de los doce dice que Jes\u00fas les dio potestad.<\/div><div>\u00a0<\/div><div>\u00a0 \u00a0 \u00a0\u00ab<em>Curar a los enfermos, resucitad a los muertos, limpiad a los leprosos, arrojad a los demonios, gratis lo habe\u00eds recibido, dadlo gratis<\/em>\u00ab<\/div><div>\u00a0<\/div><div>\u00a0 \u00a0 \u00a0Aquellos doce afortunados que recibieron la gracia inestimable de convivir con Cristo y cuya amistad inestimable con Jes\u00fas, han envidiado secretamente millones de almas, a trav\u00e9s de los siglos, no siempre se mostraron dignos de la Suprema Felicidad que a ellos se les concedi\u00f3.<\/div><div>\u00a0<\/div><div>\u00a0 \u00a0 \u00a0Hombres tardos de cabeza y peque\u00f1os de coraz\u00f3n, pero por otra parte hombres de buen sentido, capaces de progreso intelectual, llenos de fe y temerosos de Dios, de vida honesta, leales y humildes, probaron la paciencia del Maestro que d\u00eda tras d\u00eda les ense\u00f1a, les ilumina y les perfecciona.<\/div><div>\u00a0<\/div><div>\u00a0 \u00a0 \u00a0Su educaci\u00f3n ser\u00e1 la obra maestra de Cristo. Jes\u00fas sabe que el sacrificio de su vida ser\u00e1 eficaz en ellos, sabe que recibir\u00e1n el Esp\u00edritu Santo y quedar\u00e1n transformados en hombres que ganar\u00e1n el mundo para el reino de Dios<\/div><div>\u00a0<\/div><div>\u00a0 \u00a0 \u00a0\u00ab<em>Iba Jes\u00fas de ciudad en ciudad y de un lugar a otro predicando y anunciando el Reino de Dios, los doce con \u00e9l\u00bb<\/em><\/div><div>\u00a0 \u00a0<\/div><div>\u00a0Y el Maestro les instruye y advierte con palabras de vida eterna<\/div><div>\u00a0<\/div><div>\u00a0 <em>\u00a0\u00abHe aqu\u00ed que os envi\u00f3 ovejas en medio de los lobos\u00bb \u00abSer\u00e9is entregados por mi causa y os azotar\u00e1n en las sinagogas\u00bb \u00abPero no ser\u00e9is vosotros los que habl\u00e1is, es el Esp\u00edritu de vuestro Padre, que habla por vosotros&#8230;.\u00bb \u00abAl que\u00a0 confiese delante de los hombres, le confesar\u00e9 tambi\u00e9n yo delante de mi Padre que est\u00e1 en los Cielos\u00bb \u00abEl que no toma su cruz y me sigue, no es digno de mi&#8230;..\u00bb<\/em><\/div><div>\u00a0<\/div><div>\u00a0 \u00a0 \u00a0El amor de Cristo a los Ap\u00f3stoles, se reflejar\u00e1 la v\u00edspera de su muerte encomend\u00e1ndolos al Padre en una oraci\u00f3n sublime<\/div><div>\u00a0<\/div><div>\u00a0 \u00a0 \u00a0\u00ab<em>He manifestado tu nombre a los hombres que me has dado del mundo. Mientras yo estaba en el mundo, yo los guiaba en tu nombre\u00bb \u00abSantificalos en la verdad. Tu palabra es la verdad\u00bb \u00abComo tu me has enviado al mundo, tambi\u00e9n yo los env\u00edo al mundo. Y por ellos me ofrezco en sacrificio para que ellos sean sacrificados en la verdad<\/em>\u00ab<\/div><div>\u00a0\u00a0<img decoding=\"async\" class=\"size-medium wp-image-59147 aligncenter\" src=\"https:\/\/losapostoles.org\/wp-content\/uploads\/2026\/04\/apostol1-199x300.jpg\" alt=\"\" width=\"199\" height=\"300\" srcset=\"https:\/\/losapostoles.org\/wp-content\/uploads\/2026\/04\/apostol1-199x300.jpg 199w, https:\/\/losapostoles.org\/wp-content\/uploads\/2026\/04\/apostol1.jpg 280w\" sizes=\"(max-width: 199px) 100vw, 199px\" \/><\/div><div>\u00a0<\/div><div>\u00a0 \u00a0 \u00a0Desde tiempos primitivos del arte cristiano hasta nuestros d\u00edas, los Ap\u00f3stoles han sido representados de diversas formas, unas bajo figuras humanas y otras por medio de s\u00edmbolos. En estos \u00faltimos afectaban formas de corderos o de palomas. Algunas veces se les simboliz\u00f3 con la letra A, repetida dos veces.<\/div><div>\u00a0<\/div><div>\u00a0 \u00a0 \u00a0 \u00a0En la Edad Media se consideraba como s\u00edmbolo de los nombres de los doce Ap\u00f3stoles las siguientes piedras preciosas: el jaspe de San Pedro, el zafiro de San Andr\u00e9s, la carolina de San Bartolom\u00e9, la calcedonia de Santiago el Mayor, el topacio de Santiago el Menor; la esmeralda de San Juan; la crisolita de San Felipe; el jacinto de San Sim\u00f3n; la crisopasa de Judas Tadeo; y el berilo de Santo Tom\u00e1s.<\/div><div>\u00a0<\/div><div>\u00a0 \u00a0 \u00a0De las distintas representaciones en forma humana, innumerables en todos los aspectos del arte, se destacan: el frontal de plata repujada de la Catedral de Aquisgr\u00e1n; las figuras del P\u00f3rtico de la Gloria de la Catedral de Santiago de Compostela; los medallones de Lucas de la Robbia en la iglesia de Santa Cruz de Florencia; los esmaltes de Limoges de la Catedral de Chartres; los mosaicos de S. Vital de R\u00e1vera, las estatuas del coro de San Marcos de Venecia; las estatuas de la Catedral de Reims, bell\u00edsima obra del siglo XIII.<\/div><div>\u00a0<\/div><div>\u00a0 \u00a0 \u00a0De las m\u00e1s notables obras pict\u00f3ricas destacan los Ap\u00f3stoles de Alberto Durero del Museo de Munich; la colecci\u00f3n de los cuadros de Ribera del Museo del Prado; los de Rub\u00e9n en Roma y los diversos del Greco, que pint\u00f3 varias colecciones diseminadas por iglesias y museos de Espa\u00f1a y el mundo.<\/div><div>\u00a0<\/div><div>\u00a0 \u00a0 \u00a0Los atributos con que se han representado a los ap\u00f3stoles, var\u00edan seg\u00fan las \u00e9pocas y los artistas. En la Catedral de Chartres llevan reglas; en Albi, banderolas con palabras del Credo, en la Santa Capilla de Par\u00eds cruces de consagraci\u00f3n; en las puertas de S. Pablo de Roma, los instrumentos de su suplicio, en la catedral de Amiens rollos desplegados, etc&#8230;&#8230;<\/div><div>\u00a0<\/div><div>\u00a0 \u00a0 <strong>\u00a0\u00bfQue sabemos de ellos y c\u00f3mo los simboliza nuestra corporaci\u00f3n?<\/strong><\/div><div>\u00a0<\/div><div>\u00a0 \u00a0 \u00a0Los ap\u00f3stoles, que desfilan en nuestras procesiones, todos llevan prendida una placa en el pecho con el n\u00famero de orden con que desfilan, su nombre y un fragmento del Credo hasta completarlo entre los doce.<\/div><div>\u00a0<\/div><div>\u00a0 \u00a0 \u00a0Las dos fotograf\u00edas que aparecen abajo, una pertenece a los a\u00f1os anteriores al 1.963, cuando desfilaban con t\u00fanicas de distinto color. Y la otra pertenece a las actuales, donde todos llevan de color blanco la t\u00fanica para evitar un excesivo colorido y estar m\u00e1s en consonancia con su modestia y evang\u00e9lica humildad<\/div><div>\u00a0<\/div><div>\u00a0 \u00a0 \u00a0 \u00a0 \u00a0 \u00a0 \u00a0 \u00a0 \u00a0 \u00a0 \u00a0 \u00a0 \u00a0 \u00a0 \u00a0 \u00a0 \u00a0 \u00a0 \u00a0 \u00a0<img decoding=\"async\" class=\"alignnone size-medium wp-image-59148\" src=\"https:\/\/losapostoles.org\/wp-content\/uploads\/2026\/04\/sanbartolome-225x300.jpg\" alt=\"\" width=\"225\" height=\"300\" srcset=\"https:\/\/losapostoles.org\/wp-content\/uploads\/2026\/04\/sanbartolome-225x300.jpg 225w, https:\/\/losapostoles.org\/wp-content\/uploads\/2026\/04\/sanbartolome.jpg 250w\" sizes=\"(max-width: 225px) 100vw, 225px\" \/>\u00a0 \u00a0 \u00a0 \u00a0 \u00a0 \u00a0 \u00a0 \u00a0 \u00a0 \u00a0 \u00a0 \u00a0 \u00a0 \u00a0 \u00a0 \u00a0 \u00a0 \u00a0 \u00a0 \u00a0 \u00a0 \u00a0 \u00a0 \u00a0 \u00a0 \u00a0 \u00a0 \u00a0\u00a0 <img loading=\"lazy\" decoding=\"async\" class=\"alignnone size-medium wp-image-59149\" src=\"https:\/\/losapostoles.org\/wp-content\/uploads\/2026\/04\/pedro-1-227x300.jpg\" alt=\"\" width=\"227\" height=\"300\" srcset=\"https:\/\/losapostoles.org\/wp-content\/uploads\/2026\/04\/pedro-1-227x300.jpg 227w, https:\/\/losapostoles.org\/wp-content\/uploads\/2026\/04\/pedro-1.jpg 300w\" sizes=\"(max-width: 227px) 100vw, 227px\" \/><\/div><div>\u00a0<\/div><div>\u00a0<\/div>\t\t\t\t\t\t\t\t<\/div>\n\t\t\t\t<\/div>\n\t\t\t\t\t<\/div>\n\t\t<\/div>\n\t\t\t\t\t<\/div>\n\t\t<\/section>\n\t\t\t\t<\/div>\n\t\t","protected":false},"excerpt":{"rendered":"<p>ART\u00cdCULOS SIMBOLOGIA, por Andr\u00e9s Bojollo Si atendemos el sentido etimol\u00f3gico y amplio de la palabra ap\u00f3stol, quiere decir \u00abenviado\u00bb; designa propiamente a un embajador que representa con plena autoridad y poderes a aqu\u00e9l que le env\u00eda. Pero si nos atenemos al sentido estricto en el Nuevo Testamento, se refiere a los disc\u00edpulos escogidos por Cristo.\u00a0\u00a0 [&hellip;]<\/p>\n","protected":false},"author":1,"featured_media":0,"parent":0,"menu_order":0,"comment_status":"closed","ping_status":"closed","template":"","meta":{"site-sidebar-layout":"no-sidebar","site-content-layout":"page-builder","ast-site-content-layout":"full-width-container","site-content-style":"unboxed","site-sidebar-style":"unboxed","ast-global-header-display":"","ast-banner-title-visibility":"","ast-main-header-display":"","ast-hfb-above-header-display":"","ast-hfb-below-header-display":"","ast-hfb-mobile-header-display":"","site-post-title":"disabled","ast-breadcrumbs-content":"","ast-featured-img":"disabled","footer-sml-layout":"","theme-transparent-header-meta":"default","adv-header-id-meta":"","stick-header-meta":"","header-above-stick-meta":"","header-main-stick-meta":"","header-below-stick-meta":"","astra-migrate-meta-layouts":"set","ast-page-background-enabled":"default","ast-page-background-meta":{"desktop":{"background-color":"","background-image":"","background-repeat":"repeat","background-position":"center center","background-size":"auto","background-attachment":"scroll","background-type":"","background-media":"","overlay-type":"","overlay-color":"","overlay-opacity":"","overlay-gradient":""},"tablet":{"background-color":"","background-image":"","background-repeat":"repeat","background-position":"center center","background-size":"auto","background-attachment":"scroll","background-type":"","background-media":"","overlay-type":"","overlay-color":"","overlay-opacity":"","overlay-gradient":""},"mobile":{"background-color":"","background-image":"","background-repeat":"repeat","background-position":"center center","background-size":"auto","background-attachment":"scroll","background-type":"","background-media":"","overlay-type":"","overlay-color":"","overlay-opacity":"","overlay-gradient":""}},"ast-content-background-meta":{"desktop":{"background-color":"var(--ast-global-color-5)","background-image":"","background-repeat":"repeat","background-position":"center center","background-size":"auto","background-attachment":"scroll","background-type":"","background-media":"","overlay-type":"","overlay-color":"","overlay-opacity":"","overlay-gradient":""},"tablet":{"background-color":"var(--ast-global-color-5)","background-image":"","background-repeat":"repeat","background-position":"center center","background-size":"auto","background-attachment":"scroll","background-type":"","background-media":"","overlay-type":"","overlay-color":"","overlay-opacity":"","overlay-gradient":""},"mobile":{"background-color":"var(--ast-global-color-5)","background-image":"","background-repeat":"repeat","background-position":"center center","background-size":"auto","background-attachment":"scroll","background-type":"","background-media":"","overlay-type":"","overlay-color":"","overlay-opacity":"","overlay-gradient":""}},"footnotes":""},"wf_page_folders":[327],"class_list":["post-59142","page","type-page","status-publish","hentry"],"jetpack_sharing_enabled":true,"_links":{"self":[{"href":"https:\/\/losapostoles.org\/index.php\/wp-json\/wp\/v2\/pages\/59142","targetHints":{"allow":["GET"]}}],"collection":[{"href":"https:\/\/losapostoles.org\/index.php\/wp-json\/wp\/v2\/pages"}],"about":[{"href":"https:\/\/losapostoles.org\/index.php\/wp-json\/wp\/v2\/types\/page"}],"author":[{"embeddable":true,"href":"https:\/\/losapostoles.org\/index.php\/wp-json\/wp\/v2\/users\/1"}],"replies":[{"embeddable":true,"href":"https:\/\/losapostoles.org\/index.php\/wp-json\/wp\/v2\/comments?post=59142"}],"version-history":[{"count":4,"href":"https:\/\/losapostoles.org\/index.php\/wp-json\/wp\/v2\/pages\/59142\/revisions"}],"predecessor-version":[{"id":59152,"href":"https:\/\/losapostoles.org\/index.php\/wp-json\/wp\/v2\/pages\/59142\/revisions\/59152"}],"wp:attachment":[{"href":"https:\/\/losapostoles.org\/index.php\/wp-json\/wp\/v2\/media?parent=59142"}],"wp:term":[{"taxonomy":"wf_page_folders","embeddable":true,"href":"https:\/\/losapostoles.org\/index.php\/wp-json\/wp\/v2\/wf_page_folders?post=59142"}],"curies":[{"name":"wp","href":"https:\/\/api.w.org\/{rel}","templated":true}]}}