{"id":707,"date":"2021-01-02T16:31:15","date_gmt":"2021-01-02T16:31:15","guid":{"rendered":"http:\/\/losapostoles.org\/wordpress\/?page_id=707"},"modified":"2025-09-29T00:45:34","modified_gmt":"2025-09-28T22:45:34","slug":"subida-patas-2021-2029","status":"publish","type":"page","link":"https:\/\/losapostoles.org\/index.php\/recuerdos-2\/subida-de-patas-a-la-vieja-cuaresmera\/subida-patas-2021-2029\/","title":{"rendered":"Subida patas 2021-2029"},"content":{"rendered":"\t\t<div data-elementor-type=\"wp-page\" data-elementor-id=\"707\" class=\"elementor elementor-707\" data-elementor-post-type=\"page\">\n\t\t\t\t\t\t<section class=\"elementor-section elementor-top-section elementor-element elementor-element-736962c6 elementor-section-boxed elementor-section-height-default elementor-section-height-default\" data-id=\"736962c6\" data-element_type=\"section\" data-e-type=\"section\">\n\t\t\t\t\t\t<div class=\"elementor-container elementor-column-gap-default\">\n\t\t\t\t\t<div class=\"elementor-column elementor-col-100 elementor-top-column elementor-element elementor-element-1a64d9c\" data-id=\"1a64d9c\" data-element_type=\"column\" data-e-type=\"column\">\n\t\t\t<div class=\"elementor-widget-wrap elementor-element-populated\">\n\t\t\t\t\t\t<div class=\"elementor-element elementor-element-148a63ba elementor-widget elementor-widget-text-editor\" data-id=\"148a63ba\" data-element_type=\"widget\" data-e-type=\"widget\" data-widget_type=\"text-editor.default\">\n\t\t\t\t<div class=\"elementor-widget-container\">\n\t\t\t\t\t\t\t\t\t<table border=\"0\" width=\"102%\" cellspacing=\"0\" cellpadding=\"0\" bgcolor=\"#ECE9D8\">\n<tbody>\n<tr>\n<td colspan=\"3\" bgcolor=\"#ECE9D8\"><\/td>\n<td colspan=\"2\" valign=\"top\">\n<table border=\"1\" width=\"91%\" align=\"center\">\n<tbody>\n<tr>\n<td colspan=\"2\" bgcolor=\"#999999\">\n<div align=\"center\"><span style=\"color: #ffffff;\"><strong><span style=\"vertical-align: inherit;\"><span style=\"vertical-align: inherit;\"><span style=\"vertical-align: inherit;\"><span style=\"vertical-align: inherit;\">A\u00d1O 2021: Presidente Gregorio Carmona Campos.<\/span><\/span><\/span><\/span><\/strong><\/span><\/div><\/td>\n<\/tr>\n<tr>\n<td bgcolor=\"#FFFFCC\" width=\"27%\">\n<div align=\"center\"><strong><span style=\"vertical-align: inherit;\"><span style=\"vertical-align: inherit;\"><span style=\"vertical-align: inherit;\"><span style=\"vertical-align: inherit;\">SABADO<\/span><\/span><\/span><\/span><\/strong><\/div><\/td>\n<td bgcolor=\"#FFFFCC\" width=\"73%\">\n<div align=\"center\"><strong><span style=\"vertical-align: inherit;\"><span style=\"vertical-align: inherit;\"><span style=\"vertical-align: inherit;\"><span style=\"vertical-align: inherit;\">HERMANO<\/span><\/span><\/span><\/span><\/strong><\/div><\/td>\n<\/tr>\n<tr>\n<td class=\"bodyText\" bgcolor=\"#CCFFCC\"><strong><span style=\"vertical-align: inherit;\"><span style=\"vertical-align: inherit;\"><span style=\"vertical-align: inherit;\"><span style=\"vertical-align: inherit;\">Carnaval<\/span><\/span><\/span><\/span><\/strong><\/td>\n<td>No se celebr\u00f3 debido a la pandemia de covid-19, causada por el <strong>virus SARS-CoV-2<\/strong><\/td>\n<\/tr>\n<tr>\n<td class=\"bodyText\" bgcolor=\"#CCFFCC\"><strong><span style=\"vertical-align: inherit;\"><span style=\"vertical-align: inherit;\"><span style=\"vertical-align: inherit;\"><span style=\"vertical-align: inherit;\">Tentaciones<\/span><\/span><\/span><\/span><\/strong><\/td>\n<td>No se celebr\u00f3 debido a la pandemia de covid-19, causada por el <strong>virus SARS-CoV-2<\/strong><\/td>\n<\/tr>\n<tr>\n<td class=\"bodyText\" bgcolor=\"#CCFFCC\"><strong><span style=\"vertical-align: inherit;\"><span style=\"vertical-align: inherit;\"><span style=\"vertical-align: inherit;\"><span style=\"vertical-align: inherit;\">Transfiguraci\u00f3n<\/span><\/span><\/span><\/span><\/strong><\/td>\n<td>No se celebr\u00f3 debido a la pandemia de covid-19, causada por el <strong>virus SARS-CoV-2<\/strong><\/td>\n<\/tr>\n<tr>\n<td class=\"bodyText\" bgcolor=\"#CCFFCC\"><strong><span style=\"vertical-align: inherit;\"><span style=\"vertical-align: inherit;\"><span style=\"vertical-align: inherit;\"><span style=\"vertical-align: inherit;\">Diablo Mudo<\/span><\/span><\/span><\/span><\/strong><\/td>\n<td>No se celebr\u00f3 debido a la pandemia de covid-19, causada por el <strong>virus SARS-CoV-2<\/strong><\/td>\n<\/tr>\n<tr>\n<td class=\"bodyText\" bgcolor=\"#CCFFCC\"><strong><span style=\"vertical-align: inherit;\"><span style=\"vertical-align: inherit;\"><span style=\"vertical-align: inherit;\"><span style=\"vertical-align: inherit;\">Pan y Peces<\/span><\/span><\/span><\/span><\/strong><\/td>\n<td>No se celebr\u00f3 debido a la pandemia de covid-19, causada por el <strong>virus SARS-CoV-2<\/strong><\/td>\n<\/tr>\n<tr>\n<td class=\"bodyText\" bgcolor=\"#CCFFCC\"><strong><span style=\"vertical-align: inherit;\"><span style=\"vertical-align: inherit;\"><span style=\"vertical-align: inherit;\"><span style=\"vertical-align: inherit;\">Pasi\u00f3n<\/span><\/span><\/span><\/span><\/strong><\/td>\n<td>No se celebr\u00f3 debido a la pandemia de covid-19, causada por el <strong>virus SARS-CoV-2<\/strong><\/td>\n<\/tr>\n<tr>\n<td class=\"bodyText\" bgcolor=\"#CCFFCC\"><strong><span style=\"vertical-align: inherit;\"><span style=\"vertical-align: inherit;\"><span style=\"vertical-align: inherit;\"><span style=\"vertical-align: inherit;\">Ramos<\/span><\/span><\/span><\/span><\/strong><\/td>\n<td>No se celebr\u00f3 debido a la pandemia de covid-19, causada por el <strong>virus SARS-CoV-2<\/strong><\/td>\n<\/tr>\n<\/tbody>\n<\/table>\n<table border=\"1\" width=\"91%\" align=\"center\">\n<tbody>\n<tr>\n<td colspan=\"2\" bgcolor=\"#999999\">\n<div align=\"center\"><span style=\"color: #ffffff;\"><strong><span style=\"vertical-align: inherit;\"><span style=\"vertical-align: inherit;\"><span style=\"vertical-align: inherit;\"><span style=\"vertical-align: inherit;\">A\u00d1O 2022: Presidente Gregorio Carmona Campos.<\/span><\/span><\/span><\/span><\/strong><\/span><\/div><\/td>\n<\/tr>\n<tr>\n<td bgcolor=\"#FFFFCC\" width=\"27%\">\n<div align=\"center\"><strong><span style=\"vertical-align: inherit;\"><span style=\"vertical-align: inherit;\"><span style=\"vertical-align: inherit;\"><span style=\"vertical-align: inherit;\">SABADO<\/span><\/span><\/span><\/span><\/strong><\/div><\/td>\n<td bgcolor=\"#FFFFCC\" width=\"73%\">\n<div align=\"center\"><strong><span style=\"vertical-align: inherit;\"><span style=\"vertical-align: inherit;\"><span style=\"vertical-align: inherit;\"><span style=\"vertical-align: inherit;\">HERMANO<\/span><\/span><\/span><\/span><\/strong><\/div><\/td>\n<\/tr>\n<tr>\n<td class=\"bodyText\" bgcolor=\"#CCFFCC\"><strong><span style=\"vertical-align: inherit;\"><span style=\"vertical-align: inherit;\"><span style=\"vertical-align: inherit;\"><span style=\"vertical-align: inherit;\">Carnaval<\/span><\/span><\/span><\/span><\/strong><\/td>\n<td><span style=\"vertical-align: inherit;\"><span style=\"vertical-align: inherit;\"><span style=\"vertical-align: inherit;\"><span style=\"vertical-align: inherit;\">Gregorio Carmona Campos<\/span><\/span><\/span><\/span><\/td>\n<\/tr>\n<tr>\n<td class=\"bodyText\" bgcolor=\"#CCFFCC\"><strong><span style=\"vertical-align: inherit;\"><span style=\"vertical-align: inherit;\"><span style=\"vertical-align: inherit;\"><span style=\"vertical-align: inherit;\">Tentaciones<\/span><\/span><\/span><\/span><\/strong><\/td>\n<td><span style=\"vertical-align: inherit;\"><span style=\"vertical-align: inherit;\"><span style=\"vertical-align: inherit;\"><span style=\"vertical-align: inherit;\">Antonio y Francisco J. G\u00f3mez L\u00f3pez<\/span><\/span><\/span><\/span><\/td>\n<\/tr>\n<tr>\n<td class=\"bodyText\" bgcolor=\"#CCFFCC\"><strong><span style=\"vertical-align: inherit;\"><span style=\"vertical-align: inherit;\"><span style=\"vertical-align: inherit;\"><span style=\"vertical-align: inherit;\">Transfiguraci\u00f3n<\/span><\/span><\/span><\/span><\/strong><\/td>\n<td><span style=\"vertical-align: inherit;\"><span style=\"vertical-align: inherit;\"><span style=\"vertical-align: inherit;\"><span style=\"vertical-align: inherit;\">Juan M. Granados Morillo<\/span><\/span><\/span><\/span><\/td>\n<\/tr>\n<tr>\n<td class=\"bodyText\" bgcolor=\"#CCFFCC\"><strong><span style=\"vertical-align: inherit;\"><span style=\"vertical-align: inherit;\"><span style=\"vertical-align: inherit;\"><span style=\"vertical-align: inherit;\">Diablo Mudo<\/span><\/span><\/span><\/span><\/strong><\/td>\n<td><span style=\"vertical-align: inherit;\"><span style=\"vertical-align: inherit;\"><span style=\"vertical-align: inherit;\"><span style=\"vertical-align: inherit;\">Miguel \u00c1ngel Mart\u00edn Ru\u00edz<\/span><\/span><\/span><\/span><\/td>\n<\/tr>\n<tr>\n<td class=\"bodyText\" bgcolor=\"#CCFFCC\"><strong><span style=\"vertical-align: inherit;\"><span style=\"vertical-align: inherit;\"><span style=\"vertical-align: inherit;\"><span style=\"vertical-align: inherit;\">Pan y Peces<\/span><\/span><\/span><\/span><\/strong><\/td>\n<td>Antonio Diaz Morales<\/td>\n<\/tr>\n<tr>\n<td class=\"bodyText\" bgcolor=\"#CCFFCC\"><strong><span style=\"vertical-align: inherit;\"><span style=\"vertical-align: inherit;\"><span style=\"vertical-align: inherit;\"><span style=\"vertical-align: inherit;\">Pasi\u00f3n<\/span><\/span><\/span><\/span><\/strong><\/td>\n<td><span style=\"vertical-align: inherit;\"><span style=\"vertical-align: inherit;\"><span style=\"vertical-align: inherit;\"><span style=\"vertical-align: inherit;\">Jer\u00f3nimo Mart\u00edn Palos<\/span><\/span><\/span><\/span><\/td>\n<\/tr>\n<tr>\n<td class=\"bodyText\" bgcolor=\"#CCFFCC\"><strong><span style=\"vertical-align: inherit;\"><span style=\"vertical-align: inherit;\"><span style=\"vertical-align: inherit;\"><span style=\"vertical-align: inherit;\">Ramos<\/span><\/span><\/span><\/span><\/strong><\/td>\n<td><span style=\"vertical-align: inherit;\"><span style=\"vertical-align: inherit;\"><span style=\"vertical-align: inherit;\"><span style=\"vertical-align: inherit;\">David Cuenca Mor\u00f3n<\/span><\/span><\/span><\/span><\/td>\n<\/tr>\n<\/tbody>\n<\/table>\n<table border=\"0\" width=\"50%\">\n<tbody>\n<tr>\n<td colspan=\"2\" bgcolor=\"#999999\">\n<div align=\"center\"><span style=\"color: #ffffff;\"><strong><span style=\"vertical-align: inherit;\"><span style=\"vertical-align: inherit;\"><span style=\"vertical-align: inherit;\"><span style=\"vertical-align: inherit;\">A\u00d1O 2023: Presidente Jer\u00f3nimo Mart\u00edn Palos.<\/span><\/span><\/span><\/span><\/strong><\/span><\/div><\/td>\n<\/tr>\n<tr>\n<td bgcolor=\"#FFFFCC\" width=\"27%\">\n<div align=\"center\"><strong><span style=\"vertical-align: inherit;\"><span style=\"vertical-align: inherit;\"><span style=\"vertical-align: inherit;\"><span style=\"vertical-align: inherit;\">SABADO<\/span><\/span><\/span><\/span><\/strong><\/div><\/td>\n<td bgcolor=\"#FFFFCC\" width=\"73%\">\n<div align=\"center\"><strong><span style=\"vertical-align: inherit;\"><span style=\"vertical-align: inherit;\"><span style=\"vertical-align: inherit;\"><span style=\"vertical-align: inherit;\">HERMANO<\/span><\/span><\/span><\/span><\/strong><\/div><\/td>\n<\/tr>\n<tr>\n<td class=\"bodyText\" bgcolor=\"#CCFFCC\"><strong><span style=\"vertical-align: inherit;\"><span style=\"vertical-align: inherit;\"><span style=\"vertical-align: inherit;\"><span style=\"vertical-align: inherit;\">Carnaval<\/span><\/span><\/span><\/span><\/strong><\/td>\n<td>Gregorio Carmona Campos<\/td>\n<\/tr>\n<tr>\n<td class=\"bodyText\" bgcolor=\"#CCFFCC\"><strong><span style=\"vertical-align: inherit;\"><span style=\"vertical-align: inherit;\"><span style=\"vertical-align: inherit;\"><span style=\"vertical-align: inherit;\">Tentaciones<\/span><\/span><\/span><\/span><\/strong><\/td>\n<td>Rafael Moyano D\u00edez<\/td>\n<\/tr>\n<tr>\n<td class=\"bodyText\" bgcolor=\"#CCFFCC\"><strong><span style=\"vertical-align: inherit;\"><span style=\"vertical-align: inherit;\"><span style=\"vertical-align: inherit;\"><span style=\"vertical-align: inherit;\">Transfiguraci\u00f3n<\/span><\/span><\/span><\/span><\/strong><\/td>\n<td>Jos\u00e9 Lu\u00eds Reina Aranda<\/td>\n<\/tr>\n<tr>\n<td class=\"bodyText\" bgcolor=\"#CCFFCC\"><strong><span style=\"vertical-align: inherit;\"><span style=\"vertical-align: inherit;\"><span style=\"vertical-align: inherit;\"><span style=\"vertical-align: inherit;\">Diablo Mudo<\/span><\/span><\/span><\/span><\/strong><\/td>\n<td>Corporaci\u00f3n B\u00edblica \u00abLos L\u00e1zaros\u00bb<\/td>\n<\/tr>\n<tr>\n<td class=\"bodyText\" bgcolor=\"#CCFFCC\"><strong><span style=\"vertical-align: inherit;\"><span style=\"vertical-align: inherit;\"><span style=\"vertical-align: inherit;\"><span style=\"vertical-align: inherit;\">Pan y Peces<\/span><\/span><\/span><\/span><\/strong><\/td>\n<td>Rafael Montero Aviles y &#8230;.<\/td>\n<\/tr>\n<tr>\n<td class=\"bodyText\" bgcolor=\"#CCFFCC\"><strong><span style=\"vertical-align: inherit;\"><span style=\"vertical-align: inherit;\"><span style=\"vertical-align: inherit;\"><span style=\"vertical-align: inherit;\">Pasi\u00f3n<\/span><\/span><\/span><\/span><\/strong><\/td>\n<td>Antonio Mendoza R\u00edvas<\/td>\n<\/tr>\n<tr>\n<td class=\"bodyText\" bgcolor=\"#CCFFCC\"><strong><span style=\"vertical-align: inherit;\"><span style=\"vertical-align: inherit;\"><span style=\"vertical-align: inherit;\"><span style=\"vertical-align: inherit;\">Ramos<\/span><\/span><\/span><\/span><\/strong><\/td>\n<td>Juan M. Granados Morillo<\/td>\n<\/table>\n<table border=\"0\" width=\"50%\">\n<tbody>\n<tr>\n<td colspan=\"2\" bgcolor=\"#999999\">\n<div align=\"center\"><span style=\"color: #ffffff;\"><strong><span style=\"vertical-align: inherit;\"><span style=\"vertical-align: inherit;\"><span style=\"vertical-align: inherit;\"><span style=\"vertical-align: inherit;\">A\u00d1O 2024: Presidente Jer\u00f3nimo Mart\u00edn Palos.<\/span><\/span><\/span><\/span><\/strong><\/span><\/div><\/td>\n<\/tr>\n<tr>\n<td bgcolor=\"#FFFFCC\" width=\"27%\">\n<div align=\"center\"><strong><span style=\"vertical-align: inherit;\"><span style=\"vertical-align: inherit;\"><span style=\"vertical-align: inherit;\"><span style=\"vertical-align: inherit;\">SABADO<\/span><\/span><\/span><\/span><\/strong><\/div><\/td>\n<td bgcolor=\"#FFFFCC\" width=\"73%\">\n<div align=\"center\"><strong><span style=\"vertical-align: inherit;\"><span style=\"vertical-align: inherit;\"><span style=\"vertical-align: inherit;\"><span style=\"vertical-align: inherit;\">HERMANO<\/span><\/span><\/span><\/span><\/strong><\/div><\/td>\n<\/tr>\n<tr>\n<td class=\"bodyText\" bgcolor=\"#CCFFCC\"><strong><span style=\"vertical-align: inherit;\"><span style=\"vertical-align: inherit;\"><span style=\"vertical-align: inherit;\"><span style=\"vertical-align: inherit;\">Carnaval<\/span><\/span><\/span><\/span><\/strong><\/td>\n<td>Francisco S. Morales Cabello<\/td>\n<\/tr>\n<tr>\n<td class=\"bodyText\" bgcolor=\"#CCFFCC\"><strong><span style=\"vertical-align: inherit;\"><span style=\"vertical-align: inherit;\"><span style=\"vertical-align: inherit;\"><span style=\"vertical-align: inherit;\">Tentaciones<\/span><\/span><\/span><\/span><\/strong><\/td>\n<td>Antonio Rosales Ortega<\/td>\n<\/tr>\n<tr>\n<td class=\"bodyText\" bgcolor=\"#CCFFCC\"><strong><span style=\"vertical-align: inherit;\"><span style=\"vertical-align: inherit;\"><span style=\"vertical-align: inherit;\"><span style=\"vertical-align: inherit;\">Transfiguraci\u00f3n<\/span><\/span><\/span><\/span><\/strong><\/td>\n<td>\nAntonio Mendoza R\u00edvas <\/td>\n<\/tr>\n<tr>\n<td class=\"bodyText\" bgcolor=\"#CCFFCC\"><strong><span style=\"vertical-align: inherit;\"><span style=\"vertical-align: inherit;\"><span style=\"vertical-align: inherit;\"><span style=\"vertical-align: inherit;\">Diablo Mudo<\/span><\/span><\/span><\/span><\/strong><\/td>\n<td>Jos\u00e9 Lu\u00eds Andujar Hurtado<\/td>\n<\/tr>\n<tr>\n<td class=\"bodyText\" bgcolor=\"#CCFFCC\"><strong><span style=\"vertical-align: inherit;\"><span style=\"vertical-align: inherit;\"><span style=\"vertical-align: inherit;\"><span style=\"vertical-align: inherit;\">Pan y Peces<\/span><\/span><\/span><\/span><\/strong><\/td>\n<td>Manuel Arroyo Florido <\/td>\n<\/tr>\n<tr>\n<td class=\"bodyText\" bgcolor=\"#CCFFCC\"><strong><span style=\"vertical-align: inherit;\"><span style=\"vertical-align: inherit;\"><span style=\"vertical-align: inherit;\"><span style=\"vertical-align: inherit;\">Pasi\u00f3n<\/span><\/span><\/span><\/span><\/strong><\/td>\n<td>Juan Miguel Granados Morillo<\/td>\n<\/tr>\n<tr>\n<td class=\"bodyText\" bgcolor=\"#CCFFCC\"><strong><span style=\"vertical-align: inherit;\"><span style=\"vertical-align: inherit;\"><span style=\"vertical-align: inherit;\"><span style=\"vertical-align: inherit;\">Ramos<\/span><\/span><\/span><\/span><\/strong><\/td>\n<td>David Cuenca Mor\u00f3n<\/td>\n<\/table>\t\t\t\t\t\t\t\t<\/div>\n\t\t\t\t<\/div>\n\t\t\t\t\t<\/div>\n\t\t<\/div>\n\t\t\t\t\t<\/div>\n\t\t<\/section>\n\t\t\t\t<section class=\"elementor-section elementor-top-section elementor-element elementor-element-e63dc90 elementor-section-boxed elementor-section-height-default elementor-section-height-default\" data-id=\"e63dc90\" data-element_type=\"section\" data-e-type=\"section\">\n\t\t\t\t\t\t<div class=\"elementor-container elementor-column-gap-default\">\n\t\t\t\t\t<div class=\"elementor-column elementor-col-100 elementor-top-column elementor-element elementor-element-db32b8e\" data-id=\"db32b8e\" data-element_type=\"column\" data-e-type=\"column\">\n\t\t\t<div class=\"elementor-widget-wrap elementor-element-populated\">\n\t\t\t\t\t\t<div class=\"elementor-element elementor-element-fc618e2 elementor-widget elementor-widget-heading\" data-id=\"fc618e2\" data-element_type=\"widget\" data-e-type=\"widget\" data-widget_type=\"heading.default\">\n\t\t\t\t<div class=\"elementor-widget-container\">\n\t\t\t\t\t<h4 class=\"elementor-heading-title elementor-size-default\">A\u00f1o 2025<\/h4>\t\t\t\t<\/div>\n\t\t\t\t<\/div>\n\t\t\t\t\t<\/div>\n\t\t<\/div>\n\t\t\t\t\t<\/div>\n\t\t<\/section>\n\t\t\t\t<section class=\"elementor-section elementor-top-section elementor-element elementor-element-e4f8faa elementor-section-boxed elementor-section-height-default elementor-section-height-default\" data-id=\"e4f8faa\" data-element_type=\"section\" data-e-type=\"section\">\n\t\t\t\t\t\t<div class=\"elementor-container elementor-column-gap-default\">\n\t\t\t\t\t<div class=\"elementor-column elementor-col-100 elementor-top-column elementor-element elementor-element-24ab834\" data-id=\"24ab834\" data-element_type=\"column\" data-e-type=\"column\">\n\t\t\t<div class=\"elementor-widget-wrap elementor-element-populated\">\n\t\t\t\t\t\t<div class=\"elementor-element elementor-element-3bdb410 elementor-widget elementor-widget-tablepress-table\" data-id=\"3bdb410\" data-element_type=\"widget\" data-e-type=\"widget\" data-widget_type=\"tablepress-table.default\">\n\t\t\t\t\t\n<table id=\"tablepress-9\" class=\"tablepress tablepress-id-9\">\n<thead>\n<tr class=\"row-1\">\n\t<th class=\"column-1\">S\u00e1bado<\/th><th class=\"column-2\">Hermano que sube la pata<\/th>\n<\/tr>\n<\/thead>\n<tbody class=\"row-striping row-hover\">\n<tr class=\"row-2\">\n\t<td class=\"column-1\">Carnaval<\/td><td class=\"column-2\">Antonio Mendoza R\u00edvas<\/td>\n<\/tr>\n<tr class=\"row-3\">\n\t<td class=\"column-1\">Tentaciones<\/td><td class=\"column-2\">Jer\u00f3nimo Mart\u00edn Palos<\/td>\n<\/tr>\n<tr class=\"row-4\">\n\t<td class=\"column-1\">Transfiguraci\u00f3n<\/td><td class=\"column-2\">Antonio Cejudo Cabello<\/td>\n<\/tr>\n<tr class=\"row-5\">\n\t<td class=\"column-1\">Diablo Mudo<\/td><td class=\"column-2\">Francisco Javier G\u00f3mez L\u00f3pez<\/td>\n<\/tr>\n<tr class=\"row-6\">\n\t<td class=\"column-1\">Pan y Peces<\/td><td class=\"column-2\">Manuel Calzado Baena<\/td>\n<\/tr>\n<tr class=\"row-7\">\n\t<td class=\"column-1\">Pasi\u00f3n<\/td><td class=\"column-2\">Antonio Luque Molina - Presidente de la Sentencia de Jes\u00fas<\/td>\n<\/tr>\n<tr class=\"row-8\">\n\t<td class=\"column-1\">Ramos<\/td><td class=\"column-2\">Francisco Morales Cabello<\/td>\n<\/tr>\n<\/tbody>\n<\/table>\n\t\t\t\t<\/div>\n\t\t\t\t\t<\/div>\n\t\t<\/div>\n\t\t\t\t\t<\/div>\n\t\t<\/section>\n\t\t\t\t<\/div>\n\t\t","protected":false},"excerpt":{"rendered":"<p>A\u00d1O 2021: Presidente Gregorio Carmona Campos. SABADO HERMANO Carnaval No se celebr\u00f3 debido a la pandemia de covid-19, causada por el virus SARS-CoV-2 Tentaciones No se celebr\u00f3 debido a la pandemia de covid-19, causada por el virus SARS-CoV-2 Transfiguraci\u00f3n No se celebr\u00f3 debido a la pandemia de covid-19, causada por el virus SARS-CoV-2 Diablo Mudo [&hellip;]<\/p>\n","protected":false},"author":1,"featured_media":0,"parent":773,"menu_order":0,"comment_status":"closed","ping_status":"closed","template":"","meta":{"site-sidebar-layout":"default","site-content-layout":"default","ast-site-content-layout":"","site-content-style":"default","site-sidebar-style":"default","ast-global-header-display":"","ast-banner-title-visibility":"","ast-main-header-display":"","ast-hfb-above-header-display":"","ast-hfb-below-header-display":"","ast-hfb-mobile-header-display":"","site-post-title":"","ast-breadcrumbs-content":"","ast-featured-img":"","footer-sml-layout":"","theme-transparent-header-meta":"default","adv-header-id-meta":"","stick-header-meta":"","header-above-stick-meta":"","header-main-stick-meta":"","header-below-stick-meta":"","astra-migrate-meta-layouts":"default","ast-page-background-enabled":"default","ast-page-background-meta":{"desktop":{"background-color":"","background-image":"","background-repeat":"repeat","background-position":"center center","background-size":"auto","background-attachment":"scroll","background-type":"","background-media":"","overlay-type":"","overlay-color":"","overlay-opacity":"","overlay-gradient":""},"tablet":{"background-color":"","background-image":"","background-repeat":"repeat","background-position":"center center","background-size":"auto","background-attachment":"scroll","background-type":"","background-media":"","overlay-type":"","overlay-color":"","overlay-opacity":"","overlay-gradient":""},"mobile":{"background-color":"","background-image":"","background-repeat":"repeat","background-position":"center center","background-size":"auto","background-attachment":"scroll","background-type":"","background-media":"","overlay-type":"","overlay-color":"","overlay-opacity":"","overlay-gradient":""}},"ast-content-background-meta":{"desktop":{"background-color":"var(--ast-global-color-5)","background-image":"","background-repeat":"repeat","background-position":"center center","background-size":"auto","background-attachment":"scroll","background-type":"","background-media":"","overlay-type":"","overlay-color":"","overlay-opacity":"","overlay-gradient":""},"tablet":{"background-color":"var(--ast-global-color-5)","background-image":"","background-repeat":"repeat","background-position":"center center","background-size":"auto","background-attachment":"scroll","background-type":"","background-media":"","overlay-type":"","overlay-color":"","overlay-opacity":"","overlay-gradient":""},"mobile":{"background-color":"var(--ast-global-color-5)","background-image":"","background-repeat":"repeat","background-position":"center center","background-size":"auto","background-attachment":"scroll","background-type":"","background-media":"","overlay-type":"","overlay-color":"","overlay-opacity":"","overlay-gradient":""}},"footnotes":""},"wf_page_folders":[],"class_list":["post-707","page","type-page","status-publish","hentry"],"jetpack_sharing_enabled":true,"_links":{"self":[{"href":"https:\/\/losapostoles.org\/index.php\/wp-json\/wp\/v2\/pages\/707","targetHints":{"allow":["GET"]}}],"collection":[{"href":"https:\/\/losapostoles.org\/index.php\/wp-json\/wp\/v2\/pages"}],"about":[{"href":"https:\/\/losapostoles.org\/index.php\/wp-json\/wp\/v2\/types\/page"}],"author":[{"embeddable":true,"href":"https:\/\/losapostoles.org\/index.php\/wp-json\/wp\/v2\/users\/1"}],"replies":[{"embeddable":true,"href":"https:\/\/losapostoles.org\/index.php\/wp-json\/wp\/v2\/comments?post=707"}],"version-history":[{"count":41,"href":"https:\/\/losapostoles.org\/index.php\/wp-json\/wp\/v2\/pages\/707\/revisions"}],"predecessor-version":[{"id":22383,"href":"https:\/\/losapostoles.org\/index.php\/wp-json\/wp\/v2\/pages\/707\/revisions\/22383"}],"up":[{"embeddable":true,"href":"https:\/\/losapostoles.org\/index.php\/wp-json\/wp\/v2\/pages\/773"}],"wp:attachment":[{"href":"https:\/\/losapostoles.org\/index.php\/wp-json\/wp\/v2\/media?parent=707"}],"wp:term":[{"taxonomy":"wf_page_folders","embeddable":true,"href":"https:\/\/losapostoles.org\/index.php\/wp-json\/wp\/v2\/wf_page_folders?post=707"}],"curies":[{"name":"wp","href":"https:\/\/api.w.org\/{rel}","templated":true}]}}